{"id":190,"date":"2023-03-30T01:48:19","date_gmt":"2023-03-29T18:48:19","guid":{"rendered":"http:\/\/www.phivutabletennis.com\/?post_type=product&#038;p=190"},"modified":"2023-04-01T00:38:02","modified_gmt":"2023-03-31T17:38:02","slug":"andro-rasanter-r47","status":"publish","type":"product","link":"https:\/\/www.phivutabletennis.com\/index.php\/product\/andro-rasanter-r47\/","title":{"rendered":"Andro Rasanter R47"},"content":{"rendered":"<p><b>T\u1ed1c \u0111\u1ed9\u00a0<\/b>: 96\u00a0\u00a0<b>\u0110\u1ed9 xo\u00e1y\u00a0<\/b>: 96 \u00a0<b>Ki\u1ec3m so\u00e1t<\/b>\u00a0: 68\u00a0\u00a0<b>\u0110\u1ed9 c\u1ee9ng<\/b>\u00a0: Trung b\u00ecnh c\u1ee9ng<\/p>\n<p>Rasanter R47: L\u1ed1i \u0111\u00e1nh c\u1ee7a b\u1ea1n d\u1ef1a v\u00e0o xo\u00e1y nhi\u1ec1u, gi\u1eadt xo\u00e1y v\u1edbi t\u1ed1c \u0111\u1ed9 cao l\u00e0 chi\u1ebfn thu\u1eadt ch\u1ee7 \u0111\u1ea1o c\u1ee7a b\u1ea1n.<\/p>\n<p>V\u1edbi l\u1edbp l\u00f3t \u0111\u1ed9 c\u1ee9ng 47 s\u1ebd gi\u00fap b\u1ea1n ph\u00e1t huy t\u1ed1i \u0111a s\u1edf tr\u01b0\u1eddng c\u1ee7a m\u00ecnh l\u00e0 l\u1ef1c \u0111\u00e1nh v\u00e0 t\u1ed1c \u0111\u1ed9 trong khi gi\u1eadt.<\/p>\n<p>Gi\u1edd \u0111\u00e2y, b\u1ea1n \u0111\u00e3 c\u00f3 th\u1ec3 gi\u1eadt b\u00f3ng v\u1edbi qu\u1ef9 \u0111\u1ea1o cong r\u1ea5t ch\u00ednh x\u00e1c v\u00e0 c\u00f3 th\u1ec3 s\u00e1ng t\u1ea1o h\u01a1n khi l\u00f9i ra c\u1ef1 ly trung.<\/p>\n<p><img decoding=\"async\" src=\"https:\/\/dungcubongban.vn\/image\/catalog\/andro\/2017\/Icon-Rasanter47.png\" \/><img loading=\"lazy\" decoding=\"async\" class=\"alignnone size-medium wp-image-191\" src=\"http:\/\/www.phivutabletennis.com\/wp-content\/uploads\/2023\/03\/ausgabe-6-300x300.png\" alt=\"\" width=\"300\" height=\"300\" srcset=\"https:\/\/www.phivutabletennis.com\/wp-content\/uploads\/2023\/03\/ausgabe-6-300x300.png 300w, https:\/\/www.phivutabletennis.com\/wp-content\/uploads\/2023\/03\/ausgabe-6-100x100.png 100w, https:\/\/www.phivutabletennis.com\/wp-content\/uploads\/2023\/03\/ausgabe-6-416x416.png 416w, https:\/\/www.phivutabletennis.com\/wp-content\/uploads\/2023\/03\/ausgabe-6-150x150.png 150w, https:\/\/www.phivutabletennis.com\/wp-content\/uploads\/2023\/03\/ausgabe-6.png 600w\" sizes=\"auto, (max-width: 300px) 100vw, 300px\" \/> <img loading=\"lazy\" decoding=\"async\" class=\"alignnone size-medium wp-image-184\" src=\"http:\/\/www.phivutabletennis.com\/wp-content\/uploads\/2023\/03\/ausgabe-3-300x250.png\" alt=\"\" width=\"300\" height=\"250\" srcset=\"https:\/\/www.phivutabletennis.com\/wp-content\/uploads\/2023\/03\/ausgabe-3-300x250.png 300w, https:\/\/www.phivutabletennis.com\/wp-content\/uploads\/2023\/03\/ausgabe-3-416x347.png 416w, https:\/\/www.phivutabletennis.com\/wp-content\/uploads\/2023\/03\/ausgabe-3.png 600w\" sizes=\"auto, (max-width: 300px) 100vw, 300px\" \/> <img loading=\"lazy\" decoding=\"async\" class=\"alignnone size-medium wp-image-183\" src=\"http:\/\/www.phivutabletennis.com\/wp-content\/uploads\/2023\/03\/ausgabe-4-300x250.png\" alt=\"\" width=\"300\" height=\"250\" srcset=\"https:\/\/www.phivutabletennis.com\/wp-content\/uploads\/2023\/03\/ausgabe-4-300x250.png 300w, https:\/\/www.phivutabletennis.com\/wp-content\/uploads\/2023\/03\/ausgabe-4-416x347.png 416w, https:\/\/www.phivutabletennis.com\/wp-content\/uploads\/2023\/03\/ausgabe-4.png 600w\" sizes=\"auto, (max-width: 300px) 100vw, 300px\" \/> <img loading=\"lazy\" decoding=\"async\" class=\"alignnone size-medium wp-image-182\" src=\"http:\/\/www.phivutabletennis.com\/wp-content\/uploads\/2023\/03\/ausgabe-5-300x250.png\" alt=\"\" width=\"300\" height=\"250\" srcset=\"https:\/\/www.phivutabletennis.com\/wp-content\/uploads\/2023\/03\/ausgabe-5-300x250.png 300w, https:\/\/www.phivutabletennis.com\/wp-content\/uploads\/2023\/03\/ausgabe-5-416x347.png 416w, https:\/\/www.phivutabletennis.com\/wp-content\/uploads\/2023\/03\/ausgabe-5.png 600w\" sizes=\"auto, (max-width: 300px) 100vw, 300px\" \/><\/p>\n","protected":false},"excerpt":{"rendered":"<p>T\u1ed1c \u0111\u1ed9\u00a0: 96\u00a0\u00a0\u0110\u1ed9 xo\u00e1y\u00a0: 96 \u00a0Ki\u1ec3m so\u00e1t\u00a0: 68\u00a0\u00a0\u0110\u1ed9 c\u1ee9ng\u00a0: Trung b\u00ecnh c\u1ee9ng Rasanter R47: L\u1ed1i \u0111\u00e1nh c\u1ee7a b\u1ea1n d\u1ef1a v\u00e0o xo\u00e1y nhi\u1ec1u, gi\u1eadt xo\u00e1y v\u1edbi t\u1ed1c \u0111\u1ed9 cao l\u00e0 chi\u1ebfn thu\u1eadt ch\u1ee7 \u0111\u1ea1o c\u1ee7a b\u1ea1n. V\u1edbi l\u1edbp l\u00f3t \u0111\u1ed9 c\u1ee9ng 47 s\u1ebd gi\u00fap b\u1ea1n ph\u00e1t huy t\u1ed1i \u0111a s\u1edf tr\u01b0\u1eddng c\u1ee7a m\u00ecnh l\u00e0 l\u1ef1c \u0111\u00e1nh [&hellip;]<\/p>\n","protected":false},"featured_media":192,"comment_status":"open","ping_status":"closed","template":"","meta":{"_eb_attr":""},"product_cat":[29,39,30],"product_tag":[],"class_list":["post-190","product","type-product","status-publish","has-post-thumbnail","hentry","product_cat-mat-vot","product_cat-andro","product_cat-rasanter"],"_links":{"self":[{"href":"https:\/\/www.phivutabletennis.com\/index.php\/wp-json\/wp\/v2\/product\/190","targetHints":{"allow":["GET"]}}],"collection":[{"href":"https:\/\/www.phivutabletennis.com\/index.php\/wp-json\/wp\/v2\/product"}],"about":[{"href":"https:\/\/www.phivutabletennis.com\/index.php\/wp-json\/wp\/v2\/types\/product"}],"replies":[{"embeddable":true,"href":"https:\/\/www.phivutabletennis.com\/index.php\/wp-json\/wp\/v2\/comments?post=190"}],"wp:featuredmedia":[{"embeddable":true,"href":"https:\/\/www.phivutabletennis.com\/index.php\/wp-json\/wp\/v2\/media\/192"}],"wp:attachment":[{"href":"https:\/\/www.phivutabletennis.com\/index.php\/wp-json\/wp\/v2\/media?parent=190"}],"wp:term":[{"taxonomy":"product_cat","embeddable":true,"href":"https:\/\/www.phivutabletennis.com\/index.php\/wp-json\/wp\/v2\/product_cat?post=190"},{"taxonomy":"product_tag","embeddable":true,"href":"https:\/\/www.phivutabletennis.com\/index.php\/wp-json\/wp\/v2\/product_tag?post=190"}],"curies":[{"name":"wp","href":"https:\/\/api.w.org\/{rel}","templated":true}]}}