{"id":1903,"date":"2023-06-20T01:41:19","date_gmt":"2023-06-19T18:41:19","guid":{"rendered":"https:\/\/www.phivutabletennis.com\/?post_type=product&#038;p=1903"},"modified":"2023-06-27T20:20:09","modified_gmt":"2023-06-27T13:20:09","slug":"vong-co-phiten-rakuwa-necklace-x50-high-end-3","status":"publish","type":"product","link":"https:\/\/www.phivutabletennis.com\/index.php\/product\/vong-co-phiten-rakuwa-necklace-x50-high-end-3\/","title":{"rendered":"V\u00f2ng C\u1ed5 PHITEN RAKUWA NECKLACE X50 HIGH-END 3"},"content":{"rendered":"<p>D\u00e2y chuy\u1ec1n b\u1ea3n gi\u1edbi h\u1ea1n X50 High-End III l\u00e0 m\u1ed9t s\u1ef1 c\u00e2n b\u1eb1ng gi\u1eefa phong c\u00e1ch v\u00e0 c\u00f4ng d\u1ee5ng c\u1ee7a s\u1ea3n ph\u1ea9m. S\u1ea3n ph\u1ea9m s\u1eed d\u1ee5ng s\u1ee3i polyester ch\u1ea5t l\u01b0\u1ee3ng cao k\u1ebft h\u1ee3p v\u1edbi n\u1eafp kh\u00f3a b\u1eb1ng kh\u00f3a kh\u00f4ng g\u1ec9.<\/p>\n<p>V\u1edbi thi\u1ebft k\u1ebf trang nh\u00e3, hi\u1ec7u su\u1ea5t th\u1ec3 thao X50 High End t\u1ea1o ra trong m\u1ecdi ho\u00e0n c\u1ea3nh. \u0110\u01b0\u1ee3c s\u1ea3n xu\u1ea5t t\u1ea1i Nh\u1eadt B\u1ea3n v\u00e0 s\u1eed d\u1ee5ng c\u00f4ng ngh\u1ec7 t\u1eadp trung AQUA TITAN \u2122 X50 k\u1ebft h\u1ee3p v\u1edbi Micro Titanium Spheres, Phiten mang \u0111\u1ebfn m\u1ed9t b\u1ed9 s\u1ea3n ph\u1ea9m cao c\u1ea5p, \u0111\u1ed9c \u0111\u00e1o.<\/p>\n<p><strong>C\u00f4ng d\u1ee5ng:<\/strong><br \/>\n&#8211; C\u1ea3i thi\u1ec7n l\u01b0u th\u00f4ng m\u00e1u gi\u00fap b\u1ea1n c\u00f3 gi\u1ea5c ng\u1ee7 s\u00e2u v\u00e0 ngon h\u01a1n<\/p>\n<p>&#8211; Th\u00fac \u0111\u1ea9y qu\u00e1 tr\u00ecnh l\u01b0u th\u00f4ng m\u00e1u, gi\u1ea3m \u0111au vai g\u00e1y c\u1ed5<\/p>\n<p>&#8211; H\u1ed7 tr\u1ee3 khi ch\u01a1i th\u1ec3 thao ho\u1eb7c c\u00e1c ho\u1ea1t \u0111\u1ed9ng h\u00e0ng ng\u00e0y<\/p>\n<p>&#8211; Nh\u1edd t\u00e1c \u0111\u1ed9ng t\u1eeb t\u00ednh gi\u00fap ph\u00f2ng ch\u1ed1ng t\u0103ng huy\u1ebft \u00e1p, \u0111\u1ed9t qu\u1ef5<\/p>\n<p>&#8211; Gi\u1ea3m c\u0103ng th\u1eb3ng, m\u1ec7t m\u1ecfi<\/p>\n<p>&#8211; Gi\u00fap th\u01b0 gi\u00e3n c\u01a1 b\u1eafp, gi\u1ea3m \u0111au c\u01a1<\/p>\n<p dir=\"ltr\"><strong>\u0110\u1ed1i t\u01b0\u1ee3ng s\u1eed d\u1ee5ng:<\/strong><\/p>\n<p dir=\"ltr\">&#8211; Ph\u00f9 h\u1ee3p cho m\u1ecdi l\u1ee9a tu\u1ed5i<\/p>\n<p dir=\"ltr\">&#8211; Ng\u01b0\u1eddi cao huy\u1ebft \u00e1p, huy\u1ebft \u00e1p kh\u00f4ng \u1ed5n \u0111\u1ecbnh<\/p>\n<p dir=\"ltr\">&#8211; Ng\u01b0\u1eddi m\u1eafc c\u00e1c ch\u1ee9ng \u0111au c\u1ed5 vai g\u00e1y<\/p>\n<p dir=\"ltr\">&#8211; Ng\u01b0\u1eddi m\u1ea5t ng\u1ee7, kh\u00f3 ng\u1ee7 hay gi\u1ea5c ng\u1ee7 kh\u00f4ng s\u00e2u<\/p>\n<p dir=\"ltr\">&#8211;\u00a0Ng\u01b0\u1eddi b\u1ecb \u0111au m\u1ecfi do l\u00e0m vi\u1ec7c v\u0103n ph\u00f2ng, ng\u1ed3i l\u00e2u ho\u1eb7c \u00edt v\u1eadn \u0111\u1ed9ng<\/p>\n<p dir=\"ltr\">&#8211; Ng\u01b0\u1eddi ch\u01a1i th\u1ec3 thao, v\u1eadn \u0111\u1ed9ng vi\u00ean th\u1ec3 thao.<\/p>\n<p dir=\"ltr\"><strong>B\u1ea3o h\u00e0nh:\u00a0<\/strong>6 th\u00e1ng<\/p>\n","protected":false},"excerpt":{"rendered":"<p>D\u00e2y chuy\u1ec1n b\u1ea3n gi\u1edbi h\u1ea1n X50 High-End III l\u00e0 m\u1ed9t s\u1ef1 c\u00e2n b\u1eb1ng gi\u1eefa phong c\u00e1ch v\u00e0 c\u00f4ng d\u1ee5ng c\u1ee7a s\u1ea3n ph\u1ea9m. S\u1ea3n ph\u1ea9m s\u1eed d\u1ee5ng s\u1ee3i polyester ch\u1ea5t l\u01b0\u1ee3ng cao k\u1ebft h\u1ee3p v\u1edbi n\u1eafp kh\u00f3a b\u1eb1ng kh\u00f3a kh\u00f4ng g\u1ec9. V\u1edbi thi\u1ebft k\u1ebf trang nh\u00e3, hi\u1ec7u su\u1ea5t th\u1ec3 thao X50 High End t\u1ea1o ra trong [&hellip;]<\/p>\n","protected":false},"featured_media":1908,"comment_status":"open","ping_status":"closed","template":"","meta":{"_eb_attr":""},"product_cat":[92,124,112],"product_tag":[],"class_list":["post-1903","product","type-product","status-publish","has-post-thumbnail","hentry","product_cat-phiten","product_cat-vong-tay-rakuwa-x50-series","product_cat-vong-co"],"_links":{"self":[{"href":"https:\/\/www.phivutabletennis.com\/index.php\/wp-json\/wp\/v2\/product\/1903","targetHints":{"allow":["GET"]}}],"collection":[{"href":"https:\/\/www.phivutabletennis.com\/index.php\/wp-json\/wp\/v2\/product"}],"about":[{"href":"https:\/\/www.phivutabletennis.com\/index.php\/wp-json\/wp\/v2\/types\/product"}],"replies":[{"embeddable":true,"href":"https:\/\/www.phivutabletennis.com\/index.php\/wp-json\/wp\/v2\/comments?post=1903"}],"wp:featuredmedia":[{"embeddable":true,"href":"https:\/\/www.phivutabletennis.com\/index.php\/wp-json\/wp\/v2\/media\/1908"}],"wp:attachment":[{"href":"https:\/\/www.phivutabletennis.com\/index.php\/wp-json\/wp\/v2\/media?parent=1903"}],"wp:term":[{"taxonomy":"product_cat","embeddable":true,"href":"https:\/\/www.phivutabletennis.com\/index.php\/wp-json\/wp\/v2\/product_cat?post=1903"},{"taxonomy":"product_tag","embeddable":true,"href":"https:\/\/www.phivutabletennis.com\/index.php\/wp-json\/wp\/v2\/product_tag?post=1903"}],"curies":[{"name":"wp","href":"https:\/\/api.w.org\/{rel}","templated":true}]}}