{"id":1909,"date":"2023-06-20T01:44:16","date_gmt":"2023-06-19T18:44:16","guid":{"rendered":"https:\/\/www.phivutabletennis.com\/?post_type=product&#038;p=1909"},"modified":"2023-06-27T20:20:16","modified_gmt":"2023-06-27T13:20:16","slug":"vong-co-phiten-rakuwa-necklace-x50","status":"publish","type":"product","link":"https:\/\/www.phivutabletennis.com\/index.php\/product\/vong-co-phiten-rakuwa-necklace-x50\/","title":{"rendered":"V\u00f2ng C\u1ed5 PHITEN RAKUWA NECKLACE X50"},"content":{"rendered":"<p>V\u00f2ng c\u1ed5 Phiten Rakuwa Necklace X50 \u0111\u01b0\u1ee3c thi\u1ebft k\u1ebf \u0111\u1ec3 tr\u00f4ng s\u00e0nh \u0111i\u1ec7u v\u00e0 s\u1eafc n\u00e9t v\u1edbi ph\u1ea7n b\u1ea3n vu\u00f4ng, n\u1ed5i b\u1eadt v\u1edbi c\u00f4ng ngh\u1ec7 Phiten AQUA-TITaniUM\u00ae.<br \/>\nX50 Original l\u00e0 chi\u1ebfc v\u00f2ng c\u1ed5 ph\u1ed5 bi\u1ebfn nh\u1ea5t trong s\u1ed1 c\u00e1c v\u1eadn \u0111\u1ed9ng vi\u00ean chuy\u00ean nghi\u1ec7p\u00a0v\u00ec phong c\u00e1ch hi\u1ec7n \u0111\u1ea1i, \u0111\u01b0\u1ee3c thi\u1ebft k\u1ebf \u0111\u1ec3 \u0111eo h\u00e0ng ng\u00e0y v\u00e0 r\u1ea5t \u0111\u01b0\u1ee3c y\u00eau th\u00edch.<br \/>\nKhi b\u1ea1n d\u00e0nh nhi\u1ec1u ng\u00e0y t\u1eadp luy\u1ec7n, d\u01b0\u1edbi \u00e1nh m\u1eb7t tr\u1eddi gay g\u1eaft v\u00ec n\u00f3 s\u1ebd\u00a0gi\u00fap l\u01b0u th\u00f4ng m\u00e1u t\u1ed1t h\u01a1n, t\u0103ng c\u01b0\u1eddng s\u1ee9c m\u1ea1nh v\u00e0 s\u1ef1 linh ho\u1ea1t v\u00e0 l\u00e0m s\u00e2u gi\u1ea5c ng\u1ee7 c\u1ee7a b\u1ea1n.<br \/>\n\u0110\u1ed1i v\u1edbi nh\u1eefng c\u00f4ng vi\u1ec7c khi\u1ebfn b\u1ea1n \u0111au n\u1eeda \u0111\u1ea7u li\u00ean t\u1ee5c nh\u01b0 ng\u1ed3i tr\u01b0\u1edbc m\u00e1y t\u00ednh c\u1ea3 ng\u00e0y ho\u1eb7c l\u1ecbch l\u00e0m vi\u1ec7c ca \u0111\u00eam, \u0111\u00e2y l\u00e0 m\u1ed9t gi\u1ea3i ph\u00e1p t\u1ed1t \u0111\u1ec3 gi\u00fap gi\u1ea3m \u0111au v\u00e0 ph\u1ee5c h\u1ed3i gi\u1ea5c ng\u1ee7.<br \/>\nRakuwa Necklace X50 ho\u00e0n h\u1ea3o cho b\u1ea1n n\u00eau d\u00e0nh c\u1ea3 ng\u00e0y \u0111\u1ec3 l\u00e0m vi\u1ec7c tr\u01b0\u1edbc m\u00e1y t\u00ednh. N\u00f3 gi\u00fap gi\u1ea3m \u0111au n\u1eeda \u0111\u1ea7u, t\u0103ng c\u01b0\u1eddng l\u01b0u th\u00f4ng c\u01a1 th\u1ec3 c\u1ee7a b\u1ea1n v\u00e0 gi\u1ea3m \u0111au &#8211; \u0111\u1eb7c bi\u1ec7t l\u00e0 \u1edf v\u00f9ng c\u1ed5 v\u00e0 vai.<\/p>\n<p><strong>G\u1ee3i \u00fd s\u1eed d\u1ee5ng<\/strong><br \/>\nGi\u00fap gi\u1ea3m b\u1edbt c\u0103ng th\u1eb3ng li\u00ean t\u1ee5c.<br \/>\nGi\u00fap c\u1ea3i thi\u1ec7n l\u01b0u th\u00f4ng m\u00e1u.<br \/>\nT\u0103ng c\u01b0\u1eddng s\u1ee9c m\u1ea1nh v\u00e0 t\u00ednh linh ho\u1ea1t v\u00e0 ng\u1ee7 s\u00e2u.<br \/>\nGi\u00fap gi\u1ea3m \u0111au v\u00e0 ph\u1ee5c h\u1ed3i c\u00e1c ki\u1ec3u ng\u1ee7 c\u1ee7a b\u1ea1n.<br \/>\nGi\u1ea3m \u0111au vai v\u00e0 c\u1ed5.<br \/>\nTuy\u1ec7t v\u1eddi cho th\u1ec3 thao ho\u1eb7c c\u00e1c ho\u1ea1t \u0111\u1ed9ng h\u00e0ng ng\u00e0y<br \/>\nGi\u00fap th\u01b0 gi\u00e3n c\u01a1 b\u1eafp c\u1ee9ng.<\/p>\n<p><strong>H\u01b0\u1edbng d\u1eabn s\u1eed d\u1ee5ng<\/strong><br \/>\nC\u00f3 th\u1ec3 \u0111eo h\u00e0ng ng\u00e0y<br \/>\nKh\u00f4ng \u0111eo trong khi t\u1eafm<\/p>\n<p><strong>S\u1ea3n xu\u1ea5t t\u1ea1i Nh\u1eadt B\u1ea3n<\/strong><\/p>\n<p dir=\"ltr\"><strong>\u0110\u1ed1i t\u01b0\u1ee3ng s\u1eed d\u1ee5ng:<\/strong><\/p>\n<p dir=\"ltr\">Ph\u00f9 h\u1ee3p cho m\u1ecdi l\u1ee9a tu\u1ed5i<\/p>\n<p dir=\"ltr\">Ng\u01b0\u1eddi cao huy\u1ebft \u00e1p, huy\u1ebft \u00e1p kh\u00f4ng \u1ed5n \u0111\u1ecbnh<\/p>\n<p dir=\"ltr\">Ng\u01b0\u1eddi m\u1eafc c\u00e1c ch\u1ee9ng \u0111au c\u1ed5 vai g\u00e1y<\/p>\n<p dir=\"ltr\">Ng\u01b0\u1eddi m\u1ea5t ng\u1ee7, kh\u00f3 ng\u1ee7 hay gi\u1ea5c ng\u1ee7 kh\u00f4ng s\u00e2u<\/p>\n<p dir=\"ltr\">Ng\u01b0\u1eddi ch\u01a1i th\u1ec3 thao, v\u1eadn \u0111\u1ed9ng vi\u00ean th\u1ec3 thao.<a href=\"https:\/\/www.phivutabletennis.com\/wp-content\/uploads\/2023\/06\/p5QwVgv3DMSHfECwqlHGp0JE0qSYPAjQjIgIWD5O.jpeg\"><img loading=\"lazy\" decoding=\"async\" class=\"alignnone size-full wp-image-1916\" src=\"https:\/\/www.phivutabletennis.com\/wp-content\/uploads\/2023\/06\/p5QwVgv3DMSHfECwqlHGp0JE0qSYPAjQjIgIWD5O.jpeg\" alt=\"\" width=\"670\" height=\"200\" srcset=\"https:\/\/www.phivutabletennis.com\/wp-content\/uploads\/2023\/06\/p5QwVgv3DMSHfECwqlHGp0JE0qSYPAjQjIgIWD5O.jpeg 670w, https:\/\/www.phivutabletennis.com\/wp-content\/uploads\/2023\/06\/p5QwVgv3DMSHfECwqlHGp0JE0qSYPAjQjIgIWD5O-600x179.jpeg 600w, https:\/\/www.phivutabletennis.com\/wp-content\/uploads\/2023\/06\/p5QwVgv3DMSHfECwqlHGp0JE0qSYPAjQjIgIWD5O-300x90.jpeg 300w\" sizes=\"auto, (max-width: 670px) 100vw, 670px\" \/><\/a> <a href=\"https:\/\/www.phivutabletennis.com\/wp-content\/uploads\/2023\/06\/JFW1iZmIE1cxEjSjGeApd6ZYurnMW8PTejcrtW9V.jpeg\"><img loading=\"lazy\" decoding=\"async\" class=\"alignnone size-full wp-image-1911\" src=\"https:\/\/www.phivutabletennis.com\/wp-content\/uploads\/2023\/06\/JFW1iZmIE1cxEjSjGeApd6ZYurnMW8PTejcrtW9V.jpeg\" alt=\"\" width=\"670\" height=\"551\" srcset=\"https:\/\/www.phivutabletennis.com\/wp-content\/uploads\/2023\/06\/JFW1iZmIE1cxEjSjGeApd6ZYurnMW8PTejcrtW9V.jpeg 670w, https:\/\/www.phivutabletennis.com\/wp-content\/uploads\/2023\/06\/JFW1iZmIE1cxEjSjGeApd6ZYurnMW8PTejcrtW9V-600x493.jpeg 600w, https:\/\/www.phivutabletennis.com\/wp-content\/uploads\/2023\/06\/JFW1iZmIE1cxEjSjGeApd6ZYurnMW8PTejcrtW9V-300x247.jpeg 300w\" sizes=\"auto, (max-width: 670px) 100vw, 670px\" \/><\/a><a href=\"https:\/\/www.phivutabletennis.com\/wp-content\/uploads\/2023\/06\/LPxcqlZ0iEsBhZj2R4pkmnXrntd1zeoigDr28quN.jpeg\"><img loading=\"lazy\" decoding=\"async\" class=\"alignnone size-full wp-image-1913\" src=\"https:\/\/www.phivutabletennis.com\/wp-content\/uploads\/2023\/06\/LPxcqlZ0iEsBhZj2R4pkmnXrntd1zeoigDr28quN.jpeg\" alt=\"\" width=\"670\" height=\"430\" srcset=\"https:\/\/www.phivutabletennis.com\/wp-content\/uploads\/2023\/06\/LPxcqlZ0iEsBhZj2R4pkmnXrntd1zeoigDr28quN.jpeg 670w, https:\/\/www.phivutabletennis.com\/wp-content\/uploads\/2023\/06\/LPxcqlZ0iEsBhZj2R4pkmnXrntd1zeoigDr28quN-600x385.jpeg 600w, https:\/\/www.phivutabletennis.com\/wp-content\/uploads\/2023\/06\/LPxcqlZ0iEsBhZj2R4pkmnXrntd1zeoigDr28quN-300x193.jpeg 300w\" sizes=\"auto, (max-width: 670px) 100vw, 670px\" \/><\/a><\/p>\n","protected":false},"excerpt":{"rendered":"<p>V\u00f2ng c\u1ed5 Phiten Rakuwa Necklace X50 \u0111\u01b0\u1ee3c thi\u1ebft k\u1ebf \u0111\u1ec3 tr\u00f4ng s\u00e0nh \u0111i\u1ec7u v\u00e0 s\u1eafc n\u00e9t v\u1edbi ph\u1ea7n b\u1ea3n vu\u00f4ng, n\u1ed5i b\u1eadt v\u1edbi c\u00f4ng ngh\u1ec7 Phiten AQUA-TITaniUM\u00ae. X50 Original l\u00e0 chi\u1ebfc v\u00f2ng c\u1ed5 ph\u1ed5 bi\u1ebfn nh\u1ea5t trong s\u1ed1 c\u00e1c v\u1eadn \u0111\u1ed9ng vi\u00ean chuy\u00ean nghi\u1ec7p\u00a0v\u00ec phong c\u00e1ch hi\u1ec7n \u0111\u1ea1i, \u0111\u01b0\u1ee3c thi\u1ebft k\u1ebf \u0111\u1ec3 \u0111eo h\u00e0ng ng\u00e0y [&hellip;]<\/p>\n","protected":false},"featured_media":1910,"comment_status":"open","ping_status":"closed","template":"","meta":{"_eb_attr":""},"product_cat":[92,124,112],"product_tag":[],"class_list":["post-1909","product","type-product","status-publish","has-post-thumbnail","hentry","product_cat-phiten","product_cat-vong-tay-rakuwa-x50-series","product_cat-vong-co"],"_links":{"self":[{"href":"https:\/\/www.phivutabletennis.com\/index.php\/wp-json\/wp\/v2\/product\/1909","targetHints":{"allow":["GET"]}}],"collection":[{"href":"https:\/\/www.phivutabletennis.com\/index.php\/wp-json\/wp\/v2\/product"}],"about":[{"href":"https:\/\/www.phivutabletennis.com\/index.php\/wp-json\/wp\/v2\/types\/product"}],"replies":[{"embeddable":true,"href":"https:\/\/www.phivutabletennis.com\/index.php\/wp-json\/wp\/v2\/comments?post=1909"}],"wp:featuredmedia":[{"embeddable":true,"href":"https:\/\/www.phivutabletennis.com\/index.php\/wp-json\/wp\/v2\/media\/1910"}],"wp:attachment":[{"href":"https:\/\/www.phivutabletennis.com\/index.php\/wp-json\/wp\/v2\/media?parent=1909"}],"wp:term":[{"taxonomy":"product_cat","embeddable":true,"href":"https:\/\/www.phivutabletennis.com\/index.php\/wp-json\/wp\/v2\/product_cat?post=1909"},{"taxonomy":"product_tag","embeddable":true,"href":"https:\/\/www.phivutabletennis.com\/index.php\/wp-json\/wp\/v2\/product_tag?post=1909"}],"curies":[{"name":"wp","href":"https:\/\/api.w.org\/{rel}","templated":true}]}}