{"id":1918,"date":"2023-06-20T01:47:02","date_gmt":"2023-06-19T18:47:02","guid":{"rendered":"https:\/\/www.phivutabletennis.com\/?post_type=product&#038;p=1918"},"modified":"2023-06-27T20:20:37","modified_gmt":"2023-06-27T13:20:37","slug":"vong-co-phiten-rakuwa-necklace-x100-leash-model","status":"publish","type":"product","link":"https:\/\/www.phivutabletennis.com\/index.php\/product\/vong-co-phiten-rakuwa-necklace-x100-leash-model\/","title":{"rendered":"V\u00f2ng C\u1ed5 PHITEN RAKUWA NECKLACE X100 LEASH MODEL"},"content":{"rendered":"<p>Phiten Rakuwa Necklace X100 Leash Model mang \u0111\u1ebfn m\u1ed9t l\u1ef1a ch\u1ecdn m\u1edbi v\u00f4 c\u00f9ng sang tr\u1ecdng cho b\u1ed9 s\u01b0u t\u1eadp v\u00f2ng c\u1ed5 Phiten.\u00a0Leash Model ch\u1ee9a h\u00e0m l\u01b0\u1ee3ng\u00a0Titanium cao v\u00e0 s\u1eed d\u1ee5ng c\u00f4ng ngh\u1ec7 AQUA TITANIUM \u0111\u01b0\u1ee3c s\u00e1ng ch\u1ebf b\u1edfi Phiten, ph\u1ea7n m\u00f3c kh\u00f3a ch\u1ee9a th\u00e9p kh\u00f4ng g\u1ec9 \u0111\u01b0\u1ee3c nh\u00fang Aqua-Silica.\u00a0V\u00f2ng c\u1ed5 Leash Model l\u00e0 s\u1ef1 k\u1ebft h\u1ee3p ho\u00e0n h\u1ea3o s\u1ef1 trang tr\u1ecdng v\u00e0 c\u00f4ng ngh\u1ec7 hi\u1ec7n \u0111\u1ea1i.<\/p>\n<p><strong>C\u00f4ng ngh\u1ec7 c\u00f3 l\u1ee3i cho s\u1ee9c kh\u1ecfe<\/strong><br \/>\nS\u1ee9c m\u1ea1nh c\u1ee7a C\u00f4ng ngh\u1ec7 Aqua Metal m\u00e0 n\u00f3 mang b\u00ean trong, X100 Rakuwa Leash Model \u0111\u01b0\u1ee3c th\u1ea5m 100 l\u1ea7n Titanium so v\u1edbi s\u1ea3n ph\u1ea9m Phiten trung b\u00ecnh. Phiten l\u00e0 c\u00f4ng ty duy nh\u1ea5t c\u00f3 th\u1ec3 s\u1ea3n xu\u1ea5t v\u00e0 s\u1eed d\u1ee5ng lo\u1ea1i c\u00f4ng ngh\u1ec7 n\u00e0y tr\u00ean to\u00e0n th\u1ebf gi\u1edbi. C\u00f4ng ngh\u1ec7 \u0111\u1ed9c \u0111\u00e1o \u0111\u01b0\u1ee3c c\u1ea5p b\u1eb1ng s\u00e1ng ch\u1ebf h\u1ed7 tr\u1ee3 l\u01b0u l\u01b0\u1ee3ng m\u00e1u t\u1ed1t h\u01a1n, t\u0103ng c\u01b0\u1eddng s\u1ee9c m\u1ea1nh v\u00e0 t\u00ednh linh ho\u1ea1t v\u00e0 l\u00e0m s\u00e2u gi\u1ea5c ng\u1ee7 c\u1ee7a b\u1ea1n.<\/p>\n<p><strong>Th\u1eddi trang \u0111a n\u0103ng<\/strong><br \/>\nKhi mang th\u01b0\u1eddng xuy\u00ean, v\u00f2ng c\u1ed5 c\u00f3 th\u1ec3 gi\u00fap \u00edch trong l\u00fac v\u1eadn \u0111\u1ed9ng v\u1edbi vi\u1ec7c t\u0103ng c\u01b0\u1eddng b\u01a1m oxy l\u00ean n\u00e3o, \u0111i\u1ec1u h\u00f2a m\u00e1u l\u01b0u th\u00f4ng t\u1ed1t h\u01a1n. C\u1ea3m th\u1ea5y nh\u1eb9 h\u01a1n, khi ch\u00fang ta ch\u1ea1y ho\u1eb7c b\u01a1i, v\u00ec n\u00f3 c\u0169ng s\u1ebd l\u00e0m gi\u1ea3m s\u1ef1 t\u00edch t\u1ee5 axit lactic t\u1eeb c\u1ed5 v\u00e0 vai. \u0110\u1ed1i v\u1edbi ng\u01b0\u1eddi ch\u01a1i golf, n\u00f3 cung c\u1ea5p s\u1ef1 linh ho\u1ea1t ph\u1ea1m vi c\u01a1 l\u1edbn h\u01a1n khi th\u1ef1c hi\u1ec7n c\u00fa swing \u0111\u00f3.<br \/>\nMang Rakuwa X100 Leash h\u00e0ng ng\u00e0y s\u1ebd gi\u00fap ch\u00fang ta gi\u1ea3m m\u1ec7t m\u1ecfi khi l\u00e0m vi\u1ec7c tr\u00ean m\u00e1y t\u00ednh trong nhi\u1ec1u gi\u1edd.<\/p>\n<p><strong>C\u00f4ng d\u1ee5ng:<\/strong><br \/>\n&#8211; C\u1ea3i thi\u1ec7n l\u01b0u th\u00f4ng m\u00e1u gi\u00fap b\u1ea1n c\u00f3 gi\u1ea5c ng\u1ee7 s\u00e2u v\u00e0 ngon h\u01a1n<\/p>\n<p>&#8211; Gi\u1ea3m \u0111au c\u1ed5 vai g\u00e1y<\/p>\n<p>&#8211; H\u1ed7 tr\u1ee3 khi ch\u01a1i th\u1ec3 thao ho\u1eb7c c\u00e1c ho\u1ea1t \u0111\u1ed9ng h\u00e0ng ng\u00e0y<\/p>\n<p>&#8211; Nh\u1edd t\u00e1c \u0111\u1ed9ng t\u1eeb t\u00ednh gi\u00fap ph\u00f2ng ch\u1ed1ng t\u0103ng huy\u1ebft \u00e1p, \u0111\u1ed9t qu\u1ef5<\/p>\n<p>&#8211; Gi\u1ea3m c\u0103ng th\u1eb3ng, m\u1ec7t m\u1ecfi<\/p>\n<p>&#8211; Gi\u00fap th\u01b0 gi\u00e3n c\u01a1 b\u1eafp, gi\u1ea3m \u0111au c\u01a1<\/p>\n<p><strong>H\u01b0\u1edbng d\u1eabn s\u1eed d\u1ee5ng<\/strong>:\u00a0Gi\u1eb7t b\u1eb1ng tay v\u1edbi m\u1ed9t \u00edt x\u00e0 ph\u00f2ng<\/p>\n<p><strong>B\u1ea3o h\u00e0nh:\u00a0<\/strong>6 th\u00e1ng<\/p>\n<p>S\u1ea3n xu\u1ea5t t\u1ea1i Nh\u1eadt B\u1ea3n<\/p>\n<p dir=\"ltr\"><strong>\u0110\u1ed1i t\u01b0\u1ee3ng s\u1eed d\u1ee5ng:<\/strong><\/p>\n<p dir=\"ltr\">&#8211; Ph\u00f9 h\u1ee3p cho m\u1ecdi l\u1ee9a tu\u1ed5i<\/p>\n<p dir=\"ltr\">&#8211; Ng\u01b0\u1eddi cao huy\u1ebft \u00e1p, huy\u1ebft \u00e1p kh\u00f4ng \u1ed5n \u0111\u1ecbnh<\/p>\n<p dir=\"ltr\">&#8211; Ng\u01b0\u1eddi m\u1eafc c\u00e1c ch\u1ee9ng \u0111au c\u1ed5 vai g\u00e1y<\/p>\n<p dir=\"ltr\">&#8211; Ng\u01b0\u1eddi m\u1ea5t ng\u1ee7, kh\u00f3 ng\u1ee7 hay gi\u1ea5c ng\u1ee7 kh\u00f4ng s\u00e2u<\/p>\n<p dir=\"ltr\">&#8211;\u00a0Ng\u01b0\u1eddi b\u1ecb \u0111au m\u1ecfi do l\u00e0m vi\u1ec7c v\u0103n ph\u00f2ng, ng\u1ed3i l\u00e2u ho\u1eb7c \u00edt v\u1eadn \u0111\u1ed9ng<\/p>\n<p dir=\"ltr\">&#8211; Ng\u01b0\u1eddi ch\u01a1i th\u1ec3 thao, v\u1eadn \u0111\u1ed9ng vi\u00ean th\u1ec3 thao.<a href=\"https:\/\/www.phivutabletennis.com\/wp-content\/uploads\/2023\/06\/SLEWHfiYHmnMOJDfsb6VvEtAA8eyu5oUGOWbdXx3.jpeg\"><img loading=\"lazy\" decoding=\"async\" class=\"alignnone size-full wp-image-1920\" src=\"https:\/\/www.phivutabletennis.com\/wp-content\/uploads\/2023\/06\/SLEWHfiYHmnMOJDfsb6VvEtAA8eyu5oUGOWbdXx3.jpeg\" alt=\"\" width=\"730\" height=\"716\" srcset=\"https:\/\/www.phivutabletennis.com\/wp-content\/uploads\/2023\/06\/SLEWHfiYHmnMOJDfsb6VvEtAA8eyu5oUGOWbdXx3.jpeg 730w, https:\/\/www.phivutabletennis.com\/wp-content\/uploads\/2023\/06\/SLEWHfiYHmnMOJDfsb6VvEtAA8eyu5oUGOWbdXx3-600x588.jpeg 600w, https:\/\/www.phivutabletennis.com\/wp-content\/uploads\/2023\/06\/SLEWHfiYHmnMOJDfsb6VvEtAA8eyu5oUGOWbdXx3-300x294.jpeg 300w\" sizes=\"auto, (max-width: 730px) 100vw, 730px\" \/><\/a><\/p>\n","protected":false},"excerpt":{"rendered":"<p>Phiten Rakuwa Necklace X100 Leash Model mang \u0111\u1ebfn m\u1ed9t l\u1ef1a ch\u1ecdn m\u1edbi v\u00f4 c\u00f9ng sang tr\u1ecdng cho b\u1ed9 s\u01b0u t\u1eadp v\u00f2ng c\u1ed5 Phiten.\u00a0Leash Model ch\u1ee9a h\u00e0m l\u01b0\u1ee3ng\u00a0Titanium cao v\u00e0 s\u1eed d\u1ee5ng c\u00f4ng ngh\u1ec7 AQUA TITANIUM \u0111\u01b0\u1ee3c s\u00e1ng ch\u1ebf b\u1edfi Phiten, ph\u1ea7n m\u00f3c kh\u00f3a ch\u1ee9a th\u00e9p kh\u00f4ng g\u1ec9 \u0111\u01b0\u1ee3c nh\u00fang Aqua-Silica.\u00a0V\u00f2ng c\u1ed5 Leash Model l\u00e0 s\u1ef1 [&hellip;]<\/p>\n","protected":false},"featured_media":1921,"comment_status":"open","ping_status":"closed","template":"","meta":{"_eb_attr":""},"product_cat":[92,125,112],"product_tag":[],"class_list":["post-1918","product","type-product","status-publish","has-post-thumbnail","hentry","product_cat-phiten","product_cat-vong-tay-rakuwa-x100-series","product_cat-vong-co"],"_links":{"self":[{"href":"https:\/\/www.phivutabletennis.com\/index.php\/wp-json\/wp\/v2\/product\/1918","targetHints":{"allow":["GET"]}}],"collection":[{"href":"https:\/\/www.phivutabletennis.com\/index.php\/wp-json\/wp\/v2\/product"}],"about":[{"href":"https:\/\/www.phivutabletennis.com\/index.php\/wp-json\/wp\/v2\/types\/product"}],"replies":[{"embeddable":true,"href":"https:\/\/www.phivutabletennis.com\/index.php\/wp-json\/wp\/v2\/comments?post=1918"}],"wp:featuredmedia":[{"embeddable":true,"href":"https:\/\/www.phivutabletennis.com\/index.php\/wp-json\/wp\/v2\/media\/1921"}],"wp:attachment":[{"href":"https:\/\/www.phivutabletennis.com\/index.php\/wp-json\/wp\/v2\/media?parent=1918"}],"wp:term":[{"taxonomy":"product_cat","embeddable":true,"href":"https:\/\/www.phivutabletennis.com\/index.php\/wp-json\/wp\/v2\/product_cat?post=1918"},{"taxonomy":"product_tag","embeddable":true,"href":"https:\/\/www.phivutabletennis.com\/index.php\/wp-json\/wp\/v2\/product_tag?post=1918"}],"curies":[{"name":"wp","href":"https:\/\/api.w.org\/{rel}","templated":true}]}}