{"id":1922,"date":"2023-06-20T01:48:55","date_gmt":"2023-06-19T18:48:55","guid":{"rendered":"https:\/\/www.phivutabletennis.com\/?post_type=product&#038;p=1922"},"modified":"2023-06-27T20:20:45","modified_gmt":"2023-06-27T13:20:45","slug":"vong-co-phiten-rakuwa-necklace-x100-mirror-ball","status":"publish","type":"product","link":"https:\/\/www.phivutabletennis.com\/index.php\/product\/vong-co-phiten-rakuwa-necklace-x100-mirror-ball\/","title":{"rendered":"V\u00f2ng C\u1ed5 PHITEN RAKUWA NECKLACE X100 MIRROR BALL"},"content":{"rendered":"<p>V\u00f2ng c\u1ed5 Phiten\u00a0Rakuwa Necklace X100 Mirror Ball \u0111\u01b0\u1ee3c thi\u1ebft k\u1ebf theo phong c\u00e1ch t\u1ed1i gi\u1ea3n v\u00e0 sang tr\u1ecdng, \u0111i\u1ec3m nh\u1ea5n c\u1ee7a d\u00e2y \u0111eo c\u1ed5 l\u00e0 ng\u1ecdc Titan tinh khi\u1ebft trong v\u00e0 s\u00e1ng nh\u01b0 g\u01b0\u01a1ng. D\u00e2y chuy\u1ec1n Rakuwa\u00a0X100 Mirror Ball kh\u00f4ng ch\u1ec9 l\u00e0 d\u1ee5ng c\u1ee5 h\u1ed7 tr\u1ee3 s\u1ee9c kh\u1ecfe m\u00e0 c\u00f2n l\u00e0 m\u1ed9t m\u00f3n \u0111\u1ed3 trang s\u1ee9c sang tr\u1ecdng ti\u1ec7n d\u1ee5ng.\u00a0M\u1eb7t d\u00e2y l\u00e0 h\u1ea1t tr\u00f2n c\u00f3 l\u1edbp tr\u00e1ng g\u01b0\u01a1ng s\u00e1ng b\u00f3ng v\u00e0 \u0111\u01b0\u1ee3c l\u00e0m b\u1eb1ng titan nguy\u00ean ch\u1ea5t.<br \/>\n<strong>Ch\u1ea5t li\u1ec7u cao c\u1ea5p<\/strong><br \/>\nS\u1ee9c m\u1ea1nh v\u00e0 \u0111\u1ed9 c\u1ee9ng \u0111\u1eb7c bi\u1ec7t c\u00f9ng s\u1ef1 \u1ed5n \u0111\u1ecbnh tuy\u1ec7t v\u1eddi d\u01b0\u1edbi s\u1ee9c n\u00f3ng, ph\u1ea7n d\u00e2y c\u1ee7a v\u00f2ng c\u1ed5 \u0111\u01b0\u1ee3c l\u00e0m b\u1eb1ng nylon66 m\u1ed9t s\u1ee3i ch\u1ea5t l\u01b0\u1ee3ng cao \u0111\u01b0\u1ee3c s\u1eed d\u1ee5ng trong \u00e1o ch\u1ed1ng \u0111\u1ea1n. V\u1ea3i b\u00ean trong \u0111\u01b0\u1ee3c l\u00e0m b\u1eb1ng ch\u1ea5t li\u1ec7u \u0111\u00e0n h\u1ed3i v\u1edbi c\u00e1c qu\u1ea3 b\u00f3ng c\u00f3 ch\u1ee9a micro-titan.<br \/>\nV\u00f2ng c\u1ed5 \u0111\u01b0\u1ee3c th\u1ea5m v\u1edbi n\u1ed3ng \u0111\u1ed9 Titan g\u1ea5p 100 l\u1ea7n,\u00a0r\u1ea5t cao c\u1ee7a c\u00f4ng ngh\u1ec7 Aqua Titan \u0111\u1ed9c quy\u1ec1n c\u1ee7a Phiten, gi\u00fap n\u00f3 c\u00f3 l\u1ee3i h\u01a1n trong vi\u1ec7c ng\u0103n ng\u1eeba \u0111au c\u01a1.<br \/>\nC\u00f3 th\u1ec3 d\u1ec5 d\u00e0ng \u0111eo ho\u1eb7c th\u00e1o ra b\u1eb1ng kh\u00f3a t\u1eeb th\u1ef1c t\u1ebf v\u00e0 \u0111\u01a1n gi\u1ea3n, kh\u00f3a ch\u1eb7t khi s\u1eed d\u1ee5ng.<br \/>\nK\u00edch c\u1ee1:\u00a0V\u00f2ng c\u00f3 2 k\u00edch c\u1ee1: (1) 40cm th\u00edch h\u1ee3p cho n\u1eef\u00a0ho\u1eb7c nam gi\u1edbi c\u00f3 c\u1ed5 nh\u1ecf (2) 45cm th\u00edch h\u1ee3p cho nam ho\u1eb7c n\u1eef gi\u1edbi th\u00edch c\u1ea3m gi\u00e1c tho\u1ea3i m\u00e1i.<\/p>\n<p><strong>C\u00f4ng d\u1ee5ng:<\/strong><br \/>\n&#8211; C\u1ea3i thi\u1ec7n l\u01b0u th\u00f4ng m\u00e1u gi\u00fap b\u1ea1n c\u00f3 gi\u1ea5c ng\u1ee7 s\u00e2u v\u00e0 ngon h\u01a1n<\/p>\n<p>&#8211; Gi\u1ea3m \u0111au c\u1ed5 vai g\u00e1y<\/p>\n<p>&#8211; H\u1ed7 tr\u1ee3 khi ch\u01a1i th\u1ec3 thao ho\u1eb7c c\u00e1c ho\u1ea1t \u0111\u1ed9ng h\u00e0ng ng\u00e0y<\/p>\n<p>&#8211; Nh\u1edd t\u00e1c \u0111\u1ed9ng t\u1eeb t\u00ednh gi\u00fap ph\u00f2ng ch\u1ed1ng t\u0103ng huy\u1ebft \u00e1p, \u0111\u1ed9t qu\u1ef5<\/p>\n<p>&#8211; Gi\u1ea3m c\u0103ng th\u1eb3ng, m\u1ec7t m\u1ecfi<\/p>\n<p>&#8211; Gi\u00fap th\u01b0 gi\u00e3n c\u01a1 b\u1eafp, gi\u1ea3m \u0111au c\u01a1<\/p>\n<p dir=\"ltr\"><strong>\u0110\u1ed1i t\u01b0\u1ee3ng s\u1eed d\u1ee5ng:<\/strong><\/p>\n<p dir=\"ltr\">&#8211; Ph\u00f9 h\u1ee3p cho m\u1ecdi l\u1ee9a tu\u1ed5i<\/p>\n<p dir=\"ltr\">&#8211; Ng\u01b0\u1eddi cao huy\u1ebft \u00e1p, huy\u1ebft \u00e1p kh\u00f4ng \u1ed5n \u0111\u1ecbnh<\/p>\n<p dir=\"ltr\">&#8211; Ng\u01b0\u1eddi m\u1eafc c\u00e1c ch\u1ee9ng \u0111au c\u1ed5 vai g\u00e1y<\/p>\n<p dir=\"ltr\">&#8211; Ng\u01b0\u1eddi m\u1ea5t ng\u1ee7, kh\u00f3 ng\u1ee7 hay gi\u1ea5c ng\u1ee7 kh\u00f4ng s\u00e2u<\/p>\n<p dir=\"ltr\">&#8211;\u00a0Ng\u01b0\u1eddi b\u1ecb \u0111au m\u1ecfi do l\u00e0m vi\u1ec7c v\u0103n ph\u00f2ng, ng\u1ed3i l\u00e2u ho\u1eb7c \u00edt v\u1eadn \u0111\u1ed9ng<\/p>\n<p dir=\"ltr\">&#8211; Ng\u01b0\u1eddi ch\u01a1i th\u1ec3 thao, v\u1eadn \u0111\u1ed9ng vi\u00ean th\u1ec3 thao.<\/p>\n<p dir=\"ltr\"><strong>B\u1ea3o h\u00e0nh:\u00a0<\/strong>6 th\u00e1ng<a href=\"https:\/\/www.phivutabletennis.com\/wp-content\/uploads\/2023\/06\/Y9j1QFKfY2k23rVYyAuTund7qw6fzu7ru2o1ZMPc.jpeg\"><img loading=\"lazy\" decoding=\"async\" class=\"alignnone size-full wp-image-1925\" src=\"https:\/\/www.phivutabletennis.com\/wp-content\/uploads\/2023\/06\/Y9j1QFKfY2k23rVYyAuTund7qw6fzu7ru2o1ZMPc.jpeg\" alt=\"\" width=\"730\" height=\"595\" srcset=\"https:\/\/www.phivutabletennis.com\/wp-content\/uploads\/2023\/06\/Y9j1QFKfY2k23rVYyAuTund7qw6fzu7ru2o1ZMPc.jpeg 730w, https:\/\/www.phivutabletennis.com\/wp-content\/uploads\/2023\/06\/Y9j1QFKfY2k23rVYyAuTund7qw6fzu7ru2o1ZMPc-600x489.jpeg 600w, https:\/\/www.phivutabletennis.com\/wp-content\/uploads\/2023\/06\/Y9j1QFKfY2k23rVYyAuTund7qw6fzu7ru2o1ZMPc-300x245.jpeg 300w\" sizes=\"auto, (max-width: 730px) 100vw, 730px\" \/><\/a><\/p>\n","protected":false},"excerpt":{"rendered":"<p>V\u00f2ng c\u1ed5 Phiten\u00a0Rakuwa Necklace X100 Mirror Ball \u0111\u01b0\u1ee3c thi\u1ebft k\u1ebf theo phong c\u00e1ch t\u1ed1i gi\u1ea3n v\u00e0 sang tr\u1ecdng, \u0111i\u1ec3m nh\u1ea5n c\u1ee7a d\u00e2y \u0111eo c\u1ed5 l\u00e0 ng\u1ecdc Titan tinh khi\u1ebft trong v\u00e0 s\u00e1ng nh\u01b0 g\u01b0\u01a1ng. D\u00e2y chuy\u1ec1n Rakuwa\u00a0X100 Mirror Ball kh\u00f4ng ch\u1ec9 l\u00e0 d\u1ee5ng c\u1ee5 h\u1ed7 tr\u1ee3 s\u1ee9c kh\u1ecfe m\u00e0 c\u00f2n l\u00e0 m\u1ed9t m\u00f3n \u0111\u1ed3 trang [&hellip;]<\/p>\n","protected":false},"featured_media":1923,"comment_status":"open","ping_status":"closed","template":"","meta":{"_eb_attr":""},"product_cat":[92,125,112],"product_tag":[],"class_list":["post-1922","product","type-product","status-publish","has-post-thumbnail","hentry","product_cat-phiten","product_cat-vong-tay-rakuwa-x100-series","product_cat-vong-co"],"_links":{"self":[{"href":"https:\/\/www.phivutabletennis.com\/index.php\/wp-json\/wp\/v2\/product\/1922","targetHints":{"allow":["GET"]}}],"collection":[{"href":"https:\/\/www.phivutabletennis.com\/index.php\/wp-json\/wp\/v2\/product"}],"about":[{"href":"https:\/\/www.phivutabletennis.com\/index.php\/wp-json\/wp\/v2\/types\/product"}],"replies":[{"embeddable":true,"href":"https:\/\/www.phivutabletennis.com\/index.php\/wp-json\/wp\/v2\/comments?post=1922"}],"wp:featuredmedia":[{"embeddable":true,"href":"https:\/\/www.phivutabletennis.com\/index.php\/wp-json\/wp\/v2\/media\/1923"}],"wp:attachment":[{"href":"https:\/\/www.phivutabletennis.com\/index.php\/wp-json\/wp\/v2\/media?parent=1922"}],"wp:term":[{"taxonomy":"product_cat","embeddable":true,"href":"https:\/\/www.phivutabletennis.com\/index.php\/wp-json\/wp\/v2\/product_cat?post=1922"},{"taxonomy":"product_tag","embeddable":true,"href":"https:\/\/www.phivutabletennis.com\/index.php\/wp-json\/wp\/v2\/product_tag?post=1922"}],"curies":[{"name":"wp","href":"https:\/\/api.w.org\/{rel}","templated":true}]}}