{"id":1926,"date":"2023-06-20T01:51:14","date_gmt":"2023-06-19T18:51:14","guid":{"rendered":"https:\/\/www.phivutabletennis.com\/?post_type=product&#038;p=1926"},"modified":"2023-06-27T20:20:58","modified_gmt":"2023-06-27T13:20:58","slug":"vong-co-phiten-rakuwa-x100-chopper-model","status":"publish","type":"product","link":"https:\/\/www.phivutabletennis.com\/index.php\/product\/vong-co-phiten-rakuwa-x100-chopper-model\/","title":{"rendered":"V\u00f2ng C\u1ed5 Phiten Rakuwa X100 Chopper Model"},"content":{"rendered":"<div class=\"row quan-color-size\">\n<div class=\"col-md-4\">\n<div>S\u1ed1 l\u01b0\u1ee3ng<\/div>\n<div class=\"quality quantity input-group-quantity buttons_added\"><button class=\"btn-number btn-minus minus\" disabled=\"disabled\" type=\"button\" data-type=\"minus\"><i class=\"icon-minus\"><\/i><\/button><input id=\"qty\" class=\"input-number input-quantity input-text qty text\" max=\"0\" min=\"1\" name=\"qty\" type=\"text\" value=\"1\" \/><button class=\"btn-number btn-plus plus\" type=\"button\" data-type=\"plus\"><i class=\"icon-plus\"><\/i><\/button><\/div>\n<\/div>\n<div class=\"col-md-4\">\n<div class=\"item\">\n<div class=\"title\">Size:<\/div>\n<p><select class=\"selectpicker select attributes\" title=\"\" data-id=\"4\"><option value=\"S020\">40cm<\/option><option selected=\"selected\" value=\"S023\">50cm<\/option><\/select><\/div>\n<\/div>\n<div class=\"col-md-4\">\n<div class=\"item\">\n<div class=\"title\">M\u00e0u s\u1eafc:<\/div>\n<p><select class=\"selectpicker select attributes\" title=\"\" data-id=\"5\"><option selected=\"selected\" value=\"C001\">\u0110en<\/option><\/select><\/div>\n<\/div>\n<\/div>\n<div class=\"item\"><\/div>\n<div class=\"product-desc desc\">\n<p>\u0110\u01b0\u1ee3c thi\u1ebft k\u1ebf trang nh\u00e3, d\u00e2y chuy\u1ec1n V-Shape mang l\u1ea1i \u1ea5n t\u01b0\u1ee3ng nh\u1eb9 nh\u00e0ng.<\/p>\n<p>V\u00f2ng c\u1ed5 Phiten Rakuwa Necklace X100 Chopper Model s\u1eed d\u1ee5ng bi Titan si\u00eau nh\u1ecf b\u00ean trong v\u00e0 AQUA TITANIUM X100 b\u00ean ngo\u00e0i. D\u00e2y c\u00f3 2 phi\u00ean b\u1ea3n: (1) m\u00e0u \u0111en (50cm) v\u1edbi ph\u1ea7n d\u00e2y \u0111\u01b0\u1ee3c thi\u1ebft k\u1ebf b\u1eb1ng v\u1eadt li\u1ec7u NYLON 66 si\u00eau bi\u1ec1n v\u00e0 (2) m\u00e0u n\u00e2u (40cm) v\u1edbi ph\u1ea7n d\u00e2y v\u1edbi h\u1ecda ti\u1ebft da. Ph\u1ea7n kh\u00f3a \u0111\u01b0\u1ee3c t\u00edch h\u1ee3p \u1edf ph\u1ea7n cu\u1ed1i m\u1eb7t ch\u1eef V v\u00e0 c\u00f3 th\u1ec3 m\u1edf \u0111\u01b0\u1ee3c c\u1ea3 2 b\u00ean. D\u00e2y Rakuwa X100 Chopper \u0111\u01b0\u1ee3c \u0111\u1eb7t v\u00e0 b\u1ea3o qu\u1ea3n trong h\u1ed9p kim lo\u1ea1i.<a href=\"https:\/\/www.phivutabletennis.com\/wp-content\/uploads\/2023\/06\/2GX5Gy7LwrGRdUq3T9TKK0ygaHet9lwDpBEEqJu3.jpeg\"><img loading=\"lazy\" decoding=\"async\" class=\"alignnone size-full wp-image-1927\" src=\"https:\/\/www.phivutabletennis.com\/wp-content\/uploads\/2023\/06\/2GX5Gy7LwrGRdUq3T9TKK0ygaHet9lwDpBEEqJu3.jpeg\" alt=\"\" width=\"896\" height=\"850\" srcset=\"https:\/\/www.phivutabletennis.com\/wp-content\/uploads\/2023\/06\/2GX5Gy7LwrGRdUq3T9TKK0ygaHet9lwDpBEEqJu3.jpeg 896w, https:\/\/www.phivutabletennis.com\/wp-content\/uploads\/2023\/06\/2GX5Gy7LwrGRdUq3T9TKK0ygaHet9lwDpBEEqJu3-600x569.jpeg 600w, https:\/\/www.phivutabletennis.com\/wp-content\/uploads\/2023\/06\/2GX5Gy7LwrGRdUq3T9TKK0ygaHet9lwDpBEEqJu3-300x285.jpeg 300w, https:\/\/www.phivutabletennis.com\/wp-content\/uploads\/2023\/06\/2GX5Gy7LwrGRdUq3T9TKK0ygaHet9lwDpBEEqJu3-768x729.jpeg 768w\" sizes=\"auto, (max-width: 896px) 100vw, 896px\" \/><\/a><\/p>\n<\/div>\n","protected":false},"excerpt":{"rendered":"<p>S\u1ed1 l\u01b0\u1ee3ng Size: 40cm50cm M\u00e0u s\u1eafc: \u0110en \u0110\u01b0\u1ee3c thi\u1ebft k\u1ebf trang nh\u00e3, d\u00e2y chuy\u1ec1n V-Shape mang l\u1ea1i \u1ea5n t\u01b0\u1ee3ng nh\u1eb9 nh\u00e0ng. V\u00f2ng c\u1ed5 Phiten Rakuwa Necklace X100 Chopper Model s\u1eed d\u1ee5ng bi Titan si\u00eau nh\u1ecf b\u00ean trong v\u00e0 AQUA TITANIUM X100 b\u00ean ngo\u00e0i. D\u00e2y c\u00f3 2 phi\u00ean b\u1ea3n: (1) m\u00e0u \u0111en (50cm) v\u1edbi ph\u1ea7n d\u00e2y [&hellip;]<\/p>\n","protected":false},"featured_media":1931,"comment_status":"open","ping_status":"closed","template":"","meta":{"_eb_attr":""},"product_cat":[92,125,112],"product_tag":[],"class_list":["post-1926","product","type-product","status-publish","has-post-thumbnail","hentry","product_cat-phiten","product_cat-vong-tay-rakuwa-x100-series","product_cat-vong-co"],"_links":{"self":[{"href":"https:\/\/www.phivutabletennis.com\/index.php\/wp-json\/wp\/v2\/product\/1926","targetHints":{"allow":["GET"]}}],"collection":[{"href":"https:\/\/www.phivutabletennis.com\/index.php\/wp-json\/wp\/v2\/product"}],"about":[{"href":"https:\/\/www.phivutabletennis.com\/index.php\/wp-json\/wp\/v2\/types\/product"}],"replies":[{"embeddable":true,"href":"https:\/\/www.phivutabletennis.com\/index.php\/wp-json\/wp\/v2\/comments?post=1926"}],"wp:featuredmedia":[{"embeddable":true,"href":"https:\/\/www.phivutabletennis.com\/index.php\/wp-json\/wp\/v2\/media\/1931"}],"wp:attachment":[{"href":"https:\/\/www.phivutabletennis.com\/index.php\/wp-json\/wp\/v2\/media?parent=1926"}],"wp:term":[{"taxonomy":"product_cat","embeddable":true,"href":"https:\/\/www.phivutabletennis.com\/index.php\/wp-json\/wp\/v2\/product_cat?post=1926"},{"taxonomy":"product_tag","embeddable":true,"href":"https:\/\/www.phivutabletennis.com\/index.php\/wp-json\/wp\/v2\/product_tag?post=1926"}],"curies":[{"name":"wp","href":"https:\/\/api.w.org\/{rel}","templated":true}]}}