{"id":1932,"date":"2023-06-20T01:53:36","date_gmt":"2023-06-19T18:53:36","guid":{"rendered":"https:\/\/www.phivutabletennis.com\/?post_type=product&#038;p=1932"},"modified":"2023-06-27T20:21:05","modified_gmt":"2023-06-27T13:21:05","slug":"vong-co-phiten-rakuwa-necklace-x100-choker-square","status":"publish","type":"product","link":"https:\/\/www.phivutabletennis.com\/index.php\/product\/vong-co-phiten-rakuwa-necklace-x100-choker-square\/","title":{"rendered":"V\u00f2ng C\u1ed5 &#8211; PHITEN RAKUWA NECKLACE X100 CHOKER SQUARE"},"content":{"rendered":"<div class=\"row quan-color-size\">\n<div class=\"col-md-4\">\n<div>S\u1ed1 l\u01b0\u1ee3ng<\/div>\n<div class=\"quality quantity input-group-quantity buttons_added\"><button class=\"btn-number btn-minus minus\" disabled=\"disabled\" type=\"button\" data-type=\"minus\"><i class=\"icon-minus\"><\/i><\/button><input id=\"qty\" class=\"input-number input-quantity input-text qty text\" max=\"19\" min=\"1\" name=\"qty\" type=\"text\" value=\"1\" \/><button class=\"btn-number btn-plus plus\" type=\"button\" data-type=\"plus\"><i class=\"icon-plus\"><\/i><\/button><\/div>\n<\/div>\n<div class=\"col-md-4\">\n<div class=\"item\">\n<div class=\"title\">Size:<\/div>\n<p><select class=\"selectpicker select attributes\" title=\"\" data-id=\"4\"><option selected=\"selected\" value=\"S020\">40cm<\/option><\/select><\/div>\n<\/div>\n<div class=\"col-md-4\">\n<div class=\"item\">\n<div class=\"title\">M\u00e0u s\u1eafc:<\/div>\n<p><select class=\"selectpicker select attributes\" title=\"\" data-id=\"5\"><option selected=\"selected\" value=\"C001\">\u0110en<\/option><\/select><\/div>\n<\/div>\n<\/div>\n<div class=\"item\"><\/div>\n<div class=\"product-desc desc\">\n<p>S\u1ef1 ho\u00e0n h\u1ea3o c\u1ee7a Titan tinh khi\u1ebft b\u00f3ng b\u1ea9y v\u00e0 s\u1ef1 \u0111\u01a1n gi\u1ea3n ho\u00e0n h\u1ea3o gi\u00fap khu\u1ea5y \u0111\u1ed9ng hi\u1ec7u su\u1ea5t v\u00e0 \u0111\u1ed9ng l\u1ef1c c\u1ee7a nh\u1eefng ng\u01b0\u1eddi\u00a0y\u00eau s\u1ef1\u00a0th\u00e1ch th\u1ee9c. V\u1ebb \u0111\u1eb9p n\u0103ng \u0111\u1ed9ng\u00a0v\u00e0\u00a0thanh l\u1ecbch\u00a0l\u00e0m cho Choker Square\u00a0tr\u1edf th\u00e0nh m\u1ed9t \u0111\u1ed1i t\u00e1c \u0111\u00e1ng tin c\u1eady cho ng\u01b0\u1eddi mang n\u00f3 m\u1ed9t v\u1ebb ngo\u00e0i sang\u00a0tr\u1ecdng.<\/p>\n<p><strong>C\u00f4ng ngh\u1ec7:\u00a0<\/strong>AQUA TITAN X100, MICRO TITANBALL<br \/>\n<strong>Ch\u1ea5t li\u1ec7u:\u00a0<\/strong>D\u00e2y: Nylon 66. L\u00f5i trong: Elastomer. Kh\u00f3a: Titan tinh khi\u1ebft. Ch\u1ed1t kh\u00f3a: Th\u00e9p kh\u00f4ng g\u1ec9.<br \/>\n<strong>K\u00edch th\u01b0\u1edbc:\u00a0<\/strong>40cm.<\/p>\n<p><strong>M\u00e0u s\u1eafc:<\/strong>\u00a0\u0110en<\/p>\n<p><strong>C\u00f4ng d\u1ee5ng:<\/strong><br \/>\n&#8211; C\u1ea3i thi\u1ec7n l\u01b0u th\u00f4ng m\u00e1u gi\u00fap b\u1ea1n c\u00f3 gi\u1ea5c ng\u1ee7 s\u00e2u v\u00e0 ngon h\u01a1n<\/p>\n<p>&#8211; Gi\u1ea3m \u0111au vai g\u00e1y c\u1ed5<\/p>\n<p>&#8211; H\u1ed7 tr\u1ee3 khi ch\u01a1i th\u1ec3 thao ho\u1eb7c c\u00e1c ho\u1ea1t \u0111\u1ed9ng h\u00e0ng ng\u00e0y<\/p>\n<p>&#8211; Nh\u1edd t\u00e1c \u0111\u1ed9ng t\u1eeb t\u00ednh gi\u00fap ph\u00f2ng ch\u1ed1ng t\u0103ng huy\u1ebft \u00e1p, \u0111\u1ed9t qu\u1ef5<\/p>\n<p>&#8211; Gi\u1ea3m c\u0103ng th\u1eb3ng, m\u1ec7t m\u1ecfi<\/p>\n<p>&#8211; Gi\u00fap th\u01b0 gi\u00e3n c\u01a1 b\u1eafp, gi\u1ea3m \u0111au c\u01a1<\/p>\n<p><strong>H\u01b0\u1edbng d\u1eabn s\u1eed d\u1ee5ng<\/strong>:\u00a0Gi\u1eb7t b\u1eb1ng tay v\u1edbi m\u1ed9t \u00edt x\u00e0 ph\u00f2ng<\/p>\n<p><strong>B\u1ea3o h\u00e0nh:\u00a0<\/strong>6 th\u00e1ng<\/p>\n<p><strong>S\u1ea3n xu\u1ea5t t\u1ea1i Nh\u1eadt B\u1ea3n.<\/strong><\/p>\n<p dir=\"ltr\"><strong>\u0110\u1ed1i t\u01b0\u1ee3ng s\u1eed d\u1ee5ng:<\/strong><\/p>\n<p dir=\"ltr\">&#8211; Ph\u00f9 h\u1ee3p cho m\u1ecdi l\u1ee9a tu\u1ed5i<\/p>\n<p dir=\"ltr\">&#8211; Ng\u01b0\u1eddi cao huy\u1ebft \u00e1p, huy\u1ebft \u00e1p kh\u00f4ng \u1ed5n \u0111\u1ecbnh<\/p>\n<p dir=\"ltr\">&#8211; Ng\u01b0\u1eddi m\u1eafc c\u00e1c ch\u1ee9ng \u0111au c\u1ed5 vai g\u00e1y<\/p>\n<p dir=\"ltr\">&#8211; Ng\u01b0\u1eddi m\u1ea5t ng\u1ee7, kh\u00f3 ng\u1ee7 hay gi\u1ea5c ng\u1ee7 kh\u00f4ng s\u00e2u<\/p>\n<p dir=\"ltr\">&#8211; Ng\u01b0\u1eddi ch\u01a1i th\u1ec3 thao, v\u1eadn \u0111\u1ed9ng vi\u00ean th\u1ec3 thao.<a href=\"https:\/\/www.phivutabletennis.com\/wp-content\/uploads\/2023\/06\/eECxk5uwyTGSsBU8JIAwjj6ebYEG10y9atvHxvto.jpeg\"><img loading=\"lazy\" decoding=\"async\" class=\"alignnone size-full wp-image-1935\" src=\"https:\/\/www.phivutabletennis.com\/wp-content\/uploads\/2023\/06\/eECxk5uwyTGSsBU8JIAwjj6ebYEG10y9atvHxvto.jpeg\" alt=\"\" width=\"1516\" height=\"1495\" srcset=\"https:\/\/www.phivutabletennis.com\/wp-content\/uploads\/2023\/06\/eECxk5uwyTGSsBU8JIAwjj6ebYEG10y9atvHxvto.jpeg 1516w, https:\/\/www.phivutabletennis.com\/wp-content\/uploads\/2023\/06\/eECxk5uwyTGSsBU8JIAwjj6ebYEG10y9atvHxvto-100x100.jpeg 100w, https:\/\/www.phivutabletennis.com\/wp-content\/uploads\/2023\/06\/eECxk5uwyTGSsBU8JIAwjj6ebYEG10y9atvHxvto-600x592.jpeg 600w, https:\/\/www.phivutabletennis.com\/wp-content\/uploads\/2023\/06\/eECxk5uwyTGSsBU8JIAwjj6ebYEG10y9atvHxvto-300x296.jpeg 300w, https:\/\/www.phivutabletennis.com\/wp-content\/uploads\/2023\/06\/eECxk5uwyTGSsBU8JIAwjj6ebYEG10y9atvHxvto-1024x1010.jpeg 1024w, https:\/\/www.phivutabletennis.com\/wp-content\/uploads\/2023\/06\/eECxk5uwyTGSsBU8JIAwjj6ebYEG10y9atvHxvto-768x757.jpeg 768w\" sizes=\"auto, (max-width: 1516px) 100vw, 1516px\" \/><\/a><\/p>\n<\/div>\n","protected":false},"excerpt":{"rendered":"<p>S\u1ed1 l\u01b0\u1ee3ng Size: 40cm M\u00e0u s\u1eafc: \u0110en S\u1ef1 ho\u00e0n h\u1ea3o c\u1ee7a Titan tinh khi\u1ebft b\u00f3ng b\u1ea9y v\u00e0 s\u1ef1 \u0111\u01a1n gi\u1ea3n ho\u00e0n h\u1ea3o gi\u00fap khu\u1ea5y \u0111\u1ed9ng hi\u1ec7u su\u1ea5t v\u00e0 \u0111\u1ed9ng l\u1ef1c c\u1ee7a nh\u1eefng ng\u01b0\u1eddi\u00a0y\u00eau s\u1ef1\u00a0th\u00e1ch th\u1ee9c. V\u1ebb \u0111\u1eb9p n\u0103ng \u0111\u1ed9ng\u00a0v\u00e0\u00a0thanh l\u1ecbch\u00a0l\u00e0m cho Choker Square\u00a0tr\u1edf th\u00e0nh m\u1ed9t \u0111\u1ed1i t\u00e1c \u0111\u00e1ng tin c\u1eady cho ng\u01b0\u1eddi mang n\u00f3 m\u1ed9t [&hellip;]<\/p>\n","protected":false},"featured_media":1934,"comment_status":"open","ping_status":"closed","template":"","meta":{"_eb_attr":""},"product_cat":[92,125,112],"product_tag":[],"class_list":["post-1932","product","type-product","status-publish","has-post-thumbnail","hentry","product_cat-phiten","product_cat-vong-tay-rakuwa-x100-series","product_cat-vong-co"],"_links":{"self":[{"href":"https:\/\/www.phivutabletennis.com\/index.php\/wp-json\/wp\/v2\/product\/1932","targetHints":{"allow":["GET"]}}],"collection":[{"href":"https:\/\/www.phivutabletennis.com\/index.php\/wp-json\/wp\/v2\/product"}],"about":[{"href":"https:\/\/www.phivutabletennis.com\/index.php\/wp-json\/wp\/v2\/types\/product"}],"replies":[{"embeddable":true,"href":"https:\/\/www.phivutabletennis.com\/index.php\/wp-json\/wp\/v2\/comments?post=1932"}],"wp:featuredmedia":[{"embeddable":true,"href":"https:\/\/www.phivutabletennis.com\/index.php\/wp-json\/wp\/v2\/media\/1934"}],"wp:attachment":[{"href":"https:\/\/www.phivutabletennis.com\/index.php\/wp-json\/wp\/v2\/media?parent=1932"}],"wp:term":[{"taxonomy":"product_cat","embeddable":true,"href":"https:\/\/www.phivutabletennis.com\/index.php\/wp-json\/wp\/v2\/product_cat?post=1932"},{"taxonomy":"product_tag","embeddable":true,"href":"https:\/\/www.phivutabletennis.com\/index.php\/wp-json\/wp\/v2\/product_tag?post=1932"}],"curies":[{"name":"wp","href":"https:\/\/api.w.org\/{rel}","templated":true}]}}