{"id":1953,"date":"2023-06-20T02:00:55","date_gmt":"2023-06-19T19:00:55","guid":{"rendered":"https:\/\/www.phivutabletennis.com\/?post_type=product&#038;p=1953"},"modified":"2023-06-27T20:22:18","modified_gmt":"2023-06-27T13:22:18","slug":"vong-co-phiten-rakuwa-necklace-wire-extreme-round","status":"publish","type":"product","link":"https:\/\/www.phivutabletennis.com\/index.php\/product\/vong-co-phiten-rakuwa-necklace-wire-extreme-round\/","title":{"rendered":"V\u00f2ng C\u1ed5 &#8211; PHITEN RAKUWA NECKLACE WIRE EXTREME ROUND"},"content":{"rendered":"<p>M\u00e0u s\u1eafc tinh t\u1ebf tr\u00ean m\u1eb7t v\u00f2ng c\u1ed5 Phiten Rakuwa Wire Extreme Round k\u1ebft h\u1ee3p v\u1edbi kh\u00f3a g\u00e0i ch\u1ea5t li\u1ec7u b\u1eb1ng nh\u00f4m v\u1eeba nh\u1eb9 l\u1ea1i v\u00f4 c\u00f9ng\u00a0ch\u1eafn ch\u1eafn gi\u00fap ho\u1ea1t \u0111\u1ed9ng d\u1ec5 d\u00e0ng v\u00e0 tho\u1ea3i m\u00e1i khi v\u1eadn \u0111\u1ed9ng th\u1ec3 thao.<\/p>\n<p>D\u00e2y c\u00f3 \u0111\u1ed9 b\u1ec1n cao, c\u00f3 kh\u1ea3 n\u0103ng kh\u00e1ng n\u01b0\u1edbc v\u00e0 c\u00f3 th\u1ec3 ch\u1ecbu \u0111\u01b0\u1ee3c c\u00e1c ho\u1ea1t \u0111\u1ed9ng m\u1ea1nh trong th\u1ec3 thao. V\u00f2ng c\u1ed5 \u0111\u01b0\u1ee3c s\u1eed d\u1ee5ng c\u00f4ng ngh\u1ec7 Metax gi\u00fap h\u1ed7 tr\u1ee3\u00a0m\u1ea1nh m\u1ebd v\u00e0 c\u1ea3i thi\u1ec7n hi\u1ec7u su\u1ea5t h\u01a1n<\/p>\n<p><strong>M\u00e0u s\u1eafc<\/strong>:\u00a0V\u00c0NG \/ \u0110EN, H\u1ed2NG \/ B\u1ea0C v\u00e0 XANH \/ B\u1ea0C<\/p>\n<p><strong>K\u00edch th\u01b0\u1edbc:<\/strong>\u00a040cm v\u00e0 50cm<\/p>\n<p><strong>Ch\u1ea5t li\u1ec7u:<\/strong><\/p>\n<p>D\u00e2y \u0111eo &#8211; kh\u00f4ng g\u1ec9, nylon<\/p>\n<p>Kh\u00f3a g\u00e0i &#8211; Nh\u00f4m, Kh\u00f4ng g\u1ec9, Urethane<\/p>\n<p><strong>C\u00f4ng ngh\u1ec7:<\/strong>\u00a0Metax<\/p>\n<p><strong>C\u00f4ng d\u1ee5ng:<\/strong><br \/>\n&#8211; C\u1ea3i thi\u1ec7n l\u01b0u th\u00f4ng m\u00e1u gi\u00fap b\u1ea1n c\u00f3 gi\u1ea5c ng\u1ee7 s\u00e2u v\u00e0 ngon h\u01a1n<\/p>\n<p>&#8211; Gi\u1ea3m \u0111au vai g\u00e1y c\u1ed5<\/p>\n<p>&#8211; H\u1ed7 tr\u1ee3 khi ch\u01a1i th\u1ec3 thao ho\u1eb7c c\u00e1c ho\u1ea1t \u0111\u1ed9ng h\u00e0ng ng\u00e0y<\/p>\n<p>&#8211; Nh\u1edd t\u00e1c \u0111\u1ed9ng t\u1eeb t\u00ednh gi\u00fap ph\u00f2ng ch\u1ed1ng t\u0103ng huy\u1ebft \u00e1p, \u0111\u1ed9t qu\u1ef5<\/p>\n<p>&#8211; Gi\u1ea3m c\u0103ng th\u1eb3ng, m\u1ec7t m\u1ecfi<\/p>\n<p>&#8211; Gi\u00fap th\u01b0 gi\u00e3n c\u01a1 b\u1eafp, gi\u1ea3m \u0111au c\u01a1<\/p>\n<p><strong>H\u01b0\u1edbng d\u1eabn s\u1eed d\u1ee5ng:\u00a0<\/strong>C\u00f3 th\u1ec3 mang khi t\u1eafm<\/p>\n<p><strong>B\u1ea3o h\u00e0nh:<\/strong>\u00a06 th\u00e1ng (S\u1ea3n ph\u1ea9m b\u1ecb m\u1ea5t kh\u00f3a g\u00e0i s\u1ebd kh\u00f4ng \u0111\u01b0\u1ee3c b\u1ea3o h\u00e0nh theo ch\u00ednh s\u00e1ch c\u1ee7a Phiten)<\/p>\n<p><strong>S\u1ea3n xu\u1ea5t:\u00a0<\/strong>Trung Qu\u1ed1c<\/p>\n<p>Tuy nhi\u00ean, s\u1ea3n ph\u1ea9m \u0111\u01b0\u1ee3c g\u1eedi l\u1ea1i Phiten Japan \u0111\u1ec3 x\u1eed l\u00fd c\u00f4ng ngh\u1ec7 c\u1ee7a h\u00e3ng<br \/>\n<strong>\u0110\u1ed1i t\u01b0\u1ee3ng s\u1eed d\u1ee5ng:<\/strong><\/p>\n<p dir=\"ltr\">&#8211; Ph\u00f9 h\u1ee3p cho m\u1ecdi l\u1ee9a tu\u1ed5i<\/p>\n<p dir=\"ltr\">&#8211; Ng\u01b0\u1eddi cao huy\u1ebft \u00e1p, huy\u1ebft \u00e1p kh\u00f4ng \u1ed5n \u0111\u1ecbnh<\/p>\n<p dir=\"ltr\">&#8211; Ng\u01b0\u1eddi m\u1eafc c\u00e1c ch\u1ee9ng \u0111au c\u1ed5 vai g\u00e1y<\/p>\n<p dir=\"ltr\">&#8211; Ng\u01b0\u1eddi m\u1ea5t ng\u1ee7, kh\u00f3 ng\u1ee7 hay gi\u1ea5c ng\u1ee7 kh\u00f4ng s\u00e2u<\/p>\n<p dir=\"ltr\">&#8211;\u00a0Ng\u01b0\u1eddi b\u1ecb \u0111au m\u1ecfi do l\u00e0m vi\u1ec7c v\u0103n ph\u00f2ng, ng\u1ed3i l\u00e2u ho\u1eb7c \u00edt v\u1eadn \u0111\u1ed9ng<\/p>\n<p dir=\"ltr\">&#8211; Ng\u01b0\u1eddi ch\u01a1i th\u1ec3 thao, v\u1eadn \u0111\u1ed9ng vi\u00ean th\u1ec3 thao.<\/p>\n","protected":false},"excerpt":{"rendered":"<p>M\u00e0u s\u1eafc tinh t\u1ebf tr\u00ean m\u1eb7t v\u00f2ng c\u1ed5 Phiten Rakuwa Wire Extreme Round k\u1ebft h\u1ee3p v\u1edbi kh\u00f3a g\u00e0i ch\u1ea5t li\u1ec7u b\u1eb1ng nh\u00f4m v\u1eeba nh\u1eb9 l\u1ea1i v\u00f4 c\u00f9ng\u00a0ch\u1eafn ch\u1eafn gi\u00fap ho\u1ea1t \u0111\u1ed9ng d\u1ec5 d\u00e0ng v\u00e0 tho\u1ea3i m\u00e1i khi v\u1eadn \u0111\u1ed9ng th\u1ec3 thao. D\u00e2y c\u00f3 \u0111\u1ed9 b\u1ec1n cao, c\u00f3 kh\u1ea3 n\u0103ng kh\u00e1ng n\u01b0\u1edbc v\u00e0 c\u00f3 th\u1ec3 ch\u1ecbu [&hellip;]<\/p>\n","protected":false},"featured_media":1954,"comment_status":"open","ping_status":"closed","template":"","meta":{"_eb_attr":""},"product_cat":[126,92,112],"product_tag":[],"class_list":["post-1953","product","type-product","status-publish","has-post-thumbnail","hentry","product_cat-vong-tay-extreme-series","product_cat-phiten","product_cat-vong-co"],"_links":{"self":[{"href":"https:\/\/www.phivutabletennis.com\/index.php\/wp-json\/wp\/v2\/product\/1953","targetHints":{"allow":["GET"]}}],"collection":[{"href":"https:\/\/www.phivutabletennis.com\/index.php\/wp-json\/wp\/v2\/product"}],"about":[{"href":"https:\/\/www.phivutabletennis.com\/index.php\/wp-json\/wp\/v2\/types\/product"}],"replies":[{"embeddable":true,"href":"https:\/\/www.phivutabletennis.com\/index.php\/wp-json\/wp\/v2\/comments?post=1953"}],"wp:featuredmedia":[{"embeddable":true,"href":"https:\/\/www.phivutabletennis.com\/index.php\/wp-json\/wp\/v2\/media\/1954"}],"wp:attachment":[{"href":"https:\/\/www.phivutabletennis.com\/index.php\/wp-json\/wp\/v2\/media?parent=1953"}],"wp:term":[{"taxonomy":"product_cat","embeddable":true,"href":"https:\/\/www.phivutabletennis.com\/index.php\/wp-json\/wp\/v2\/product_cat?post=1953"},{"taxonomy":"product_tag","embeddable":true,"href":"https:\/\/www.phivutabletennis.com\/index.php\/wp-json\/wp\/v2\/product_tag?post=1953"}],"curies":[{"name":"wp","href":"https:\/\/api.w.org\/{rel}","templated":true}]}}