{"id":2004,"date":"2023-06-20T02:18:23","date_gmt":"2023-06-19T19:18:23","guid":{"rendered":"https:\/\/www.phivutabletennis.com\/?post_type=product&#038;p=2004"},"modified":"2023-06-27T20:23:11","modified_gmt":"2023-06-27T13:23:11","slug":"vong-co-phiten-rakuwa-necklace-wire-extreme-carbon","status":"publish","type":"product","link":"https:\/\/www.phivutabletennis.com\/index.php\/product\/vong-co-phiten-rakuwa-necklace-wire-extreme-carbon\/","title":{"rendered":"V\u00f2ng C\u1ed5 PHITEN RAKUWA NECKLACE WIRE EXTREME CARBON"},"content":{"rendered":"<p>Ph\u1ea7n d\u00e2y v\u00e0 m\u1eb7t d\u00e2y chuy\u1ec3n \u0111\u01b0\u1ee3c l\u00e0m b\u1eb1ng v\u1eadt li\u1ec7u Carbon th\u1ebf h\u1ec7 k\u1ebf ti\u1ebfp. Ch\u1ed1ng n\u01b0\u1edbc t\u1ed1t!<br \/>\nCh\u1ea5t li\u1ec7u: Th\u00e2n (th\u00e9p kh\u00f4ng g\u1ec9, nylon, Cabon), Kh\u00f3a (th\u00e9p kh\u00f4ng g\u1ec9, Cabon, Silicone v\u00e0 Polyacetal)<br \/>\nK\u00edch th\u01b0\u1edbc: 45cm. S\u1ea3n xu\u1ea5t t\u1ea1i Nh\u1eadt B\u1ea3n.<br \/>\n<strong>C\u1ea3i thi\u1ec7n l\u01b0u l\u01b0\u1ee3ng m\u00e1u v\u00e0 t\u0103ng c\u01b0\u1eddng hi\u1ec7u su\u1ea5t<\/strong><br \/>\n\u0110\u01b0\u1ee3c y\u00eau th\u00edch b\u1edfi c\u00e1c v\u1eadn \u0111\u1ed9ng vi\u00ean d\u00e0nh nhi\u1ec1u ng\u00e0y t\u1eadp luy\u1ec7n, d\u01b0\u1edbi \u00e1nh m\u1eb7t tr\u1eddi gay g\u1eaft v\u00ec n\u00f3 gi\u00fap l\u01b0u th\u00f4ng m\u00e1u t\u1ed1t h\u01a1n, t\u0103ng c\u01b0\u1eddng s\u1ee9c m\u1ea1nh v\u00e0 s\u1ef1 linh ho\u1ea1t v\u00e0 gi\u00fap gi\u1ea5c ng\u1ee7 s\u00e2u h\u01a1n.<br \/>\n<strong>Gi\u00fap th\u01b0 gi\u00e3n c\u01a1 th\u1ec3 v\u00e0 gi\u1ea3m \u0111au vai v\u00e0 c\u1ed5<\/strong><br \/>\n\u0110\u1ed1i v\u1edbi nh\u1eefng c\u00f4ng vi\u1ec7c ng\u1ed3i tr\u01b0\u1edbc m\u00e1y t\u00ednh c\u1ea3 ng\u00e0y khi\u1ebfn b\u1ea1n \u0111au n\u1eeda \u0111\u1ea7u li\u00ean t\u1ee5c &#8211; ho\u1eb7c ph\u1ea3i l\u00e0m vi\u1ec7c theo ca- nh\u01b0 l\u00e0m ca \u0111\u00eam, \u0111\u00e2y l\u00e0 m\u1ed9t gi\u1ea3i ph\u00e1p tuy\u1ec7t v\u1eddi gi\u00fap gi\u1ea3m \u0111au v\u00e0 ph\u1ee5c h\u1ed3i gi\u1ea5c ng\u1ee7 c\u1ee7a b\u1ea1n.<br \/>\nV\u00f2ng c\u1ed5 Rakuwa Extreme ho\u00e0n h\u1ea3o gi\u00fap gi\u1ea3m \u0111au n\u1eeda \u0111\u1ea7u, t\u0103ng c\u01b0\u1eddng l\u01b0u th\u00f4ng c\u01a1 th\u1ec3 v\u00e0 gi\u1ea3m \u0111au &#8211; \u0111\u1eb7c bi\u1ec7t l\u00e0 \u1edf v\u00f9ng c\u1ed5 v\u00e0 vai.<br \/>\n<strong>G\u1ee3i \u00fd s\u1eed d\u1ee5ng<\/strong><br \/>\n&#8211; Gi\u00fap gi\u1ea3m b\u1edbt c\u0103ng th\u1eb3ng li\u00ean t\u1ee5c.<br \/>\n&#8211; Gi\u00fap c\u1ea3i thi\u1ec7n l\u01b0u th\u00f4ng m\u00e1u.<br \/>\n&#8211; T\u0103ng c\u01b0\u1eddng s\u1ee9c m\u1ea1nh, t\u00ednh linh ho\u1ea1t v\u00e0 ng\u1ee7 s\u00e2u.<br \/>\n&#8211; Gi\u00fap gi\u1ea3m \u0111au v\u00e0 ph\u1ee5c h\u1ed3i gi\u1ea5c ng\u1ee7 c\u1ee7a b\u1ea1n.<br \/>\n&#8211; Gi\u1ea3m \u0111au vai v\u00e0 c\u1ed5, th\u01b0 gi\u00e3n c\u01a1 b\u1eafp c\u1ee9ng<br \/>\n&#8211; Tuy\u1ec7t v\u1eddi cho th\u1ec3 thao ho\u1eb7c c\u00e1c ho\u1ea1t \u0111\u1ed9ng h\u00e0ng ng\u00e0y<\/p>\n<p><strong>B\u1ea3o h\u00e0nh:\u00a0<\/strong>6 th\u00e1ng<\/p>\n<p dir=\"ltr\"><strong>\u0110\u1ed1i t\u01b0\u1ee3ng s\u1eed d\u1ee5ng:<\/strong><\/p>\n<p dir=\"ltr\">&#8211; Ph\u00f9 h\u1ee3p cho m\u1ecdi l\u1ee9a tu\u1ed5i<\/p>\n<p dir=\"ltr\">&#8211; Ng\u01b0\u1eddi cao huy\u1ebft \u00e1p, huy\u1ebft \u00e1p kh\u00f4ng \u1ed5n \u0111\u1ecbnh<\/p>\n<p dir=\"ltr\">&#8211; Ng\u01b0\u1eddi m\u1eafc c\u00e1c ch\u1ee9ng \u0111au c\u1ed5 vai g\u00e1y<\/p>\n<p dir=\"ltr\">&#8211; Ng\u01b0\u1eddi m\u1ea5t ng\u1ee7, kh\u00f3 ng\u1ee7 hay gi\u1ea5c ng\u1ee7 kh\u00f4ng s\u00e2u<\/p>\n<p dir=\"ltr\">&#8211; Ng\u01b0\u1eddi ch\u01a1i th\u1ec3 thao, v\u1eadn \u0111\u1ed9ng vi\u00ean th\u1ec3 thao.<a href=\"https:\/\/www.phivutabletennis.com\/wp-content\/uploads\/2023\/06\/q0k585pR9XgSWGcsae7LMgIL9MuEHr97infyfx75.jpeg\"><img loading=\"lazy\" decoding=\"async\" class=\"alignnone size-full wp-image-1949\" src=\"https:\/\/www.phivutabletennis.com\/wp-content\/uploads\/2023\/06\/q0k585pR9XgSWGcsae7LMgIL9MuEHr97infyfx75.jpeg\" alt=\"\" width=\"896\" height=\"523\" srcset=\"https:\/\/www.phivutabletennis.com\/wp-content\/uploads\/2023\/06\/q0k585pR9XgSWGcsae7LMgIL9MuEHr97infyfx75.jpeg 896w, https:\/\/www.phivutabletennis.com\/wp-content\/uploads\/2023\/06\/q0k585pR9XgSWGcsae7LMgIL9MuEHr97infyfx75-600x350.jpeg 600w, https:\/\/www.phivutabletennis.com\/wp-content\/uploads\/2023\/06\/q0k585pR9XgSWGcsae7LMgIL9MuEHr97infyfx75-300x175.jpeg 300w, https:\/\/www.phivutabletennis.com\/wp-content\/uploads\/2023\/06\/q0k585pR9XgSWGcsae7LMgIL9MuEHr97infyfx75-768x448.jpeg 768w\" sizes=\"auto, (max-width: 896px) 100vw, 896px\" \/><\/a> <a href=\"https:\/\/www.phivutabletennis.com\/wp-content\/uploads\/2023\/06\/Ful7w1iYmiGQ7u4gpVDPsLh3YWS2yBK1yY8m1Lg3.jpeg\"><img loading=\"lazy\" decoding=\"async\" class=\"alignnone size-full wp-image-2008\" src=\"https:\/\/www.phivutabletennis.com\/wp-content\/uploads\/2023\/06\/Ful7w1iYmiGQ7u4gpVDPsLh3YWS2yBK1yY8m1Lg3.jpeg\" alt=\"\" width=\"896\" height=\"440\" srcset=\"https:\/\/www.phivutabletennis.com\/wp-content\/uploads\/2023\/06\/Ful7w1iYmiGQ7u4gpVDPsLh3YWS2yBK1yY8m1Lg3.jpeg 896w, https:\/\/www.phivutabletennis.com\/wp-content\/uploads\/2023\/06\/Ful7w1iYmiGQ7u4gpVDPsLh3YWS2yBK1yY8m1Lg3-600x295.jpeg 600w, https:\/\/www.phivutabletennis.com\/wp-content\/uploads\/2023\/06\/Ful7w1iYmiGQ7u4gpVDPsLh3YWS2yBK1yY8m1Lg3-300x147.jpeg 300w, https:\/\/www.phivutabletennis.com\/wp-content\/uploads\/2023\/06\/Ful7w1iYmiGQ7u4gpVDPsLh3YWS2yBK1yY8m1Lg3-768x377.jpeg 768w\" sizes=\"auto, (max-width: 896px) 100vw, 896px\" \/><\/a> <a href=\"https:\/\/www.phivutabletennis.com\/wp-content\/uploads\/2023\/06\/aK3VVRf4HiWQbdwPUWXslJHZNBDYXojj9fY0wyfP.jpeg\"><img loading=\"lazy\" decoding=\"async\" class=\"alignnone size-full wp-image-2006\" src=\"https:\/\/www.phivutabletennis.com\/wp-content\/uploads\/2023\/06\/aK3VVRf4HiWQbdwPUWXslJHZNBDYXojj9fY0wyfP.jpeg\" alt=\"\" width=\"896\" height=\"730\" srcset=\"https:\/\/www.phivutabletennis.com\/wp-content\/uploads\/2023\/06\/aK3VVRf4HiWQbdwPUWXslJHZNBDYXojj9fY0wyfP.jpeg 896w, https:\/\/www.phivutabletennis.com\/wp-content\/uploads\/2023\/06\/aK3VVRf4HiWQbdwPUWXslJHZNBDYXojj9fY0wyfP-600x489.jpeg 600w, https:\/\/www.phivutabletennis.com\/wp-content\/uploads\/2023\/06\/aK3VVRf4HiWQbdwPUWXslJHZNBDYXojj9fY0wyfP-300x244.jpeg 300w, https:\/\/www.phivutabletennis.com\/wp-content\/uploads\/2023\/06\/aK3VVRf4HiWQbdwPUWXslJHZNBDYXojj9fY0wyfP-768x626.jpeg 768w\" sizes=\"auto, (max-width: 896px) 100vw, 896px\" \/><\/a> <a href=\"https:\/\/www.phivutabletennis.com\/wp-content\/uploads\/2023\/06\/izXh38vmNE6aiNJcWpNI0P7LqNU31saWeRPRerBc.jpeg\"><img loading=\"lazy\" decoding=\"async\" class=\"alignnone size-full wp-image-2009\" src=\"https:\/\/www.phivutabletennis.com\/wp-content\/uploads\/2023\/06\/izXh38vmNE6aiNJcWpNI0P7LqNU31saWeRPRerBc.jpeg\" alt=\"\" width=\"896\" height=\"770\" srcset=\"https:\/\/www.phivutabletennis.com\/wp-content\/uploads\/2023\/06\/izXh38vmNE6aiNJcWpNI0P7LqNU31saWeRPRerBc.jpeg 896w, https:\/\/www.phivutabletennis.com\/wp-content\/uploads\/2023\/06\/izXh38vmNE6aiNJcWpNI0P7LqNU31saWeRPRerBc-600x516.jpeg 600w, https:\/\/www.phivutabletennis.com\/wp-content\/uploads\/2023\/06\/izXh38vmNE6aiNJcWpNI0P7LqNU31saWeRPRerBc-300x258.jpeg 300w, https:\/\/www.phivutabletennis.com\/wp-content\/uploads\/2023\/06\/izXh38vmNE6aiNJcWpNI0P7LqNU31saWeRPRerBc-768x660.jpeg 768w\" sizes=\"auto, (max-width: 896px) 100vw, 896px\" \/><\/a><\/p>\n<p dir=\"ltr\">\n","protected":false},"excerpt":{"rendered":"<p>Ph\u1ea7n d\u00e2y v\u00e0 m\u1eb7t d\u00e2y chuy\u1ec3n \u0111\u01b0\u1ee3c l\u00e0m b\u1eb1ng v\u1eadt li\u1ec7u Carbon th\u1ebf h\u1ec7 k\u1ebf ti\u1ebfp. Ch\u1ed1ng n\u01b0\u1edbc t\u1ed1t! Ch\u1ea5t li\u1ec7u: Th\u00e2n (th\u00e9p kh\u00f4ng g\u1ec9, nylon, Cabon), Kh\u00f3a (th\u00e9p kh\u00f4ng g\u1ec9, Cabon, Silicone v\u00e0 Polyacetal) K\u00edch th\u01b0\u1edbc: 45cm. S\u1ea3n xu\u1ea5t t\u1ea1i Nh\u1eadt B\u1ea3n. C\u1ea3i thi\u1ec7n l\u01b0u l\u01b0\u1ee3ng m\u00e1u v\u00e0 t\u0103ng c\u01b0\u1eddng hi\u1ec7u su\u1ea5t \u0110\u01b0\u1ee3c y\u00eau [&hellip;]<\/p>\n","protected":false},"featured_media":2010,"comment_status":"open","ping_status":"closed","template":"","meta":{"_eb_attr":""},"product_cat":[126,92,112],"product_tag":[],"class_list":["post-2004","product","type-product","status-publish","has-post-thumbnail","hentry","product_cat-vong-tay-extreme-series","product_cat-phiten","product_cat-vong-co"],"_links":{"self":[{"href":"https:\/\/www.phivutabletennis.com\/index.php\/wp-json\/wp\/v2\/product\/2004","targetHints":{"allow":["GET"]}}],"collection":[{"href":"https:\/\/www.phivutabletennis.com\/index.php\/wp-json\/wp\/v2\/product"}],"about":[{"href":"https:\/\/www.phivutabletennis.com\/index.php\/wp-json\/wp\/v2\/types\/product"}],"replies":[{"embeddable":true,"href":"https:\/\/www.phivutabletennis.com\/index.php\/wp-json\/wp\/v2\/comments?post=2004"}],"wp:featuredmedia":[{"embeddable":true,"href":"https:\/\/www.phivutabletennis.com\/index.php\/wp-json\/wp\/v2\/media\/2010"}],"wp:attachment":[{"href":"https:\/\/www.phivutabletennis.com\/index.php\/wp-json\/wp\/v2\/media?parent=2004"}],"wp:term":[{"taxonomy":"product_cat","embeddable":true,"href":"https:\/\/www.phivutabletennis.com\/index.php\/wp-json\/wp\/v2\/product_cat?post=2004"},{"taxonomy":"product_tag","embeddable":true,"href":"https:\/\/www.phivutabletennis.com\/index.php\/wp-json\/wp\/v2\/product_tag?post=2004"}],"curies":[{"name":"wp","href":"https:\/\/api.w.org\/{rel}","templated":true}]}}