{"id":2025,"date":"2023-06-20T02:27:40","date_gmt":"2023-06-19T19:27:40","guid":{"rendered":"https:\/\/www.phivutabletennis.com\/?post_type=product&#038;p=2025"},"modified":"2023-06-27T20:23:57","modified_gmt":"2023-06-27T13:23:57","slug":"vong-co-phiten-rakuwa-necklace-extreme-twist","status":"publish","type":"product","link":"https:\/\/www.phivutabletennis.com\/index.php\/product\/vong-co-phiten-rakuwa-necklace-extreme-twist\/","title":{"rendered":"V\u00f2ng C\u1ed5 PHITEN RAKUWA NECKLACE EXTREME TWIST"},"content":{"rendered":"<p>V\u00f2ng c\u1ed5 Phiten Rakuwa Extreme Twist<br \/>\n<strong>M\u00f4 t\u1ea3 s\u1ea3n ph\u1ea9m :<\/strong>\u00a0V\u00f2ng c\u1ed5 Phiten Rakuwa Necklace Extreme Twist v\u1edbi thi\u1ebft k\u1ebf mang phong c\u00e1ch \u1ea5n t\u01b0\u1ee3ng c\u1ee7a Phiten! C\u1ea3i thi\u1ec7n l\u01b0u l\u01b0\u1ee3ng m\u00e1u v\u00e0 t\u0103ng c\u01b0\u1eddng hi\u1ec7u su\u1ea5t. \u0110\u01b0\u1ee3c y\u00eau th\u00edch b\u1edfi c\u00e1c v\u1eadn \u0111\u1ed9ng vi\u00ean d\u00e0nh c\u1ea3 ng\u00e0y \u0111\u1ec3 t\u1eadp luy\u1ec7n. Kh\u00f4ng th\u1ea5m n\u01b0\u1edbc v\u00e0 m\u1ed3 h\u00f4i.<br \/>\n<strong>Ch\u1ea5t li\u1ec7u:<\/strong>\u00a0Silicone<br \/>\n<strong>C\u00f4ng ngh\u1ec7:\u00a0<\/strong>C\u00f4ng ngh\u1ec7 Metax \u0111\u01b0\u1ee3c c\u1ea5p b\u1eb1ng s\u00e1ng ch\u1ebf<br \/>\n<strong>C\u00f4ng d\u1ee5ng :<\/strong><br \/>\n&#8211; Gi\u00fap gi\u1ea3m b\u1edbt c\u0103ng th\u1eb3ng li\u00ean t\u1ee5c.<br \/>\n&#8211; Gi\u00fap c\u1ea3i thi\u1ec7n l\u01b0u th\u00f4ng m\u00e1u.<br \/>\n&#8211; T\u0103ng c\u01b0\u1eddng s\u1ee9c m\u1ea1nh v\u00e0 s\u1ef1 linh ho\u1ea1t c\u01a1 b\u1eafp<br \/>\n&#8211; Gi\u00fap gi\u1ea3m \u0111au ho\u1eb7c \u0111au nh\u1ee9c<br \/>\n&#8211; Tuy\u1ec7t v\u1eddi cho th\u1ec3 thao ho\u1eb7c c\u00e1c ho\u1ea1t \u0111\u1ed9ng h\u00e0ng ng\u00e0y<br \/>\n<strong>L\u01b0u \u00fd:<\/strong><br \/>\n-Khuy\u1ebfn kh\u00edch \u0111eo h\u00e0ng ng\u00e0y<br \/>\n-C\u00f3 th\u1ec3 \u0111eo khi \u0111i t\u1eafm, \u0111i b\u01a1i m\u00e0 kh\u00f4ng l\u00e0m m\u1ea5t t\u00e1c d\u1ee5ng<br \/>\n<strong>K\u00edch th\u01b0\u1edbc<\/strong>: 43cm v\u00e0 50cm<br \/>\n<strong>M\u00e0u s\u1eafc<\/strong>: \u0110en-\u0111\u1ecf\/ \u0110\u1ecf-tr\u0103ng<br \/>\n<strong>Th\u01b0\u01a1ng hi\u1ec7u:\u00a0<\/strong>Phiten<br \/>\n<strong>Xu\u1ea5t x\u1ee9:\u00a0<\/strong>Philipines<\/p>\n<p dir=\"ltr\"><strong>\u0110\u1ed1i t\u01b0\u1ee3ng s\u1eed d\u1ee5ng:<\/strong><\/p>\n<p dir=\"ltr\">&#8211; Ph\u00f9 h\u1ee3p cho m\u1ecdi l\u1ee9a tu\u1ed5i<\/p>\n<p dir=\"ltr\">&#8211; Ng\u01b0\u1eddi cao huy\u1ebft \u00e1p, huy\u1ebft \u00e1p kh\u00f4ng \u1ed5n \u0111\u1ecbnh<\/p>\n<p dir=\"ltr\">&#8211; Ng\u01b0\u1eddi m\u1eafc c\u00e1c ch\u1ee9ng \u0111au c\u1ed5 vai g\u00e1y<\/p>\n<p dir=\"ltr\">&#8211; Ng\u01b0\u1eddi m\u1ea5t ng\u1ee7, kh\u00f3 ng\u1ee7 hay gi\u1ea5c ng\u1ee7 kh\u00f4ng s\u00e2u<\/p>\n<p dir=\"ltr\">&#8211;\u00a0Ng\u01b0\u1eddi ch\u01a1i th\u1ec3 thao, v\u1eadn \u0111\u1ed9ng vi\u00ean th\u1ec3 thao.<a href=\"https:\/\/www.phivutabletennis.com\/wp-content\/uploads\/2023\/06\/q0k585pR9XgSWGcsae7LMgIL9MuEHr97infyfx75.jpeg\"><img loading=\"lazy\" decoding=\"async\" class=\"alignnone size-full wp-image-1949\" src=\"https:\/\/www.phivutabletennis.com\/wp-content\/uploads\/2023\/06\/q0k585pR9XgSWGcsae7LMgIL9MuEHr97infyfx75.jpeg\" alt=\"\" width=\"896\" height=\"523\" srcset=\"https:\/\/www.phivutabletennis.com\/wp-content\/uploads\/2023\/06\/q0k585pR9XgSWGcsae7LMgIL9MuEHr97infyfx75.jpeg 896w, https:\/\/www.phivutabletennis.com\/wp-content\/uploads\/2023\/06\/q0k585pR9XgSWGcsae7LMgIL9MuEHr97infyfx75-600x350.jpeg 600w, https:\/\/www.phivutabletennis.com\/wp-content\/uploads\/2023\/06\/q0k585pR9XgSWGcsae7LMgIL9MuEHr97infyfx75-300x175.jpeg 300w, https:\/\/www.phivutabletennis.com\/wp-content\/uploads\/2023\/06\/q0k585pR9XgSWGcsae7LMgIL9MuEHr97infyfx75-768x448.jpeg 768w\" sizes=\"auto, (max-width: 896px) 100vw, 896px\" \/><\/a> <a href=\"https:\/\/www.phivutabletennis.com\/wp-content\/uploads\/2023\/06\/FPC8qiCN9rCGXe4rvmV7eWDb9dJDKiDoinNcAw7y.jpeg\"><img loading=\"lazy\" decoding=\"async\" class=\"alignnone size-full wp-image-2026\" src=\"https:\/\/www.phivutabletennis.com\/wp-content\/uploads\/2023\/06\/FPC8qiCN9rCGXe4rvmV7eWDb9dJDKiDoinNcAw7y.jpeg\" alt=\"\" width=\"896\" height=\"440\" srcset=\"https:\/\/www.phivutabletennis.com\/wp-content\/uploads\/2023\/06\/FPC8qiCN9rCGXe4rvmV7eWDb9dJDKiDoinNcAw7y.jpeg 896w, https:\/\/www.phivutabletennis.com\/wp-content\/uploads\/2023\/06\/FPC8qiCN9rCGXe4rvmV7eWDb9dJDKiDoinNcAw7y-600x295.jpeg 600w, https:\/\/www.phivutabletennis.com\/wp-content\/uploads\/2023\/06\/FPC8qiCN9rCGXe4rvmV7eWDb9dJDKiDoinNcAw7y-300x147.jpeg 300w, https:\/\/www.phivutabletennis.com\/wp-content\/uploads\/2023\/06\/FPC8qiCN9rCGXe4rvmV7eWDb9dJDKiDoinNcAw7y-768x377.jpeg 768w\" sizes=\"auto, (max-width: 896px) 100vw, 896px\" \/><\/a> <a href=\"https:\/\/www.phivutabletennis.com\/wp-content\/uploads\/2023\/06\/hsvPLjy8lnV0HONRCjOqqbrrUGYthk4ZlsEDWFhF.jpeg\"><img loading=\"lazy\" decoding=\"async\" class=\"alignnone size-full wp-image-2027\" src=\"https:\/\/www.phivutabletennis.com\/wp-content\/uploads\/2023\/06\/hsvPLjy8lnV0HONRCjOqqbrrUGYthk4ZlsEDWFhF.jpeg\" alt=\"\" width=\"896\" height=\"736\" srcset=\"https:\/\/www.phivutabletennis.com\/wp-content\/uploads\/2023\/06\/hsvPLjy8lnV0HONRCjOqqbrrUGYthk4ZlsEDWFhF.jpeg 896w, https:\/\/www.phivutabletennis.com\/wp-content\/uploads\/2023\/06\/hsvPLjy8lnV0HONRCjOqqbrrUGYthk4ZlsEDWFhF-600x493.jpeg 600w, https:\/\/www.phivutabletennis.com\/wp-content\/uploads\/2023\/06\/hsvPLjy8lnV0HONRCjOqqbrrUGYthk4ZlsEDWFhF-300x246.jpeg 300w, https:\/\/www.phivutabletennis.com\/wp-content\/uploads\/2023\/06\/hsvPLjy8lnV0HONRCjOqqbrrUGYthk4ZlsEDWFhF-768x631.jpeg 768w\" sizes=\"auto, (max-width: 896px) 100vw, 896px\" \/><\/a> <a href=\"https:\/\/www.phivutabletennis.com\/wp-content\/uploads\/2023\/06\/uXQOkWCiZZTdRIq4eGVW3s4OKH4HbRsSTDv2Lko0.jpeg\"><img loading=\"lazy\" decoding=\"async\" class=\"alignnone size-full wp-image-2032\" src=\"https:\/\/www.phivutabletennis.com\/wp-content\/uploads\/2023\/06\/uXQOkWCiZZTdRIq4eGVW3s4OKH4HbRsSTDv2Lko0.jpeg\" alt=\"\" width=\"896\" height=\"879\" srcset=\"https:\/\/www.phivutabletennis.com\/wp-content\/uploads\/2023\/06\/uXQOkWCiZZTdRIq4eGVW3s4OKH4HbRsSTDv2Lko0.jpeg 896w, https:\/\/www.phivutabletennis.com\/wp-content\/uploads\/2023\/06\/uXQOkWCiZZTdRIq4eGVW3s4OKH4HbRsSTDv2Lko0-600x589.jpeg 600w, https:\/\/www.phivutabletennis.com\/wp-content\/uploads\/2023\/06\/uXQOkWCiZZTdRIq4eGVW3s4OKH4HbRsSTDv2Lko0-300x294.jpeg 300w, https:\/\/www.phivutabletennis.com\/wp-content\/uploads\/2023\/06\/uXQOkWCiZZTdRIq4eGVW3s4OKH4HbRsSTDv2Lko0-768x753.jpeg 768w\" sizes=\"auto, (max-width: 896px) 100vw, 896px\" \/><\/a> <a href=\"https:\/\/www.phivutabletennis.com\/wp-content\/uploads\/2023\/06\/O19JVh9oIQHtpdRGzUoZcdqpUsYoBSKT61MAtjeR.jpeg\"><img loading=\"lazy\" decoding=\"async\" class=\"alignnone size-full wp-image-2030\" src=\"https:\/\/www.phivutabletennis.com\/wp-content\/uploads\/2023\/06\/O19JVh9oIQHtpdRGzUoZcdqpUsYoBSKT61MAtjeR.jpeg\" alt=\"\" width=\"896\" height=\"785\" srcset=\"https:\/\/www.phivutabletennis.com\/wp-content\/uploads\/2023\/06\/O19JVh9oIQHtpdRGzUoZcdqpUsYoBSKT61MAtjeR.jpeg 896w, https:\/\/www.phivutabletennis.com\/wp-content\/uploads\/2023\/06\/O19JVh9oIQHtpdRGzUoZcdqpUsYoBSKT61MAtjeR-600x526.jpeg 600w, https:\/\/www.phivutabletennis.com\/wp-content\/uploads\/2023\/06\/O19JVh9oIQHtpdRGzUoZcdqpUsYoBSKT61MAtjeR-300x263.jpeg 300w, https:\/\/www.phivutabletennis.com\/wp-content\/uploads\/2023\/06\/O19JVh9oIQHtpdRGzUoZcdqpUsYoBSKT61MAtjeR-768x673.jpeg 768w\" sizes=\"auto, (max-width: 896px) 100vw, 896px\" \/><\/a><\/p>\n","protected":false},"excerpt":{"rendered":"<p>V\u00f2ng c\u1ed5 Phiten Rakuwa Extreme Twist M\u00f4 t\u1ea3 s\u1ea3n ph\u1ea9m :\u00a0V\u00f2ng c\u1ed5 Phiten Rakuwa Necklace Extreme Twist v\u1edbi thi\u1ebft k\u1ebf mang phong c\u00e1ch \u1ea5n t\u01b0\u1ee3ng c\u1ee7a Phiten! C\u1ea3i thi\u1ec7n l\u01b0u l\u01b0\u1ee3ng m\u00e1u v\u00e0 t\u0103ng c\u01b0\u1eddng hi\u1ec7u su\u1ea5t. \u0110\u01b0\u1ee3c y\u00eau th\u00edch b\u1edfi c\u00e1c v\u1eadn \u0111\u1ed9ng vi\u00ean d\u00e0nh c\u1ea3 ng\u00e0y \u0111\u1ec3 t\u1eadp luy\u1ec7n. Kh\u00f4ng th\u1ea5m n\u01b0\u1edbc v\u00e0 [&hellip;]<\/p>\n","protected":false},"featured_media":2029,"comment_status":"open","ping_status":"closed","template":"","meta":{"_eb_attr":""},"product_cat":[126,92,112],"product_tag":[],"class_list":["post-2025","product","type-product","status-publish","has-post-thumbnail","hentry","product_cat-vong-tay-extreme-series","product_cat-phiten","product_cat-vong-co"],"_links":{"self":[{"href":"https:\/\/www.phivutabletennis.com\/index.php\/wp-json\/wp\/v2\/product\/2025","targetHints":{"allow":["GET"]}}],"collection":[{"href":"https:\/\/www.phivutabletennis.com\/index.php\/wp-json\/wp\/v2\/product"}],"about":[{"href":"https:\/\/www.phivutabletennis.com\/index.php\/wp-json\/wp\/v2\/types\/product"}],"replies":[{"embeddable":true,"href":"https:\/\/www.phivutabletennis.com\/index.php\/wp-json\/wp\/v2\/comments?post=2025"}],"wp:featuredmedia":[{"embeddable":true,"href":"https:\/\/www.phivutabletennis.com\/index.php\/wp-json\/wp\/v2\/media\/2029"}],"wp:attachment":[{"href":"https:\/\/www.phivutabletennis.com\/index.php\/wp-json\/wp\/v2\/media?parent=2025"}],"wp:term":[{"taxonomy":"product_cat","embeddable":true,"href":"https:\/\/www.phivutabletennis.com\/index.php\/wp-json\/wp\/v2\/product_cat?post=2025"},{"taxonomy":"product_tag","embeddable":true,"href":"https:\/\/www.phivutabletennis.com\/index.php\/wp-json\/wp\/v2\/product_tag?post=2025"}],"curies":[{"name":"wp","href":"https:\/\/api.w.org\/{rel}","templated":true}]}}