{"id":2033,"date":"2023-06-20T02:29:49","date_gmt":"2023-06-19T19:29:49","guid":{"rendered":"https:\/\/www.phivutabletennis.com\/?post_type=product&#038;p=2033"},"modified":"2023-06-27T20:24:11","modified_gmt":"2023-06-27T13:24:11","slug":"vong-co-phiten-rakuwa-necklace-extreme-cross","status":"publish","type":"product","link":"https:\/\/www.phivutabletennis.com\/index.php\/product\/vong-co-phiten-rakuwa-necklace-extreme-cross\/","title":{"rendered":"V\u00f2ng C\u1ed5 PHITEN RAKUWA NECKLACE EXTREME CROSS"},"content":{"rendered":"<p>V\u00f2ng c\u1ed5 Phiten Rakuwa Necklace Extreme Cross v\u1edbi b\u1ea3n logo \u0111\u01b0\u1ee3c thi\u1ebft k\u1ebf s\u1eafc n\u00e9t va\u00a0mang phong c\u00e1ch th\u1ec3 thao! C\u1ea3i thi\u1ec7n l\u01b0u l\u01b0\u1ee3ng m\u00e1u v\u00e0 t\u0103ng c\u01b0\u1eddng hi\u1ec7u su\u1ea5t. \u0110\u01b0\u1ee3c y\u00eau th\u00edch b\u1edfi c\u00e1c v\u1eadn \u0111\u1ed9ng vi\u00ean d\u00e0nh c\u1ea3 ng\u00e0y \u0111\u1ec3 t\u1eadp luy\u1ec7n. Kh\u00f4ng th\u1ea5m n\u01b0\u1edbc v\u00e0 m\u1ed3 h\u00f4i.<br \/>\n<strong>C\u00f4ng ngh\u1ec7:\u00a0<\/strong>C\u00f4ng ngh\u1ec7 Metax \u0111\u01b0\u1ee3c c\u1ea5p b\u1eb1ng s\u00e1ng ch\u1ebf<br \/>\n<strong>G\u1ee3i \u00fd s\u1eed d\u1ee5ng<\/strong><br \/>\n&#8211;\u00a0Gi\u00fap gi\u1ea3m b\u1edbt c\u0103ng th\u1eb3ng li\u00ean t\u1ee5c.<br \/>\n&#8211;\u00a0Gi\u00fap c\u1ea3i thi\u1ec7n l\u01b0u th\u00f4ng m\u00e1u.<br \/>\n&#8211;\u00a0T\u0103ng c\u01b0\u1eddng s\u1ee9c m\u1ea1nh v\u00e0 s\u1ef1 linh ho\u1ea1t c\u01a1 b\u1eafp<br \/>\n&#8211;\u00a0Gi\u00fap gi\u1ea3m \u0111au ho\u1eb7c \u0111au nh\u1ee9c<br \/>\n&#8211;\u00a0Tuy\u1ec7t v\u1eddi cho th\u1ec3 thao ho\u1eb7c c\u00e1c ho\u1ea1t \u0111\u1ed9ng h\u00e0ng ng\u00e0y<\/p>\n<p><strong>Ch\u1ea5t li\u1ec7u:<\/strong>\u00a0Th\u00e2n (Silicone), B\u1ea3n d\u00e2y chuy\u1ec1n (Polycabonate).<br \/>\n<strong>K\u00edch th\u01b0\u1edbc<\/strong>\u00a043cm v\u00e0 50cm<br \/>\n<strong>S\u1ea3n xu\u1ea5t t\u1ea1i Phililipines<\/strong><\/p>\n<p dir=\"ltr\"><strong>\u0110\u1ed1i t\u01b0\u1ee3ng s\u1eed d\u1ee5ng:<\/strong><\/p>\n<p dir=\"ltr\">&#8211; Ph\u00f9 h\u1ee3p cho m\u1ecdi l\u1ee9a tu\u1ed5i<\/p>\n<p dir=\"ltr\">&#8211; Ng\u01b0\u1eddi cao huy\u1ebft \u00e1p, huy\u1ebft \u00e1p kh\u00f4ng \u1ed5n \u0111\u1ecbnh<\/p>\n<p dir=\"ltr\">&#8211; Ng\u01b0\u1eddi m\u1eafc c\u00e1c ch\u1ee9ng \u0111au c\u1ed5 vai g\u00e1y<\/p>\n<p dir=\"ltr\">&#8211; Ng\u01b0\u1eddi m\u1ea5t ng\u1ee7, kh\u00f3 ng\u1ee7 hay gi\u1ea5c ng\u1ee7 kh\u00f4ng s\u00e2u<\/p>\n<p dir=\"ltr\">&#8211;\u00a0Ng\u01b0\u1eddi ch\u01a1i th\u1ec3 thao, v\u1eadn \u0111\u1ed9ng vi\u00ean th\u1ec3 thao.<a href=\"https:\/\/www.phivutabletennis.com\/wp-content\/uploads\/2023\/06\/q0k585pR9XgSWGcsae7LMgIL9MuEHr97infyfx75.jpeg\"><img loading=\"lazy\" decoding=\"async\" class=\"alignnone size-full wp-image-1949\" src=\"https:\/\/www.phivutabletennis.com\/wp-content\/uploads\/2023\/06\/q0k585pR9XgSWGcsae7LMgIL9MuEHr97infyfx75.jpeg\" alt=\"\" width=\"896\" height=\"523\" srcset=\"https:\/\/www.phivutabletennis.com\/wp-content\/uploads\/2023\/06\/q0k585pR9XgSWGcsae7LMgIL9MuEHr97infyfx75.jpeg 896w, https:\/\/www.phivutabletennis.com\/wp-content\/uploads\/2023\/06\/q0k585pR9XgSWGcsae7LMgIL9MuEHr97infyfx75-600x350.jpeg 600w, https:\/\/www.phivutabletennis.com\/wp-content\/uploads\/2023\/06\/q0k585pR9XgSWGcsae7LMgIL9MuEHr97infyfx75-300x175.jpeg 300w, https:\/\/www.phivutabletennis.com\/wp-content\/uploads\/2023\/06\/q0k585pR9XgSWGcsae7LMgIL9MuEHr97infyfx75-768x448.jpeg 768w\" sizes=\"auto, (max-width: 896px) 100vw, 896px\" \/><\/a> <a href=\"https:\/\/www.phivutabletennis.com\/wp-content\/uploads\/2023\/06\/Exiak4m8LzEfp3woQXIEYnxWyFmlHmGxQaBIns7V.jpeg\"><img loading=\"lazy\" decoding=\"async\" class=\"alignnone size-full wp-image-2035\" src=\"https:\/\/www.phivutabletennis.com\/wp-content\/uploads\/2023\/06\/Exiak4m8LzEfp3woQXIEYnxWyFmlHmGxQaBIns7V.jpeg\" alt=\"\" width=\"896\" height=\"440\" srcset=\"https:\/\/www.phivutabletennis.com\/wp-content\/uploads\/2023\/06\/Exiak4m8LzEfp3woQXIEYnxWyFmlHmGxQaBIns7V.jpeg 896w, https:\/\/www.phivutabletennis.com\/wp-content\/uploads\/2023\/06\/Exiak4m8LzEfp3woQXIEYnxWyFmlHmGxQaBIns7V-600x295.jpeg 600w, https:\/\/www.phivutabletennis.com\/wp-content\/uploads\/2023\/06\/Exiak4m8LzEfp3woQXIEYnxWyFmlHmGxQaBIns7V-300x147.jpeg 300w, https:\/\/www.phivutabletennis.com\/wp-content\/uploads\/2023\/06\/Exiak4m8LzEfp3woQXIEYnxWyFmlHmGxQaBIns7V-768x377.jpeg 768w\" sizes=\"auto, (max-width: 896px) 100vw, 896px\" \/><\/a> <a href=\"https:\/\/www.phivutabletennis.com\/wp-content\/uploads\/2023\/06\/4UWOYV9c0BSmATjDIk4y8qqfYJRIzoYxqn3Lljz3.jpeg\"><img loading=\"lazy\" decoding=\"async\" class=\"alignnone size-full wp-image-2034\" src=\"https:\/\/www.phivutabletennis.com\/wp-content\/uploads\/2023\/06\/4UWOYV9c0BSmATjDIk4y8qqfYJRIzoYxqn3Lljz3.jpeg\" alt=\"\" width=\"896\" height=\"730\" srcset=\"https:\/\/www.phivutabletennis.com\/wp-content\/uploads\/2023\/06\/4UWOYV9c0BSmATjDIk4y8qqfYJRIzoYxqn3Lljz3.jpeg 896w, https:\/\/www.phivutabletennis.com\/wp-content\/uploads\/2023\/06\/4UWOYV9c0BSmATjDIk4y8qqfYJRIzoYxqn3Lljz3-600x489.jpeg 600w, https:\/\/www.phivutabletennis.com\/wp-content\/uploads\/2023\/06\/4UWOYV9c0BSmATjDIk4y8qqfYJRIzoYxqn3Lljz3-300x244.jpeg 300w, https:\/\/www.phivutabletennis.com\/wp-content\/uploads\/2023\/06\/4UWOYV9c0BSmATjDIk4y8qqfYJRIzoYxqn3Lljz3-768x626.jpeg 768w\" sizes=\"auto, (max-width: 896px) 100vw, 896px\" \/><\/a> <a href=\"https:\/\/www.phivutabletennis.com\/wp-content\/uploads\/2023\/06\/gGJG7eZRyOXqwKtFXUtiGLWfvCKCCPMKPwYUsO5X.jpeg\"><img loading=\"lazy\" decoding=\"async\" class=\"alignnone size-full wp-image-2037\" src=\"https:\/\/www.phivutabletennis.com\/wp-content\/uploads\/2023\/06\/gGJG7eZRyOXqwKtFXUtiGLWfvCKCCPMKPwYUsO5X.jpeg\" alt=\"\" width=\"896\" height=\"770\" srcset=\"https:\/\/www.phivutabletennis.com\/wp-content\/uploads\/2023\/06\/gGJG7eZRyOXqwKtFXUtiGLWfvCKCCPMKPwYUsO5X.jpeg 896w, https:\/\/www.phivutabletennis.com\/wp-content\/uploads\/2023\/06\/gGJG7eZRyOXqwKtFXUtiGLWfvCKCCPMKPwYUsO5X-600x516.jpeg 600w, https:\/\/www.phivutabletennis.com\/wp-content\/uploads\/2023\/06\/gGJG7eZRyOXqwKtFXUtiGLWfvCKCCPMKPwYUsO5X-300x258.jpeg 300w, https:\/\/www.phivutabletennis.com\/wp-content\/uploads\/2023\/06\/gGJG7eZRyOXqwKtFXUtiGLWfvCKCCPMKPwYUsO5X-768x660.jpeg 768w\" sizes=\"auto, (max-width: 896px) 100vw, 896px\" \/><\/a><\/p>\n","protected":false},"excerpt":{"rendered":"<p>V\u00f2ng c\u1ed5 Phiten Rakuwa Necklace Extreme Cross v\u1edbi b\u1ea3n logo \u0111\u01b0\u1ee3c thi\u1ebft k\u1ebf s\u1eafc n\u00e9t va\u00a0mang phong c\u00e1ch th\u1ec3 thao! C\u1ea3i thi\u1ec7n l\u01b0u l\u01b0\u1ee3ng m\u00e1u v\u00e0 t\u0103ng c\u01b0\u1eddng hi\u1ec7u su\u1ea5t. \u0110\u01b0\u1ee3c y\u00eau th\u00edch b\u1edfi c\u00e1c v\u1eadn \u0111\u1ed9ng vi\u00ean d\u00e0nh c\u1ea3 ng\u00e0y \u0111\u1ec3 t\u1eadp luy\u1ec7n. Kh\u00f4ng th\u1ea5m n\u01b0\u1edbc v\u00e0 m\u1ed3 h\u00f4i. C\u00f4ng ngh\u1ec7:\u00a0C\u00f4ng ngh\u1ec7 Metax \u0111\u01b0\u1ee3c [&hellip;]<\/p>\n","protected":false},"featured_media":2036,"comment_status":"open","ping_status":"closed","template":"","meta":{"_eb_attr":""},"product_cat":[126,92,112],"product_tag":[],"class_list":["post-2033","product","type-product","status-publish","has-post-thumbnail","hentry","product_cat-vong-tay-extreme-series","product_cat-phiten","product_cat-vong-co"],"_links":{"self":[{"href":"https:\/\/www.phivutabletennis.com\/index.php\/wp-json\/wp\/v2\/product\/2033","targetHints":{"allow":["GET"]}}],"collection":[{"href":"https:\/\/www.phivutabletennis.com\/index.php\/wp-json\/wp\/v2\/product"}],"about":[{"href":"https:\/\/www.phivutabletennis.com\/index.php\/wp-json\/wp\/v2\/types\/product"}],"replies":[{"embeddable":true,"href":"https:\/\/www.phivutabletennis.com\/index.php\/wp-json\/wp\/v2\/comments?post=2033"}],"wp:featuredmedia":[{"embeddable":true,"href":"https:\/\/www.phivutabletennis.com\/index.php\/wp-json\/wp\/v2\/media\/2036"}],"wp:attachment":[{"href":"https:\/\/www.phivutabletennis.com\/index.php\/wp-json\/wp\/v2\/media?parent=2033"}],"wp:term":[{"taxonomy":"product_cat","embeddable":true,"href":"https:\/\/www.phivutabletennis.com\/index.php\/wp-json\/wp\/v2\/product_cat?post=2033"},{"taxonomy":"product_tag","embeddable":true,"href":"https:\/\/www.phivutabletennis.com\/index.php\/wp-json\/wp\/v2\/product_tag?post=2033"}],"curies":[{"name":"wp","href":"https:\/\/api.w.org\/{rel}","templated":true}]}}