{"id":2048,"date":"2023-06-20T19:59:26","date_gmt":"2023-06-20T12:59:26","guid":{"rendered":"https:\/\/www.phivutabletennis.com\/?post_type=product&#038;p=2048"},"modified":"2023-06-27T20:24:29","modified_gmt":"2023-06-27T13:24:29","slug":"vong-co-phiten-crystal-necklace-5mm","status":"publish","type":"product","link":"https:\/\/www.phivutabletennis.com\/index.php\/product\/vong-co-phiten-crystal-necklace-5mm\/","title":{"rendered":"V\u00f2ng C\u1ed5 PHITEN CRYSTAL NECKLACE (5mm)"},"content":{"rendered":"<p>V\u00f2ng c\u1ed5 Phiten Crystal Necklace (5mm)<br \/>\n<strong>M\u00f4 t\u1ea3 s\u1ea3n ph\u1ea9m:<\/strong><br \/>\n\u0110\u01b0\u1ee3c tuy\u1ec3n ch\u1ecdn t\u1eeb nh\u1eefng h\u1ea1t pha l\u00ea ng\u1ecdc trai v\u1edbi ch\u1ea5t l\u01b0\u1ee3ng tuy\u1ec7t h\u1ea3o.<br \/>\nV\u00f2ng c\u1ed5 \u0111\u00ednh h\u1ea1t pha l\u00ea v\u00e0 Titan thanh l\u1ecbch.<br \/>\nD\u00e2y bu\u1ed9c c\u00f3 m\u1ed9t chu\u1ed7i th\u1eaft ch\u1eb7t d\u00e0i 5cm.<br \/>\nV\u00f2ng c\u1ed5 c\u00f3 logo Phiten \u0111\u01b0\u1ee3c kh\u1eafc tr\u00ean h\u1ea1t titan<br \/>\nThi\u1ebft k\u1ebf thanh l\u1ecbch t\u1ecfa s\u00e1ng v\u1edbi b\u1ea3y m\u00e0u s\u1eafc.<br \/>\nPh\u1ee5 ki\u1ec7n \u0111\u1eb9p v\u00e0 \u0111\u1eb3ng c\u1ea5p mang l\u1ea1i l\u1ee3i \u00edch s\u1ee9c kh\u1ecfe.<br \/>\n<strong>Ch\u1ea5t li\u1ec7u:\u00a0<\/strong>H\u1ea1t (Pha l\u00ea), B\u00f3ng, Kh\u00f3a \u0111i\u1ec1u ch\u1ec9nh v\u00e0 M\u00f3c (Titanium), D\u00e2y (Th\u00e9p kh\u00f4ng g\u1ec9).<br \/>\n<strong>C\u00f4ng ngh\u1ec7:<\/strong><br \/>\nS\u1eed d\u1ee5ng c\u00f4ng ngh\u1ec7 aqua metax<br \/>\n<strong>C\u00f4ng d\u1ee5ng:<\/strong><br \/>\nT\u1ea1o c\u1ea3m gi\u00e1c n\u0103ng l\u01b0\u1ee3ng t\u1ef1 nhi\u00ean.<br \/>\nGi\u00fap c\u1ea3i thi\u1ec7n l\u01b0u th\u00f4ng m\u00e1u.<br \/>\nGi\u00fap gi\u1ea3m \u0111au c\u1ed5 v\u00e0 vai.<br \/>\nC\u00f3 t\u00e1c d\u1ee5ng th\u01b0 gi\u00e3n.<br \/>\nTh\u00edch h\u1ee3p \u0111eo trong m\u1ecdi ho\u00e0n c\u1ea3nh<br \/>\n<strong>Size v\u00e0 m\u00e0u s\u1eafc:\u00a0<\/strong>Crystal 40cm\/50cm<br \/>\n<strong>L\u01b0u \u00fd:<\/strong><br \/>\nS\u1ea3n xu\u1ea5t t\u1ea1i Nh\u1eadt B\u1ea3n<br \/>\nB\u1ea3o qu\u1ea3n \u1edf n\u01a1i s\u1ea1ch v\u00e0 kh\u00f4 r\u00e1o<br \/>\n<strong>H\u01b0\u1edbng d\u1eabn s\u1eed d\u1ee5ng:\u00a0<\/strong>c\u00f3 th\u1ec3 \u0111eo h\u00e0ng ng\u00e0y, kh\u00f4ng \u0111eo trong khi t\u1eafm.<br \/>\n<strong>B\u1ea3o h\u00e0nh:\u00a0<\/strong>1 n\u0103m<br \/>\n<strong>Th\u01b0\u01a1ng hi\u1ec7u:<\/strong>\u00a0Phiten<br \/>\n<strong>Xu\u1ea5t x\u1ee9:<\/strong>\u00a0Nh\u1eadt B\u1ea3n<\/p>\n<p dir=\"ltr\"><strong>\u0110\u1ed1i t\u01b0\u1ee3ng s\u1eed d\u1ee5ng:<\/strong><\/p>\n<p dir=\"ltr\">&#8211; Ph\u00f9 h\u1ee3p cho m\u1ecdi l\u1ee9a tu\u1ed5i<\/p>\n<p dir=\"ltr\">&#8211; Ng\u01b0\u1eddi cao huy\u1ebft \u00e1p, huy\u1ebft \u00e1p kh\u00f4ng \u1ed5n \u0111\u1ecbnh<\/p>\n<p dir=\"ltr\">&#8211; Ng\u01b0\u1eddi m\u1eafc c\u00e1c ch\u1ee9ng \u0111au c\u1ed5 vai g\u00e1y<\/p>\n<p dir=\"ltr\">&#8211; Ng\u01b0\u1eddi m\u1ea5t ng\u1ee7, kh\u00f3 ng\u1ee7 hay gi\u1ea5c ng\u1ee7 kh\u00f4ng s\u00e2u<\/p>\n<p dir=\"ltr\">&#8211;\u00a0Ng\u01b0\u1eddi ch\u01a1i th\u1ec3 thao, v\u1eadn \u0111\u1ed9ng vi\u00ean th\u1ec3 thao.<\/p>\n","protected":false},"excerpt":{"rendered":"<p>V\u00f2ng c\u1ed5 Phiten Crystal Necklace (5mm) M\u00f4 t\u1ea3 s\u1ea3n ph\u1ea9m: \u0110\u01b0\u1ee3c tuy\u1ec3n ch\u1ecdn t\u1eeb nh\u1eefng h\u1ea1t pha l\u00ea ng\u1ecdc trai v\u1edbi ch\u1ea5t l\u01b0\u1ee3ng tuy\u1ec7t h\u1ea3o. V\u00f2ng c\u1ed5 \u0111\u00ednh h\u1ea1t pha l\u00ea v\u00e0 Titan thanh l\u1ecbch. D\u00e2y bu\u1ed9c c\u00f3 m\u1ed9t chu\u1ed7i th\u1eaft ch\u1eb7t d\u00e0i 5cm. V\u00f2ng c\u1ed5 c\u00f3 logo Phiten \u0111\u01b0\u1ee3c kh\u1eafc tr\u00ean h\u1ea1t titan Thi\u1ebft [&hellip;]<\/p>\n","protected":false},"featured_media":2051,"comment_status":"open","ping_status":"closed","template":"","meta":{"_eb_attr":""},"product_cat":[92,127,112],"product_tag":[],"class_list":["post-2048","product","type-product","status-publish","has-post-thumbnail","hentry","product_cat-phiten","product_cat-titanium-crystal","product_cat-vong-co"],"_links":{"self":[{"href":"https:\/\/www.phivutabletennis.com\/index.php\/wp-json\/wp\/v2\/product\/2048","targetHints":{"allow":["GET"]}}],"collection":[{"href":"https:\/\/www.phivutabletennis.com\/index.php\/wp-json\/wp\/v2\/product"}],"about":[{"href":"https:\/\/www.phivutabletennis.com\/index.php\/wp-json\/wp\/v2\/types\/product"}],"replies":[{"embeddable":true,"href":"https:\/\/www.phivutabletennis.com\/index.php\/wp-json\/wp\/v2\/comments?post=2048"}],"wp:featuredmedia":[{"embeddable":true,"href":"https:\/\/www.phivutabletennis.com\/index.php\/wp-json\/wp\/v2\/media\/2051"}],"wp:attachment":[{"href":"https:\/\/www.phivutabletennis.com\/index.php\/wp-json\/wp\/v2\/media?parent=2048"}],"wp:term":[{"taxonomy":"product_cat","embeddable":true,"href":"https:\/\/www.phivutabletennis.com\/index.php\/wp-json\/wp\/v2\/product_cat?post=2048"},{"taxonomy":"product_tag","embeddable":true,"href":"https:\/\/www.phivutabletennis.com\/index.php\/wp-json\/wp\/v2\/product_tag?post=2048"}],"curies":[{"name":"wp","href":"https:\/\/api.w.org\/{rel}","templated":true}]}}