{"id":2053,"date":"2023-06-20T20:01:51","date_gmt":"2023-06-20T13:01:51","guid":{"rendered":"https:\/\/www.phivutabletennis.com\/?post_type=product&#038;p=2053"},"modified":"2023-06-27T20:24:40","modified_gmt":"2023-06-27T13:24:40","slug":"vong-co-phiten-crystal-necklace-3mmvong-co-phiten-crystal-necklace-3mm","status":"publish","type":"product","link":"https:\/\/www.phivutabletennis.com\/index.php\/product\/vong-co-phiten-crystal-necklace-3mmvong-co-phiten-crystal-necklace-3mm\/","title":{"rendered":"V\u00f2ng C\u1ed5 &#8211; PHITEN CRYSTAL NECKLACE (3mm)V\u00f2ng C\u1ed5 &#8211; PHITEN CRYSTAL NECKLACE (3mm)"},"content":{"rendered":"<p>Nh\u1eefng h\u1ea1t pha l\u00ea t\u1ef1 nhi\u00ean v\u00e0 tinh t\u1ebf \u0111\u01b0\u1ee3c l\u1ef1a ch\u1ecdn c\u1ea9n th\u1eadn b\u1edfi Phiten. \u0110\u01b0\u1ee3c ch\u1ebf t\u00e1c b\u1eb1ng tay nh\u1eb1m ph\u00e1t huy t\u1ed1t nh\u1ea5t s\u1ee9c m\u1ea1nh huy\u1ec1n b\u00ed c\u1ee7a pha l\u00ea trong chi\u1ebfc v\u00f2ng tay c\u1ed5 \u0111i\u1ec3n t\u1ea1o ra ph\u1ee5 ki\u1ec7n ph\u00f9 h\u1ee3p v\u1edbi th\u1eddi trang c\u1ee7a b\u1ea1n.<\/p>\n<p><strong>\u0110\u1eb7c \u0111i\u1ec3m<\/strong><br \/>\n&#8211; V\u00f2ng c\u1ed5\u00a0Pha l\u00ea trang nh\u00e3, \u0111\u00ednh h\u1ea1t Titan<br \/>\n&#8211; D\u00e2y bu\u1ed9c c\u00f3 m\u1ed9t chu\u1ed7i \u0111i\u1ec1u ch\u1ec9nh d\u00e0i 5cm<br \/>\n&#8211; V\u00f2ng c\u1ed5\u00a0c\u00f3 logo Phiten \u0111\u01b0\u1ee3c kh\u1eafc tr\u00ean h\u1ea1t Titan<br \/>\n&#8211; H\u1ea1t pha l\u00ea l\u1edbn v\u00e0 nh\u1ecf xen k\u1ebd<\/p>\n<p><strong>\u0110i\u1ec1u g\u00ec l\u00e0m cho v\u00f2ng c\u1ed5\u00a0Phiten n\u1ed5i b\u1eadt?<\/strong><br \/>\n&#8211; T\u1ea1o c\u1ea3m gi\u00e1c n\u0103ng l\u01b0\u1ee3ng t\u1ef1 nhi\u00ean<br \/>\n&#8211; Ph\u1ee5 ki\u1ec7n\u00a0\u0111\u1eb9p v\u00e0 \u0111\u1eb3ng c\u1ea5p v\u1edbi l\u1ee3i \u00edch s\u1ee9c kh\u1ecfe.<br \/>\n&#8211; Gi\u00fap c\u1ea3i thi\u1ec7n l\u01b0u th\u00f4ng m\u00e1u.<br \/>\n&#8211; Gi\u00fap gi\u1ea3m \u0111au c\u1ed5 v\u00e0 vai.<br \/>\n&#8211; C\u00f3 t\u00e1c d\u1ee5ng th\u01b0 gi\u00e3n.<br \/>\n&#8211; Th\u00edch h\u1ee3p s\u1eed d\u1ee5ng cho m\u1ecdi d\u1ecbp.<\/p>\n<p><strong>C\u00f4ng ngh\u1ec7:\u00a0<\/strong>Aqua Metal \u0111\u01b0\u1ee3c c\u1ea5p b\u1eb1ng s\u00e1ng ch\u1ebf<br \/>\n<strong>Ch\u1ea5t li\u1ec7u:<\/strong>\u00a0Titan v\u00e0 Pha l\u00ea<\/p>\n<p><strong>B\u1ea3o h\u00e0nh: 1 n\u0103m<\/strong><\/p>\n<p><strong>S\u1ea3n xu\u1ea5t t\u1ea1i Nh\u1eadt B\u1ea3n.<\/strong><\/p>\n<p>Nh\u1eefng h\u1ea1t pha l\u00ea t\u1ef1 nhi\u00ean v\u00e0 tinh t\u1ebf \u0111\u01b0\u1ee3c l\u1ef1a ch\u1ecdn c\u1ea9n th\u1eadn b\u1edfi Phiten. \u0110\u01b0\u1ee3c ch\u1ebf t\u00e1c b\u1eb1ng tay nh\u1eb1m ph\u00e1t huy t\u1ed1t nh\u1ea5t s\u1ee9c m\u1ea1nh huy\u1ec1n b\u00ed c\u1ee7a pha l\u00ea trong chi\u1ebfc v\u00f2ng tay c\u1ed5 \u0111i\u1ec3n t\u1ea1o ra ph\u1ee5 ki\u1ec7n ph\u00f9 h\u1ee3p v\u1edbi th\u1eddi trang c\u1ee7a b\u1ea1n.<\/p>\n<p><strong>\u0110\u1eb7c \u0111i\u1ec3m<\/strong><br \/>\n&#8211; V\u00f2ng c\u1ed5\u00a0Pha l\u00ea trang nh\u00e3, \u0111\u00ednh h\u1ea1t Titan<br \/>\n&#8211; D\u00e2y bu\u1ed9c c\u00f3 m\u1ed9t chu\u1ed7i \u0111i\u1ec1u ch\u1ec9nh d\u00e0i 5cm<br \/>\n&#8211; V\u00f2ng c\u1ed5\u00a0c\u00f3 logo Phiten \u0111\u01b0\u1ee3c kh\u1eafc tr\u00ean h\u1ea1t Titan<br \/>\n&#8211; H\u1ea1t pha l\u00ea l\u1edbn v\u00e0 nh\u1ecf xen k\u1ebd<\/p>\n<p><strong>\u0110i\u1ec1u g\u00ec l\u00e0m cho v\u00f2ng c\u1ed5\u00a0Phiten n\u1ed5i b\u1eadt?<\/strong><br \/>\n&#8211; T\u1ea1o c\u1ea3m gi\u00e1c n\u0103ng l\u01b0\u1ee3ng t\u1ef1 nhi\u00ean<br \/>\n&#8211; Ph\u1ee5 ki\u1ec7n\u00a0\u0111\u1eb9p v\u00e0 \u0111\u1eb3ng c\u1ea5p v\u1edbi l\u1ee3i \u00edch s\u1ee9c kh\u1ecfe.<br \/>\n&#8211; Gi\u00fap c\u1ea3i thi\u1ec7n l\u01b0u th\u00f4ng m\u00e1u.<br \/>\n&#8211; Gi\u00fap gi\u1ea3m \u0111au c\u1ed5 v\u00e0 vai.<br \/>\n&#8211; C\u00f3 t\u00e1c d\u1ee5ng th\u01b0 gi\u00e3n.<br \/>\n&#8211; Th\u00edch h\u1ee3p s\u1eed d\u1ee5ng cho m\u1ecdi d\u1ecbp.<\/p>\n<p><strong>C\u00f4ng ngh\u1ec7:\u00a0<\/strong>Aqua Metal \u0111\u01b0\u1ee3c c\u1ea5p b\u1eb1ng s\u00e1ng ch\u1ebf<br \/>\n<strong>Ch\u1ea5t li\u1ec7u:<\/strong>\u00a0Titan v\u00e0 Pha l\u00ea<\/p>\n<p><strong>B\u1ea3o h\u00e0nh: 1 n\u0103m<\/strong><\/p>\n<p><strong>S\u1ea3n xu\u1ea5t t\u1ea1i Nh\u1eadt B\u1ea3n.<\/strong><\/p>\n<p dir=\"ltr\"><strong>\u0110\u1ed1i t\u01b0\u1ee3ng s\u1eed d\u1ee5ng:<\/strong><\/p>\n<p dir=\"ltr\">&#8211; Ph\u00f9 h\u1ee3p cho m\u1ecdi l\u1ee9a tu\u1ed5i<\/p>\n<p dir=\"ltr\">&#8211; Ng\u01b0\u1eddi cao huy\u1ebft \u00e1p, huy\u1ebft \u00e1p kh\u00f4ng \u1ed5n \u0111\u1ecbnh<\/p>\n<p dir=\"ltr\">&#8211; Ng\u01b0\u1eddi m\u1eafc c\u00e1c ch\u1ee9ng \u0111au c\u1ed5 vai g\u00e1y<\/p>\n<p dir=\"ltr\">&#8211; Ng\u01b0\u1eddi m\u1ea5t ng\u1ee7, kh\u00f3 ng\u1ee7 hay gi\u1ea5c ng\u1ee7 kh\u00f4ng s\u00e2u.<a href=\"https:\/\/www.phivutabletennis.com\/wp-content\/uploads\/2023\/06\/3bYOt4hf7dmnGN2gJ6e0diedaqcSak6iDj68A73U.png\"><img loading=\"lazy\" decoding=\"async\" class=\"alignnone size-full wp-image-2042\" src=\"https:\/\/www.phivutabletennis.com\/wp-content\/uploads\/2023\/06\/3bYOt4hf7dmnGN2gJ6e0diedaqcSak6iDj68A73U.png\" alt=\"\" width=\"730\" height=\"594\" srcset=\"https:\/\/www.phivutabletennis.com\/wp-content\/uploads\/2023\/06\/3bYOt4hf7dmnGN2gJ6e0diedaqcSak6iDj68A73U.png 730w, https:\/\/www.phivutabletennis.com\/wp-content\/uploads\/2023\/06\/3bYOt4hf7dmnGN2gJ6e0diedaqcSak6iDj68A73U-600x488.png 600w, https:\/\/www.phivutabletennis.com\/wp-content\/uploads\/2023\/06\/3bYOt4hf7dmnGN2gJ6e0diedaqcSak6iDj68A73U-300x244.png 300w\" sizes=\"auto, (max-width: 730px) 100vw, 730px\" \/><\/a> <a href=\"https:\/\/www.phivutabletennis.com\/wp-content\/uploads\/2023\/06\/Z4tM6yl46O962PbAmZZemVnYf4g7jlQ4TfZ6OZ2P-2.png\"><img loading=\"lazy\" decoding=\"async\" class=\"alignnone size-full wp-image-2057\" src=\"https:\/\/www.phivutabletennis.com\/wp-content\/uploads\/2023\/06\/Z4tM6yl46O962PbAmZZemVnYf4g7jlQ4TfZ6OZ2P-2.png\" alt=\"\" width=\"730\" height=\"402\" srcset=\"https:\/\/www.phivutabletennis.com\/wp-content\/uploads\/2023\/06\/Z4tM6yl46O962PbAmZZemVnYf4g7jlQ4TfZ6OZ2P-2.png 730w, https:\/\/www.phivutabletennis.com\/wp-content\/uploads\/2023\/06\/Z4tM6yl46O962PbAmZZemVnYf4g7jlQ4TfZ6OZ2P-2-600x330.png 600w, https:\/\/www.phivutabletennis.com\/wp-content\/uploads\/2023\/06\/Z4tM6yl46O962PbAmZZemVnYf4g7jlQ4TfZ6OZ2P-2-300x165.png 300w\" sizes=\"auto, (max-width: 730px) 100vw, 730px\" \/><\/a><\/p>\n","protected":false},"excerpt":{"rendered":"<p>Nh\u1eefng h\u1ea1t pha l\u00ea t\u1ef1 nhi\u00ean v\u00e0 tinh t\u1ebf \u0111\u01b0\u1ee3c l\u1ef1a ch\u1ecdn c\u1ea9n th\u1eadn b\u1edfi Phiten. \u0110\u01b0\u1ee3c ch\u1ebf t\u00e1c b\u1eb1ng tay nh\u1eb1m ph\u00e1t huy t\u1ed1t nh\u1ea5t s\u1ee9c m\u1ea1nh huy\u1ec1n b\u00ed c\u1ee7a pha l\u00ea trong chi\u1ebfc v\u00f2ng tay c\u1ed5 \u0111i\u1ec3n t\u1ea1o ra ph\u1ee5 ki\u1ec7n ph\u00f9 h\u1ee3p v\u1edbi th\u1eddi trang c\u1ee7a b\u1ea1n. \u0110\u1eb7c \u0111i\u1ec3m &#8211; V\u00f2ng c\u1ed5\u00a0Pha [&hellip;]<\/p>\n","protected":false},"featured_media":2058,"comment_status":"open","ping_status":"closed","template":"","meta":{"_eb_attr":""},"product_cat":[92,127,112],"product_tag":[],"class_list":["post-2053","product","type-product","status-publish","has-post-thumbnail","hentry","product_cat-phiten","product_cat-titanium-crystal","product_cat-vong-co"],"_links":{"self":[{"href":"https:\/\/www.phivutabletennis.com\/index.php\/wp-json\/wp\/v2\/product\/2053","targetHints":{"allow":["GET"]}}],"collection":[{"href":"https:\/\/www.phivutabletennis.com\/index.php\/wp-json\/wp\/v2\/product"}],"about":[{"href":"https:\/\/www.phivutabletennis.com\/index.php\/wp-json\/wp\/v2\/types\/product"}],"replies":[{"embeddable":true,"href":"https:\/\/www.phivutabletennis.com\/index.php\/wp-json\/wp\/v2\/comments?post=2053"}],"wp:featuredmedia":[{"embeddable":true,"href":"https:\/\/www.phivutabletennis.com\/index.php\/wp-json\/wp\/v2\/media\/2058"}],"wp:attachment":[{"href":"https:\/\/www.phivutabletennis.com\/index.php\/wp-json\/wp\/v2\/media?parent=2053"}],"wp:term":[{"taxonomy":"product_cat","embeddable":true,"href":"https:\/\/www.phivutabletennis.com\/index.php\/wp-json\/wp\/v2\/product_cat?post=2053"},{"taxonomy":"product_tag","embeddable":true,"href":"https:\/\/www.phivutabletennis.com\/index.php\/wp-json\/wp\/v2\/product_tag?post=2053"}],"curies":[{"name":"wp","href":"https:\/\/api.w.org\/{rel}","templated":true}]}}