{"id":2089,"date":"2023-06-21T23:09:49","date_gmt":"2023-06-21T16:09:49","guid":{"rendered":"https:\/\/www.phivutabletennis.com\/?post_type=product&#038;p=2089"},"modified":"2023-06-27T20:25:56","modified_gmt":"2023-06-27T13:25:56","slug":"vong-tay-phiten-aura-crystal-bracelet-gold-16cm","status":"publish","type":"product","link":"https:\/\/www.phivutabletennis.com\/index.php\/product\/vong-tay-phiten-aura-crystal-bracelet-gold-16cm\/","title":{"rendered":"V\u00f2ng Tay &#8211; PHITEN AURA CRYSTAL BRACELET GOLD 16CM"},"content":{"rendered":"<p><strong>M\u00f4 t\u1ea3 s\u1ea3n ph\u1ea9m:<\/strong><\/p>\n<p>V\u00f2ng Tay\u00a0<strong>Aura Crystal Gold<\/strong>\u00a0phi\u00ean b\u1ea3n gi\u1edbi h\u1ea1n v\u1edbi m\u00e0u h\u1ed3ng \u00e1nh kim v\u00f4 c\u00f9ng l\u1ea5p l\u00e1nh v\u00e0 sang tr\u1ecdng. M\u00e0u s\u1eafc n\u00e0y \u0111\u01b0\u1ee3c t\u1ea1o ra b\u1eb1ng c\u00f4ng ngh\u1ec7 Phiten&#8217;s Metax &#8220;Vapour Deposition&#8221;, hay c\u00f2n g\u1ecdi l\u00e0 c\u00f4ng ngh\u1ec7 PVD m\u1ea1 m\u00e0u, c\u00e1c v\u1eadt li\u1ec7u \u0111\u01b0\u1ee3c h\u00f3a h\u01a1i trong \u0111i\u1ec1u ki\u1ec7n ch\u00e2n kh\u00f4ng \u0111\u1ec3 t\u1ea1o ra l\u1edbp ph\u1ee7 m\u1ecfng, c\u00f3 m\u00e0u s\u1eafc (t\u00f9y ch\u1ec9nh) tr\u00ean b\u1ec1 m\u1eb7t s\u1ea3n ph\u1ea9m. K\u1ebft h\u1ee3p v\u1edbi qu\u1ea3 c\u1ea7u titan \u1edf gi\u1eefa v\u00f2ng tay kh\u00f4ng ch\u1ec9 t\u1ea1o \u0111i\u1ec3m nh\u1ea5n cho s\u1ea3n ph\u1ea9m m\u00e0 c\u00f2n mang \u0111\u1ebfn nhi\u1ec1u gi\u00e1 tr\u1ecb s\u1ee9c kh\u1ecfe tuy\u1ec7t v\u1eddi.<\/p>\n<p><strong>C\u00f4ng ngh\u1ec7:<\/strong>\u00a0Vapour Deposition, c\u00f4ng ngh\u1ec7 \u0111\u1ed9c quy\u1ec1n Aqua Titanium<\/p>\n<p><strong>C\u00f4ng d\u1ee5ng:<\/strong><\/p>\n<p>&#8211; Gi\u00fap gi\u1ea3m c\u1ee9ng c\u01a1 v\u00e0 \u0111au nh\u1ee9c \u1edf c\u1ed5 tay, c\u00e1nh tay v\u00e0 b\u00e0n tay<\/p>\n<p>&#8211; Gi\u00fap c\u1ea3i thi\u1ec7n l\u01b0u th\u00f4ng m\u00e1u.<\/p>\n<p>&#8211; Gi\u1ea3m b\u1edbt s\u1ef1 m\u1ec7t m\u1ecfi v\u00e0 kh\u00f3 ch\u1ecbu c\u1ee7a c\u01a1 b\u1eafp sau khi ch\u01a1i th\u1ec3 thao ho\u1eb7c v\u1eadn \u0111\u1ed9ng li\u00ean t\u1ee5c.<\/p>\n<p><strong>Size:\u00a0<\/strong>16cm<\/p>\n<p><strong>Th\u01b0\u01a1ng hi\u1ec7u:<\/strong>\u00a0Phiten<\/p>\n<p><strong>Xu\u1ea5t x\u1ee9:<\/strong>\u00a0Nh\u1eadt B\u1ea3n<\/p>\n<p dir=\"ltr\"><strong>\u0110\u1ed1i t\u01b0\u1ee3ng s\u1eed d\u1ee5ng:<\/strong><\/p>\n<p dir=\"ltr\">&#8211; Ph\u00f9 h\u1ee3p cho m\u1ecdi l\u1ee9a tu\u1ed5i<\/p>\n<p dir=\"ltr\">&#8211; Ng\u01b0\u1eddi ch\u01a1i th\u1ec3 thao hay v\u1eadn \u0111\u1ed9ng vi\u00ean chuy\u00ean nghi\u1ec7p<\/p>\n<p dir=\"ltr\">&#8211; Ng\u01b0\u1eddi l\u00e0m vi\u1ec7c v\u0103n ph\u00f2ng, g\u00f5 m\u00e1y t\u00ednh nhi\u1ec1u ho\u1eb7c d\u00f9ng tay n\u00e2ng v\u1eadt n\u1eb7ng<\/p>\n<p dir=\"ltr\">&#8211; Ng\u01b0\u1eddi cao huy\u1ebft \u00e1p, huy\u1ebft \u00e1p kh\u00f4ng \u1ed5n \u0111\u1ecbnh.<\/p>\n","protected":false},"excerpt":{"rendered":"<p>M\u00f4 t\u1ea3 s\u1ea3n ph\u1ea9m: V\u00f2ng Tay\u00a0Aura Crystal Gold\u00a0phi\u00ean b\u1ea3n gi\u1edbi h\u1ea1n v\u1edbi m\u00e0u h\u1ed3ng \u00e1nh kim v\u00f4 c\u00f9ng l\u1ea5p l\u00e1nh v\u00e0 sang tr\u1ecdng. M\u00e0u s\u1eafc n\u00e0y \u0111\u01b0\u1ee3c t\u1ea1o ra b\u1eb1ng c\u00f4ng ngh\u1ec7 Phiten&#8217;s Metax &#8220;Vapour Deposition&#8221;, hay c\u00f2n g\u1ecdi l\u00e0 c\u00f4ng ngh\u1ec7 PVD m\u1ea1 m\u00e0u, c\u00e1c v\u1eadt li\u1ec7u \u0111\u01b0\u1ee3c h\u00f3a h\u01a1i trong \u0111i\u1ec1u ki\u1ec7n ch\u00e2n [&hellip;]<\/p>\n","protected":false},"featured_media":2090,"comment_status":"open","ping_status":"closed","template":"","meta":{"_eb_attr":""},"product_cat":[92,127,113],"product_tag":[],"class_list":["post-2089","product","type-product","status-publish","has-post-thumbnail","hentry","product_cat-phiten","product_cat-titanium-crystal","product_cat-vong-tay"],"_links":{"self":[{"href":"https:\/\/www.phivutabletennis.com\/index.php\/wp-json\/wp\/v2\/product\/2089","targetHints":{"allow":["GET"]}}],"collection":[{"href":"https:\/\/www.phivutabletennis.com\/index.php\/wp-json\/wp\/v2\/product"}],"about":[{"href":"https:\/\/www.phivutabletennis.com\/index.php\/wp-json\/wp\/v2\/types\/product"}],"replies":[{"embeddable":true,"href":"https:\/\/www.phivutabletennis.com\/index.php\/wp-json\/wp\/v2\/comments?post=2089"}],"wp:featuredmedia":[{"embeddable":true,"href":"https:\/\/www.phivutabletennis.com\/index.php\/wp-json\/wp\/v2\/media\/2090"}],"wp:attachment":[{"href":"https:\/\/www.phivutabletennis.com\/index.php\/wp-json\/wp\/v2\/media?parent=2089"}],"wp:term":[{"taxonomy":"product_cat","embeddable":true,"href":"https:\/\/www.phivutabletennis.com\/index.php\/wp-json\/wp\/v2\/product_cat?post=2089"},{"taxonomy":"product_tag","embeddable":true,"href":"https:\/\/www.phivutabletennis.com\/index.php\/wp-json\/wp\/v2\/product_tag?post=2089"}],"curies":[{"name":"wp","href":"https:\/\/api.w.org\/{rel}","templated":true}]}}