{"id":2099,"date":"2023-06-21T23:18:22","date_gmt":"2023-06-21T16:18:22","guid":{"rendered":"https:\/\/www.phivutabletennis.com\/?post_type=product&#038;p=2099"},"modified":"2023-06-27T20:26:09","modified_gmt":"2023-06-27T13:26:09","slug":"vong-tay-phiten-titanium-bracelet-hard-coat-ii-19cm","status":"publish","type":"product","link":"https:\/\/www.phivutabletennis.com\/index.php\/product\/vong-tay-phiten-titanium-bracelet-hard-coat-ii-19cm\/","title":{"rendered":"V\u00f2ng Tay &#8211; PHITEN TITANIUM BRACELET HARD COAT II 19CM"},"content":{"rendered":"<p><strong>M\u00f4 t\u1ea3 S\u1ea3n ph\u1ea9m<\/strong><\/p>\n<p>&#8211; V\u00f2ng tay b\u1eb1ng titan nguy\u00ean ch\u1ea5t nh\u1eb9 v\u00e0 tho\u1ea3i m\u00e1i khi \u0111eo h\u00e0ng ng\u00e0y.<\/p>\n<p>&#8211; C\u00f3 3 vi\u00ean bi titan n\u1eb1m \u1edf m\u1eb7t trong c\u1ee7a v\u00f2ng tay<\/p>\n<p>&#8211; Titan Bracelet Hard Coat II ph\u00f9 h\u1ee3p v\u1edbi b\u1ea5t k\u1ef3 trang ph\u1ee5c n\u00e0o.<\/p>\n<p>&#8211; V\u00ec c\u00f3 ch\u1ea5t li\u1ec7u l\u00e0 Titanium nguy\u00ean ch\u1ea5t n\u00ean v\u00f2ng tay c\u00f3 \u0111\u1ed9 c\u1ee9ng, nh\u01b0ng nh\u1eb9 v\u00e0 kh\u00f4ng g\u1ec9.<\/p>\n<p>&#8211; To\u00e0n b\u1ed9 v\u00f2ng tay \u0111\u01b0\u1ee3c ph\u1ee7 m\u1ed9t l\u1edbp s\u01a1n c\u1ee9ng \u0111\u1ec3 t\u0103ng \u0111\u1ed9 b\u1ec1n v\u00e0 \u0111\u1ec3 ch\u1ed1ng tr\u1ea7y x\u01b0\u1edbc.<\/p>\n<p>&#8211; V\u00f2ng \u0111eo tay c\u00f3 \u0111\u1ed9 b\u1ec1n cao, th\u1eddi gian s\u1eed d\u1ee5ng l\u00e2u d\u00e0i.<\/p>\n<p><strong>K\u00edch th\u01b0\u1edbc<\/strong>:19cm \/ 7,5 inch<\/p>\n<p><strong>B\u1ea3o qu\u1ea3n:<\/strong>\u00a0L\u00e0m s\u1ea1ch v\u00f2ng tay b\u1eb1ng n\u01b0\u1edbc v\u00e0 lau kh\u00f4 b\u1eb1ng v\u1ea3i m\u1ec1m.<\/p>\n<p><strong>Ch\u1ea5t li\u1ec7u<\/strong>: Titan nguy\u00ean ch\u1ea5t<\/p>\n<p><strong>S\u1ea3n xu\u1ea5t:\u00a0<\/strong>Trung Qu\u1ed1c<\/p>\n<p>Tuy nhi\u00ean, s\u1ea3n ph\u1ea9m \u0111\u01b0\u1ee3c g\u1eedi l\u1ea1i Phiten Japan \u0111\u1ec3 x\u1eed l\u00fd c\u00f4ng ngh\u1ec7 c\u1ee7a h\u00e3ng<\/p>\n<p dir=\"ltr\"><strong>\u0110\u1ed1i t\u01b0\u1ee3ng s\u1eed d\u1ee5ng:<\/strong><\/p>\n<p dir=\"ltr\">&#8211; Ph\u00f9 h\u1ee3p cho m\u1ecdi l\u1ee9a tu\u1ed5i<\/p>\n<p dir=\"ltr\">&#8211; Ng\u01b0\u1eddi ch\u01a1i th\u1ec3 thao hay v\u1eadn \u0111\u1ed9ng vi\u00ean chuy\u00ean nghi\u1ec7p<\/p>\n<p dir=\"ltr\">&#8211; Ng\u01b0\u1eddi l\u00e0m vi\u1ec7c v\u0103n ph\u00f2ng, g\u00f5 m\u00e1y t\u00ednh nhi\u1ec1u ho\u1eb7c d\u00f9ng tay n\u00e2ng v\u1eadt n\u1eb7ng<\/p>\n<p dir=\"ltr\">&#8211; Ng\u01b0\u1eddi cao huy\u1ebft \u00e1p, huy\u1ebft \u00e1p kh\u00f4ng \u1ed5n \u0111\u1ecbnh<\/p>\n<p dir=\"ltr\">&#8211; Ng\u01b0\u1eddi m\u1ea5t ng\u1ee7, kh\u00f3 ng\u1ee7 hay gi\u1ea5c ng\u1ee7 kh\u00f4ng s\u00e2u.<\/p>\n","protected":false},"excerpt":{"rendered":"<p>M\u00f4 t\u1ea3 S\u1ea3n ph\u1ea9m &#8211; V\u00f2ng tay b\u1eb1ng titan nguy\u00ean ch\u1ea5t nh\u1eb9 v\u00e0 tho\u1ea3i m\u00e1i khi \u0111eo h\u00e0ng ng\u00e0y. &#8211; C\u00f3 3 vi\u00ean bi titan n\u1eb1m \u1edf m\u1eb7t trong c\u1ee7a v\u00f2ng tay &#8211; Titan Bracelet Hard Coat II ph\u00f9 h\u1ee3p v\u1edbi b\u1ea5t k\u1ef3 trang ph\u1ee5c n\u00e0o. &#8211; V\u00ec c\u00f3 ch\u1ea5t li\u1ec7u l\u00e0 Titanium nguy\u00ean ch\u1ea5t [&hellip;]<\/p>\n","protected":false},"featured_media":2100,"comment_status":"open","ping_status":"closed","template":"","meta":{"_eb_attr":""},"product_cat":[92,127,113],"product_tag":[],"class_list":["post-2099","product","type-product","status-publish","has-post-thumbnail","hentry","product_cat-phiten","product_cat-titanium-crystal","product_cat-vong-tay"],"_links":{"self":[{"href":"https:\/\/www.phivutabletennis.com\/index.php\/wp-json\/wp\/v2\/product\/2099","targetHints":{"allow":["GET"]}}],"collection":[{"href":"https:\/\/www.phivutabletennis.com\/index.php\/wp-json\/wp\/v2\/product"}],"about":[{"href":"https:\/\/www.phivutabletennis.com\/index.php\/wp-json\/wp\/v2\/types\/product"}],"replies":[{"embeddable":true,"href":"https:\/\/www.phivutabletennis.com\/index.php\/wp-json\/wp\/v2\/comments?post=2099"}],"wp:featuredmedia":[{"embeddable":true,"href":"https:\/\/www.phivutabletennis.com\/index.php\/wp-json\/wp\/v2\/media\/2100"}],"wp:attachment":[{"href":"https:\/\/www.phivutabletennis.com\/index.php\/wp-json\/wp\/v2\/media?parent=2099"}],"wp:term":[{"taxonomy":"product_cat","embeddable":true,"href":"https:\/\/www.phivutabletennis.com\/index.php\/wp-json\/wp\/v2\/product_cat?post=2099"},{"taxonomy":"product_tag","embeddable":true,"href":"https:\/\/www.phivutabletennis.com\/index.php\/wp-json\/wp\/v2\/product_tag?post=2099"}],"curies":[{"name":"wp","href":"https:\/\/api.w.org\/{rel}","templated":true}]}}