{"id":2103,"date":"2023-06-21T23:20:25","date_gmt":"2023-06-21T16:20:25","guid":{"rendered":"https:\/\/www.phivutabletennis.com\/?post_type=product&#038;p=2103"},"modified":"2023-06-27T20:26:19","modified_gmt":"2023-06-27T13:26:19","slug":"vong-tay-phiten-aura-crystal-bracelet-cosmo-16cm","status":"publish","type":"product","link":"https:\/\/www.phivutabletennis.com\/index.php\/product\/vong-tay-phiten-aura-crystal-bracelet-cosmo-16cm\/","title":{"rendered":"V\u00f2ng Tay &#8211; PHITEN AURA CRYSTAL BRACELET COSMO 16CM"},"content":{"rendered":"<p>M\u00f4 t\u1ea3 s\u1ea3n ph\u1ea9m<br \/>\n-M\u00e0u cosmo n\u00e0y \u0111\u01b0\u1ee3c th\u1ec3 hi\u1ec7n b\u1eb1ng s\u1ef1 l\u1eafng \u0111\u1ecdng h\u01a1i c\u1ee7a c\u00e1c kim lo\u1ea1i kh\u00e1c nhau tr\u00ean tinh th\u1ec3.<br \/>\n&#8211; S\u1ef1 l\u1eafng \u0111\u1ecdng h\u01a1i l\u00e0 g\u00ec?<br \/>\n\u0110\u00e2y l\u00e0 m\u1ed9t ph\u01b0\u01a1ng ph\u00e1p l\u00e0m bay h\u01a1i kim lo\u1ea1i \u0111\u1ec3 b\u00e1m v\u00e0o b\u1ec1 m\u1eb7t c\u1ee7a v\u1eadt li\u1ec7u ho\u1eb7c \u0111\u1ec3 th\u1ea9m th\u1ea5u qua n\u00f3.<br \/>\n-S\u1ef1 k\u1ebft h\u1ee3p theo phong c\u00e1ch \u0111\u1eb7c tr\u01b0ng c\u1ee7a Phiten v\u1edbi m\u1ed9t qu\u1ea3 c\u1ea7u titan 5\u03a6 \u0111\u01b0\u1ee3c \u0111\u1eb7t \u1edf trung t\u00e2m c\u1ee7a v\u00f2ng \u0111eo tay.<br \/>\n-V\u00f2ng tay \u0111\u01b0\u1ee3c s\u1eed d\u1ee5ng d\u1ec5 d\u00e0ng \u0111eo v\u00e0o v\u00e0 c\u1edfi ra v\u1edbi m\u1ee9c co gi\u00e3n v\u00e0 \u0111\u00e0n h\u1ed3i ph\u00f9 h\u1ee3p<\/p>\n<p>C\u00f4ng ngh\u1ec7: c\u00f4ng ngh\u1ec7 \u0111\u1ed9c quy\u1ec1n Aqua Titanium<\/p>\n<p>C\u00f4ng d\u1ee5ng:<br \/>\nGi\u00fap gi\u1ea3m b\u1edbt c\u0103ng th\u1eb3ng li\u00ean t\u1ee5c.<br \/>\nGi\u00fap c\u1ea3i thi\u1ec7n l\u01b0u th\u00f4ng m\u00e1u.<br \/>\nT\u0103ng c\u01b0\u1eddng s\u1ee9c m\u1ea1nh v\u00e0 t\u00ednh linh ho\u1ea1t v\u00e0 ng\u1ee7 s\u00e2u.<br \/>\nGi\u00fap gi\u1ea3m \u0111au v\u00e0 ph\u1ee5c h\u1ed3i c\u00e1c ki\u1ec3u ng\u1ee7 c\u1ee7a b\u1ea1n.<br \/>\nGi\u1ea3m \u0111au vai v\u00e0 c\u1ed5.<br \/>\nGi\u00fap th\u01b0 gi\u00e3n c\u01a1 b\u1eafp c\u1ee9ng.<br \/>\nSize: 16cm<\/p>\n<p><strong>Th\u01b0\u01a1ng hi\u1ec7u:\u00a0<\/strong>Phiten<br \/>\n<strong>Xu\u1ea5t s\u1ee9:<\/strong>\u00a0Nh\u1eadt B\u1ea3n<\/p>\n<p dir=\"ltr\"><strong>\u0110\u1ed1i t\u01b0\u1ee3ng s\u1eed d\u1ee5ng:<\/strong><\/p>\n<p dir=\"ltr\">&#8211; Ph\u00f9 h\u1ee3p cho m\u1ecdi l\u1ee9a tu\u1ed5i<\/p>\n<p dir=\"ltr\">&#8211; Ng\u01b0\u1eddi ch\u01a1i th\u1ec3 thao hay v\u1eadn \u0111\u1ed9ng vi\u00ean chuy\u00ean nghi\u1ec7p<\/p>\n<p dir=\"ltr\">&#8211; Ng\u01b0\u1eddi l\u00e0m vi\u1ec7c v\u0103n ph\u00f2ng, g\u00f5 m\u00e1y t\u00ednh nhi\u1ec1u ho\u1eb7c d\u00f9ng tay n\u00e2ng v\u1eadt n\u1eb7ng<\/p>\n<p dir=\"ltr\">&#8211; Ng\u01b0\u1eddi cao huy\u1ebft \u00e1p, huy\u1ebft \u00e1p kh\u00f4ng \u1ed5n \u0111\u1ecbnh<\/p>\n<p dir=\"ltr\">&#8211; Ng\u01b0\u1eddi m\u1ea5t ng\u1ee7, kh\u00f3 ng\u1ee7 hay gi\u1ea5c ng\u1ee7 kh\u00f4ng s\u00e2u.<\/p>\n","protected":false},"excerpt":{"rendered":"<p>M\u00f4 t\u1ea3 s\u1ea3n ph\u1ea9m -M\u00e0u cosmo n\u00e0y \u0111\u01b0\u1ee3c th\u1ec3 hi\u1ec7n b\u1eb1ng s\u1ef1 l\u1eafng \u0111\u1ecdng h\u01a1i c\u1ee7a c\u00e1c kim lo\u1ea1i kh\u00e1c nhau tr\u00ean tinh th\u1ec3. &#8211; S\u1ef1 l\u1eafng \u0111\u1ecdng h\u01a1i l\u00e0 g\u00ec? \u0110\u00e2y l\u00e0 m\u1ed9t ph\u01b0\u01a1ng ph\u00e1p l\u00e0m bay h\u01a1i kim lo\u1ea1i \u0111\u1ec3 b\u00e1m v\u00e0o b\u1ec1 m\u1eb7t c\u1ee7a v\u1eadt li\u1ec7u ho\u1eb7c \u0111\u1ec3 th\u1ea9m th\u1ea5u qua n\u00f3. [&hellip;]<\/p>\n","protected":false},"featured_media":2104,"comment_status":"open","ping_status":"closed","template":"","meta":{"_eb_attr":""},"product_cat":[92,127,113],"product_tag":[],"class_list":["post-2103","product","type-product","status-publish","has-post-thumbnail","hentry","product_cat-phiten","product_cat-titanium-crystal","product_cat-vong-tay"],"_links":{"self":[{"href":"https:\/\/www.phivutabletennis.com\/index.php\/wp-json\/wp\/v2\/product\/2103","targetHints":{"allow":["GET"]}}],"collection":[{"href":"https:\/\/www.phivutabletennis.com\/index.php\/wp-json\/wp\/v2\/product"}],"about":[{"href":"https:\/\/www.phivutabletennis.com\/index.php\/wp-json\/wp\/v2\/types\/product"}],"replies":[{"embeddable":true,"href":"https:\/\/www.phivutabletennis.com\/index.php\/wp-json\/wp\/v2\/comments?post=2103"}],"wp:featuredmedia":[{"embeddable":true,"href":"https:\/\/www.phivutabletennis.com\/index.php\/wp-json\/wp\/v2\/media\/2104"}],"wp:attachment":[{"href":"https:\/\/www.phivutabletennis.com\/index.php\/wp-json\/wp\/v2\/media?parent=2103"}],"wp:term":[{"taxonomy":"product_cat","embeddable":true,"href":"https:\/\/www.phivutabletennis.com\/index.php\/wp-json\/wp\/v2\/product_cat?post=2103"},{"taxonomy":"product_tag","embeddable":true,"href":"https:\/\/www.phivutabletennis.com\/index.php\/wp-json\/wp\/v2\/product_tag?post=2103"}],"curies":[{"name":"wp","href":"https:\/\/api.w.org\/{rel}","templated":true}]}}