{"id":2108,"date":"2023-06-21T23:25:42","date_gmt":"2023-06-21T16:25:42","guid":{"rendered":"https:\/\/www.phivutabletennis.com\/?post_type=product&#038;p=2108"},"modified":"2023-06-27T20:26:35","modified_gmt":"2023-06-27T13:26:35","slug":"vong-tay-phiten-rubber-bracelet","status":"publish","type":"product","link":"https:\/\/www.phivutabletennis.com\/index.php\/product\/vong-tay-phiten-rubber-bracelet\/","title":{"rendered":"V\u00f2ng Tay PHITEN RUBBER BRACELET"},"content":{"rendered":"<p>Thi\u1ebft k\u1ebf \u0111\u01a1n gi\u1ea3n v\u1edbi c\u00e1c \u0111\u01b0\u1eddng k\u1ebb s\u1ecdc th\u1ec3 thao! T\u1ea1o ra m\u1ed9t h\u00ecnh \u1ea3nh th\u1ec3 thao v\u1edbi thi\u1ebft k\u1ebf \u0111\u01a1n gi\u1ea3n.<br \/>\n<strong>Ch\u1ea5t li\u1ec7u:<\/strong>\u00a0Silicone.<br \/>\n<strong>H\u1ed7 tr\u1ee3 gi\u1ea3m b\u1edbt s\u1ef1 \u0111au \u0111\u1edbn, ki\u1ec7t s\u1ee9c v\u00e0 c\u1ee9ng c\u01a1<\/strong><br \/>\nN\u1ebfu b\u1ea1n l\u00e0m vi\u1ec7c v\u0103n ph\u00f2ng &#8211; g\u00f5 m\u00e1y t\u00ednh c\u1ea3 ng\u00e0y &#8211; ho\u1eb7c c\u00f4ng vi\u1ec7c ph\u1ea3i d\u00f9ng tay n\u00e2ng v\u00e1c th\u00ec ph\u1ea7n th\u00e2n tr\u00ean ph\u1ea3i ch\u1ecbu s\u1ee9c c\u0103ng li\u00ean t\u1ee5c. V\u00f2ng \u0111eo tay Rakuwa gi\u00fap \u0111\u1ed1i ph\u00f3 v\u1edbi nh\u1eefng \u1ea3nh h\u01b0\u1edfng c\u1ee7a c\u0103ng th\u1eb3ng th\u1ec3 ch\u1ea5t h\u00e0ng ng\u00e0y \u0111\u00f3.<br \/>\n<strong>G\u1ee3i \u00fd s\u1eed d\u1ee5ng<\/strong><br \/>\n&#8211;\u00a0Gi\u00fap gi\u1ea3m b\u1edbt c\u0103ng th\u1eb3ng li\u00ean t\u1ee5c.<br \/>\n&#8211;\u00a0Gi\u00fap c\u1ea3i thi\u1ec7n l\u01b0u th\u00f4ng m\u00e1u.<br \/>\n&#8211;\u00a0T\u0103ng c\u01b0\u1eddng s\u1ee9c m\u1ea1nh v\u00e0 t\u00ednh linh ho\u1ea1t.<br \/>\n&#8211;\u00a0Gi\u00fap gi\u1ea3m \u0111au v\u00e0 ph\u1ee5c h\u1ed3i s\u1ee9c kh\u1ecfe t\u1ed5ng th\u1ec3 c\u1ee7a b\u1ea1n.<br \/>\n&#8211;\u00a0Gi\u00fap th\u01b0 gi\u00e3n c\u01a1 b\u1eafp b\u1ecb c\u0103ng c\u1ee9ng.<\/p>\n<p><strong>H\u01b0\u1edbng d\u1eabn s\u1eed d\u1ee5ng<\/strong><br \/>\nC\u00f3 th\u1ec3 \u0111eo\u00a0h\u00e0ng ng\u00e0y<br \/>\nGi\u1eb7t\/r\u1eeda b\u1eb1ng tay v\u1edbi n\u01b0\u1edbc s\u1ea1ch v\u00e0 lau kh\u00f4 \u0111\u1ec3 n\u01a1i tho\u00e1ng m\u00e1t<\/p>\n<p><strong>C\u00f4ng ngh\u1ec7<\/strong>: Aqua Metax<\/p>\n<p><strong>Xu\u1ea5t x\u1ee9<\/strong>: Nh\u1eadt B\u1ea3n<\/p>\n<p dir=\"ltr\"><strong>\u0110\u1ed1i t\u01b0\u1ee3ng s\u1eed d\u1ee5ng:<\/strong><\/p>\n<p dir=\"ltr\">&#8211; Ph\u00f9 h\u1ee3p cho m\u1ecdi l\u1ee9a tu\u1ed5i<\/p>\n<p dir=\"ltr\">&#8211; Ng\u01b0\u1eddi ch\u01a1i th\u1ec3 thao hay v\u1eadn \u0111\u1ed9ng vi\u00ean chuy\u00ean nghi\u1ec7p<\/p>\n<p dir=\"ltr\">&#8211; Ng\u01b0\u1eddi l\u00e0m vi\u1ec7c v\u0103n ph\u00f2ng, g\u00f5 m\u00e1y t\u00ednh nhi\u1ec1u ho\u1eb7c d\u00f9ng tay n\u00e2ng v\u1eadt n\u1eb7ng<\/p>\n<p dir=\"ltr\">&#8211; Ng\u01b0\u1eddi cao huy\u1ebft \u00e1p, huy\u1ebft \u00e1p kh\u00f4ng \u1ed5n \u0111\u1ecbnh<\/p>\n<p dir=\"ltr\">&#8211; Ng\u01b0\u1eddi m\u1ea5t ng\u1ee7, kh\u00f3 ng\u1ee7 hay gi\u1ea5c ng\u1ee7 kh\u00f4ng s\u00e2u.<\/p>\n","protected":false},"excerpt":{"rendered":"<p>Thi\u1ebft k\u1ebf \u0111\u01a1n gi\u1ea3n v\u1edbi c\u00e1c \u0111\u01b0\u1eddng k\u1ebb s\u1ecdc th\u1ec3 thao! T\u1ea1o ra m\u1ed9t h\u00ecnh \u1ea3nh th\u1ec3 thao v\u1edbi thi\u1ebft k\u1ebf \u0111\u01a1n gi\u1ea3n. Ch\u1ea5t li\u1ec7u:\u00a0Silicone. H\u1ed7 tr\u1ee3 gi\u1ea3m b\u1edbt s\u1ef1 \u0111au \u0111\u1edbn, ki\u1ec7t s\u1ee9c v\u00e0 c\u1ee9ng c\u01a1 N\u1ebfu b\u1ea1n l\u00e0m vi\u1ec7c v\u0103n ph\u00f2ng &#8211; g\u00f5 m\u00e1y t\u00ednh c\u1ea3 ng\u00e0y &#8211; ho\u1eb7c c\u00f4ng vi\u1ec7c ph\u1ea3i d\u00f9ng [&hellip;]<\/p>\n","protected":false},"featured_media":2110,"comment_status":"open","ping_status":"closed","template":"","meta":{"_eb_attr":""},"product_cat":[92,128,113],"product_tag":[],"class_list":["post-2108","product","type-product","status-publish","has-post-thumbnail","hentry","product_cat-phiten","product_cat-si-li-con","product_cat-vong-tay"],"_links":{"self":[{"href":"https:\/\/www.phivutabletennis.com\/index.php\/wp-json\/wp\/v2\/product\/2108","targetHints":{"allow":["GET"]}}],"collection":[{"href":"https:\/\/www.phivutabletennis.com\/index.php\/wp-json\/wp\/v2\/product"}],"about":[{"href":"https:\/\/www.phivutabletennis.com\/index.php\/wp-json\/wp\/v2\/types\/product"}],"replies":[{"embeddable":true,"href":"https:\/\/www.phivutabletennis.com\/index.php\/wp-json\/wp\/v2\/comments?post=2108"}],"wp:featuredmedia":[{"embeddable":true,"href":"https:\/\/www.phivutabletennis.com\/index.php\/wp-json\/wp\/v2\/media\/2110"}],"wp:attachment":[{"href":"https:\/\/www.phivutabletennis.com\/index.php\/wp-json\/wp\/v2\/media?parent=2108"}],"wp:term":[{"taxonomy":"product_cat","embeddable":true,"href":"https:\/\/www.phivutabletennis.com\/index.php\/wp-json\/wp\/v2\/product_cat?post=2108"},{"taxonomy":"product_tag","embeddable":true,"href":"https:\/\/www.phivutabletennis.com\/index.php\/wp-json\/wp\/v2\/product_tag?post=2108"}],"curies":[{"name":"wp","href":"https:\/\/api.w.org\/{rel}","templated":true}]}}