{"id":2111,"date":"2023-06-21T23:27:04","date_gmt":"2023-06-21T16:27:04","guid":{"rendered":"https:\/\/www.phivutabletennis.com\/?post_type=product&#038;p=2111"},"modified":"2023-06-27T20:26:44","modified_gmt":"2023-06-27T13:26:44","slug":"vong-tay-phiten-rakuwa-bracelet-s-modulus","status":"publish","type":"product","link":"https:\/\/www.phivutabletennis.com\/index.php\/product\/vong-tay-phiten-rakuwa-bracelet-s-modulus\/","title":{"rendered":"V\u00f2ng Tay &#8211; PHITEN RAKUWA BRACELET S MODULUS"},"content":{"rendered":"<p>V\u00f2ng Tay Phiten Rakuwa S Modulus l\u00e0\u00a0m\u1ed9t chi\u1ebfc v\u00f2ng tay \u0111\u01a1n gi\u1ea3n nh\u01b0ng mang l\u1ea1i s\u1ef1c m\u1ea1nh m\u1ebd v\u00e0 tinh t\u1ebf ph\u00f9 h\u1ee3p \u0111eo \u0111i l\u00e0m, du l\u1ecbch ho\u1eb7c trong c\u00e1c ho\u1ea1t \u0111\u1ed9ng th\u01b0\u1eddng ng\u00e0y.<\/p>\n<p>V\u00f2ng \u0111eo tay d\u1ec5 d\u00e0ng \u0111eo v\u00e0o\/ th\u00e1o ra v\u1edbi s\u1ef1 co gi\u00e3n t\u1ed1t t\u1eeb ch\u1ea5t li\u1ec7u silicon c\u00f3 kh\u1ea3 n\u0103ng ch\u1ed1ng th\u1ea5m n\u01b0\u1edbc v\u00e0 m\u00f4 h\u00f4i.<\/p>\n<p><strong>C\u00f4ng ngh\u1ec7:<\/strong>\u00a0Metax<\/p>\n<p><strong>G\u1ee3i \u00fd s\u1eed d\u1ee5ng:<\/strong><br \/>\nGi\u00fap gi\u1ea3m b\u1edbt c\u0103ng th\u1eb3ng li\u00ean t\u1ee5c.<br \/>\nGi\u00fap c\u1ea3i thi\u1ec7n l\u01b0u th\u00f4ng m\u00e1u.<br \/>\nT\u0103ng c\u01b0\u1eddng s\u1ee9c m\u1ea1nh v\u00e0 t\u00ednh linh ho\u1ea1t v\u00e0 ng\u1ee7 s\u00e2u.<br \/>\nGi\u00fap gi\u1ea3m \u0111au v\u00e0 ph\u1ee5c h\u1ed3i c\u00e1c ki\u1ec3u ng\u1ee7 c\u1ee7a b\u1ea1n.<br \/>\nGi\u1ea3m \u0111au vai v\u00e0 c\u1ed5.<br \/>\nTuy\u1ec7t v\u1eddi cho th\u1ec3 thao ho\u1eb7c c\u00e1c ho\u1ea1t \u0111\u1ed9ng h\u00e0ng ng\u00e0y<br \/>\nGi\u00fap th\u01b0 gi\u00e3n c\u01a1 b\u1eafp c\u1ee9ng.<\/p>\n<p><strong>H\u01b0\u1edbng d\u1eabn s\u1eed d\u1ee5ng:\u00a0<\/strong>C\u00f3 th\u1ec3 mang khi t\u1eafm<\/p>\n<p><strong>B\u1ea3o h\u00e0nh:\u00a0<\/strong>kh\u00f4ng \u00e1p d\u1ee5ng<\/p>\n<p><strong>S\u1ea3n xu\u1ea5t:\u00a0<\/strong>t\u1ea1i Nh\u1eadt B\u1ea3n<\/p>\n<p dir=\"ltr\"><strong>\u0110\u1ed1i t\u01b0\u1ee3ng s\u1eed d\u1ee5ng:<\/strong><\/p>\n<p dir=\"ltr\">&#8211; Ph\u00f9 h\u1ee3p cho m\u1ecdi l\u1ee9a tu\u1ed5i<\/p>\n<p dir=\"ltr\">&#8211; Ng\u01b0\u1eddi ch\u01a1i th\u1ec3 thao hay v\u1eadn \u0111\u1ed9ng vi\u00ean chuy\u00ean nghi\u1ec7p<\/p>\n<p dir=\"ltr\">&#8211; Ng\u01b0\u1eddi l\u00e0m vi\u1ec7c v\u0103n ph\u00f2ng, g\u00f5 m\u00e1y t\u00ednh nhi\u1ec1u ho\u1eb7c d\u00f9ng tay n\u00e2ng v\u1eadt n\u1eb7ng<\/p>\n<p dir=\"ltr\">&#8211; Ng\u01b0\u1eddi cao huy\u1ebft \u00e1p, huy\u1ebft \u00e1p kh\u00f4ng \u1ed5n \u0111\u1ecbnh<\/p>\n<p dir=\"ltr\">&#8211; Ng\u01b0\u1eddi m\u1ea5t ng\u1ee7, kh\u00f3 ng\u1ee7 hay gi\u1ea5c ng\u1ee7 kh\u00f4ng s\u00e2u.<\/p>\n","protected":false},"excerpt":{"rendered":"<p>V\u00f2ng Tay Phiten Rakuwa S Modulus l\u00e0\u00a0m\u1ed9t chi\u1ebfc v\u00f2ng tay \u0111\u01a1n gi\u1ea3n nh\u01b0ng mang l\u1ea1i s\u1ef1c m\u1ea1nh m\u1ebd v\u00e0 tinh t\u1ebf ph\u00f9 h\u1ee3p \u0111eo \u0111i l\u00e0m, du l\u1ecbch ho\u1eb7c trong c\u00e1c ho\u1ea1t \u0111\u1ed9ng th\u01b0\u1eddng ng\u00e0y. V\u00f2ng \u0111eo tay d\u1ec5 d\u00e0ng \u0111eo v\u00e0o\/ th\u00e1o ra v\u1edbi s\u1ef1 co gi\u00e3n t\u1ed1t t\u1eeb ch\u1ea5t li\u1ec7u silicon c\u00f3 kh\u1ea3 [&hellip;]<\/p>\n","protected":false},"featured_media":2113,"comment_status":"open","ping_status":"closed","template":"","meta":{"_eb_attr":""},"product_cat":[92,128,113],"product_tag":[],"class_list":["post-2111","product","type-product","status-publish","has-post-thumbnail","hentry","product_cat-phiten","product_cat-si-li-con","product_cat-vong-tay"],"_links":{"self":[{"href":"https:\/\/www.phivutabletennis.com\/index.php\/wp-json\/wp\/v2\/product\/2111","targetHints":{"allow":["GET"]}}],"collection":[{"href":"https:\/\/www.phivutabletennis.com\/index.php\/wp-json\/wp\/v2\/product"}],"about":[{"href":"https:\/\/www.phivutabletennis.com\/index.php\/wp-json\/wp\/v2\/types\/product"}],"replies":[{"embeddable":true,"href":"https:\/\/www.phivutabletennis.com\/index.php\/wp-json\/wp\/v2\/comments?post=2111"}],"wp:featuredmedia":[{"embeddable":true,"href":"https:\/\/www.phivutabletennis.com\/index.php\/wp-json\/wp\/v2\/media\/2113"}],"wp:attachment":[{"href":"https:\/\/www.phivutabletennis.com\/index.php\/wp-json\/wp\/v2\/media?parent=2111"}],"wp:term":[{"taxonomy":"product_cat","embeddable":true,"href":"https:\/\/www.phivutabletennis.com\/index.php\/wp-json\/wp\/v2\/product_cat?post=2111"},{"taxonomy":"product_tag","embeddable":true,"href":"https:\/\/www.phivutabletennis.com\/index.php\/wp-json\/wp\/v2\/product_tag?post=2111"}],"curies":[{"name":"wp","href":"https:\/\/api.w.org\/{rel}","templated":true}]}}