{"id":2125,"date":"2023-06-21T23:30:09","date_gmt":"2023-06-21T16:30:09","guid":{"rendered":"https:\/\/www.phivutabletennis.com\/?post_type=product&#038;p=2125"},"modified":"2023-06-27T20:27:02","modified_gmt":"2023-06-27T13:27:02","slug":"vong-tay-phiten-crystal-combi-bracelet-6mm-8mm","status":"publish","type":"product","link":"https:\/\/www.phivutabletennis.com\/index.php\/product\/vong-tay-phiten-crystal-combi-bracelet-6mm-8mm\/","title":{"rendered":"V\u00f2ng Tay &#8211; PHITEN CRYSTAL COMBI BRACELET (6mm\/8mm)"},"content":{"rendered":"<p><strong>V\u00f2ng tay Phiten crystal combi (6mm\/8mm)<\/strong><br \/>\n<strong>M\u00f4 t\u1ea3 s\u1ea3n ph\u1ea9m<\/strong><br \/>\n\u0110\u01b0\u1ee3c l\u1ef1a ch\u1ecdn c\u1ea9n th\u1eadn \u0111\u1ec3 c\u00f3 \u0111\u01b0\u1ee3c b\u1ed9 h\u1ea1t pha l\u00ea t\u1ef1 nhi\u00ean c\u00f3 \u0111\u1ed9 trong v\u00e0 tinh t\u1ebf nh\u1ea5t.<br \/>\n\u0110\u01b0\u1ee3c ch\u1ebf t\u00e1c th\u1ee7 c\u00f4ng \u0111\u1ec3 ph\u00e1t huy h\u1ebft s\u1ee9c m\u1ea1nh th\u1ea7n b\u00ed c\u1ee7a pha l\u00ea trong d\u00f2ng s\u1ea3n ph\u1ea9m v\u00f2ng tay c\u1ed5 \u0111i\u1ec3n c\u1ee7a ch\u00fang t\u00f4i.<\/p>\n<p><strong>\u0110i\u1ec1u g\u00ec l\u00e0m cho v\u00f2ng tay Phiten n\u1ed5i b\u1eadt?<\/strong><br \/>\nT\u1ea1o c\u1ea3m gi\u00e1c n\u0103ng l\u01b0\u1ee3ng t\u1ef1 nhi\u00ean.<br \/>\nPh\u1ee5 ki\u1ec7n v\u00f2ng tay \u0111\u1eb9p v\u00e0 \u0111\u1eb3ng c\u1ea5p mang l\u1ea1i l\u1ee3i \u00edch s\u1ee9c kh\u1ecfe.<br \/>\nGi\u00fap c\u1ea3i thi\u1ec7n l\u01b0u th\u00f4ng m\u00e1u.<br \/>\nGi\u00fap gi\u1ea3m \u0111au c\u1ed5 tay v\u00e0 c\u00e1nh tay.<br \/>\nC\u00f3 t\u00e1c d\u1ee5ng th\u01b0 gi\u00e3n.<br \/>\nTh\u00edch h\u1ee3p \u0111eo trong m\u1ecdi ho\u00e0n c\u1ea3nh<br \/>\nC\u00f3 th\u1ec3 \u0111eo h\u00e0ng ng\u00e0y<\/p>\n<p><strong>C\u00f4ng ngh\u1ec7:<\/strong>\u00a0Aqua Metal \u0111\u01b0\u1ee3c c\u1ea5p b\u1eb1ng s\u00e1ng ch\u1ebf<br \/>\n<strong>Ch\u1ea5t li\u1ec7u:<\/strong>\u00a0Titan v\u00e0 Pha l\u00ea<br \/>\n<strong>C\u00f4ng d\u1ee5ng:<\/strong><br \/>\nGi\u00fap gi\u1ea3m b\u1edbt c\u0103ng th\u1eb3ng li\u00ean t\u1ee5c.<br \/>\nGi\u00fap c\u1ea3i thi\u1ec7n l\u01b0u th\u00f4ng m\u00e1u.<br \/>\nT\u0103ng c\u01b0\u1eddng s\u1ee9c m\u1ea1nh v\u00e0 t\u00ednh linh ho\u1ea1t.<br \/>\nGi\u00fap gi\u1ea3m \u0111au.<br \/>\nTuy\u1ec7t v\u1eddi cho th\u1ec3 thao ho\u1eb7c c\u00e1c ho\u1ea1t \u0111\u1ed9ng h\u00e0ng ng\u00e0y.<br \/>\nGi\u00fap th\u01b0 gi\u00e3n c\u01a1 b\u1eafp c\u1ee9ng.<br \/>\nTh\u00edch h\u1ee3p cho c\u1ea3 nam v\u00e0 n\u1eef.<\/p>\n<p>M\u00e0u s\u1eafc: m\u00e0u pha l\u00ea<br \/>\nK\u00edch th\u01b0\u1edbc: 17.5cm &#8211; 19cm+3cm<br \/>\nL\u01b0u \u00fd: B\u1ea3o qu\u1ea3n n\u01a1i kh\u00f4 r\u00e1o v\u00e0 tho\u00e1ng m\u00e1t<br \/>\nQuy c\u00e1ch \u0111\u00f3ng g\u00f3i: 1 c\u00e1i\/h\u1ed9p<br \/>\nTh\u01b0\u01a1ng hi\u1ec7u: Phiten<br \/>\nXu\u1ea5t x\u1ee9: Nh\u1eadt B\u1ea3n<\/p>\n<p dir=\"ltr\"><strong>\u0110\u1ed1i t\u01b0\u1ee3ng s\u1eed d\u1ee5ng:<\/strong><\/p>\n<p dir=\"ltr\">&#8211; Ph\u00f9 h\u1ee3p cho m\u1ecdi l\u1ee9a tu\u1ed5i<\/p>\n<p dir=\"ltr\">&#8211; Ng\u01b0\u1eddi ch\u01a1i th\u1ec3 thao hay v\u1eadn \u0111\u1ed9ng vi\u00ean chuy\u00ean nghi\u1ec7p<\/p>\n<p dir=\"ltr\">&#8211; Ng\u01b0\u1eddi l\u00e0m vi\u1ec7c v\u0103n ph\u00f2ng, g\u00f5 m\u00e1y t\u00ednh nhi\u1ec1u ho\u1eb7c d\u00f9ng tay n\u00e2ng v\u1eadt n\u1eb7ng<\/p>\n<p dir=\"ltr\">&#8211; Ng\u01b0\u1eddi cao huy\u1ebft \u00e1p, huy\u1ebft \u00e1p kh\u00f4ng \u1ed5n \u0111\u1ecbnh<\/p>\n<p dir=\"ltr\">&#8211; Ng\u01b0\u1eddi m\u1ea5t ng\u1ee7, kh\u00f3 ng\u1ee7 hay gi\u1ea5c ng\u1ee7 kh\u00f4ng s\u00e2u.<\/p>\n","protected":false},"excerpt":{"rendered":"<p>V\u00f2ng tay Phiten crystal combi (6mm\/8mm) M\u00f4 t\u1ea3 s\u1ea3n ph\u1ea9m \u0110\u01b0\u1ee3c l\u1ef1a ch\u1ecdn c\u1ea9n th\u1eadn \u0111\u1ec3 c\u00f3 \u0111\u01b0\u1ee3c b\u1ed9 h\u1ea1t pha l\u00ea t\u1ef1 nhi\u00ean c\u00f3 \u0111\u1ed9 trong v\u00e0 tinh t\u1ebf nh\u1ea5t. \u0110\u01b0\u1ee3c ch\u1ebf t\u00e1c th\u1ee7 c\u00f4ng \u0111\u1ec3 ph\u00e1t huy h\u1ebft s\u1ee9c m\u1ea1nh th\u1ea7n b\u00ed c\u1ee7a pha l\u00ea trong d\u00f2ng s\u1ea3n ph\u1ea9m v\u00f2ng tay c\u1ed5 \u0111i\u1ec3n [&hellip;]<\/p>\n","protected":false},"featured_media":2119,"comment_status":"open","ping_status":"closed","template":"","meta":{"_eb_attr":""},"product_cat":[92,127,113],"product_tag":[],"class_list":["post-2125","product","type-product","status-publish","has-post-thumbnail","hentry","product_cat-phiten","product_cat-titanium-crystal","product_cat-vong-tay"],"_links":{"self":[{"href":"https:\/\/www.phivutabletennis.com\/index.php\/wp-json\/wp\/v2\/product\/2125","targetHints":{"allow":["GET"]}}],"collection":[{"href":"https:\/\/www.phivutabletennis.com\/index.php\/wp-json\/wp\/v2\/product"}],"about":[{"href":"https:\/\/www.phivutabletennis.com\/index.php\/wp-json\/wp\/v2\/types\/product"}],"replies":[{"embeddable":true,"href":"https:\/\/www.phivutabletennis.com\/index.php\/wp-json\/wp\/v2\/comments?post=2125"}],"wp:featuredmedia":[{"embeddable":true,"href":"https:\/\/www.phivutabletennis.com\/index.php\/wp-json\/wp\/v2\/media\/2119"}],"wp:attachment":[{"href":"https:\/\/www.phivutabletennis.com\/index.php\/wp-json\/wp\/v2\/media?parent=2125"}],"wp:term":[{"taxonomy":"product_cat","embeddable":true,"href":"https:\/\/www.phivutabletennis.com\/index.php\/wp-json\/wp\/v2\/product_cat?post=2125"},{"taxonomy":"product_tag","embeddable":true,"href":"https:\/\/www.phivutabletennis.com\/index.php\/wp-json\/wp\/v2\/product_tag?post=2125"}],"curies":[{"name":"wp","href":"https:\/\/api.w.org\/{rel}","templated":true}]}}