{"id":2130,"date":"2023-06-21T23:34:26","date_gmt":"2023-06-21T16:34:26","guid":{"rendered":"https:\/\/www.phivutabletennis.com\/?post_type=product&#038;p=2130"},"modified":"2023-06-21T23:34:26","modified_gmt":"2023-06-21T16:34:26","slug":"vong-tay-phiten-rakuwa-bracelet-duo-ii","status":"publish","type":"product","link":"https:\/\/www.phivutabletennis.com\/index.php\/product\/vong-tay-phiten-rakuwa-bracelet-duo-ii\/","title":{"rendered":"V\u00f2ng Tay PHITEN RAKUWA BRACELET DUO II"},"content":{"rendered":"<p>V\u1edbi c\u00f4ng ngh\u1ec7 Aqua\u00a0Titan, Phiten gi\u1edbi thi\u1ec7u m\u1ed9t chi\u1ebfc v\u00f2ng \u0111eo tay k\u1ebft h\u1ee3p l\u1ee3i \u00edch s\u1ee9c kh\u1ecfe v\u00e0 thi\u1ebft k\u1ebf hi\u1ec7n \u0111\u1ea1i. Thu h\u00fat r\u1ea5t nhi\u1ec1u v\u1eadn \u0111\u1ed9ng vi\u00ean, ng\u01b0\u1eddi ch\u01a1i golf v\u00e0 b\u00f3ng ch\u00e0y qu\u1ed1c t\u1ebf\u00a0s\u1eed d\u1ee5ng\u00a0b\u1edfi n\u00f3 gi\u00fap gi\u1ea3m \u0111au,\u00a0t\u0103ng c\u01b0\u1eddng s\u1ee9c m\u1ea1nh v\u00e0 t\u00ednh linh ho\u1ea1t.<br \/>\nDuo Bracelet \u0111\u01b0\u1ee3c thi\u1ebft k\u1ebf v\u00e0 t\u1ea1o ra \u0111\u1ec3 mang tr\u00ean s\u00e2n \u0111\u1ea5u, v\u00f2ng tay g\u1ed3m\u00a02 l\u1edbp n\u00e0y c\u00f3 ki\u1ec3u d\u00e1ng th\u1ec3 thao v\u00e0 mang \u0111\u1ebfn s\u1ef1 tho\u1ea3i m\u00e1i khi v\u1eadn \u0111\u1ed9ng. 2 l\u1edbp b\u1ea3n d\u00e2y x\u1ebfp ch\u1ed3ng l\u00ean nhau, \u0111\u01b0\u1ee3c l\u00e0m t\u1eeb silicone r\u1ea5t m\u1ec1m v\u00e0 co d\u00e3n t\u1ed1t. N\u00f3 c\u00f2n ch\u1ee9a th\u00e0nh ph\u1ea7n titanium s\u1eed d\u1ee5ng c\u00f4ng ngh\u1ec7 Aqua Titan c\u1ee7a Phiten: Micro Titanium Spheres v\u00e0 Titan carbon h\u00f3a. Nh\u1edd \u0111\u01b0\u1ee3c l\u00e0m t\u1eeb silicone b\u1ec1n v\u00e0 kh\u00f4 nhanh, DUO Bracelet c\u00f2n\u00a0r\u1ea5t th\u00edch h\u1ee3p cho c\u00e1c m\u00f4n th\u1ec3 thao v\u1edbi n\u01b0\u1edbc.<br \/>\nDuo II c\u00f3 2 k\u00edch th\u01b0\u1edbc l\u00e0 16cm v\u00e0 18cm.<\/p>\n<p><strong>Gi\u00fap gi\u1ea3m b\u1edbt \u1ea3nh h\u01b0\u1edfng c\u1ee7a c\u0103ng th\u1eb3ng li\u00ean t\u1ee5c\u00a0l\u00ean\u00a0c\u00e1nh tay\u00a0v\u00e0 vai<\/strong><br \/>\nV\u00f2ng \u0111eo tay Rakuwa l\u00e0 r\u1ea5t \u0111\u01b0\u1ee3c \u01b0a chu\u1ed9ng\u00a0v\u1edbi nhi\u1ec1u v\u1eadn \u0111\u1ed9ng vi\u00ean\u00a0nh\u01b0 nh\u1eefng ng\u01b0\u1eddi n\u00e9m b\u00f3ng ph\u1ea3i n\u00e9m b\u00f3ng b\u1eb1ng t\u1ea5t c\u1ea3 s\u1ee9c l\u1ef1c h\u1ebft l\u1ea7n n\u00e0y \u0111\u1ebfn l\u1ea7n kh\u00e1c ho\u1eb7c ng\u01b0\u1eddi ch\u01a1i tennis.<\/p>\n<p><strong>H\u1ed7 tr\u1ee3\u00a0gi\u1ea3m\u00a0s\u1ef1 \u0111au \u0111\u1edbn, ki\u1ec7t s\u1ee9c v\u00e0 c\u1ee9ng\u00a0c\u01a1<\/strong><br \/>\nN\u1ebfu b\u1ea1n l\u00e0m vi\u1ec7c trong v\u0103n ph\u00f2ng\u00a0v\u00e0 ph\u1ea3i g\u00f5 m\u00e1y t\u00ednh c\u1ea3 ng\u00e0y ho\u1eb7c c\u00f4ng vi\u1ec7c ph\u1ea3i d\u00f9ng tay n\u00e2ng v\u00e1c v\u1eadt n\u1eb7ng nhi\u1ec1u v\u00e0 ph\u1ea7n th\u00e2n tr\u00ean ph\u1ea3i ch\u1ecbu\u00a0s\u1ee9c c\u0103ng\u00a0th\u00ec v\u00f2ng \u0111eo tay Rakuwa s\u1ebd gi\u00fap b\u1ea1n \u0111\u1ed1i ph\u00f3 v\u1edbi\u00a0\u1ea3nh h\u01b0\u1edfng c\u1ee7a c\u0103ng th\u1eb3ng th\u1ec3 ch\u1ea5t h\u00e0ng ng\u00e0y.<\/p>\n<p><strong>G\u1ee3i \u00fd s\u1eed d\u1ee5ng<\/strong><br \/>\nGi\u00fap gi\u1ea3m b\u1edbt c\u0103ng th\u1eb3ng li\u00ean t\u1ee5c.<br \/>\nGi\u00fap c\u1ea3i thi\u1ec7n l\u01b0u th\u00f4ng m\u00e1u.<br \/>\nT\u0103ng c\u01b0\u1eddng s\u1ee9c m\u1ea1nh v\u00e0 t\u00ednh linh ho\u1ea1t.<br \/>\nGi\u00fap gi\u1ea3m b\u1edbt n\u1ed7i \u0111au v\u00e0 ph\u1ee5c h\u1ed3i s\u1ee9c kh\u1ecfe t\u1ed5ng th\u1ec3 c\u1ee7a b\u1ea1n.<br \/>\nGi\u00fap th\u01b0 gi\u00e3n c\u01a1 b\u1eafp c\u1ee9ng.<\/p>\n<p><strong>H\u01b0\u1edbng d\u1eabn s\u1eed d\u1ee5ng<\/strong><br \/>\nC\u00f3 th\u1ec3 \u0111eo\u00a0h\u00e0ng ng\u00e0y<br \/>\nGi\u1eb7t\/r\u1eeda b\u1eb1ng tay v\u1edbi n\u01b0\u1edbc s\u1ea1ch v\u00e0 lau kh\u00f4 \u0111\u1ec3 n\u01a1i tho\u00e1ng m\u00e1t<\/p>\n<p dir=\"ltr\"><strong>\u0110\u1ed1i t\u01b0\u1ee3ng s\u1eed d\u1ee5ng:<\/strong><\/p>\n<p dir=\"ltr\">&#8211; Ph\u00f9 h\u1ee3p cho m\u1ecdi l\u1ee9a tu\u1ed5i<\/p>\n<p dir=\"ltr\">&#8211; Ng\u01b0\u1eddi ch\u01a1i th\u1ec3 thao hay v\u1eadn \u0111\u1ed9ng vi\u00ean chuy\u00ean nghi\u1ec7p<\/p>\n<p dir=\"ltr\">&#8211; Ng\u01b0\u1eddi l\u00e0m vi\u1ec7c v\u0103n ph\u00f2ng, g\u00f5 m\u00e1y t\u00ednh nhi\u1ec1u ho\u1eb7c d\u00f9ng tay n\u00e2ng v\u1eadt n\u1eb7ng<\/p>\n<p dir=\"ltr\">&#8211; Ng\u01b0\u1eddi cao huy\u1ebft \u00e1p, huy\u1ebft \u00e1p kh\u00f4ng \u1ed5n \u0111\u1ecbnh<\/p>\n<p dir=\"ltr\">&#8211; Ng\u01b0\u1eddi m\u1ea5t ng\u1ee7, kh\u00f3 ng\u1ee7 hay gi\u1ea5c ng\u1ee7 kh\u00f4ng s\u00e2u.<a href=\"https:\/\/www.phivutabletennis.com\/wp-content\/uploads\/2023\/06\/36.jpeg\"><img loading=\"lazy\" decoding=\"async\" class=\"alignnone size-full wp-image-2136\" src=\"https:\/\/www.phivutabletennis.com\/wp-content\/uploads\/2023\/06\/36.jpeg\" alt=\"\" width=\"896\" height=\"944\" srcset=\"https:\/\/www.phivutabletennis.com\/wp-content\/uploads\/2023\/06\/36.jpeg 896w, https:\/\/www.phivutabletennis.com\/wp-content\/uploads\/2023\/06\/36-600x632.jpeg 600w, https:\/\/www.phivutabletennis.com\/wp-content\/uploads\/2023\/06\/36-285x300.jpeg 285w, https:\/\/www.phivutabletennis.com\/wp-content\/uploads\/2023\/06\/36-768x809.jpeg 768w\" sizes=\"auto, (max-width: 896px) 100vw, 896px\" \/><\/a> <a href=\"https:\/\/www.phivutabletennis.com\/wp-content\/uploads\/2023\/06\/37.jpeg\"><img loading=\"lazy\" decoding=\"async\" class=\"alignnone size-full wp-image-2137\" src=\"https:\/\/www.phivutabletennis.com\/wp-content\/uploads\/2023\/06\/37.jpeg\" alt=\"\" width=\"896\" height=\"881\" srcset=\"https:\/\/www.phivutabletennis.com\/wp-content\/uploads\/2023\/06\/37.jpeg 896w, https:\/\/www.phivutabletennis.com\/wp-content\/uploads\/2023\/06\/37-600x590.jpeg 600w, https:\/\/www.phivutabletennis.com\/wp-content\/uploads\/2023\/06\/37-300x295.jpeg 300w, https:\/\/www.phivutabletennis.com\/wp-content\/uploads\/2023\/06\/37-768x755.jpeg 768w\" sizes=\"auto, (max-width: 896px) 100vw, 896px\" \/><\/a> <a href=\"https:\/\/www.phivutabletennis.com\/wp-content\/uploads\/2023\/06\/38.jpeg\"><img loading=\"lazy\" decoding=\"async\" class=\"alignnone size-full wp-image-2138\" src=\"https:\/\/www.phivutabletennis.com\/wp-content\/uploads\/2023\/06\/38.jpeg\" alt=\"\" width=\"896\" height=\"519\" srcset=\"https:\/\/www.phivutabletennis.com\/wp-content\/uploads\/2023\/06\/38.jpeg 896w, https:\/\/www.phivutabletennis.com\/wp-content\/uploads\/2023\/06\/38-600x348.jpeg 600w, https:\/\/www.phivutabletennis.com\/wp-content\/uploads\/2023\/06\/38-300x174.jpeg 300w, https:\/\/www.phivutabletennis.com\/wp-content\/uploads\/2023\/06\/38-768x445.jpeg 768w\" sizes=\"auto, (max-width: 896px) 100vw, 896px\" \/><\/a><\/p>\n","protected":false},"excerpt":{"rendered":"<p>V\u1edbi c\u00f4ng ngh\u1ec7 Aqua\u00a0Titan, Phiten gi\u1edbi thi\u1ec7u m\u1ed9t chi\u1ebfc v\u00f2ng \u0111eo tay k\u1ebft h\u1ee3p l\u1ee3i \u00edch s\u1ee9c kh\u1ecfe v\u00e0 thi\u1ebft k\u1ebf hi\u1ec7n \u0111\u1ea1i. Thu h\u00fat r\u1ea5t nhi\u1ec1u v\u1eadn \u0111\u1ed9ng vi\u00ean, ng\u01b0\u1eddi ch\u01a1i golf v\u00e0 b\u00f3ng ch\u00e0y qu\u1ed1c t\u1ebf\u00a0s\u1eed d\u1ee5ng\u00a0b\u1edfi n\u00f3 gi\u00fap gi\u1ea3m \u0111au,\u00a0t\u0103ng c\u01b0\u1eddng s\u1ee9c m\u1ea1nh v\u00e0 t\u00ednh linh ho\u1ea1t. Duo Bracelet \u0111\u01b0\u1ee3c thi\u1ebft k\u1ebf [&hellip;]<\/p>\n","protected":false},"featured_media":2131,"comment_status":"open","ping_status":"closed","template":"","meta":{"_eb_attr":""},"product_cat":[92,113],"product_tag":[],"class_list":["post-2130","product","type-product","status-publish","has-post-thumbnail","hentry","product_cat-phiten","product_cat-vong-tay"],"_links":{"self":[{"href":"https:\/\/www.phivutabletennis.com\/index.php\/wp-json\/wp\/v2\/product\/2130","targetHints":{"allow":["GET"]}}],"collection":[{"href":"https:\/\/www.phivutabletennis.com\/index.php\/wp-json\/wp\/v2\/product"}],"about":[{"href":"https:\/\/www.phivutabletennis.com\/index.php\/wp-json\/wp\/v2\/types\/product"}],"replies":[{"embeddable":true,"href":"https:\/\/www.phivutabletennis.com\/index.php\/wp-json\/wp\/v2\/comments?post=2130"}],"wp:featuredmedia":[{"embeddable":true,"href":"https:\/\/www.phivutabletennis.com\/index.php\/wp-json\/wp\/v2\/media\/2131"}],"wp:attachment":[{"href":"https:\/\/www.phivutabletennis.com\/index.php\/wp-json\/wp\/v2\/media?parent=2130"}],"wp:term":[{"taxonomy":"product_cat","embeddable":true,"href":"https:\/\/www.phivutabletennis.com\/index.php\/wp-json\/wp\/v2\/product_cat?post=2130"},{"taxonomy":"product_tag","embeddable":true,"href":"https:\/\/www.phivutabletennis.com\/index.php\/wp-json\/wp\/v2\/product_tag?post=2130"}],"curies":[{"name":"wp","href":"https:\/\/api.w.org\/{rel}","templated":true}]}}