{"id":2139,"date":"2023-06-21T23:36:55","date_gmt":"2023-06-21T16:36:55","guid":{"rendered":"https:\/\/www.phivutabletennis.com\/?post_type=product&#038;p=2139"},"modified":"2023-06-21T23:36:55","modified_gmt":"2023-06-21T16:36:55","slug":"vong-tay-phiten-titanium-chain-bracelet","status":"publish","type":"product","link":"https:\/\/www.phivutabletennis.com\/index.php\/product\/vong-tay-phiten-titanium-chain-bracelet\/","title":{"rendered":"V\u00f2ng Tay PHITEN TITANIUM CHAIN BRACELET"},"content":{"rendered":"<p>V\u00f2ng \u0111eo tay Titanium Chain c\u1ee7a Phiten \u0111\u01b0\u1ee3c l\u00e0m t\u1eeb 100% Titan nguy\u00ean ch\u1ea5t v\u00e0 l\u00e0 m\u1ed9t v\u00f2ng \u0111eo tay ki\u1ec3u chu\u1ed7i nh\u1eb9, ch\u1ed1ng \u0103n m\u00f2n, \u0111\u01b0\u1ee3c thi\u1ebft k\u1ebf v\u1edbi \u00fd ngh\u0129a th\u1ea9m m\u1ef9 c\u1ed5 \u0111i\u1ec3n. D\u1ec5 d\u00e0ng ph\u1ed1i h\u1ee3p v\u1edbi v\u00f2ng c\u1ed5 Titan. Look good, feel good.<br \/>\n<strong>\u0110\u1eb7c \u0111i\u1ec3m<\/strong><br \/>\n\u0110\u01b0\u1ee3c l\u00e0m t\u1eeb 100% titan nguy\u00ean ch\u1ea5t.<br \/>\nNh\u1eb9 v\u00e0 ch\u1ed1ng \u0103n m\u00f2n.<br \/>\nM\u00f3c kh\u00f3a logo &#8220;P&#8221; c\u1ee7a Phiten.<br \/>\nCh\u1ea5t li\u1ec7u: Titan tinh khi\u1ebft<br \/>\n<strong>S\u1ea3n xu\u1ea5t t\u1ea1i Nh\u1eadt B\u1ea3n<\/strong><\/p>\n<p>V\u1edbi v\u1ebb ngo\u00e0i trung t\u00ednh c\u1ee7a titan s\u1ebd ph\u00f9 h\u1ee3p b\u1ea5t c\u1ee9 d\u1ecbp n\u00e0o v\u1edbi v\u00f2ng \u0111eo tay n\u00e0y. \u0110eo n\u00f3 v\u1edbi phong c\u00e1ch t\u1ea1i n\u01a1i l\u00e0m vi\u1ec7c ho\u1eb7c trong khi ch\u01a1i th\u1ec3 thao mang l\u1ea1i l\u1ee3i \u00edch c\u1ea3i thi\u1ec7n hi\u1ec7u su\u1ea5t c\u0169ng nh\u01b0 lo\u1ea1i b\u1ecf \u0111au c\u01a1.<\/p>\n<p><strong>G\u1ee3i \u00fd s\u1eed d\u1ee5ng<\/strong><br \/>\nGi\u00fap gi\u1ea3m b\u1edbt c\u0103ng th\u1eb3ng li\u00ean t\u1ee5c.<br \/>\nGi\u00fap c\u1ea3i thi\u1ec7n l\u01b0u th\u00f4ng m\u00e1u.<br \/>\nT\u0103ng c\u01b0\u1eddng s\u1ee9c m\u1ea1nh v\u00e0 t\u00ednh linh ho\u1ea1t.<br \/>\nGi\u00fap gi\u1ea3m \u0111au.<br \/>\nTuy\u1ec7t v\u1eddi cho th\u1ec3 thao ho\u1eb7c c\u00e1c ho\u1ea1t \u0111\u1ed9ng h\u00e0ng ng\u00e0y.<br \/>\nGi\u00fap th\u01b0 gi\u00e3n c\u01a1 b\u1eafp c\u1ee9ng.<br \/>\nTh\u00edch h\u1ee3p cho c\u1ea3 nam v\u00e0 n\u1eef.<\/p>\n<p><strong>H\u01b0\u1edbng d\u1eabn s\u1eed d\u1ee5ng<\/strong>: v\u1ec7 sinh v\u1edbi m\u1ed9t \u00edt x\u00e0 ph\u00f2ng<\/p>\n<p dir=\"ltr\"><strong>\u0110\u1ed1i t\u01b0\u1ee3ng s\u1eed d\u1ee5ng:<\/strong><\/p>\n<p dir=\"ltr\">&#8211; Ph\u00f9 h\u1ee3p cho m\u1ecdi l\u1ee9a tu\u1ed5i<\/p>\n<p dir=\"ltr\">&#8211; Ng\u01b0\u1eddi ch\u01a1i th\u1ec3 thao hay v\u1eadn \u0111\u1ed9ng vi\u00ean chuy\u00ean nghi\u1ec7p<\/p>\n<p dir=\"ltr\">&#8211; Ng\u01b0\u1eddi l\u00e0m vi\u1ec7c v\u0103n ph\u00f2ng, g\u00f5 m\u00e1y t\u00ednh nhi\u1ec1u ho\u1eb7c d\u00f9ng tay n\u00e2ng v\u1eadt n\u1eb7ng<\/p>\n<p dir=\"ltr\">&#8211; Ng\u01b0\u1eddi cao huy\u1ebft \u00e1p, huy\u1ebft \u00e1p kh\u00f4ng \u1ed5n \u0111\u1ecbnh<\/p>\n<p dir=\"ltr\">&#8211; Ng\u01b0\u1eddi m\u1ea5t ng\u1ee7, kh\u00f3 ng\u1ee7 hay gi\u1ea5c ng\u1ee7 kh\u00f4ng s\u00e2u.<a href=\"https:\/\/www.phivutabletennis.com\/wp-content\/uploads\/2023\/06\/44.jpeg\"><img loading=\"lazy\" decoding=\"async\" class=\"alignnone size-full wp-image-2143\" src=\"https:\/\/www.phivutabletennis.com\/wp-content\/uploads\/2023\/06\/44.jpeg\" alt=\"\" width=\"730\" height=\"571\" srcset=\"https:\/\/www.phivutabletennis.com\/wp-content\/uploads\/2023\/06\/44.jpeg 730w, https:\/\/www.phivutabletennis.com\/wp-content\/uploads\/2023\/06\/44-600x469.jpeg 600w, https:\/\/www.phivutabletennis.com\/wp-content\/uploads\/2023\/06\/44-300x235.jpeg 300w\" sizes=\"auto, (max-width: 730px) 100vw, 730px\" \/><\/a> <a href=\"https:\/\/www.phivutabletennis.com\/wp-content\/uploads\/2023\/06\/45.jpeg\"><img loading=\"lazy\" decoding=\"async\" class=\"alignnone size-full wp-image-2144\" src=\"https:\/\/www.phivutabletennis.com\/wp-content\/uploads\/2023\/06\/45.jpeg\" alt=\"\" width=\"730\" height=\"710\" srcset=\"https:\/\/www.phivutabletennis.com\/wp-content\/uploads\/2023\/06\/45.jpeg 730w, https:\/\/www.phivutabletennis.com\/wp-content\/uploads\/2023\/06\/45-600x584.jpeg 600w, https:\/\/www.phivutabletennis.com\/wp-content\/uploads\/2023\/06\/45-300x292.jpeg 300w\" sizes=\"auto, (max-width: 730px) 100vw, 730px\" \/><\/a><\/p>\n","protected":false},"excerpt":{"rendered":"<p>V\u00f2ng \u0111eo tay Titanium Chain c\u1ee7a Phiten \u0111\u01b0\u1ee3c l\u00e0m t\u1eeb 100% Titan nguy\u00ean ch\u1ea5t v\u00e0 l\u00e0 m\u1ed9t v\u00f2ng \u0111eo tay ki\u1ec3u chu\u1ed7i nh\u1eb9, ch\u1ed1ng \u0103n m\u00f2n, \u0111\u01b0\u1ee3c thi\u1ebft k\u1ebf v\u1edbi \u00fd ngh\u0129a th\u1ea9m m\u1ef9 c\u1ed5 \u0111i\u1ec3n. D\u1ec5 d\u00e0ng ph\u1ed1i h\u1ee3p v\u1edbi v\u00f2ng c\u1ed5 Titan. Look good, feel good. \u0110\u1eb7c \u0111i\u1ec3m \u0110\u01b0\u1ee3c l\u00e0m t\u1eeb 100% titan [&hellip;]<\/p>\n","protected":false},"featured_media":2140,"comment_status":"open","ping_status":"closed","template":"","meta":{"_eb_attr":""},"product_cat":[92,113],"product_tag":[],"class_list":["post-2139","product","type-product","status-publish","has-post-thumbnail","hentry","product_cat-phiten","product_cat-vong-tay"],"_links":{"self":[{"href":"https:\/\/www.phivutabletennis.com\/index.php\/wp-json\/wp\/v2\/product\/2139","targetHints":{"allow":["GET"]}}],"collection":[{"href":"https:\/\/www.phivutabletennis.com\/index.php\/wp-json\/wp\/v2\/product"}],"about":[{"href":"https:\/\/www.phivutabletennis.com\/index.php\/wp-json\/wp\/v2\/types\/product"}],"replies":[{"embeddable":true,"href":"https:\/\/www.phivutabletennis.com\/index.php\/wp-json\/wp\/v2\/comments?post=2139"}],"wp:featuredmedia":[{"embeddable":true,"href":"https:\/\/www.phivutabletennis.com\/index.php\/wp-json\/wp\/v2\/media\/2140"}],"wp:attachment":[{"href":"https:\/\/www.phivutabletennis.com\/index.php\/wp-json\/wp\/v2\/media?parent=2139"}],"wp:term":[{"taxonomy":"product_cat","embeddable":true,"href":"https:\/\/www.phivutabletennis.com\/index.php\/wp-json\/wp\/v2\/product_cat?post=2139"},{"taxonomy":"product_tag","embeddable":true,"href":"https:\/\/www.phivutabletennis.com\/index.php\/wp-json\/wp\/v2\/product_tag?post=2139"}],"curies":[{"name":"wp","href":"https:\/\/api.w.org\/{rel}","templated":true}]}}