{"id":2145,"date":"2023-06-21T23:38:50","date_gmt":"2023-06-21T16:38:50","guid":{"rendered":"https:\/\/www.phivutabletennis.com\/?post_type=product&#038;p=2145"},"modified":"2023-06-21T23:38:50","modified_gmt":"2023-06-21T16:38:50","slug":"vong-tay-phiten-rakuwa-bracelet-x100-carbon","status":"publish","type":"product","link":"https:\/\/www.phivutabletennis.com\/index.php\/product\/vong-tay-phiten-rakuwa-bracelet-x100-carbon\/","title":{"rendered":"V\u00f2ng Tay PHITEN RAKUWA BRACELET X100 CARBON"},"content":{"rendered":"<p><strong>Ch\u1ea5t li\u1ec7u b\u1ec1n cao c\u1ea5p<\/strong><br \/>\nC\u1ea3m nh\u1eadn n\u0103ng l\u01b0\u1ee3ng X100 tr\u00ean tay \u0111\u1ec3 kh\u00e1m ph\u00e1 trong t\u01b0\u01a1ng lai c\u00f9ng Phiten Rakuwa X100 Carbon. V\u00f2ng \u0111eo tay \u0111\u01b0\u1ee3c ch\u1ebf t\u1ea1o b\u1edfi\u00a0v\u1eadt li\u1ec7u Carbon\u00a0th\u1ebf h\u1ec7 ti\u1ebfp theo. V\u1edbi s\u1ee9c m\u1ea1nh c\u1ee7a s\u1ee3i v\u00e0 \u00e1nh s\u00e1ng c\u1ee7a Titan, v\u00f2ng tay \u0111\u01b0\u1ee3c thi\u1ebft k\u1ebf \u0111\u01a1n gi\u1ea3n nh\u01b0ng mang\u00a0hi\u1ec7u su\u1ea5t ti\u1ec1m n\u0103ng b\u00ean trong c\u00f9ng b\u1ea1n h\u01b0\u1edbng t\u1edbi t\u01b0\u01a1ng lai.<\/p>\n<p><strong>C\u00f4ng ngh\u1ec7 c\u00f3 l\u1ee3i cho s\u1ee9c kh\u1ecfe<\/strong><br \/>\nS\u1ee9c m\u1ea1nh c\u1ee7a c\u00f4ng ngh\u1ec7 AQUA TITaniUM mang b\u00ean trong, \u0111\u01b0\u1ee3c th\u1ea5m 100 l\u1ea7n Titanium so v\u1edbi s\u1ea3n ph\u1ea9m Phiten kh\u00e1c. C\u00f4ng ngh\u1ec7 \u0111\u1ed9c \u0111\u00e1o \u0111\u01b0\u1ee3c c\u1ea5p b\u1eb1ng s\u00e1ng ch\u1ebf n\u00e0y h\u1ed7 tr\u1ee3 l\u01b0u l\u01b0\u1ee3ng m\u00e1u t\u1ed1t h\u01a1n, t\u0103ng c\u01b0\u1eddng s\u1ee9c m\u1ea1nh v\u00e0 t\u00ednh linh ho\u1ea1t, gi\u00fap gi\u1ea5c ng\u1ee7 s\u00e2u.<br \/>\nC\u00f3 th\u1ec3 gi\u00fap \u00edch trong c\u00e1c m\u00f4n th\u1ec3 thao li\u00ean quan \u0111\u1ebfn tay nh\u01b0 tennis, b\u00f3ng ch\u00e0y, golf, v.v. cung c\u1ea5p s\u1ef1 linh ho\u1ea1t khi th\u1ef1c hi\u1ec7n c\u00fa \u0111\u00e1nh \u0111\u00f3.<br \/>\nC\u1ea3m th\u1ea5y nh\u1eb9 h\u01a1n v\u00ec v\u00f2ng s\u1ebd ng\u0103n ch\u1eb7n s\u1ef1 c\u0103ng th\u1eb3ng c\u1ee7a d\u00e2y ch\u1eb1ng tr\u00ean c\u1eb3ng tay. V\u00f2ng tay Phiten l\u00e0 ph\u1ee5 ki\u1ec7n v\u1eeba c\u00f3 l\u1ee3i cho s\u1ee9c kh\u1ecfe v\u1eeba mang l\u1ea1i s\u1ef1 thanh l\u1ecbch.<\/p>\n<p><strong>G\u1ee3i \u00fd s\u1eed d\u1ee5ng<\/strong><br \/>\nGi\u00fap gi\u1ea3m b\u1edbt c\u0103ng th\u1eb3ng li\u00ean t\u1ee5c<br \/>\nGi\u00fap c\u1ea3i thi\u1ec7n l\u01b0u th\u00f4ng m\u00e1u<br \/>\nT\u0103ng c\u01b0\u1eddng s\u1ee9c m\u1ea1nh v\u00e0 t\u00ednh linh ho\u1ea1t trong c\u00e1c m\u00f4n th\u1ec3 thao<br \/>\nGi\u00fap gi\u1ea3m \u0111au v\u00e0 ph\u1ee5c h\u1ed3i gi\u1ea5c ng\u1ee7 c\u1ee7a b\u1ea1n<br \/>\nGi\u00fap th\u01b0 gi\u00e3n c\u01a1 b\u1eafp c\u1ee9ng<br \/>\nTh\u00edch h\u1ee3p cho c\u1ea3 nam v\u00e0 n\u1eef<br \/>\nKhuy\u1ebfn kh\u00edch \u0111eo h\u00e0ng ng\u00e0y<\/p>\n<p><strong>H\u01b0\u1edbng d\u1eabn b\u1ea3o qu\u1ea3n:\u00a0<\/strong>Gi\u1eb7t b\u1eb1ng x\u00e0 ph\u00f2ng nh\u1eb9<\/p>\n<p><strong>B\u1ea3o h\u00e0nh:<\/strong>\u00a06\u00a0th\u00e1ng<\/p>\n<p dir=\"ltr\"><strong>\u0110\u1ed1i t\u01b0\u1ee3ng s\u1eed d\u1ee5ng:<\/strong><\/p>\n<p dir=\"ltr\">&#8211; Ph\u00f9 h\u1ee3p cho m\u1ecdi l\u1ee9a tu\u1ed5i<\/p>\n<p dir=\"ltr\">&#8211; Ng\u01b0\u1eddi ch\u01a1i th\u1ec3 thao hay v\u1eadn \u0111\u1ed9ng vi\u00ean chuy\u00ean nghi\u1ec7p<\/p>\n<p dir=\"ltr\">&#8211; Ng\u01b0\u1eddi l\u00e0m vi\u1ec7c v\u0103n ph\u00f2ng, g\u00f5 m\u00e1y t\u00ednh nhi\u1ec1u ho\u1eb7c d\u00f9ng tay n\u00e2ng v\u1eadt n\u1eb7ng<\/p>\n<p dir=\"ltr\">&#8211; Ng\u01b0\u1eddi cao huy\u1ebft \u00e1p, huy\u1ebft \u00e1p kh\u00f4ng \u1ed5n \u0111\u1ecbnh<\/p>\n<p dir=\"ltr\">&#8211; Ng\u01b0\u1eddi m\u1ea5t ng\u1ee7, kh\u00f3 ng\u1ee7 hay gi\u1ea5c ng\u1ee7 kh\u00f4ng s\u00e2u.<a href=\"https:\/\/www.phivutabletennis.com\/wp-content\/uploads\/2023\/06\/50.jpeg\"><img loading=\"lazy\" decoding=\"async\" class=\"alignnone size-full wp-image-2150\" src=\"https:\/\/www.phivutabletennis.com\/wp-content\/uploads\/2023\/06\/50.jpeg\" alt=\"\" width=\"730\" height=\"675\" srcset=\"https:\/\/www.phivutabletennis.com\/wp-content\/uploads\/2023\/06\/50.jpeg 730w, https:\/\/www.phivutabletennis.com\/wp-content\/uploads\/2023\/06\/50-600x555.jpeg 600w, https:\/\/www.phivutabletennis.com\/wp-content\/uploads\/2023\/06\/50-300x277.jpeg 300w\" sizes=\"auto, (max-width: 730px) 100vw, 730px\" \/><\/a><\/p>\n","protected":false},"excerpt":{"rendered":"<p>Ch\u1ea5t li\u1ec7u b\u1ec1n cao c\u1ea5p C\u1ea3m nh\u1eadn n\u0103ng l\u01b0\u1ee3ng X100 tr\u00ean tay \u0111\u1ec3 kh\u00e1m ph\u00e1 trong t\u01b0\u01a1ng lai c\u00f9ng Phiten Rakuwa X100 Carbon. V\u00f2ng \u0111eo tay \u0111\u01b0\u1ee3c ch\u1ebf t\u1ea1o b\u1edfi\u00a0v\u1eadt li\u1ec7u Carbon\u00a0th\u1ebf h\u1ec7 ti\u1ebfp theo. V\u1edbi s\u1ee9c m\u1ea1nh c\u1ee7a s\u1ee3i v\u00e0 \u00e1nh s\u00e1ng c\u1ee7a Titan, v\u00f2ng tay \u0111\u01b0\u1ee3c thi\u1ebft k\u1ebf \u0111\u01a1n gi\u1ea3n nh\u01b0ng mang\u00a0hi\u1ec7u su\u1ea5t [&hellip;]<\/p>\n","protected":false},"featured_media":2146,"comment_status":"open","ping_status":"closed","template":"","meta":{"_eb_attr":""},"product_cat":[92,113],"product_tag":[],"class_list":["post-2145","product","type-product","status-publish","has-post-thumbnail","hentry","product_cat-phiten","product_cat-vong-tay"],"_links":{"self":[{"href":"https:\/\/www.phivutabletennis.com\/index.php\/wp-json\/wp\/v2\/product\/2145","targetHints":{"allow":["GET"]}}],"collection":[{"href":"https:\/\/www.phivutabletennis.com\/index.php\/wp-json\/wp\/v2\/product"}],"about":[{"href":"https:\/\/www.phivutabletennis.com\/index.php\/wp-json\/wp\/v2\/types\/product"}],"replies":[{"embeddable":true,"href":"https:\/\/www.phivutabletennis.com\/index.php\/wp-json\/wp\/v2\/comments?post=2145"}],"wp:featuredmedia":[{"embeddable":true,"href":"https:\/\/www.phivutabletennis.com\/index.php\/wp-json\/wp\/v2\/media\/2146"}],"wp:attachment":[{"href":"https:\/\/www.phivutabletennis.com\/index.php\/wp-json\/wp\/v2\/media?parent=2145"}],"wp:term":[{"taxonomy":"product_cat","embeddable":true,"href":"https:\/\/www.phivutabletennis.com\/index.php\/wp-json\/wp\/v2\/product_cat?post=2145"},{"taxonomy":"product_tag","embeddable":true,"href":"https:\/\/www.phivutabletennis.com\/index.php\/wp-json\/wp\/v2\/product_tag?post=2145"}],"curies":[{"name":"wp","href":"https:\/\/api.w.org\/{rel}","templated":true}]}}