{"id":2151,"date":"2023-06-21T23:40:51","date_gmt":"2023-06-21T16:40:51","guid":{"rendered":"https:\/\/www.phivutabletennis.com\/?post_type=product&#038;p=2151"},"modified":"2024-10-18T16:01:01","modified_gmt":"2024-10-18T09:01:01","slug":"vong-tay-phiten-carbonized-titanium-chain-bracelet","status":"publish","type":"product","link":"https:\/\/www.phivutabletennis.com\/index.php\/product\/vong-tay-phiten-carbonized-titanium-chain-bracelet\/","title":{"rendered":"V\u00f2ng Tay &#8211; PHITEN CARBONIZED TITANIUM CHAIN BRACELET"},"content":{"rendered":"<p>V\u00f2ng \u0111eo tay c\u1ee7a Phiten \u0111\u01b0\u1ee3c l\u00e0m t\u1eeb 100% Titan nguy\u00ean ch\u1ea5t v\u1edbi l\u1edbp ph\u1ee7 Titan \u0111\u01b0\u1ee3c ph\u1ee7 Carbon. L\u00e0 v\u00f2ng \u0111eo tay ki\u1ec3u chu\u1ed7i si\u00eau nh\u1eb9, ch\u1ed1ng \u0103n m\u00f2n mang phong c\u00e1ch thi\u1ebft k\u1ebf c\u1ed5 \u0111i\u1ec3n.<\/p>\n<p><strong>\u0110\u1eb7c \u0111i\u1ec3m:<\/strong><br \/>\n&#8211; \u0110\u01b0\u1ee3c l\u00e0m t\u1eeb 100% titan nguy\u00ean ch\u1ea5t.<br \/>\n&#8211; L\u1edbp ph\u1ee7 titan carbon.<br \/>\n&#8211; Nh\u1eb9 v\u00e0 ch\u1ed1ng \u0103n m\u00f2n.<br \/>\n&#8211; M\u00f3c kh\u00f3a logo &#8220;P&#8221; c\u1ee7a Phiten.<\/p>\n<p>C\u00f3 s\u1eb5n trong 2 k\u00edch c\u1ee1:<\/p>\n<p>&#8211; D\u00e0i 17cm &gt;&gt; 3,600,000 VND<\/p>\n<p>&#8211; D\u00e0i 19cm &gt;&gt; 4,200,000 VND<\/p>\n<p><strong>Ch\u1ea5t li\u1ec7u:\u00a0<\/strong>Titan nguy\u00ean ch\u1ea5t<\/p>\n<p><strong>S\u1ea3n xu\u1ea5t t\u1ea1i Nh\u1eadt B\u1ea3n<\/strong><\/p>\n<p dir=\"ltr\"><strong>\u0110\u1ed1i t\u01b0\u1ee3ng s\u1eed d\u1ee5ng:<\/strong><\/p>\n<p dir=\"ltr\">&#8211; Ph\u00f9 h\u1ee3p cho m\u1ecdi l\u1ee9a tu\u1ed5i<\/p>\n<p dir=\"ltr\">&#8211; Ng\u01b0\u1eddi ch\u01a1i th\u1ec3 thao hay v\u1eadn \u0111\u1ed9ng vi\u00ean chuy\u00ean nghi\u1ec7p<\/p>\n<p dir=\"ltr\">&#8211; Ng\u01b0\u1eddi l\u00e0m vi\u1ec7c v\u0103n ph\u00f2ng, g\u00f5 m\u00e1y t\u00ednh nhi\u1ec1u ho\u1eb7c d\u00f9ng tay n\u00e2ng v\u1eadt n\u1eb7ng<\/p>\n<p dir=\"ltr\">&#8211; Ng\u01b0\u1eddi cao huy\u1ebft \u00e1p, huy\u1ebft \u00e1p kh\u00f4ng \u1ed5n \u0111\u1ecbnh<\/p>\n<p dir=\"ltr\">&#8211; Ng\u01b0\u1eddi m\u1ea5t ng\u1ee7, kh\u00f3 ng\u1ee7 hay gi\u1ea5c ng\u1ee7 kh\u00f4ng s\u00e2u.<a href=\"https:\/\/www.phivutabletennis.com\/wp-content\/uploads\/2023\/06\/54.jpeg\"><img loading=\"lazy\" decoding=\"async\" class=\"alignnone size-full wp-image-2155\" src=\"https:\/\/www.phivutabletennis.com\/wp-content\/uploads\/2023\/06\/54.jpeg\" alt=\"\" width=\"1521\" height=\"1044\" srcset=\"https:\/\/www.phivutabletennis.com\/wp-content\/uploads\/2023\/06\/54.jpeg 1521w, https:\/\/www.phivutabletennis.com\/wp-content\/uploads\/2023\/06\/54-600x412.jpeg 600w, https:\/\/www.phivutabletennis.com\/wp-content\/uploads\/2023\/06\/54-300x206.jpeg 300w, https:\/\/www.phivutabletennis.com\/wp-content\/uploads\/2023\/06\/54-1024x703.jpeg 1024w, https:\/\/www.phivutabletennis.com\/wp-content\/uploads\/2023\/06\/54-768x527.jpeg 768w\" sizes=\"auto, (max-width: 1521px) 100vw, 1521px\" \/><\/a> <a href=\"https:\/\/www.phivutabletennis.com\/wp-content\/uploads\/2023\/06\/55.jpeg\"><img loading=\"lazy\" decoding=\"async\" class=\"alignnone size-full wp-image-2156\" src=\"https:\/\/www.phivutabletennis.com\/wp-content\/uploads\/2023\/06\/55.jpeg\" alt=\"\" width=\"1517\" height=\"1221\" srcset=\"https:\/\/www.phivutabletennis.com\/wp-content\/uploads\/2023\/06\/55.jpeg 1517w, https:\/\/www.phivutabletennis.com\/wp-content\/uploads\/2023\/06\/55-600x483.jpeg 600w, https:\/\/www.phivutabletennis.com\/wp-content\/uploads\/2023\/06\/55-300x241.jpeg 300w, https:\/\/www.phivutabletennis.com\/wp-content\/uploads\/2023\/06\/55-1024x824.jpeg 1024w, https:\/\/www.phivutabletennis.com\/wp-content\/uploads\/2023\/06\/55-768x618.jpeg 768w\" sizes=\"auto, (max-width: 1517px) 100vw, 1517px\" \/><\/a><\/p>\n","protected":false},"excerpt":{"rendered":"<p>V\u00f2ng \u0111eo tay c\u1ee7a Phiten \u0111\u01b0\u1ee3c l\u00e0m t\u1eeb 100% Titan nguy\u00ean ch\u1ea5t v\u1edbi l\u1edbp ph\u1ee7 Titan \u0111\u01b0\u1ee3c ph\u1ee7 Carbon. L\u00e0 v\u00f2ng \u0111eo tay ki\u1ec3u chu\u1ed7i si\u00eau nh\u1eb9, ch\u1ed1ng \u0103n m\u00f2n mang phong c\u00e1ch thi\u1ebft k\u1ebf c\u1ed5 \u0111i\u1ec3n. \u0110\u1eb7c \u0111i\u1ec3m: &#8211; \u0110\u01b0\u1ee3c l\u00e0m t\u1eeb 100% titan nguy\u00ean ch\u1ea5t. &#8211; L\u1edbp ph\u1ee7 titan carbon. &#8211; Nh\u1eb9 v\u00e0 [&hellip;]<\/p>\n","protected":false},"featured_media":2152,"comment_status":"open","ping_status":"closed","template":"","meta":{"_eb_attr":""},"product_cat":[92,113],"product_tag":[],"class_list":["post-2151","product","type-product","status-publish","has-post-thumbnail","hentry","product_cat-phiten","product_cat-vong-tay"],"_links":{"self":[{"href":"https:\/\/www.phivutabletennis.com\/index.php\/wp-json\/wp\/v2\/product\/2151","targetHints":{"allow":["GET"]}}],"collection":[{"href":"https:\/\/www.phivutabletennis.com\/index.php\/wp-json\/wp\/v2\/product"}],"about":[{"href":"https:\/\/www.phivutabletennis.com\/index.php\/wp-json\/wp\/v2\/types\/product"}],"replies":[{"embeddable":true,"href":"https:\/\/www.phivutabletennis.com\/index.php\/wp-json\/wp\/v2\/comments?post=2151"}],"wp:featuredmedia":[{"embeddable":true,"href":"https:\/\/www.phivutabletennis.com\/index.php\/wp-json\/wp\/v2\/media\/2152"}],"wp:attachment":[{"href":"https:\/\/www.phivutabletennis.com\/index.php\/wp-json\/wp\/v2\/media?parent=2151"}],"wp:term":[{"taxonomy":"product_cat","embeddable":true,"href":"https:\/\/www.phivutabletennis.com\/index.php\/wp-json\/wp\/v2\/product_cat?post=2151"},{"taxonomy":"product_tag","embeddable":true,"href":"https:\/\/www.phivutabletennis.com\/index.php\/wp-json\/wp\/v2\/product_tag?post=2151"}],"curies":[{"name":"wp","href":"https:\/\/api.w.org\/{rel}","templated":true}]}}