{"id":2164,"date":"2023-06-21T23:45:56","date_gmt":"2023-06-21T16:45:56","guid":{"rendered":"https:\/\/www.phivutabletennis.com\/?post_type=product&#038;p=2164"},"modified":"2023-06-21T23:45:57","modified_gmt":"2023-06-21T16:45:57","slug":"vong-tay-phiten-titanium-bracelet-hard-coat-metax-slim","status":"publish","type":"product","link":"https:\/\/www.phivutabletennis.com\/index.php\/product\/vong-tay-phiten-titanium-bracelet-hard-coat-metax-slim\/","title":{"rendered":"V\u00f2ng Tay PHITEN TITANIUM BRACELET HARD COAT METAX (SLIM)"},"content":{"rendered":"<p>V\u00f2ng tay Titan nguy\u00ean ch\u1ea5t v\u1edbi c\u00f4ng ngh\u1ec7 Metax. \u0110\u1ec9nh cao s\u1ee9c kh\u1ecfe v\u00e0 th\u1eddi trang!<br \/>\nV\u1edbi v\u1ebb ngo\u00e0i trung t\u00ednh c\u1ee7a titan s\u1ebd ph\u00f9 h\u1ee3p b\u1ea5t c\u1ee9 d\u1ecbp n\u00e0o v\u1edbi v\u00f2ng \u0111eo tay n\u00e0y. \u0110eo n\u00f3 v\u1edbi phong c\u00e1ch t\u1ea1i n\u01a1i l\u00e0m vi\u1ec7c ho\u1eb7c trong khi ch\u01a1i th\u1ec3 thao mang l\u1ea1i l\u1ee3i \u00edch c\u1ea3i thi\u1ec7n hi\u1ec7u su\u1ea5t c\u0169ng nh\u01b0 lo\u1ea1i b\u1ecf \u0111au c\u01a1.<br \/>\nCh\u1ea5t li\u1ec7u: Th\u00e2n (Titanium), Ph\u1ea7n v\u00f2ng (Polyurethane)<\/p>\n<p><strong>G\u1ee3i \u00fd s\u1eed d\u1ee5ng<\/strong><br \/>\nGi\u00fap gi\u1ea3m b\u1edbt c\u0103ng th\u1eb3ng li\u00ean t\u1ee5c.<br \/>\nGi\u00fap c\u1ea3i thi\u1ec7n l\u01b0u th\u00f4ng m\u00e1u.<br \/>\nT\u0103ng c\u01b0\u1eddng s\u1ee9c m\u1ea1nh v\u00e0 t\u00ednh linh ho\u1ea1t.<br \/>\nGi\u00fap gi\u1ea3m \u0111au.<br \/>\nTuy\u1ec7t v\u1eddi cho th\u1ec3 thao ho\u1eb7c c\u00e1c ho\u1ea1t \u0111\u1ed9ng h\u00e0ng ng\u00e0y.<br \/>\nGi\u00fap th\u01b0 gi\u00e3n c\u01a1 b\u1eafp c\u1ee9ng.<br \/>\nTh\u00edch h\u1ee3p cho c\u1ea3 nam v\u00e0 n\u1eef.<\/p>\n<p><strong>H\u01b0\u1edbng d\u1eabn s\u1eed d\u1ee5ng<\/strong>: v\u1ec7 sinh v\u1edbi m\u1ed9t \u00edt x\u00e0 ph\u00f2ng<\/p>\n<p><strong>B\u1ea3o h\u00e0nh:<\/strong>\u00a01 n\u0103m<\/p>\n<p><strong>S\u1ea3n xu\u1ea5t t\u1ea1i Nh\u1eadt B\u1ea3n<\/strong><\/p>\n<p dir=\"ltr\"><strong>\u0110\u1ed1i t\u01b0\u1ee3ng s\u1eed d\u1ee5ng:<\/strong><\/p>\n<p dir=\"ltr\">&#8211; Ph\u00f9 h\u1ee3p cho m\u1ecdi l\u1ee9a tu\u1ed5i<\/p>\n<p dir=\"ltr\">&#8211; Ng\u01b0\u1eddi ch\u01a1i th\u1ec3 thao hay v\u1eadn \u0111\u1ed9ng vi\u00ean chuy\u00ean nghi\u1ec7p<\/p>\n<p dir=\"ltr\">&#8211; Ng\u01b0\u1eddi l\u00e0m vi\u1ec7c v\u0103n ph\u00f2ng, g\u00f5 m\u00e1y t\u00ednh nhi\u1ec1u ho\u1eb7c d\u00f9ng tay n\u00e2ng v\u1eadt n\u1eb7ng<\/p>\n<p dir=\"ltr\">&#8211; Ng\u01b0\u1eddi cao huy\u1ebft \u00e1p, huy\u1ebft \u00e1p kh\u00f4ng \u1ed5n \u0111\u1ecbnh<\/p>\n<p dir=\"ltr\">&#8211; Ng\u01b0\u1eddi m\u1ea5t ng\u1ee7, kh\u00f3 ng\u1ee7 hay gi\u1ea5c ng\u1ee7 kh\u00f4ng s\u00e2u.<a href=\"https:\/\/www.phivutabletennis.com\/wp-content\/uploads\/2023\/06\/65.jpeg\"><img loading=\"lazy\" decoding=\"async\" class=\"alignnone size-full wp-image-2168\" src=\"https:\/\/www.phivutabletennis.com\/wp-content\/uploads\/2023\/06\/65.jpeg\" alt=\"\" width=\"896\" height=\"762\" srcset=\"https:\/\/www.phivutabletennis.com\/wp-content\/uploads\/2023\/06\/65.jpeg 896w, https:\/\/www.phivutabletennis.com\/wp-content\/uploads\/2023\/06\/65-600x510.jpeg 600w, https:\/\/www.phivutabletennis.com\/wp-content\/uploads\/2023\/06\/65-300x255.jpeg 300w, https:\/\/www.phivutabletennis.com\/wp-content\/uploads\/2023\/06\/65-768x653.jpeg 768w\" sizes=\"auto, (max-width: 896px) 100vw, 896px\" \/><\/a> <a href=\"https:\/\/www.phivutabletennis.com\/wp-content\/uploads\/2023\/06\/67.jpeg\"><img loading=\"lazy\" decoding=\"async\" class=\"alignnone size-full wp-image-2170\" src=\"https:\/\/www.phivutabletennis.com\/wp-content\/uploads\/2023\/06\/67.jpeg\" alt=\"\" width=\"896\" height=\"1282\" srcset=\"https:\/\/www.phivutabletennis.com\/wp-content\/uploads\/2023\/06\/67.jpeg 896w, https:\/\/www.phivutabletennis.com\/wp-content\/uploads\/2023\/06\/67-600x858.jpeg 600w, https:\/\/www.phivutabletennis.com\/wp-content\/uploads\/2023\/06\/67-210x300.jpeg 210w, https:\/\/www.phivutabletennis.com\/wp-content\/uploads\/2023\/06\/67-716x1024.jpeg 716w, https:\/\/www.phivutabletennis.com\/wp-content\/uploads\/2023\/06\/67-768x1099.jpeg 768w\" sizes=\"auto, (max-width: 896px) 100vw, 896px\" \/><\/a> <a href=\"https:\/\/www.phivutabletennis.com\/wp-content\/uploads\/2023\/06\/69.jpeg\"><img loading=\"lazy\" decoding=\"async\" class=\"alignnone size-full wp-image-2172\" src=\"https:\/\/www.phivutabletennis.com\/wp-content\/uploads\/2023\/06\/69.jpeg\" alt=\"\" width=\"896\" height=\"678\" srcset=\"https:\/\/www.phivutabletennis.com\/wp-content\/uploads\/2023\/06\/69.jpeg 896w, https:\/\/www.phivutabletennis.com\/wp-content\/uploads\/2023\/06\/69-600x454.jpeg 600w, https:\/\/www.phivutabletennis.com\/wp-content\/uploads\/2023\/06\/69-300x227.jpeg 300w, https:\/\/www.phivutabletennis.com\/wp-content\/uploads\/2023\/06\/69-768x581.jpeg 768w\" sizes=\"auto, (max-width: 896px) 100vw, 896px\" \/><\/a> <a href=\"https:\/\/www.phivutabletennis.com\/wp-content\/uploads\/2023\/06\/70.jpeg\"><img loading=\"lazy\" decoding=\"async\" class=\"alignnone size-full wp-image-2173\" src=\"https:\/\/www.phivutabletennis.com\/wp-content\/uploads\/2023\/06\/70.jpeg\" alt=\"\" width=\"896\" height=\"592\" srcset=\"https:\/\/www.phivutabletennis.com\/wp-content\/uploads\/2023\/06\/70.jpeg 896w, https:\/\/www.phivutabletennis.com\/wp-content\/uploads\/2023\/06\/70-600x396.jpeg 600w, https:\/\/www.phivutabletennis.com\/wp-content\/uploads\/2023\/06\/70-300x198.jpeg 300w, https:\/\/www.phivutabletennis.com\/wp-content\/uploads\/2023\/06\/70-768x507.jpeg 768w\" sizes=\"auto, (max-width: 896px) 100vw, 896px\" \/><\/a><\/p>\n","protected":false},"excerpt":{"rendered":"<p>V\u00f2ng tay Titan nguy\u00ean ch\u1ea5t v\u1edbi c\u00f4ng ngh\u1ec7 Metax. \u0110\u1ec9nh cao s\u1ee9c kh\u1ecfe v\u00e0 th\u1eddi trang! V\u1edbi v\u1ebb ngo\u00e0i trung t\u00ednh c\u1ee7a titan s\u1ebd ph\u00f9 h\u1ee3p b\u1ea5t c\u1ee9 d\u1ecbp n\u00e0o v\u1edbi v\u00f2ng \u0111eo tay n\u00e0y. \u0110eo n\u00f3 v\u1edbi phong c\u00e1ch t\u1ea1i n\u01a1i l\u00e0m vi\u1ec7c ho\u1eb7c trong khi ch\u01a1i th\u1ec3 thao mang l\u1ea1i l\u1ee3i \u00edch c\u1ea3i [&hellip;]<\/p>\n","protected":false},"featured_media":2165,"comment_status":"open","ping_status":"closed","template":"","meta":{"_eb_attr":""},"product_cat":[92,113],"product_tag":[],"class_list":["post-2164","product","type-product","status-publish","has-post-thumbnail","hentry","product_cat-phiten","product_cat-vong-tay"],"_links":{"self":[{"href":"https:\/\/www.phivutabletennis.com\/index.php\/wp-json\/wp\/v2\/product\/2164","targetHints":{"allow":["GET"]}}],"collection":[{"href":"https:\/\/www.phivutabletennis.com\/index.php\/wp-json\/wp\/v2\/product"}],"about":[{"href":"https:\/\/www.phivutabletennis.com\/index.php\/wp-json\/wp\/v2\/types\/product"}],"replies":[{"embeddable":true,"href":"https:\/\/www.phivutabletennis.com\/index.php\/wp-json\/wp\/v2\/comments?post=2164"}],"wp:featuredmedia":[{"embeddable":true,"href":"https:\/\/www.phivutabletennis.com\/index.php\/wp-json\/wp\/v2\/media\/2165"}],"wp:attachment":[{"href":"https:\/\/www.phivutabletennis.com\/index.php\/wp-json\/wp\/v2\/media?parent=2164"}],"wp:term":[{"taxonomy":"product_cat","embeddable":true,"href":"https:\/\/www.phivutabletennis.com\/index.php\/wp-json\/wp\/v2\/product_cat?post=2164"},{"taxonomy":"product_tag","embeddable":true,"href":"https:\/\/www.phivutabletennis.com\/index.php\/wp-json\/wp\/v2\/product_tag?post=2164"}],"curies":[{"name":"wp","href":"https:\/\/api.w.org\/{rel}","templated":true}]}}