{"id":2193,"date":"2023-06-21T23:53:21","date_gmt":"2023-06-21T16:53:21","guid":{"rendered":"https:\/\/www.phivutabletennis.com\/?post_type=product&#038;p=2193"},"modified":"2023-06-21T23:53:21","modified_gmt":"2023-06-21T16:53:21","slug":"vong-tay-phiten-rakuwa-bracelet-extreme-cross","status":"publish","type":"product","link":"https:\/\/www.phivutabletennis.com\/index.php\/product\/vong-tay-phiten-rakuwa-bracelet-extreme-cross\/","title":{"rendered":"V\u00f2ng Tay PHITEN RAKUWA BRACELET EXTREME CROSS"},"content":{"rendered":"<p><strong>M\u00f4 t\u1ea3 s\u1ea3n ph\u1ea9m:<\/strong><br \/>\nThi\u1ebft k\u1ebf th\u1ec3 thao v\u1edbi b\u1ea3n logo s\u1eafc n\u00e9t! C\u00e1c b\u1ea3n ch\u1ee9a logo EXTREME \u0111\u01b0\u1ee3c s\u1eafp x\u1ebfp c\u00e1 t\u00ednh. Ch\u1ed1ng n\u01b0\u1edbc t\u1ed1t.V\u1edbi C\u00f4ng ngh\u1ec7 Metax, V\u00f2ng \u0111eo tay Rakuwa thu h\u00fat r\u1ea5t nhi\u1ec1u v\u1eadn \u0111\u1ed9ng vi\u00ean, nh\u01b0 nh\u1eefng ng\u01b0\u1eddi ch\u01a1i g\u00f4n v\u00e0 v\u1eadn \u0111\u1ed9ng vi\u00ean b\u00f3ng ch\u00e0y qu\u1ed1c t\u1ebf, v\u00ec n\u00f3 gi\u00fap gi\u1ea3m \u0111au v\u00e0 t\u0103ng c\u01b0\u1eddng s\u1ee9c m\u1ea1nh c\u0169ng nh\u01b0 t\u00ednh linh ho\u1ea1t.N\u1ebfu b\u1ea1n l\u00e0m vi\u1ec7c v\u0103n ph\u00f2ng &#8211; g\u00f5 m\u00e1y t\u00ednh c\u1ea3 ng\u00e0y &#8211; ho\u1eb7c c\u00f4ng vi\u1ec7c ph\u1ea3i d\u00f9ng tay n\u00e2ng v\u00e1c th\u00ec ph\u1ea7n th\u00e2n tr\u00ean ph\u1ea3i ch\u1ecbu s\u1ee9c c\u0103ng li\u00ean t\u1ee5c. V\u00f2ng \u0111eo tay Rakuwa gi\u00fap \u0111\u1ed1i ph\u00f3 v\u1edbi nh\u1eefng \u1ea3nh h\u01b0\u1edfng c\u1ee7a c\u0103ng th\u1eb3ng th\u1ec3 ch\u1ea5t h\u00e0ng ng\u00e0y \u0111\u00f3.<br \/>\nCh\u1ea5t li\u1ec7u: Th\u00e2n (Silicone), B\u1ea3n (Polycarbonate).<\/p>\n<p><strong>C\u00f4ng ngh\u1ec7 :<\/strong>\u00a0Metax<\/p>\n<p><strong>C\u00f4ng d\u1ee5ng :<\/strong><br \/>\n&#8211; Gi\u00fap gi\u1ea3m b\u1edbt c\u0103ng th\u1eb3ng li\u00ean t\u1ee5c.<br \/>\n&#8211; Gi\u00fap c\u1ea3i thi\u1ec7n l\u01b0u th\u00f4ng m\u00e1u.<br \/>\n&#8211; T\u0103ng c\u01b0\u1eddng s\u1ee9c m\u1ea1nh v\u00e0 t\u00ednh linh ho\u1ea1t<br \/>\n&#8211; Gi\u00fap gi\u1ea3m \u0111au v\u00e0 ph\u1ee5c h\u1ed3i s\u1ee9c kh\u1ecfe t\u1ed5ng th\u1ec3 c\u1ee7a b\u1ea1n.<br \/>\n&#8211; Gi\u00fap th\u01b0 gi\u00e3n c\u01a1 b\u1eafp b\u1ecb c\u0103ng c\u1ee9ng.<br \/>\nL\u01b0u \u00fd : Khuy\u1ebfn kh\u00edch \u0111eo m\u1ed7i ng\u00e0y<\/p>\n<p>K\u00edch th\u01b0\u1edbc : 16 cm &amp; 18cm<br \/>\nM\u00e0u s\u1eafc : \u0110en\/\u0111\u1ecf<br \/>\nXu\u1ea5t x\u1ee9 : Philippine<br \/>\nTh\u01b0\u01a1ng hi\u1ec7u : Phiten<\/p>\n<p dir=\"ltr\"><strong>\u0110\u1ed1i t\u01b0\u1ee3ng s\u1eed d\u1ee5ng:<\/strong><\/p>\n<p dir=\"ltr\">&#8211; Ph\u00f9 h\u1ee3p cho m\u1ecdi l\u1ee9a tu\u1ed5i<\/p>\n<p dir=\"ltr\">&#8211; Ng\u01b0\u1eddi ch\u01a1i th\u1ec3 thao hay v\u1eadn \u0111\u1ed9ng vi\u00ean chuy\u00ean nghi\u1ec7p<\/p>\n<p dir=\"ltr\">&#8211; Ng\u01b0\u1eddi l\u00e0m vi\u1ec7c v\u0103n ph\u00f2ng, g\u00f5 m\u00e1y t\u00ednh nhi\u1ec1u ho\u1eb7c d\u00f9ng tay n\u00e2ng v\u1eadt n\u1eb7ng<\/p>\n<p dir=\"ltr\">&#8211; Ng\u01b0\u1eddi cao huy\u1ebft \u00e1p, huy\u1ebft \u00e1p kh\u00f4ng \u1ed5n \u0111\u1ecbnh<\/p>\n<p dir=\"ltr\">&#8211; Ng\u01b0\u1eddi m\u1ea5t ng\u1ee7, kh\u00f3 ng\u1ee7 hay gi\u1ea5c ng\u1ee7 kh\u00f4ng s\u00e2u.<a href=\"https:\/\/www.phivutabletennis.com\/wp-content\/uploads\/2023\/06\/75.jpeg\"><img loading=\"lazy\" decoding=\"async\" class=\"alignnone size-full wp-image-2179\" src=\"https:\/\/www.phivutabletennis.com\/wp-content\/uploads\/2023\/06\/75.jpeg\" alt=\"\" width=\"896\" height=\"523\" srcset=\"https:\/\/www.phivutabletennis.com\/wp-content\/uploads\/2023\/06\/75.jpeg 896w, https:\/\/www.phivutabletennis.com\/wp-content\/uploads\/2023\/06\/75-600x350.jpeg 600w, https:\/\/www.phivutabletennis.com\/wp-content\/uploads\/2023\/06\/75-300x175.jpeg 300w, https:\/\/www.phivutabletennis.com\/wp-content\/uploads\/2023\/06\/75-768x448.jpeg 768w\" sizes=\"auto, (max-width: 896px) 100vw, 896px\" \/><\/a> <a href=\"https:\/\/www.phivutabletennis.com\/wp-content\/uploads\/2023\/06\/93.jpeg\"><img loading=\"lazy\" decoding=\"async\" class=\"alignnone size-full wp-image-2197\" src=\"https:\/\/www.phivutabletennis.com\/wp-content\/uploads\/2023\/06\/93.jpeg\" alt=\"\" width=\"896\" height=\"440\" srcset=\"https:\/\/www.phivutabletennis.com\/wp-content\/uploads\/2023\/06\/93.jpeg 896w, https:\/\/www.phivutabletennis.com\/wp-content\/uploads\/2023\/06\/93-600x295.jpeg 600w, https:\/\/www.phivutabletennis.com\/wp-content\/uploads\/2023\/06\/93-300x147.jpeg 300w, https:\/\/www.phivutabletennis.com\/wp-content\/uploads\/2023\/06\/93-768x377.jpeg 768w\" sizes=\"auto, (max-width: 896px) 100vw, 896px\" \/><\/a> <a href=\"https:\/\/www.phivutabletennis.com\/wp-content\/uploads\/2023\/06\/94.jpeg\"><img loading=\"lazy\" decoding=\"async\" class=\"alignnone size-full wp-image-2198\" src=\"https:\/\/www.phivutabletennis.com\/wp-content\/uploads\/2023\/06\/94.jpeg\" alt=\"\" width=\"896\" height=\"730\" srcset=\"https:\/\/www.phivutabletennis.com\/wp-content\/uploads\/2023\/06\/94.jpeg 896w, https:\/\/www.phivutabletennis.com\/wp-content\/uploads\/2023\/06\/94-600x489.jpeg 600w, https:\/\/www.phivutabletennis.com\/wp-content\/uploads\/2023\/06\/94-300x244.jpeg 300w, https:\/\/www.phivutabletennis.com\/wp-content\/uploads\/2023\/06\/94-768x626.jpeg 768w\" sizes=\"auto, (max-width: 896px) 100vw, 896px\" \/><\/a> <a href=\"https:\/\/www.phivutabletennis.com\/wp-content\/uploads\/2023\/06\/95.jpeg\"><img loading=\"lazy\" decoding=\"async\" class=\"alignnone size-full wp-image-2199\" src=\"https:\/\/www.phivutabletennis.com\/wp-content\/uploads\/2023\/06\/95.jpeg\" alt=\"\" width=\"896\" height=\"440\" srcset=\"https:\/\/www.phivutabletennis.com\/wp-content\/uploads\/2023\/06\/95.jpeg 896w, https:\/\/www.phivutabletennis.com\/wp-content\/uploads\/2023\/06\/95-600x295.jpeg 600w, https:\/\/www.phivutabletennis.com\/wp-content\/uploads\/2023\/06\/95-300x147.jpeg 300w, https:\/\/www.phivutabletennis.com\/wp-content\/uploads\/2023\/06\/95-768x377.jpeg 768w\" sizes=\"auto, (max-width: 896px) 100vw, 896px\" \/><\/a> <a href=\"https:\/\/www.phivutabletennis.com\/wp-content\/uploads\/2023\/06\/96.jpeg\"><img loading=\"lazy\" decoding=\"async\" class=\"alignnone size-full wp-image-2200\" src=\"https:\/\/www.phivutabletennis.com\/wp-content\/uploads\/2023\/06\/96.jpeg\" alt=\"\" width=\"896\" height=\"697\" srcset=\"https:\/\/www.phivutabletennis.com\/wp-content\/uploads\/2023\/06\/96.jpeg 896w, https:\/\/www.phivutabletennis.com\/wp-content\/uploads\/2023\/06\/96-600x467.jpeg 600w, https:\/\/www.phivutabletennis.com\/wp-content\/uploads\/2023\/06\/96-300x233.jpeg 300w, https:\/\/www.phivutabletennis.com\/wp-content\/uploads\/2023\/06\/96-768x597.jpeg 768w\" sizes=\"auto, (max-width: 896px) 100vw, 896px\" \/><\/a><\/p>\n","protected":false},"excerpt":{"rendered":"<p>M\u00f4 t\u1ea3 s\u1ea3n ph\u1ea9m: Thi\u1ebft k\u1ebf th\u1ec3 thao v\u1edbi b\u1ea3n logo s\u1eafc n\u00e9t! C\u00e1c b\u1ea3n ch\u1ee9a logo EXTREME \u0111\u01b0\u1ee3c s\u1eafp x\u1ebfp c\u00e1 t\u00ednh. Ch\u1ed1ng n\u01b0\u1edbc t\u1ed1t.V\u1edbi C\u00f4ng ngh\u1ec7 Metax, V\u00f2ng \u0111eo tay Rakuwa thu h\u00fat r\u1ea5t nhi\u1ec1u v\u1eadn \u0111\u1ed9ng vi\u00ean, nh\u01b0 nh\u1eefng ng\u01b0\u1eddi ch\u01a1i g\u00f4n v\u00e0 v\u1eadn \u0111\u1ed9ng vi\u00ean b\u00f3ng ch\u00e0y qu\u1ed1c t\u1ebf, v\u00ec n\u00f3 [&hellip;]<\/p>\n","protected":false},"featured_media":2194,"comment_status":"open","ping_status":"closed","template":"","meta":{"_eb_attr":""},"product_cat":[92,113],"product_tag":[],"class_list":["post-2193","product","type-product","status-publish","has-post-thumbnail","hentry","product_cat-phiten","product_cat-vong-tay"],"_links":{"self":[{"href":"https:\/\/www.phivutabletennis.com\/index.php\/wp-json\/wp\/v2\/product\/2193","targetHints":{"allow":["GET"]}}],"collection":[{"href":"https:\/\/www.phivutabletennis.com\/index.php\/wp-json\/wp\/v2\/product"}],"about":[{"href":"https:\/\/www.phivutabletennis.com\/index.php\/wp-json\/wp\/v2\/types\/product"}],"replies":[{"embeddable":true,"href":"https:\/\/www.phivutabletennis.com\/index.php\/wp-json\/wp\/v2\/comments?post=2193"}],"wp:featuredmedia":[{"embeddable":true,"href":"https:\/\/www.phivutabletennis.com\/index.php\/wp-json\/wp\/v2\/media\/2194"}],"wp:attachment":[{"href":"https:\/\/www.phivutabletennis.com\/index.php\/wp-json\/wp\/v2\/media?parent=2193"}],"wp:term":[{"taxonomy":"product_cat","embeddable":true,"href":"https:\/\/www.phivutabletennis.com\/index.php\/wp-json\/wp\/v2\/product_cat?post=2193"},{"taxonomy":"product_tag","embeddable":true,"href":"https:\/\/www.phivutabletennis.com\/index.php\/wp-json\/wp\/v2\/product_tag?post=2193"}],"curies":[{"name":"wp","href":"https:\/\/api.w.org\/{rel}","templated":true}]}}