{"id":2201,"date":"2023-06-21T23:55:52","date_gmt":"2023-06-21T16:55:52","guid":{"rendered":"https:\/\/www.phivutabletennis.com\/?post_type=product&#038;p=2201"},"modified":"2023-06-21T23:55:53","modified_gmt":"2023-06-21T16:55:53","slug":"vong-tay-phiten-rakuwa-bracelet-metax-crystal-touch","status":"publish","type":"product","link":"https:\/\/www.phivutabletennis.com\/index.php\/product\/vong-tay-phiten-rakuwa-bracelet-metax-crystal-touch\/","title":{"rendered":"V\u00f2ng Tay PHITEN RAKUWA BRACELET METAX CRYSTAL TOUCH"},"content":{"rendered":"<p><strong>M\u00f4 t\u1ea3 s\u1ea3n ph\u1ea9m:<\/strong><br \/>\nV\u1ebb \u0111\u1eb9p nh\u01b0 m\u1ed9t vi\u00ean \u0111\u00e1 t\u1ef1 nhi\u00ean.<br \/>\nM\u1ed9t chi\u1ebfc v\u00f2ng tay n\u0103ng l\u01b0\u1ee3ng cao \u0111\u1ea7y m\u00e0u s\u1eafc v\u1edbi Metax.<br \/>\nT\u1eebng v\u00e2n \u0111\u00e1 hoa c\u01b0\u01a1ng v\u1edbi nh\u1eefng bi\u1ec3u hi\u1ec7n kh\u00e1c nhau \u0111\u01b0\u1ee3c \u1ee9ng d\u1ee5ng t\u1ea1o n\u00ean c\u1ea3m gi\u00e1c sang tr\u1ecdng nh\u01b0 \u0111\u00e1 t\u1ef1 nhi\u00ean.<br \/>\nV\u00ec n\u00f3 s\u1eed d\u1ee5ng ch\u1ea5t li\u1ec7u acrylic nh\u1eb9 nh\u00e0ng tr\u00ean da v\u00e0 c\u00f3 kh\u1ea3 n\u0103ng ch\u1ed1ng th\u1ea5m n\u01b0\u1edbc, n\u00f3 kh\u00f4ng ch\u1ec9 \u0111\u01b0\u1ee3c khuy\u1ebfn kh\u00edch s\u1eed d\u1ee5ng h\u00e0ng ng\u00e0y m\u00e0 c\u00f2n cho th\u1ec3 thao.<br \/>\n<strong>Ch\u1ea5t li\u1ec7u:<\/strong><br \/>\nC\u00e1c h\u1ea1t acrylic c\u1ea9m th\u1ea1ch \u0111\u01b0\u1ee3c thi\u1ebft k\u1ebf tinh t\u1ebf nh\u01b0 c\u00e1c vi\u00ean \u0111\u00e1 t\u1ef1 nhi\u00ean. Tuy nhi\u00ean, ch\u00fang nh\u1eb9 v\u00e0 th\u00e2n thi\u1ec7n v\u1edbi da, Metax Crystal Touch s\u1ebd l\u00e0 s\u1ef1 l\u1ef1a ch\u1ecdn ph\u00f9 h\u1ee3p \u0111\u1ec3 s\u1eed d\u1ee5ng h\u00e0ng ng\u00e0y ho\u1eb7c c\u00e1c ho\u1ea1t \u0111\u1ed9ng th\u1ec3 thao. V\u1edbi thi\u1ebft k\u1ebf d\u00e2y \u0111eo \u0111\u00e0n h\u1ed3i, chi\u1ebfc v\u00f2ng n\u00e0y d\u1ec5 d\u00e0ng \u0111eo v\u00e0o tay m\u00e0 kh\u00f4ng c\u1ea7n ph\u1ea3i thao t\u00e1c \u0111\u00f3ng m\u1edf. C\u00e1c vi\u00ean bi ri\u00eang l\u1ebb c\u1ee7a m\u1ed7i h\u1ea1t l\u00e0m cho m\u1ed7i chi\u1ebfc v\u00f2ng tay tr\u1edf n\u00ean \u0111\u1ed9c \u0111\u00e1o.<br \/>\n<strong>C\u00f4ng ngh\u1ec7: s<\/strong>\u1eed d\u1ee5ng c\u00f4ng ngh\u1ec7 Phiten metax.<br \/>\n<strong>C\u00f4ng d\u1ee5ng:<\/strong><br \/>\nGi\u00fap gi\u1ea3m b\u1edbt c\u0103ng th\u1eb3ng th\u01b0\u1eddng xuy\u00ean<br \/>\nGi\u00fap c\u1ea3i thi\u1ec7n l\u01b0u th\u00f4ng m\u00e1u<br \/>\nC\u1ea3i thi\u1ec7n l\u01b0u l\u01b0\u1ee3ng m\u00e1u v\u00e0 n\u00e2ng cao hi\u1ec7u su\u1ea5t<br \/>\nT\u0103ng c\u01b0\u1eddng s\u1ee9c m\u1ea1nh v\u00e0 s\u1ef1 linh ho\u1ea1t tr\u00ean b\u1eafp ch\u00e2n v\u00e0 b\u00e0n ch\u00e2n<br \/>\nGi\u00fap gi\u1ea3m \u0111au ho\u1eb7c nh\u1ee9c m\u1ecfi<br \/>\nTh\u00edch h\u1ee3p cho c\u00e1c ho\u1ea1t \u0111\u1ed9ng th\u1ec3 thao ho\u1eb7c h\u00e0ng ng\u00e0y<\/p>\n<p>Size: 16cm &amp; 18cm<br \/>\nM\u00e0u s\u1eafc: M\u00e0u \u0111en &amp; M\u00e0u \u0111\u1ecf<\/p>\n<p>L\u01b0u \u00fd:<br \/>\nC\u00f3 th\u1ec3 \u0111eo h\u00e0ng ng\u00e0y<br \/>\nV\u1edbi thi\u1ebft k\u1ebf d\u1ea1ng chu\u1ed7i c\u00f3 th\u1ec3 d\u1ec5 d\u00e0ng \u0111eo ho\u1eb7c th\u00e1o ra<br \/>\nGi\u1eb7t b\u1eb1ng tay \u0111\u1ec3 n\u01a1i tho\u00e1ng m\u00e1t<br \/>\nB\u1ea3o h\u00e0nh: 6 th\u00e1ng<br \/>\nTh\u01b0\u01a1ng hi\u1ec7u: Phiten<br \/>\nXu\u1ea5t x\u1ee9: Nh\u1eadt B\u1ea3n<\/p>\n<p dir=\"ltr\"><strong>\u0110\u1ed1i t\u01b0\u1ee3ng s\u1eed d\u1ee5ng:<\/strong><\/p>\n<p dir=\"ltr\">&#8211; Ph\u00f9 h\u1ee3p cho m\u1ecdi l\u1ee9a tu\u1ed5i<\/p>\n<p dir=\"ltr\">&#8211; Ng\u01b0\u1eddi ch\u01a1i th\u1ec3 thao hay v\u1eadn \u0111\u1ed9ng vi\u00ean chuy\u00ean nghi\u1ec7p<\/p>\n<p dir=\"ltr\">&#8211; Ng\u01b0\u1eddi l\u00e0m vi\u1ec7c v\u0103n ph\u00f2ng, g\u00f5 m\u00e1y t\u00ednh nhi\u1ec1u ho\u1eb7c d\u00f9ng tay n\u00e2ng v\u1eadt n\u1eb7ng<\/p>\n<p dir=\"ltr\">&#8211; Ng\u01b0\u1eddi cao huy\u1ebft \u00e1p, huy\u1ebft \u00e1p kh\u00f4ng \u1ed5n \u0111\u1ecbnh<\/p>\n<p dir=\"ltr\">&#8211; Ng\u01b0\u1eddi m\u1ea5t ng\u1ee7, kh\u00f3 ng\u1ee7 hay gi\u1ea5c ng\u1ee7 kh\u00f4ng s\u00e2u.<a href=\"https:\/\/www.phivutabletennis.com\/wp-content\/uploads\/2023\/06\/101.jpeg\"><img loading=\"lazy\" decoding=\"async\" class=\"alignnone size-full wp-image-2206\" src=\"https:\/\/www.phivutabletennis.com\/wp-content\/uploads\/2023\/06\/101.jpeg\" alt=\"\" width=\"730\" height=\"426\" srcset=\"https:\/\/www.phivutabletennis.com\/wp-content\/uploads\/2023\/06\/101.jpeg 730w, https:\/\/www.phivutabletennis.com\/wp-content\/uploads\/2023\/06\/101-600x350.jpeg 600w, https:\/\/www.phivutabletennis.com\/wp-content\/uploads\/2023\/06\/101-300x175.jpeg 300w\" sizes=\"auto, (max-width: 730px) 100vw, 730px\" \/><\/a> <a href=\"https:\/\/www.phivutabletennis.com\/wp-content\/uploads\/2023\/06\/102.jpeg\"><img loading=\"lazy\" decoding=\"async\" class=\"alignnone size-full wp-image-2207\" src=\"https:\/\/www.phivutabletennis.com\/wp-content\/uploads\/2023\/06\/102.jpeg\" alt=\"\" width=\"730\" height=\"524\" srcset=\"https:\/\/www.phivutabletennis.com\/wp-content\/uploads\/2023\/06\/102.jpeg 730w, https:\/\/www.phivutabletennis.com\/wp-content\/uploads\/2023\/06\/102-600x431.jpeg 600w, https:\/\/www.phivutabletennis.com\/wp-content\/uploads\/2023\/06\/102-300x215.jpeg 300w\" sizes=\"auto, (max-width: 730px) 100vw, 730px\" \/><\/a> <a href=\"https:\/\/www.phivutabletennis.com\/wp-content\/uploads\/2023\/06\/103.jpeg\"><img loading=\"lazy\" decoding=\"async\" class=\"alignnone size-full wp-image-2208\" src=\"https:\/\/www.phivutabletennis.com\/wp-content\/uploads\/2023\/06\/103.jpeg\" alt=\"\" width=\"730\" height=\"630\" srcset=\"https:\/\/www.phivutabletennis.com\/wp-content\/uploads\/2023\/06\/103.jpeg 730w, https:\/\/www.phivutabletennis.com\/wp-content\/uploads\/2023\/06\/103-600x518.jpeg 600w, https:\/\/www.phivutabletennis.com\/wp-content\/uploads\/2023\/06\/103-300x259.jpeg 300w\" sizes=\"auto, (max-width: 730px) 100vw, 730px\" \/><\/a> <a href=\"https:\/\/www.phivutabletennis.com\/wp-content\/uploads\/2023\/06\/104.jpeg\"><img loading=\"lazy\" decoding=\"async\" class=\"alignnone size-full wp-image-2209\" src=\"https:\/\/www.phivutabletennis.com\/wp-content\/uploads\/2023\/06\/104.jpeg\" alt=\"\" width=\"730\" height=\"516\" srcset=\"https:\/\/www.phivutabletennis.com\/wp-content\/uploads\/2023\/06\/104.jpeg 730w, https:\/\/www.phivutabletennis.com\/wp-content\/uploads\/2023\/06\/104-600x424.jpeg 600w, https:\/\/www.phivutabletennis.com\/wp-content\/uploads\/2023\/06\/104-300x212.jpeg 300w\" sizes=\"auto, (max-width: 730px) 100vw, 730px\" \/><\/a> <a href=\"https:\/\/www.phivutabletennis.com\/wp-content\/uploads\/2023\/06\/105.png\"><img loading=\"lazy\" decoding=\"async\" class=\"alignnone size-full wp-image-2210\" src=\"https:\/\/www.phivutabletennis.com\/wp-content\/uploads\/2023\/06\/105.png\" alt=\"\" width=\"730\" height=\"687\" srcset=\"https:\/\/www.phivutabletennis.com\/wp-content\/uploads\/2023\/06\/105.png 730w, https:\/\/www.phivutabletennis.com\/wp-content\/uploads\/2023\/06\/105-600x565.png 600w, https:\/\/www.phivutabletennis.com\/wp-content\/uploads\/2023\/06\/105-300x282.png 300w\" sizes=\"auto, (max-width: 730px) 100vw, 730px\" \/><\/a><\/p>\n","protected":false},"excerpt":{"rendered":"<p>M\u00f4 t\u1ea3 s\u1ea3n ph\u1ea9m: V\u1ebb \u0111\u1eb9p nh\u01b0 m\u1ed9t vi\u00ean \u0111\u00e1 t\u1ef1 nhi\u00ean. M\u1ed9t chi\u1ebfc v\u00f2ng tay n\u0103ng l\u01b0\u1ee3ng cao \u0111\u1ea7y m\u00e0u s\u1eafc v\u1edbi Metax. T\u1eebng v\u00e2n \u0111\u00e1 hoa c\u01b0\u01a1ng v\u1edbi nh\u1eefng bi\u1ec3u hi\u1ec7n kh\u00e1c nhau \u0111\u01b0\u1ee3c \u1ee9ng d\u1ee5ng t\u1ea1o n\u00ean c\u1ea3m gi\u00e1c sang tr\u1ecdng nh\u01b0 \u0111\u00e1 t\u1ef1 nhi\u00ean. V\u00ec n\u00f3 s\u1eed d\u1ee5ng ch\u1ea5t li\u1ec7u acrylic [&hellip;]<\/p>\n","protected":false},"featured_media":2202,"comment_status":"open","ping_status":"closed","template":"","meta":{"_eb_attr":""},"product_cat":[92,113],"product_tag":[],"class_list":["post-2201","product","type-product","status-publish","has-post-thumbnail","hentry","product_cat-phiten","product_cat-vong-tay"],"_links":{"self":[{"href":"https:\/\/www.phivutabletennis.com\/index.php\/wp-json\/wp\/v2\/product\/2201","targetHints":{"allow":["GET"]}}],"collection":[{"href":"https:\/\/www.phivutabletennis.com\/index.php\/wp-json\/wp\/v2\/product"}],"about":[{"href":"https:\/\/www.phivutabletennis.com\/index.php\/wp-json\/wp\/v2\/types\/product"}],"replies":[{"embeddable":true,"href":"https:\/\/www.phivutabletennis.com\/index.php\/wp-json\/wp\/v2\/comments?post=2201"}],"wp:featuredmedia":[{"embeddable":true,"href":"https:\/\/www.phivutabletennis.com\/index.php\/wp-json\/wp\/v2\/media\/2202"}],"wp:attachment":[{"href":"https:\/\/www.phivutabletennis.com\/index.php\/wp-json\/wp\/v2\/media?parent=2201"}],"wp:term":[{"taxonomy":"product_cat","embeddable":true,"href":"https:\/\/www.phivutabletennis.com\/index.php\/wp-json\/wp\/v2\/product_cat?post=2201"},{"taxonomy":"product_tag","embeddable":true,"href":"https:\/\/www.phivutabletennis.com\/index.php\/wp-json\/wp\/v2\/product_tag?post=2201"}],"curies":[{"name":"wp","href":"https:\/\/api.w.org\/{rel}","templated":true}]}}