{"id":2211,"date":"2023-06-21T23:57:41","date_gmt":"2023-06-21T16:57:41","guid":{"rendered":"https:\/\/www.phivutabletennis.com\/?post_type=product&#038;p=2211"},"modified":"2023-06-21T23:57:41","modified_gmt":"2023-06-21T16:57:41","slug":"vong-tay-phiten-rakuwa-x50-hybrid","status":"publish","type":"product","link":"https:\/\/www.phivutabletennis.com\/index.php\/product\/vong-tay-phiten-rakuwa-x50-hybrid\/","title":{"rendered":"V\u00f2ng Tay PHITEN RAKUWA X50 HYBRID"},"content":{"rendered":"<p>N\u1ebfu b\u1ea1n kh\u00f4ng th\u1ec3 quy\u1ebft \u0111\u1ecbnh gi\u1eefa v\u00f2ng \u0111eo tay ki\u1ec3u d\u00e1ng th\u1ec3 thao (silicone) v\u00e0 ki\u1ec3u d\u00e1ng th\u1eddi trang (s\u1ee3i v\u1ea3i). \u0110\u00e2y s\u1ebd l\u00e0 l\u1ef1a ch\u1ecdn c\u1ee7a b\u1ea1n &#8211; v\u00f2ng tay ki\u1ec3u d\u00e1ng Hybrid \u0111\u01b0\u1ee3c thi\u1ebft k\u1ebf d\u00e0nh cho nh\u1eefng ng\u01b0\u1eddi theo ch\u1ee7 ngh\u0129a t\u01b0\u01a1ng lai, \u01b0\u1edbc m\u01a1 v\u1ec1 nh\u1eefng c\u1ed5 m\u00e1y robot v\u00e0 chi\u1ebfc xe bay. Ch\u00fang t\u00f4i t\u1ea1o ra ki\u1ec3u d\u00e1ng Hybrid d\u1ef1a tr\u00ean ki\u1ec3u d\u00e1ng c\u1ed5 \u0111i\u1ec3n (d\u00e2y v\u1ea3i) v\u00e0 k\u1ebft h\u1ee3p v\u1edbi v\u1eadt li\u1ec7u silicone \u0111\u1ec3 t\u1ea1o ra n\u00e9t\u00a0hi\u1ec7n \u0111\u1ea1i \u1ea5n t\u01b0\u1ee3ng nh\u01b0 &#8220;m\u1ed9t s\u1ea3n ph\u1ea9m \u0111\u1ebfn t\u1eeb t\u01b0\u01a1ng lai&#8221;.<br \/>\nV\u1edbi c\u00f4ng ngh\u1ec7 AquaTitan g\u1ea5p 50 l\u1ea7n,Rakuwa Bracelet X50 Hybrid h\u1ea5p d\u1eabn r\u1ea5t nhi\u1ec1u v\u1eadn \u0111\u1ed9ng vi\u00ean nh\u01b0 nh\u1eefng ng\u01b0\u1eddi ch\u01a1i golf v\u00e0 b\u00f3ng ch\u00e0y qu\u1ed1c t\u1ebf v\u00ec n\u00f3 gi\u00fap gi\u1ea3m \u0111au, t\u0103ng c\u01b0\u1eddng s\u1ee9c m\u1ea1nh v\u00e0 s\u1ef1 linh ho\u1ea1t.<\/p>\n<p><strong>\u0110i\u1ec1u g\u00ec l\u00e0m cho v\u00f2ng \u0111eo tay n\u00e0y ph\u1ed5 bi\u1ebfn?<\/strong><br \/>\n<em>Gi\u00fap gi\u1ea3m b\u1edbt \u1ea3nh h\u01b0\u1edfng c\u1ee7a c\u0103ng th\u1eb3ng li\u00ean t\u1ee5c \u1edf c\u00e1nh tay, vai v\u00e0 tay.<\/em><br \/>\nV\u00f2ng \u0111eo tay Rakuwa X50 Hybrid l\u00e0 ph\u1ee5 ki\u1ec7n \u0111\u1eafc l\u1ef1c ph\u1ea3i c\u00f3 \u0111\u1ed1i v\u1edbi nhi\u1ec1u v\u1eadn \u0111\u1ed9ng vi\u00ean, nh\u01b0 nh\u1eefng ng\u01b0\u1eddi n\u00e9m b\u00f3ng ph\u1ea3i n\u00e9m b\u00f3ng nhi\u1ec1u l\u1ea7n ho\u1eb7c ng\u01b0\u1eddi ch\u01a1i tennis<br \/>\n<em>H\u1ed7 tr\u1ee3 gi\u1ea3m s\u1ef1 \u0111au \u0111\u1edbn, ki\u1ec7t s\u1ee9c v\u00e0 c\u1ee9ng c\u01a1<\/em><br \/>\nN\u1ebfu b\u1ea1n l\u00e0m vi\u1ec7c trong v\u0103n ph\u00f2ng\u00a0v\u00e0 ph\u1ea3i g\u00f5 m\u00e1y t\u00ednh c\u1ea3 ng\u00e0y ho\u1eb7c c\u00f4ng vi\u1ec7c ph\u1ea3i d\u00f9ng tay n\u00e2ng v\u00e1c v\u1eadt n\u1eb7ng nhi\u1ec1u v\u00e0 ph\u1ea7n th\u00e2n tr\u00ean ph\u1ea3i ch\u1ecbu\u00a0s\u1ee9c c\u0103ng\u00a0th\u00ec v\u00f2ng \u0111eo tay Rakuwa s\u1ebd gi\u00fap b\u1ea1n \u0111\u1ed1i ph\u00f3 v\u1edbi\u00a0\u1ea3nh h\u01b0\u1edfng c\u1ee7a c\u0103ng th\u1eb3ng th\u1ec3 ch\u1ea5t h\u00e0ng ng\u00e0y.<\/p>\n<p><strong>G\u1ee3i \u00fd s\u1eed d\u1ee5ng<\/strong><br \/>\nGi\u00fap gi\u1ea3m b\u1edbt c\u0103ng th\u1eb3ng li\u00ean t\u1ee5c.<br \/>\nGi\u00fap c\u1ea3i thi\u1ec7n l\u01b0u th\u00f4ng m\u00e1u.<br \/>\nT\u0103ng c\u01b0\u1eddng s\u1ee9c m\u1ea1nh v\u00e0 t\u00ednh linh ho\u1ea1t<br \/>\nGi\u00fap gi\u1ea3m \u0111au v\u00e0 ph\u1ee5c h\u1ed3i s\u1ee9c kh\u1ecfe t\u1ed5ng th\u1ec3 c\u1ee7a b\u1ea1n<br \/>\nGi\u00fap th\u01b0 gi\u00e3n c\u01a1 b\u1eafp c\u1ee9ng.<\/p>\n<p><strong>H\u01b0\u1edbng d\u1eabn s\u1eed dung<\/strong><br \/>\nC\u00f3 th\u1ec3 \u0111eo h\u00e0ng ng\u00e0y<br \/>\nGi\u1eb7t b\u1eb1ng tay v\u00e0 \u0111\u1ec3 \u1edf n\u01a1i tho\u00e1ng m\u00e1t<\/p>\n<p>S\u1ea3n xu\u1ea5t t\u1ea1i Nh\u1eadt B\u1ea3n<\/p>\n<p dir=\"ltr\"><strong>\u0110\u1ed1i t\u01b0\u1ee3ng s\u1eed d\u1ee5ng:<\/strong><\/p>\n<p dir=\"ltr\">&#8211; Ph\u00f9 h\u1ee3p cho m\u1ecdi l\u1ee9a tu\u1ed5i<\/p>\n<p dir=\"ltr\">&#8211; Ng\u01b0\u1eddi ch\u01a1i th\u1ec3 thao hay v\u1eadn \u0111\u1ed9ng vi\u00ean chuy\u00ean nghi\u1ec7p<\/p>\n<p dir=\"ltr\">&#8211; Ng\u01b0\u1eddi l\u00e0m vi\u1ec7c v\u0103n ph\u00f2ng, g\u00f5 m\u00e1y t\u00ednh nhi\u1ec1u ho\u1eb7c d\u00f9ng tay n\u00e2ng v\u1eadt n\u1eb7ng<\/p>\n<p dir=\"ltr\">&#8211; Ng\u01b0\u1eddi cao huy\u1ebft \u00e1p, huy\u1ebft \u00e1p kh\u00f4ng \u1ed5n \u0111\u1ecbnh<\/p>\n<p dir=\"ltr\">&#8211; Ng\u01b0\u1eddi m\u1ea5t ng\u1ee7, kh\u00f3 ng\u1ee7 hay gi\u1ea5c ng\u1ee7 kh\u00f4ng s\u00e2u.<a href=\"https:\/\/www.phivutabletennis.com\/wp-content\/uploads\/2023\/06\/110.jpeg\"><img loading=\"lazy\" decoding=\"async\" class=\"alignnone size-full wp-image-2216\" src=\"https:\/\/www.phivutabletennis.com\/wp-content\/uploads\/2023\/06\/110.jpeg\" alt=\"\" width=\"730\" height=\"350\" srcset=\"https:\/\/www.phivutabletennis.com\/wp-content\/uploads\/2023\/06\/110.jpeg 730w, https:\/\/www.phivutabletennis.com\/wp-content\/uploads\/2023\/06\/110-600x288.jpeg 600w, https:\/\/www.phivutabletennis.com\/wp-content\/uploads\/2023\/06\/110-300x144.jpeg 300w\" sizes=\"auto, (max-width: 730px) 100vw, 730px\" \/><\/a><\/p>\n","protected":false},"excerpt":{"rendered":"<p>N\u1ebfu b\u1ea1n kh\u00f4ng th\u1ec3 quy\u1ebft \u0111\u1ecbnh gi\u1eefa v\u00f2ng \u0111eo tay ki\u1ec3u d\u00e1ng th\u1ec3 thao (silicone) v\u00e0 ki\u1ec3u d\u00e1ng th\u1eddi trang (s\u1ee3i v\u1ea3i). \u0110\u00e2y s\u1ebd l\u00e0 l\u1ef1a ch\u1ecdn c\u1ee7a b\u1ea1n &#8211; v\u00f2ng tay ki\u1ec3u d\u00e1ng Hybrid \u0111\u01b0\u1ee3c thi\u1ebft k\u1ebf d\u00e0nh cho nh\u1eefng ng\u01b0\u1eddi theo ch\u1ee7 ngh\u0129a t\u01b0\u01a1ng lai, \u01b0\u1edbc m\u01a1 v\u1ec1 nh\u1eefng c\u1ed5 m\u00e1y robot v\u00e0 [&hellip;]<\/p>\n","protected":false},"featured_media":2212,"comment_status":"open","ping_status":"closed","template":"","meta":{"_eb_attr":""},"product_cat":[92,113],"product_tag":[],"class_list":["post-2211","product","type-product","status-publish","has-post-thumbnail","hentry","product_cat-phiten","product_cat-vong-tay"],"_links":{"self":[{"href":"https:\/\/www.phivutabletennis.com\/index.php\/wp-json\/wp\/v2\/product\/2211","targetHints":{"allow":["GET"]}}],"collection":[{"href":"https:\/\/www.phivutabletennis.com\/index.php\/wp-json\/wp\/v2\/product"}],"about":[{"href":"https:\/\/www.phivutabletennis.com\/index.php\/wp-json\/wp\/v2\/types\/product"}],"replies":[{"embeddable":true,"href":"https:\/\/www.phivutabletennis.com\/index.php\/wp-json\/wp\/v2\/comments?post=2211"}],"wp:featuredmedia":[{"embeddable":true,"href":"https:\/\/www.phivutabletennis.com\/index.php\/wp-json\/wp\/v2\/media\/2212"}],"wp:attachment":[{"href":"https:\/\/www.phivutabletennis.com\/index.php\/wp-json\/wp\/v2\/media?parent=2211"}],"wp:term":[{"taxonomy":"product_cat","embeddable":true,"href":"https:\/\/www.phivutabletennis.com\/index.php\/wp-json\/wp\/v2\/product_cat?post=2211"},{"taxonomy":"product_tag","embeddable":true,"href":"https:\/\/www.phivutabletennis.com\/index.php\/wp-json\/wp\/v2\/product_tag?post=2211"}],"curies":[{"name":"wp","href":"https:\/\/api.w.org\/{rel}","templated":true}]}}