{"id":2217,"date":"2023-06-21T23:59:33","date_gmt":"2023-06-21T16:59:33","guid":{"rendered":"https:\/\/www.phivutabletennis.com\/?post_type=product&#038;p=2217"},"modified":"2023-06-21T23:59:33","modified_gmt":"2023-06-21T16:59:33","slug":"vong-tay-phiten-rakuwa-bracelet-x100-leather-touch","status":"publish","type":"product","link":"https:\/\/www.phivutabletennis.com\/index.php\/product\/vong-tay-phiten-rakuwa-bracelet-x100-leather-touch\/","title":{"rendered":"V\u00f2ng Tay PHITEN RAKUWA BRACELET X100 LEATHER TOUCH"},"content":{"rendered":"<p><strong>V\u00f2ng tay Phiten Rakuwa x100 leather touch<\/p>\n<p>M\u00f4 t\u1ea3 s\u1ea3n ph\u1ea9m:<\/strong><br \/>\nS\u1ea3n ph\u1ea9m c\u00f3 ki\u1ec3u d\u00e1ng gi\u1ea3 da v\u1edbi ch\u1ea5t li\u1ec7u si\u00eau b\u1ec1n, v\u00e0 sang tr\u1ecdng s\u1ebd l\u00e0 m\u1ed9t s\u1ef1 l\u1ef1a ch\u1ecdn tuy\u1ec7t v\u1eddi h\u00e0ng ng\u00e0y cho b\u1ea1n. V\u00f2ng tay bao g\u1ed3m 1 kh\u00f3a v\u1edbi 2 d\u00e2y c\u00f9ng 2 m\u00e0u kh\u00e1c nhau (n\u00e2u v\u00e0 \u0111en) v\u00ec v\u1eady b\u1ea1n c\u00f3 th\u1ec3 ch\u1ecdn m\u00e0u b\u1ea1n th\u00edch ho\u1eb7c d\u1ec5 d\u00e0ng thay \u0111\u1ed5i \u0111\u1ec3 t\u1ea1o s\u1ef1 t\u01b0\u01a1i m\u1edbi.<br \/>\nV\u1edbi c\u00f4ng ngh\u1ec7 AquaTitan g\u1ea5p 100 l\u1ea7n, Phiten gi\u1edbi thi\u1ec7u m\u1ed9t chi\u1ebfc v\u00f2ng \u0111eo tay k\u1ebft h\u1ee3p l\u1ee3i \u00edch s\u1ee9c kh\u1ecfe v\u1edbi thi\u1ebft k\u1ebf ki\u1ec3u d\u00e1ng \u0111\u1eb9p b\u1ec1n b\u1ec9.<br \/>\nThi\u1ebft k\u1ebf hi\u1ec7n \u0111\u1ea1i \u0111\u1eb9p<br \/>\n\u0110\u00e2y l\u00e0 m\u1ed9t trong nh\u1eefng thi\u1ebft k\u1ebf ti\u00ean ti\u1ebfn c\u1ee7a Phiten \u0111\u00e3 th\u1ef1c hi\u1ec7n. N\u00f3 c\u00f3 2 d\u00e2y m\u00e0u \u0111\u1ec3 thay \u0111\u1ed5i cho ph\u00f9 h\u1ee3p v\u1edbi trang ph\u1ee5c v\u00e0 t\u00e2m tr\u1ea1ng m\u00e0 b\u1ea1n c\u1ea3m th\u1ea5y trong ng\u00e0y. Kh\u00f3a l\u00e0m b\u1eb1ng titan v\u00e0 carbon b\u1ec1n, d\u1ec5 d\u00e0ng th\u00e1o m\u1edf.<br \/>\nMust-have Item<br \/>\nV\u00f2ng tay h\u1ed7 tr\u1ee3 \u0111\u1eafc l\u1ef1c cho v\u1eadn \u0111\u1ed9ng vi\u00ean ho\u1eb7c c\u00f4ng vi\u1ec7c c\u1ee7a b\u1ea1n \u0111\u00f2i h\u1ecfi m\u1ed9t m\u1ee9c \u0111\u1ed9 c\u0103ng th\u1eb3ng tr\u00ean tay ho\u1eb7c c\u00e1nh tay, nh\u01b0 nh\u1ea1c s\u0129 ho\u1eb7c k\u1ef9 thu\u1eadt vi\u00ean m\u00e1y t\u00ednh<br \/>\n<strong>Ch\u1ea5t li\u1ec7u:<\/strong><br \/>\nM\u1ed9t k\u1ebft c\u1ea5u gi\u1ed1ng nh\u01b0 da \u0111\u01b0\u1ee3c s\u1eed d\u1ee5ng tr\u00ean d\u00e2y thay v\u00ec da th\u1eadt<br \/>\nTitan nguy\u00ean ch\u1ea5t \u0111\u01b0\u1ee3c s\u1eed d\u1ee5ng tr\u00ean ph\u1ea7n m\u00f3c c\u00e0i<br \/>\n<strong>C\u00f4ng ngh\u1ec7:<\/strong><br \/>\nS\u1eed d\u1ee5ng c\u00f4ng ngh\u1ec7 aqua titan<br \/>\nCh\u1ee9a g\u1ea5p 100 l\u1ea7n C\u00f4ng ngh\u1ec7 AQUA TITANIUM<br \/>\nL\u1edbp v\u1ecf ch\u1ee9a h\u00e0m l\u01b0\u1ee3ng Aqua-Titanium cao<br \/>\n<strong>C\u00f4ng d\u1ee5ng:<\/strong><br \/>\nGi\u00fap gi\u1ea3m b\u1edbt c\u0103ng th\u1eb3ng li\u00ean t\u1ee5c<br \/>\nGi\u00fap c\u1ea3i thi\u1ec7n l\u01b0u th\u00f4ng m\u00e1u<br \/>\nT\u0103ng c\u01b0\u1eddng s\u1ee9c m\u1ea1nh v\u00e0 t\u00ednh linh ho\u1ea1t<br \/>\nGi\u00fap gi\u1ea3m \u0111au v\u00e0 ph\u1ee5c h\u1ed3i s\u1ee9c kh\u1ecfe t\u1ed5ng th\u1ec3 c\u1ee7a b\u1ea1n<br \/>\nGi\u00fap th\u01b0 gi\u00e3n c\u01a1 b\u1eafp c\u1ee9ng<\/p>\n<p>Size: 32cm &amp; 40cm<br \/>\nM\u00e0u s\u1eafc<br \/>\nM\u00e0u \u0111en n\u00e2u<\/p>\n<p><strong>L\u01b0u \u00fd:<\/strong><br \/>\nC\u00f3 th\u1ec3 \u0111eo h\u00e0ng ng\u00e0y<br \/>\nC\u00f3 th\u1ec3 d\u1ec5 d\u00e0ng \u0111eo ho\u1eb7c th\u00e1o ra b\u1eb1ng kh\u00f3a t\u1eeb th\u1ef1c t\u1ebf v\u00e0 \u0111\u01a1n gi\u1ea3n, kh\u00f3a ch\u1eb7t khi s\u1eed d\u1ee5ng.<br \/>\nGi\u1eb7t b\u1eb1ng tay \u0111\u1ec3 n\u01a1i tho\u00e1ng m\u00e1t<\/p>\n<p>Th\u01b0\u01a1ng hi\u1ec7u: Phiten<br \/>\nXu\u1ea5t x\u1ee9: Nh\u1eadt B\u1ea3n<\/p>\n<p dir=\"ltr\"><strong>\u0110\u1ed1i t\u01b0\u1ee3ng s\u1eed d\u1ee5ng:<\/strong><\/p>\n<p dir=\"ltr\">&#8211; Ph\u00f9 h\u1ee3p cho m\u1ecdi l\u1ee9a tu\u1ed5i<\/p>\n<p dir=\"ltr\">&#8211; Ng\u01b0\u1eddi ch\u01a1i th\u1ec3 thao hay v\u1eadn \u0111\u1ed9ng vi\u00ean chuy\u00ean nghi\u1ec7p<\/p>\n<p dir=\"ltr\">&#8211; Ng\u01b0\u1eddi l\u00e0m vi\u1ec7c v\u0103n ph\u00f2ng, g\u00f5 m\u00e1y t\u00ednh nhi\u1ec1u ho\u1eb7c d\u00f9ng tay n\u00e2ng v\u1eadt n\u1eb7ng<\/p>\n<p dir=\"ltr\">&#8211; Ng\u01b0\u1eddi cao huy\u1ebft \u00e1p, huy\u1ebft \u00e1p kh\u00f4ng \u1ed5n \u0111\u1ecbnh<\/p>\n<p dir=\"ltr\">&#8211; Ng\u01b0\u1eddi m\u1ea5t ng\u1ee7, kh\u00f3 ng\u1ee7 hay gi\u1ea5c ng\u1ee7 kh\u00f4ng s\u00e2u.<a href=\"https:\/\/www.phivutabletennis.com\/wp-content\/uploads\/2023\/06\/114.jpeg\"><img loading=\"lazy\" decoding=\"async\" class=\"alignnone size-full wp-image-2221\" src=\"https:\/\/www.phivutabletennis.com\/wp-content\/uploads\/2023\/06\/114.jpeg\" alt=\"\" width=\"730\" height=\"670\" srcset=\"https:\/\/www.phivutabletennis.com\/wp-content\/uploads\/2023\/06\/114.jpeg 730w, https:\/\/www.phivutabletennis.com\/wp-content\/uploads\/2023\/06\/114-600x551.jpeg 600w, https:\/\/www.phivutabletennis.com\/wp-content\/uploads\/2023\/06\/114-300x275.jpeg 300w\" sizes=\"auto, (max-width: 730px) 100vw, 730px\" \/><\/a> <a href=\"https:\/\/www.phivutabletennis.com\/wp-content\/uploads\/2023\/06\/115.png\"><img loading=\"lazy\" decoding=\"async\" class=\"alignnone size-full wp-image-2222\" src=\"https:\/\/www.phivutabletennis.com\/wp-content\/uploads\/2023\/06\/115.png\" alt=\"\" width=\"4167\" height=\"4167\" srcset=\"https:\/\/www.phivutabletennis.com\/wp-content\/uploads\/2023\/06\/115.png 4167w, https:\/\/www.phivutabletennis.com\/wp-content\/uploads\/2023\/06\/115-300x300.png 300w, https:\/\/www.phivutabletennis.com\/wp-content\/uploads\/2023\/06\/115-100x100.png 100w, https:\/\/www.phivutabletennis.com\/wp-content\/uploads\/2023\/06\/115-600x600.png 600w, https:\/\/www.phivutabletennis.com\/wp-content\/uploads\/2023\/06\/115-1024x1024.png 1024w, https:\/\/www.phivutabletennis.com\/wp-content\/uploads\/2023\/06\/115-150x150.png 150w, https:\/\/www.phivutabletennis.com\/wp-content\/uploads\/2023\/06\/115-768x768.png 768w, https:\/\/www.phivutabletennis.com\/wp-content\/uploads\/2023\/06\/115-1536x1536.png 1536w, https:\/\/www.phivutabletennis.com\/wp-content\/uploads\/2023\/06\/115-2048x2048.png 2048w\" sizes=\"auto, (max-width: 4167px) 100vw, 4167px\" \/><\/a><\/p>\n","protected":false},"excerpt":{"rendered":"<p>V\u00f2ng tay Phiten Rakuwa x100 leather touch M\u00f4 t\u1ea3 s\u1ea3n ph\u1ea9m: S\u1ea3n ph\u1ea9m c\u00f3 ki\u1ec3u d\u00e1ng gi\u1ea3 da v\u1edbi ch\u1ea5t li\u1ec7u si\u00eau b\u1ec1n, v\u00e0 sang tr\u1ecdng s\u1ebd l\u00e0 m\u1ed9t s\u1ef1 l\u1ef1a ch\u1ecdn tuy\u1ec7t v\u1eddi h\u00e0ng ng\u00e0y cho b\u1ea1n. V\u00f2ng tay bao g\u1ed3m 1 kh\u00f3a v\u1edbi 2 d\u00e2y c\u00f9ng 2 m\u00e0u kh\u00e1c nhau (n\u00e2u v\u00e0 \u0111en) [&hellip;]<\/p>\n","protected":false},"featured_media":2218,"comment_status":"open","ping_status":"closed","template":"","meta":{"_eb_attr":""},"product_cat":[92,113],"product_tag":[],"class_list":["post-2217","product","type-product","status-publish","has-post-thumbnail","hentry","product_cat-phiten","product_cat-vong-tay"],"_links":{"self":[{"href":"https:\/\/www.phivutabletennis.com\/index.php\/wp-json\/wp\/v2\/product\/2217","targetHints":{"allow":["GET"]}}],"collection":[{"href":"https:\/\/www.phivutabletennis.com\/index.php\/wp-json\/wp\/v2\/product"}],"about":[{"href":"https:\/\/www.phivutabletennis.com\/index.php\/wp-json\/wp\/v2\/types\/product"}],"replies":[{"embeddable":true,"href":"https:\/\/www.phivutabletennis.com\/index.php\/wp-json\/wp\/v2\/comments?post=2217"}],"wp:featuredmedia":[{"embeddable":true,"href":"https:\/\/www.phivutabletennis.com\/index.php\/wp-json\/wp\/v2\/media\/2218"}],"wp:attachment":[{"href":"https:\/\/www.phivutabletennis.com\/index.php\/wp-json\/wp\/v2\/media?parent=2217"}],"wp:term":[{"taxonomy":"product_cat","embeddable":true,"href":"https:\/\/www.phivutabletennis.com\/index.php\/wp-json\/wp\/v2\/product_cat?post=2217"},{"taxonomy":"product_tag","embeddable":true,"href":"https:\/\/www.phivutabletennis.com\/index.php\/wp-json\/wp\/v2\/product_tag?post=2217"}],"curies":[{"name":"wp","href":"https:\/\/api.w.org\/{rel}","templated":true}]}}