{"id":2223,"date":"2023-06-22T00:01:14","date_gmt":"2023-06-21T17:01:14","guid":{"rendered":"https:\/\/www.phivutabletennis.com\/?post_type=product&#038;p=2223"},"modified":"2023-06-22T00:01:15","modified_gmt":"2023-06-21T17:01:15","slug":"vong-tay-phiten-rakuwa-bracelet-s_slash-line_w-lame","status":"publish","type":"product","link":"https:\/\/www.phivutabletennis.com\/index.php\/product\/vong-tay-phiten-rakuwa-bracelet-s_slash-line_w-lame\/","title":{"rendered":"V\u00f2ng Tay PHITEN RAKUWA BRACELET S_SLASH LINE_w lame"},"content":{"rendered":"<p>\u0110\u00e2y l\u00e0 m\u1ed9t s\u1ea3n ph\u1ea9m m\u1edbi trong d\u00f2ng s\u1ea3n ph\u1ea9m \u0111eo tay c\u1ee7a Phiten. V\u00f2ng tay mang \u0111\u1ebfn c\u1ea3m gi\u00e1c sang tr\u1ecdng b\u1edfi s\u1ef1 l\u1ea5p l\u00e1nh l\u1edbp b\u1ea1c ho\u1eb7c v\u00e0ng d\u00e1t b\u00ean ngo\u00e0i k\u1ebft h\u1ee3p v\u1edbi s\u1ef1 n\u0103ng \u0111\u1ed9ng v\u00e0 ki\u1ec3u d\u00e1ng th\u1ec3 thao<\/p>\n<p>\u0110\u01b0\u1ee3c t\u1ea1o ra v\u1edbi v\u1eadt li\u1ec7u silicone si\u00eau b\u1ec1n s\u1eed d\u1ee5ng trong y t\u1ebf, s\u1ea3n ph\u1ea9m l\u00e0 s\u1ef1 l\u1ef1a ch\u1ecdn ho\u00e0n h\u1ea3o cho m\u00f9a h\u00e8 nh\u1edd v\u00e0o kh\u1ea3 n\u0103ng ch\u1ecbu n\u01b0\u1edbc v\u00e0 m\u1ed3 h\u00f4i. H\u00e3y tho\u1ea3i m\u00e1i mang v\u00f2ng \u0111eo tay khi tham gia c\u00e1c ho\u1ea1t \u0111\u1ed9ng v\u1edbi n\u01b0\u1edbc \u1edf ngo\u00e0i tr\u1eddi. V\u00ec kh\u00f4ng c\u00f3 kh\u00f3a v\u00e0 co gi\u00e3n t\u1ed1t n\u00ean b\u1ea1n c\u00f3 th\u1ec3 mang \u0111\u1ebfn cho b\u1ea1n s\u1ef1 tho\u1ea3i m\u00e1i khi v\u1eadn \u0111\u1ed9ng. V\u00f2ng \u0111\u01b0\u1ee3c nh\u00fang AQUA TITAN v\u00e0 b\u00ean trong s\u1eed d\u1ee5ng h\u1ea1t Micro Titanium.<\/p>\n<p dir=\"ltr\"><strong>\u0110\u1ed1i t\u01b0\u1ee3ng s\u1eed d\u1ee5ng:<\/strong><\/p>\n<p dir=\"ltr\">&#8211; Ph\u00f9 h\u1ee3p cho m\u1ecdi l\u1ee9a tu\u1ed5i<\/p>\n<p dir=\"ltr\">&#8211; Ng\u01b0\u1eddi ch\u01a1i th\u1ec3 thao hay v\u1eadn \u0111\u1ed9ng vi\u00ean chuy\u00ean nghi\u1ec7p<\/p>\n<p dir=\"ltr\">&#8211; Ng\u01b0\u1eddi l\u00e0m vi\u1ec7c v\u0103n ph\u00f2ng, g\u00f5 m\u00e1y t\u00ednh nhi\u1ec1u ho\u1eb7c d\u00f9ng tay n\u00e2ng v\u1eadt n\u1eb7ng<\/p>\n<p dir=\"ltr\">&#8211; Ng\u01b0\u1eddi cao huy\u1ebft \u00e1p, huy\u1ebft \u00e1p kh\u00f4ng \u1ed5n \u0111\u1ecbnh<\/p>\n<p dir=\"ltr\">&#8211; Ng\u01b0\u1eddi m\u1ea5t ng\u1ee7, kh\u00f3 ng\u1ee7 hay gi\u1ea5c ng\u1ee7 kh\u00f4ng s\u00e2u.<a href=\"https:\/\/www.phivutabletennis.com\/wp-content\/uploads\/2023\/06\/117.jpeg\"><img loading=\"lazy\" decoding=\"async\" class=\"alignnone size-full wp-image-2225\" src=\"https:\/\/www.phivutabletennis.com\/wp-content\/uploads\/2023\/06\/117.jpeg\" alt=\"\" width=\"730\" height=\"412\" srcset=\"https:\/\/www.phivutabletennis.com\/wp-content\/uploads\/2023\/06\/117.jpeg 730w, https:\/\/www.phivutabletennis.com\/wp-content\/uploads\/2023\/06\/117-600x339.jpeg 600w, https:\/\/www.phivutabletennis.com\/wp-content\/uploads\/2023\/06\/117-300x169.jpeg 300w\" sizes=\"auto, (max-width: 730px) 100vw, 730px\" \/><\/a> <a href=\"https:\/\/www.phivutabletennis.com\/wp-content\/uploads\/2023\/06\/118.jpeg\"><img loading=\"lazy\" decoding=\"async\" class=\"alignnone size-full wp-image-2226\" src=\"https:\/\/www.phivutabletennis.com\/wp-content\/uploads\/2023\/06\/118.jpeg\" alt=\"\" width=\"730\" height=\"486\" srcset=\"https:\/\/www.phivutabletennis.com\/wp-content\/uploads\/2023\/06\/118.jpeg 730w, https:\/\/www.phivutabletennis.com\/wp-content\/uploads\/2023\/06\/118-600x399.jpeg 600w, https:\/\/www.phivutabletennis.com\/wp-content\/uploads\/2023\/06\/118-300x200.jpeg 300w\" sizes=\"auto, (max-width: 730px) 100vw, 730px\" \/><\/a> <a href=\"https:\/\/www.phivutabletennis.com\/wp-content\/uploads\/2023\/06\/119.jpeg\"><img loading=\"lazy\" decoding=\"async\" class=\"alignnone size-full wp-image-2227\" src=\"https:\/\/www.phivutabletennis.com\/wp-content\/uploads\/2023\/06\/119.jpeg\" alt=\"\" width=\"730\" height=\"564\" srcset=\"https:\/\/www.phivutabletennis.com\/wp-content\/uploads\/2023\/06\/119.jpeg 730w, https:\/\/www.phivutabletennis.com\/wp-content\/uploads\/2023\/06\/119-600x464.jpeg 600w, https:\/\/www.phivutabletennis.com\/wp-content\/uploads\/2023\/06\/119-300x232.jpeg 300w\" sizes=\"auto, (max-width: 730px) 100vw, 730px\" \/><\/a> <a href=\"https:\/\/www.phivutabletennis.com\/wp-content\/uploads\/2023\/06\/120.jpeg\"><img loading=\"lazy\" decoding=\"async\" class=\"alignnone size-full wp-image-2228\" src=\"https:\/\/www.phivutabletennis.com\/wp-content\/uploads\/2023\/06\/120.jpeg\" alt=\"\" width=\"730\" height=\"801\" srcset=\"https:\/\/www.phivutabletennis.com\/wp-content\/uploads\/2023\/06\/120.jpeg 730w, https:\/\/www.phivutabletennis.com\/wp-content\/uploads\/2023\/06\/120-600x658.jpeg 600w, https:\/\/www.phivutabletennis.com\/wp-content\/uploads\/2023\/06\/120-273x300.jpeg 273w\" sizes=\"auto, (max-width: 730px) 100vw, 730px\" \/><\/a><\/p>\n","protected":false},"excerpt":{"rendered":"<p>\u0110\u00e2y l\u00e0 m\u1ed9t s\u1ea3n ph\u1ea9m m\u1edbi trong d\u00f2ng s\u1ea3n ph\u1ea9m \u0111eo tay c\u1ee7a Phiten. V\u00f2ng tay mang \u0111\u1ebfn c\u1ea3m gi\u00e1c sang tr\u1ecdng b\u1edfi s\u1ef1 l\u1ea5p l\u00e1nh l\u1edbp b\u1ea1c ho\u1eb7c v\u00e0ng d\u00e1t b\u00ean ngo\u00e0i k\u1ebft h\u1ee3p v\u1edbi s\u1ef1 n\u0103ng \u0111\u1ed9ng v\u00e0 ki\u1ec3u d\u00e1ng th\u1ec3 thao \u0110\u01b0\u1ee3c t\u1ea1o ra v\u1edbi v\u1eadt li\u1ec7u silicone si\u00eau b\u1ec1n s\u1eed d\u1ee5ng [&hellip;]<\/p>\n","protected":false},"featured_media":2224,"comment_status":"open","ping_status":"closed","template":"","meta":{"_eb_attr":""},"product_cat":[92,113],"product_tag":[],"class_list":["post-2223","product","type-product","status-publish","has-post-thumbnail","hentry","product_cat-phiten","product_cat-vong-tay"],"_links":{"self":[{"href":"https:\/\/www.phivutabletennis.com\/index.php\/wp-json\/wp\/v2\/product\/2223","targetHints":{"allow":["GET"]}}],"collection":[{"href":"https:\/\/www.phivutabletennis.com\/index.php\/wp-json\/wp\/v2\/product"}],"about":[{"href":"https:\/\/www.phivutabletennis.com\/index.php\/wp-json\/wp\/v2\/types\/product"}],"replies":[{"embeddable":true,"href":"https:\/\/www.phivutabletennis.com\/index.php\/wp-json\/wp\/v2\/comments?post=2223"}],"wp:featuredmedia":[{"embeddable":true,"href":"https:\/\/www.phivutabletennis.com\/index.php\/wp-json\/wp\/v2\/media\/2224"}],"wp:attachment":[{"href":"https:\/\/www.phivutabletennis.com\/index.php\/wp-json\/wp\/v2\/media?parent=2223"}],"wp:term":[{"taxonomy":"product_cat","embeddable":true,"href":"https:\/\/www.phivutabletennis.com\/index.php\/wp-json\/wp\/v2\/product_cat?post=2223"},{"taxonomy":"product_tag","embeddable":true,"href":"https:\/\/www.phivutabletennis.com\/index.php\/wp-json\/wp\/v2\/product_tag?post=2223"}],"curies":[{"name":"wp","href":"https:\/\/api.w.org\/{rel}","templated":true}]}}