{"id":2230,"date":"2023-06-22T00:09:31","date_gmt":"2023-06-21T17:09:31","guid":{"rendered":"https:\/\/www.phivutabletennis.com\/?post_type=product&#038;p=2230"},"modified":"2023-06-24T05:48:53","modified_gmt":"2023-06-23T22:48:53","slug":"ao-thun-phiten-polo-light","status":"publish","type":"product","link":"https:\/\/www.phivutabletennis.com\/index.php\/product\/ao-thun-phiten-polo-light\/","title":{"rendered":"\u00c1o Thun &#8211; PHITEN POLO (LIGHT)"},"content":{"rendered":"<div class=\"col-md-4\">\n<div>S\u1ed1 l\u01b0\u1ee3ng<\/div>\n<div class=\"quality quantity input-group-quantity buttons_added\"><button class=\"btn-number btn-minus minus\" disabled=\"disabled\" type=\"button\" data-type=\"minus\"><i class=\"icon-minus\"><\/i><\/button><input id=\"qty\" class=\"input-number input-quantity input-text qty text\" max=\"1\" min=\"1\" name=\"qty\" type=\"text\" value=\"1\" \/><button class=\"btn-number btn-plus plus\" type=\"button\" data-type=\"plus\"><i class=\"icon-plus\"><\/i><\/button><\/div>\n<\/div>\n<div class=\"col-md-4\">\n<div class=\"item\">\n<div class=\"title\">Size:<\/div>\n<p><select class=\"selectpicker select attributes\" title=\"\" data-id=\"4\"><option selected=\"selected\" value=\"S001\">S<\/option><option value=\"S002\">M<\/option><option value=\"S003\">L<\/option><\/select><\/div>\n<\/div>\n<div class=\"col-md-4\">\n<div class=\"item\">\n<div class=\"title\">M\u00e0u s\u1eafc:<\/div>\n<p><select class=\"selectpicker select attributes\" title=\"\" data-id=\"5\"><option value=\"C001\">\u0110en<\/option><option selected=\"selected\" value=\"C002\">Tr\u1eafng<\/option><option value=\"C010\">Xanh Navy<\/option><\/select><\/div>\n<\/div>\n<p><strong>\u00c1o thun Phiten polo (Light)<\/strong><br \/>\n<strong>M\u00f4 t\u1ea3:<\/strong><br \/>\n\u00c1o thun Phiten Polo tho\u00e1ng kh\u00ed, nh\u1eb9 nh\u00e0ng. Ph\u00f9 h\u1ee3p cho v\u1eadn \u0111\u1ed9ng vi\u00ean ch\u01a1i th\u1ec3 thao ho\u1eb7c d\u00e2n v\u0103n ph\u00f2ng.<br \/>\nCh\u1ea5t li\u1ec7u: 100% Polyester<\/p>\n<p><strong>C\u00f4ng ngh\u1ec7:<\/strong>\u00a0Aqua Titan<\/p>\n<p><strong>C\u00f4ng d\u1ee5ng:<\/strong><br \/>\nNh\u1eb9 v\u00e0 d\u1ec5 d\u00e0ng v\u1eadn \u0111\u1ed9ng<br \/>\nT\u1ea1o c\u1ea3m gi\u00e1c tho\u1ea3i m\u00e1i khi m\u1eb7c<\/p>\n<p><strong>K\u00edch c\u1ee1:<\/strong>\u00a0S, M, L<br \/>\n<strong>M\u00e0u:<\/strong>\u00a0Tr\u1eafng, \u0110en, Xanh Navy<br \/>\n<strong>L\u01b0u \u00fd:<\/strong>\u00a0Gi\u1eb7t b\u1eb1ng n\u01b0\u1edbc \u1ea5m ho\u1eb7c s\u1eefa t\u1eafm \u00edt ch\u1ea5t t\u1ea9y, ph\u01a1i d\u01b0\u1edbi b\u00f3ng m\u00e1t tr\u00e1nh \u00e1nh n\u1eafng m\u1eb7t tr\u1eddi<\/p>\n<p><strong>Th\u01b0\u01a1ng hi\u1ec7u:\u00a0<\/strong>Phiten<br \/>\n<strong>Xu\u1ea5t x\u1ee9:\u00a0<\/strong>Nh\u1eadt B\u1ea3n<\/p>\n<figure id=\"attachment_2238\" aria-describedby=\"caption-attachment-2238\" style=\"width: 1080px\" class=\"wp-caption alignnone\"><a href=\"https:\/\/www.phivutabletennis.com\/wp-content\/uploads\/2023\/06\/1.8.jpeg\"><img loading=\"lazy\" decoding=\"async\" class=\"size-full wp-image-2238\" src=\"https:\/\/www.phivutabletennis.com\/wp-content\/uploads\/2023\/06\/1.8.jpeg\" alt=\"\" width=\"1080\" height=\"1080\" srcset=\"https:\/\/www.phivutabletennis.com\/wp-content\/uploads\/2023\/06\/1.8.jpeg 1080w, https:\/\/www.phivutabletennis.com\/wp-content\/uploads\/2023\/06\/1.8-300x300.jpeg 300w, https:\/\/www.phivutabletennis.com\/wp-content\/uploads\/2023\/06\/1.8-100x100.jpeg 100w, https:\/\/www.phivutabletennis.com\/wp-content\/uploads\/2023\/06\/1.8-600x600.jpeg 600w, https:\/\/www.phivutabletennis.com\/wp-content\/uploads\/2023\/06\/1.8-1024x1024.jpeg 1024w, https:\/\/www.phivutabletennis.com\/wp-content\/uploads\/2023\/06\/1.8-150x150.jpeg 150w, https:\/\/www.phivutabletennis.com\/wp-content\/uploads\/2023\/06\/1.8-768x768.jpeg 768w\" sizes=\"auto, (max-width: 1080px) 100vw, 1080px\" \/><\/a><figcaption id=\"caption-attachment-2238\" class=\"wp-caption-text\">Bang Dai Ho Tro Van Dong &#8211; Thu Gian Co Bap<\/figcaption><\/figure>\n<figure id=\"attachment_2237\" aria-describedby=\"caption-attachment-2237\" style=\"width: 1080px\" class=\"wp-caption alignnone\"><a href=\"https:\/\/www.phivutabletennis.com\/wp-content\/uploads\/2023\/06\/1.7.jpeg\"><img loading=\"lazy\" decoding=\"async\" class=\"size-full wp-image-2237\" src=\"https:\/\/www.phivutabletennis.com\/wp-content\/uploads\/2023\/06\/1.7.jpeg\" alt=\"\" width=\"1080\" height=\"1080\" srcset=\"https:\/\/www.phivutabletennis.com\/wp-content\/uploads\/2023\/06\/1.7.jpeg 1080w, https:\/\/www.phivutabletennis.com\/wp-content\/uploads\/2023\/06\/1.7-300x300.jpeg 300w, https:\/\/www.phivutabletennis.com\/wp-content\/uploads\/2023\/06\/1.7-100x100.jpeg 100w, https:\/\/www.phivutabletennis.com\/wp-content\/uploads\/2023\/06\/1.7-600x600.jpeg 600w, https:\/\/www.phivutabletennis.com\/wp-content\/uploads\/2023\/06\/1.7-1024x1024.jpeg 1024w, https:\/\/www.phivutabletennis.com\/wp-content\/uploads\/2023\/06\/1.7-150x150.jpeg 150w, https:\/\/www.phivutabletennis.com\/wp-content\/uploads\/2023\/06\/1.7-768x768.jpeg 768w\" sizes=\"auto, (max-width: 1080px) 100vw, 1080px\" \/><\/a><figcaption id=\"caption-attachment-2237\" class=\"wp-caption-text\">Bang Dai Ho Tro Van Dong &#8211; Thu Gian Co Bap<\/figcaption><\/figure>\n<figure id=\"attachment_2233\" aria-describedby=\"caption-attachment-2233\" style=\"width: 1080px\" class=\"wp-caption alignnone\"><a href=\"https:\/\/www.phivutabletennis.com\/wp-content\/uploads\/2023\/06\/1.3.jpeg\"><img loading=\"lazy\" decoding=\"async\" class=\"size-full wp-image-2233\" src=\"https:\/\/www.phivutabletennis.com\/wp-content\/uploads\/2023\/06\/1.3.jpeg\" alt=\"\" width=\"1080\" height=\"1080\" srcset=\"https:\/\/www.phivutabletennis.com\/wp-content\/uploads\/2023\/06\/1.3.jpeg 1080w, https:\/\/www.phivutabletennis.com\/wp-content\/uploads\/2023\/06\/1.3-300x300.jpeg 300w, https:\/\/www.phivutabletennis.com\/wp-content\/uploads\/2023\/06\/1.3-100x100.jpeg 100w, https:\/\/www.phivutabletennis.com\/wp-content\/uploads\/2023\/06\/1.3-600x600.jpeg 600w, https:\/\/www.phivutabletennis.com\/wp-content\/uploads\/2023\/06\/1.3-1024x1024.jpeg 1024w, https:\/\/www.phivutabletennis.com\/wp-content\/uploads\/2023\/06\/1.3-150x150.jpeg 150w, https:\/\/www.phivutabletennis.com\/wp-content\/uploads\/2023\/06\/1.3-768x768.jpeg 768w\" sizes=\"auto, (max-width: 1080px) 100vw, 1080px\" \/><\/a><figcaption id=\"caption-attachment-2233\" class=\"wp-caption-text\">Bang Dai Ho Tro Van Dong &#8211; Thu Gian Co Bap<\/figcaption><\/figure>\n<p><a href=\"https:\/\/www.phivutabletennis.com\/wp-content\/uploads\/2023\/06\/1.5.jpeg\"><img loading=\"lazy\" decoding=\"async\" class=\"size-full wp-image-2235\" src=\"https:\/\/www.phivutabletennis.com\/wp-content\/uploads\/2023\/06\/1.5.jpeg\" alt=\"\" width=\"1080\" height=\"1080\" srcset=\"https:\/\/www.phivutabletennis.com\/wp-content\/uploads\/2023\/06\/1.5.jpeg 1080w, https:\/\/www.phivutabletennis.com\/wp-content\/uploads\/2023\/06\/1.5-300x300.jpeg 300w, https:\/\/www.phivutabletennis.com\/wp-content\/uploads\/2023\/06\/1.5-100x100.jpeg 100w, https:\/\/www.phivutabletennis.com\/wp-content\/uploads\/2023\/06\/1.5-600x600.jpeg 600w, https:\/\/www.phivutabletennis.com\/wp-content\/uploads\/2023\/06\/1.5-1024x1024.jpeg 1024w, https:\/\/www.phivutabletennis.com\/wp-content\/uploads\/2023\/06\/1.5-150x150.jpeg 150w, https:\/\/www.phivutabletennis.com\/wp-content\/uploads\/2023\/06\/1.5-768x768.jpeg 768w\" sizes=\"auto, (max-width: 1080px) 100vw, 1080px\" \/><\/a><\/p>\n","protected":false},"excerpt":{"rendered":"<p>S\u1ed1 l\u01b0\u1ee3ng Size: SML M\u00e0u s\u1eafc: \u0110enTr\u1eafngXanh Navy \u00c1o thun Phiten polo (Light) M\u00f4 t\u1ea3: \u00c1o thun Phiten Polo tho\u00e1ng kh\u00ed, nh\u1eb9 nh\u00e0ng. Ph\u00f9 h\u1ee3p cho v\u1eadn \u0111\u1ed9ng vi\u00ean ch\u01a1i th\u1ec3 thao ho\u1eb7c d\u00e2n v\u0103n ph\u00f2ng. Ch\u1ea5t li\u1ec7u: 100% Polyester C\u00f4ng ngh\u1ec7:\u00a0Aqua Titan C\u00f4ng d\u1ee5ng: Nh\u1eb9 v\u00e0 d\u1ec5 d\u00e0ng v\u1eadn \u0111\u1ed9ng T\u1ea1o c\u1ea3m gi\u00e1c tho\u1ea3i [&hellip;]<\/p>\n","protected":false},"featured_media":2240,"comment_status":"open","ping_status":"closed","template":"","meta":{"_eb_attr":""},"product_cat":[117,92,115],"product_tag":[],"class_list":["post-2230","product","type-product","status-publish","has-post-thumbnail","hentry","product_cat-ao-thun","product_cat-phiten","product_cat-trang-phuc"],"_links":{"self":[{"href":"https:\/\/www.phivutabletennis.com\/index.php\/wp-json\/wp\/v2\/product\/2230","targetHints":{"allow":["GET"]}}],"collection":[{"href":"https:\/\/www.phivutabletennis.com\/index.php\/wp-json\/wp\/v2\/product"}],"about":[{"href":"https:\/\/www.phivutabletennis.com\/index.php\/wp-json\/wp\/v2\/types\/product"}],"replies":[{"embeddable":true,"href":"https:\/\/www.phivutabletennis.com\/index.php\/wp-json\/wp\/v2\/comments?post=2230"}],"wp:featuredmedia":[{"embeddable":true,"href":"https:\/\/www.phivutabletennis.com\/index.php\/wp-json\/wp\/v2\/media\/2240"}],"wp:attachment":[{"href":"https:\/\/www.phivutabletennis.com\/index.php\/wp-json\/wp\/v2\/media?parent=2230"}],"wp:term":[{"taxonomy":"product_cat","embeddable":true,"href":"https:\/\/www.phivutabletennis.com\/index.php\/wp-json\/wp\/v2\/product_cat?post=2230"},{"taxonomy":"product_tag","embeddable":true,"href":"https:\/\/www.phivutabletennis.com\/index.php\/wp-json\/wp\/v2\/product_tag?post=2230"}],"curies":[{"name":"wp","href":"https:\/\/api.w.org\/{rel}","templated":true}]}}