{"id":2241,"date":"2023-06-22T00:11:58","date_gmt":"2023-06-21T17:11:58","guid":{"rendered":"https:\/\/www.phivutabletennis.com\/?post_type=product&#038;p=2241"},"modified":"2023-06-24T05:48:44","modified_gmt":"2023-06-23T22:48:44","slug":"tat-vo-ong-chan-2-cai-phiten-sport-sleeve_after-for-leg-2pcs","status":"publish","type":"product","link":"https:\/\/www.phivutabletennis.com\/index.php\/product\/tat-vo-ong-chan-2-cai-phiten-sport-sleeve_after-for-leg-2pcs\/","title":{"rendered":"T\u1ea5t\/ V\u1edb \u1ed0ng Ch\u00e2n (2 C\u00e1i) &#8211; PHITEN SPORT SLEEVE_AFTER for LEG (2pcs)"},"content":{"rendered":"<div class=\"col-md-4\">\n<div>S\u1ed1 l\u01b0\u1ee3ng<\/div>\n<div class=\"quality quantity input-group-quantity buttons_added\"><button class=\"btn-number btn-minus minus\" disabled=\"disabled\" type=\"button\" data-type=\"minus\"><i class=\"icon-minus\"><\/i><\/button><input id=\"qty\" class=\"input-number input-quantity input-text qty text\" max=\"1\" min=\"1\" name=\"qty\" type=\"text\" value=\"1\" \/><button class=\"btn-number btn-plus plus\" type=\"button\" data-type=\"plus\"><i class=\"icon-plus\"><\/i><\/button><\/div>\n<\/div>\n<div class=\"col-md-4\">\n<div class=\"item\">\n<div class=\"title\">Size:<\/div>\n<p><select class=\"selectpicker select attributes\" title=\"\" data-id=\"4\"><option selected=\"selected\" value=\"S005\">S-M<\/option><option value=\"S006\">L-LL<\/option><\/select><\/div>\n<\/div>\n<div class=\"col-md-4\">\n<div class=\"item\">\n<div class=\"title\">M\u00e0u s\u1eafc:<\/div>\n<p><select class=\"selectpicker select attributes\" title=\"\" data-id=\"5\"><option selected=\"selected\" value=\"C001\">\u0110en<\/option><\/select><\/div>\n<\/div>\n<p><strong>T\u1ea5t\/ V\u1edb \u1ed0ng Ch\u00e2n Phiten Sport Sleeve_After For Leg (2 C\u00e1i)<\/strong><\/p>\n<p>Phiten Sport Sleeve After for Legs (2pcs) v\u1edbi c\u00f4ng ngh\u1ec7 Aqua Titan \u0111\u1ed9c quy\u1ec1n h\u1ed7 tr\u1ee3 b\u1ea3o v\u1ec7 v\u00f9ng b\u1eafp ch\u00e2n t\u1ed1i \u0111a. Ch\u1ea5t li\u1ec7u c\u00f3 \u0111\u1ed9 \u0111\u00e0n h\u1ed3i t\u1ed1t, thi\u1ebft k\u1ebf \u00f4m s\u00e1t v\u00f9ng b\u1eafp ch\u00e2n nh\u01b0ng v\u1eabn \u0111\u1ea3m b\u1ea3o s\u1ef1 tho\u1ea3i m\u00e1i khi di chuy\u1ec3n v\u00e0 v\u1eadn \u0111\u1ed9ng.<\/p>\n<p><strong>C\u00f4ng d\u1ee5ng:<\/strong><br \/>\n&#8211; H\u1ea1n ch\u1ebf s\u1ef1 c\u0103ng c\u1ee9ng c\u01a1, l\u01b0u th\u00f4ng m\u00e1u d\u1ec5 d\u00e0ng h\u01a1n.<\/p>\n<p>&#8211;\u00a0 H\u1ed7 tr\u1ee3 n\u00e2ng v\u00f2m ch\u00e2n \u0111\u1ec3 gi\u1eef c\u1ed5 ch\u00e2n v\u00e0 v\u00f2m b\u00e0n ch\u00e2n \u1ed5n \u0111\u1ecbnh khi \u0111i b\u1ed9 v\u00e0 ch\u1ea1y.<\/p>\n<p>&#8211; Ch\u1ee9c n\u0103ng nhanh kh\u00f4 v\u1edbi kh\u1ea3 n\u0103ng th\u1ea5m h\u00fat n\u01b0\u1edbc\/ m\u1ed3 h\u00f4i nhanh l\u00e0m cho c\u1ea3m gi\u00e1c s\u1ea1ch s\u1ebd v\u00e0 tho\u1ea3i m\u00e1i h\u01a1n.<\/p>\n<p>&#8211; C\u00f3 \u0111\u1eb7c t\u00ednh v\u00e0 t\u00e1c d\u1ee5ng kh\u00e1ng khu\u1ea9n.<\/p>\n<p>&#8211; Gi\u1ea3m c\u0103ng th\u1eb3ng cho b\u00e0n ch\u00e2n.<\/p>\n<p>&#8211; C\u1ea3m nh\u1eadn s\u1ef1 nh\u1eb9 nh\u00e0ng c\u1ee7a \u0111\u00f4i ch\u00e2n trong qu\u00e1 tr\u00ecnh ch\u1ea1y.<\/p>\n<p><strong>Ch\u1ea5t li\u1ec7u:<\/strong><br \/>\nPolyester 60%, Polyurethane 24%, Cotton 9% and Nylon 7%<br \/>\n<strong>H\u01b0\u1edbng d\u1eabn s\u1eed d\u1ee5ng:<\/strong><br \/>\nS\u1ea3n ph\u1ea9m n\u00e0y h\u1ed7 tr\u1ee3 ch\u1eb7t h\u01a1n so v\u1edbi t\u1ea5t b\u00ecnh th\u01b0\u1eddng, v\u00e0 c\u00f3 m\u1ed9t s\u1ed1 b\u1ed9 ph\u1eadn c\u00f3 k\u1ebft c\u1ea5u m\u1ecfng. H\u00e3y m\u1eb7c n\u00f3 k\u00e9o l\u00ean t\u1eebng ch\u00fat m\u1ed9t.<br \/>\n<strong>K\u00edch th\u01b0\u1edbc:<\/strong><br \/>\nS &#8211; M Approx. 28-38cm<br \/>\nL &#8211; LL Approx. 34-44cm<\/p>\n<p><strong>Th\u01b0\u01a1ng hi\u1ec7u:<\/strong>\u00a0Phiten Xu\u1ea5t x\u1ee9: Nh\u1eadt B\u1ea3n<\/p>\n<p><strong>\u0110\u1ed1i t\u01b0\u1ee3ng s\u1eed d\u1ee5ng:\u00a0<\/strong><\/p>\n<p>&#8211; C\u00e1c v\u1eadn \u0111\u1ed9ng vi\u00ean v\u00e0 ng\u01b0\u1eddi ch\u1ea1y b\u1ed9 h\u1eb1ng ng\u00e0y.<\/p>\n<p>&#8211; D\u00e0nh cho ng\u01b0\u1eddi ch\u01a1i th\u1ec3 thao nh\u01b0\u00a0b\u00f3ng \u0111\u00e1, b\u00f3ng chuy\u1ec1n, b\u00f3ng r\u1ed5, \u0111\u1ea1p xe, golf, tennis,&#8230;<\/p>\n<p>&#8211; Ng\u01b0\u1eddi ph\u1ea3i \u0111\u1ee9ng nhi\u1ec1u, \u0111\u1ee9ng l\u00e2u khi l\u00e0m vi\u1ec7c ho\u1eb7c \u0111i b\u1ed9 \u0111\u01b0\u1eddng d\u00e0i.<a href=\"https:\/\/www.phivutabletennis.com\/wp-content\/uploads\/2023\/06\/2.3.png\"><img loading=\"lazy\" decoding=\"async\" class=\"alignnone size-full wp-image-2243\" src=\"https:\/\/www.phivutabletennis.com\/wp-content\/uploads\/2023\/06\/2.3.png\" alt=\"\" width=\"4167\" height=\"4167\" srcset=\"https:\/\/www.phivutabletennis.com\/wp-content\/uploads\/2023\/06\/2.3.png 4167w, https:\/\/www.phivutabletennis.com\/wp-content\/uploads\/2023\/06\/2.3-300x300.png 300w, https:\/\/www.phivutabletennis.com\/wp-content\/uploads\/2023\/06\/2.3-100x100.png 100w, https:\/\/www.phivutabletennis.com\/wp-content\/uploads\/2023\/06\/2.3-600x600.png 600w, https:\/\/www.phivutabletennis.com\/wp-content\/uploads\/2023\/06\/2.3-1024x1024.png 1024w, https:\/\/www.phivutabletennis.com\/wp-content\/uploads\/2023\/06\/2.3-150x150.png 150w, https:\/\/www.phivutabletennis.com\/wp-content\/uploads\/2023\/06\/2.3-768x768.png 768w, https:\/\/www.phivutabletennis.com\/wp-content\/uploads\/2023\/06\/2.3-1536x1536.png 1536w, https:\/\/www.phivutabletennis.com\/wp-content\/uploads\/2023\/06\/2.3-2048x2048.png 2048w\" sizes=\"auto, (max-width: 4167px) 100vw, 4167px\" \/><\/a><\/p>\n","protected":false},"excerpt":{"rendered":"<p>S\u1ed1 l\u01b0\u1ee3ng Size: S-ML-LL M\u00e0u s\u1eafc: \u0110en T\u1ea5t\/ V\u1edb \u1ed0ng Ch\u00e2n Phiten Sport Sleeve_After For Leg (2 C\u00e1i) Phiten Sport Sleeve After for Legs (2pcs) v\u1edbi c\u00f4ng ngh\u1ec7 Aqua Titan \u0111\u1ed9c quy\u1ec1n h\u1ed7 tr\u1ee3 b\u1ea3o v\u1ec7 v\u00f9ng b\u1eafp ch\u00e2n t\u1ed1i \u0111a. Ch\u1ea5t li\u1ec7u c\u00f3 \u0111\u1ed9 \u0111\u00e0n h\u1ed3i t\u1ed1t, thi\u1ebft k\u1ebf \u00f4m s\u00e1t v\u00f9ng b\u1eafp ch\u00e2n [&hellip;]<\/p>\n","protected":false},"featured_media":2244,"comment_status":"open","ping_status":"closed","template":"","meta":{"_eb_attr":""},"product_cat":[92,120,115],"product_tag":[],"class_list":["post-2241","product","type-product","status-publish","has-post-thumbnail","hentry","product_cat-phiten","product_cat-tat-vo","product_cat-trang-phuc"],"_links":{"self":[{"href":"https:\/\/www.phivutabletennis.com\/index.php\/wp-json\/wp\/v2\/product\/2241","targetHints":{"allow":["GET"]}}],"collection":[{"href":"https:\/\/www.phivutabletennis.com\/index.php\/wp-json\/wp\/v2\/product"}],"about":[{"href":"https:\/\/www.phivutabletennis.com\/index.php\/wp-json\/wp\/v2\/types\/product"}],"replies":[{"embeddable":true,"href":"https:\/\/www.phivutabletennis.com\/index.php\/wp-json\/wp\/v2\/comments?post=2241"}],"wp:featuredmedia":[{"embeddable":true,"href":"https:\/\/www.phivutabletennis.com\/index.php\/wp-json\/wp\/v2\/media\/2244"}],"wp:attachment":[{"href":"https:\/\/www.phivutabletennis.com\/index.php\/wp-json\/wp\/v2\/media?parent=2241"}],"wp:term":[{"taxonomy":"product_cat","embeddable":true,"href":"https:\/\/www.phivutabletennis.com\/index.php\/wp-json\/wp\/v2\/product_cat?post=2241"},{"taxonomy":"product_tag","embeddable":true,"href":"https:\/\/www.phivutabletennis.com\/index.php\/wp-json\/wp\/v2\/product_tag?post=2241"}],"curies":[{"name":"wp","href":"https:\/\/api.w.org\/{rel}","templated":true}]}}