{"id":2245,"date":"2023-06-22T00:14:01","date_gmt":"2023-06-21T17:14:01","guid":{"rendered":"https:\/\/www.phivutabletennis.com\/?post_type=product&#038;p=2245"},"modified":"2023-06-24T05:48:31","modified_gmt":"2023-06-23T22:48:31","slug":"quan-bo-the-thao-dang-dai-phiten-sport-spats-long","status":"publish","type":"product","link":"https:\/\/www.phivutabletennis.com\/index.php\/product\/quan-bo-the-thao-dang-dai-phiten-sport-spats-long\/","title":{"rendered":"Qu\u1ea7n B\u00f3 Th\u1ec3 Thao D\u1ea1ng D\u00e0i &#8211; PHITEN SPORT SPATS LONG"},"content":{"rendered":"<div class=\"row quan-color-size\">\n<div class=\"col-md-4\">\n<div>S\u1ed1 l\u01b0\u1ee3ng<\/div>\n<div class=\"quality quantity input-group-quantity buttons_added\"><button class=\"btn-number btn-minus minus\" disabled=\"disabled\" type=\"button\" data-type=\"minus\"><i class=\"icon-minus\"><\/i><\/button><input id=\"qty\" class=\"input-number input-quantity input-text qty text\" max=\"3\" min=\"1\" name=\"qty\" type=\"text\" value=\"1\" \/><button class=\"btn-number btn-plus plus\" type=\"button\" data-type=\"plus\"><i class=\"icon-plus\"><\/i><\/button><\/div>\n<\/div>\n<div class=\"col-md-4\">\n<div class=\"item\">\n<div class=\"title\">Size:<\/div>\n<p><select class=\"selectpicker select attributes\" title=\"\" data-id=\"4\"><option selected=\"selected\" value=\"S001\">S<\/option><option value=\"S002\">M<\/option><option value=\"S003\">L<\/option><\/select><\/div>\n<\/div>\n<div class=\"col-md-4\">\n<div class=\"item\">\n<div class=\"title\">M\u00e0u s\u1eafc:<\/div>\n<p><select class=\"selectpicker select attributes\" title=\"\" data-id=\"5\"><option selected=\"selected\" value=\"C001\">\u0110en<\/option><\/select><\/div>\n<\/div>\n<\/div>\n<div class=\"item\"><\/div>\n<div class=\"product-desc desc\">\n<h3><strong>Qu\u1ea7n Legging Th\u1ec3 Thao Phiten Sport Spats Long<\/strong><\/h3>\n<p>Qu\u1ea7n legging th\u1ec3 thao v\u1edbi thi\u1ebft k\u1ebf \u00f4m s\u00e1t, \u0111\u01b0\u1ee3c l\u00e0m t\u01b0 ch\u1ea5t li\u1ec7u\u00a0Polyester m\u1ec1m m\u1ecbn, co d\u00e3n v\u00e0 \u0111\u00e0n h\u1ed3i t\u1ed1t, mang \u0111\u1ebfn s\u1ef1 tho\u1ea3i m\u00e1i khi ch\u01a1i th\u1ec3 thao.<\/p>\n<p><strong>C\u00f4ng d\u1ee5ng:<\/strong><\/p>\n<p>&#8211; Ch\u1ea5t li\u1ec7u th\u1ea5m h\u00fat m\u1ed3 h\u00f4i, nhanh kh\u00f4 t\u1ea1o c\u1ea3m gi\u00e1c tho\u1ea3i m\u00e1i khi v\u1eadn \u0111\u1ed9ng.<\/p>\n<p>&#8211; C\u00f4ng ngh\u1ec7 Phiten gi\u00fap l\u01b0u th\u00f4ng m\u00e1u, c\u1ea3i thi\u1ec7n t\u00ecnh tr\u1ea1ng c\u0103ng c\u01a1, \u0111au c\u01a1 khi t\u1eadp luy\u1ec7n.<\/p>\n<p>&#8211; S\u1eed d\u1ee5ng ki\u1ec3u may &#8220;\u0111\u01b0\u1eddng may ph\u1eb3ng&#8221;, kh\u00f4ng \u0111\u1ec3 l\u1ea1i c\u00e1c v\u1ebft l\u1eb1n tr\u00ean c\u01a1 th\u1ec3 sau th\u1eddi gian d\u00e0i s\u1eed d\u1ee5ng.<\/p>\n<p>&#8211; C\u00f3 d\u00e2y \u0111i\u1ec1u ch\u1ec9nh \u0111\u1ed9 r\u1ed9ng b\u00ean trong th\u1eaft l\u01b0ng.<\/p>\n<p>&#8211; Logo Phiten \u0111\u1eb7t tr\u00ean \u0111\u00f9i tr\u00e1i.<\/p>\n<p><strong>K\u00edch th\u01b0\u1edbc:<\/strong><br \/>\nM, L, LL<\/p>\n<p><strong>V\u1eadt li\u1ec7u:<\/strong><\/p>\n<p>Polyester<br \/>\nPolyurethane<\/p>\n<p><strong>H\u01b0\u1edbng d\u1eabn b\u1ea3o qu\u1ea3n:<\/strong><br \/>\nC\u00f3 th\u1ec3 gi\u1eb7t b\u1eb1ng m\u00e1y gi\u1eb7t v\u1edbi l\u01b0\u1edbi gi\u1eb7t<\/p>\n<p><strong>C\u00f4ng ngh\u1ec7:<\/strong><br \/>\nAqua Titanium<\/p>\n<p>S\u1ea3n xu\u1ea5t t\u1ea1i Trung Qu\u1ed1c.\u00a0Tuy nhi\u00ean, s\u1ea3n ph\u1ea9m \u0111\u01b0\u1ee3c g\u1eedi l\u1ea1i Phiten Japan \u0111\u1ec3 x\u1eed l\u00fd c\u00f4ng ngh\u1ec7 c\u1ee7a h\u00e3ng<\/p>\n<p><strong>Th\u01b0\u01a1ng hi\u1ec7u Phiten<\/strong><\/p>\n<p><strong>\u0110\u1ed1i t\u01b0\u1ee3ng s\u1eed d\u1ee5ng:<\/strong><\/p>\n<p>&#8211; Ng\u01b0\u1eddi ch\u01a1i th\u1ec3 thao h\u1eb1ng ng\u00e0y, v\u1eadn \u0111\u1ed9ng vi\u00ean thi \u0111\u1ea5u chuy\u00ean nghi\u1ec7p<\/p>\n<p>&#8211; Ph\u00f9 h\u1ee3p v\u1edbi c\u00e1c m\u00f4n th\u1ec3 thao nh\u01b0 ch\u1ea1y b\u1ed9, gym, yoga,&#8230;<a href=\"https:\/\/www.phivutabletennis.com\/wp-content\/uploads\/2023\/06\/2.5.jpeg\"><img loading=\"lazy\" decoding=\"async\" class=\"alignnone size-full wp-image-2250\" src=\"https:\/\/www.phivutabletennis.com\/wp-content\/uploads\/2023\/06\/2.5.jpeg\" alt=\"\" width=\"815\" height=\"815\" srcset=\"https:\/\/www.phivutabletennis.com\/wp-content\/uploads\/2023\/06\/2.5.jpeg 815w, https:\/\/www.phivutabletennis.com\/wp-content\/uploads\/2023\/06\/2.5-300x300.jpeg 300w, https:\/\/www.phivutabletennis.com\/wp-content\/uploads\/2023\/06\/2.5-100x100.jpeg 100w, https:\/\/www.phivutabletennis.com\/wp-content\/uploads\/2023\/06\/2.5-600x600.jpeg 600w, https:\/\/www.phivutabletennis.com\/wp-content\/uploads\/2023\/06\/2.5-150x150.jpeg 150w, https:\/\/www.phivutabletennis.com\/wp-content\/uploads\/2023\/06\/2.5-768x768.jpeg 768w\" sizes=\"auto, (max-width: 815px) 100vw, 815px\" \/><\/a> <a href=\"https:\/\/www.phivutabletennis.com\/wp-content\/uploads\/2023\/06\/2.6.jpeg\"><img loading=\"lazy\" decoding=\"async\" class=\"alignnone size-full wp-image-2251\" src=\"https:\/\/www.phivutabletennis.com\/wp-content\/uploads\/2023\/06\/2.6.jpeg\" alt=\"\" width=\"815\" height=\"815\" srcset=\"https:\/\/www.phivutabletennis.com\/wp-content\/uploads\/2023\/06\/2.6.jpeg 815w, https:\/\/www.phivutabletennis.com\/wp-content\/uploads\/2023\/06\/2.6-300x300.jpeg 300w, https:\/\/www.phivutabletennis.com\/wp-content\/uploads\/2023\/06\/2.6-100x100.jpeg 100w, https:\/\/www.phivutabletennis.com\/wp-content\/uploads\/2023\/06\/2.6-600x600.jpeg 600w, https:\/\/www.phivutabletennis.com\/wp-content\/uploads\/2023\/06\/2.6-150x150.jpeg 150w, https:\/\/www.phivutabletennis.com\/wp-content\/uploads\/2023\/06\/2.6-768x768.jpeg 768w\" sizes=\"auto, (max-width: 815px) 100vw, 815px\" \/><\/a><\/p>\n<\/div>\n","protected":false},"excerpt":{"rendered":"<p>S\u1ed1 l\u01b0\u1ee3ng Size: SML M\u00e0u s\u1eafc: \u0110en Qu\u1ea7n Legging Th\u1ec3 Thao Phiten Sport Spats Long Qu\u1ea7n legging th\u1ec3 thao v\u1edbi thi\u1ebft k\u1ebf \u00f4m s\u00e1t, \u0111\u01b0\u1ee3c l\u00e0m t\u01b0 ch\u1ea5t li\u1ec7u\u00a0Polyester m\u1ec1m m\u1ecbn, co d\u00e3n v\u00e0 \u0111\u00e0n h\u1ed3i t\u1ed1t, mang \u0111\u1ebfn s\u1ef1 tho\u1ea3i m\u00e1i khi ch\u01a1i th\u1ec3 thao. C\u00f4ng d\u1ee5ng: &#8211; Ch\u1ea5t li\u1ec7u th\u1ea5m h\u00fat m\u1ed3 h\u00f4i, [&hellip;]<\/p>\n","protected":false},"featured_media":2246,"comment_status":"open","ping_status":"closed","template":"","meta":{"_eb_attr":""},"product_cat":[92,118,115],"product_tag":[],"class_list":["post-2245","product","type-product","status-publish","has-post-thumbnail","hentry","product_cat-phiten","product_cat-quan-lot-quan-bo","product_cat-trang-phuc"],"_links":{"self":[{"href":"https:\/\/www.phivutabletennis.com\/index.php\/wp-json\/wp\/v2\/product\/2245","targetHints":{"allow":["GET"]}}],"collection":[{"href":"https:\/\/www.phivutabletennis.com\/index.php\/wp-json\/wp\/v2\/product"}],"about":[{"href":"https:\/\/www.phivutabletennis.com\/index.php\/wp-json\/wp\/v2\/types\/product"}],"replies":[{"embeddable":true,"href":"https:\/\/www.phivutabletennis.com\/index.php\/wp-json\/wp\/v2\/comments?post=2245"}],"wp:featuredmedia":[{"embeddable":true,"href":"https:\/\/www.phivutabletennis.com\/index.php\/wp-json\/wp\/v2\/media\/2246"}],"wp:attachment":[{"href":"https:\/\/www.phivutabletennis.com\/index.php\/wp-json\/wp\/v2\/media?parent=2245"}],"wp:term":[{"taxonomy":"product_cat","embeddable":true,"href":"https:\/\/www.phivutabletennis.com\/index.php\/wp-json\/wp\/v2\/product_cat?post=2245"},{"taxonomy":"product_tag","embeddable":true,"href":"https:\/\/www.phivutabletennis.com\/index.php\/wp-json\/wp\/v2\/product_tag?post=2245"}],"curies":[{"name":"wp","href":"https:\/\/api.w.org\/{rel}","templated":true}]}}