{"id":2253,"date":"2023-06-22T00:17:37","date_gmt":"2023-06-21T17:17:37","guid":{"rendered":"https:\/\/www.phivutabletennis.com\/?post_type=product&#038;p=2253"},"modified":"2023-06-24T05:48:17","modified_gmt":"2023-06-23T22:48:17","slug":"khan-the-thao-phiten-sport-towel","status":"publish","type":"product","link":"https:\/\/www.phivutabletennis.com\/index.php\/product\/khan-the-thao-phiten-sport-towel\/","title":{"rendered":"Kh\u0103n Th\u1ec3 Thao &#8211; PHITEN SPORT TOWEL"},"content":{"rendered":"<div class=\"row quan-color-size\">\n<div class=\"col-md-4\">\n<div>S\u1ed1 l\u01b0\u1ee3ng<\/div>\n<div class=\"quality quantity input-group-quantity buttons_added\"><button class=\"btn-number btn-minus minus\" disabled=\"disabled\" type=\"button\" data-type=\"minus\"><i class=\"icon-minus\"><\/i><\/button><input id=\"qty\" class=\"input-number input-quantity input-text qty text\" max=\"1\" min=\"1\" name=\"qty\" type=\"text\" value=\"1\" \/><button class=\"btn-number btn-plus plus\" type=\"button\" data-type=\"plus\"><i class=\"icon-plus\"><\/i><\/button><\/div>\n<\/div>\n<div class=\"col-md-4\">\n<div class=\"item\">\n<div class=\"title\">M\u00e0u s\u1eafc:<\/div>\n<p><select class=\"selectpicker select attributes\" title=\"\" data-id=\"5\"><option value=\"C004\">Xanh d\u01b0\u01a1ng<\/option><option selected=\"selected\" value=\"C008\">H\u1ed3ng<\/option><\/select><\/div>\n<\/div>\n<\/div>\n<div class=\"item\"><\/div>\n<div class=\"product-desc desc\">\n<p><strong>Kh\u0103n th\u1ec3 thao Phiten<\/strong><\/p>\n<p><strong>M\u00f4 t\u1ea3 s\u1ea3n ph\u1ea9m:<\/strong><\/p>\n<p>Kh\u0103n \u0111\u01b0\u1ee3c \u00e1p d\u1ee5ng c\u00f4ng ngh\u1ec7 Phiten, d\u1ec7t t\u1eeb v\u1ea3i\u00a0Jacquard m\u1ec1m m\u1ecbn c\u00f3 kh\u1ea3 n\u0103ng ch\u1ed1ng phai m\u00e0u.\u00a0V\u1ea3i \u0111\u01b0\u1ee3c x\u1eed l\u00fd v\u1edbi ch\u1ee9c n\u0103ng kh\u00e1ng khu\u1ea9n v\u00e0 kh\u1eed m\u00f9i \u0111\u1ec3 kh\u1eed m\u00f9i m\u1ed3 h\u00f4i, qu\u1ea7n \u00e1o ch\u01b0a kh\u00f4 v\u00e0 c\u00e1c m\u00f9i kh\u00f3 ch\u1ecbu kh\u00e1c.<br \/>\n<strong>Ch\u1ea5t li\u1ec7u:<\/strong>\u00a0100% cotton<br \/>\n<strong>C\u00f4ng ngh\u1ec7<\/strong>:\u00a0AQUA-TITANIUM\u00ae<br \/>\n<strong>C\u00f4ng d\u1ee5ng:<\/strong><br \/>\n&#8211; Th\u00edch h\u1ee3p cho sau khi ch\u01a1i th\u1ec3 thao ho\u1eb7c sau khi t\u1eafm<br \/>\n&#8211; Th\u1ea5m h\u00fat m\u1ed3 h\u00f4i t\u1ed1t v\u00e0 nhanh ch\u00f3ng, h\u00fat s\u1ea1ch n\u01b0\u1edbc ngay l\u1ea7n \u0111\u1ea7u s\u1eed d\u1ee5ng<br \/>\n&#8211; S\u1ee3i \u0111\u01b0\u1ee3c d\u1ec7t l\u1ecfng hai l\u1edbp, mang l\u1ea1i c\u1ea3m gi\u00e1c b\u1ec1n ch\u1eafc v\u00e0 ch\u1ea5t l\u01b0\u1ee3ng.<\/p>\n<p><strong>K\u00edch c\u1ee1<\/strong>: Kho\u1ea3ng 20x120cm<br \/>\n<strong>M\u00e0u:<\/strong>\u00a0X\u00e1m, xanh d\u01b0\u01a1ng, h\u1ed3ng<br \/>\n<strong>L\u01b0u \u00fd:\u00a0<\/strong>Gi\u1eb7t b\u1eb1ng n\u01b0\u1edbc \u1ea5m ho\u1eb7c s\u1eefa t\u1eafm \u00edt ch\u1ea5t t\u1ea9y, ph\u01a1i d\u01b0\u1edbi b\u00f3ng m\u00e1t tr\u00e1nh \u00e1nh n\u1eafng m\u1eb7t tr\u1eddi<br \/>\n<strong>Th\u01b0\u01a1ng hi\u1ec7u:<\/strong>\u00a0Phiten<br \/>\n<strong>Xu\u1ea5t x\u1ee9:<\/strong>\u00a0Nh\u1eadt B\u1ea3n<a href=\"https:\/\/www.phivutabletennis.com\/wp-content\/uploads\/2023\/06\/3.3-1.png\"><img loading=\"lazy\" decoding=\"async\" class=\"alignnone size-full wp-image-2257\" src=\"https:\/\/www.phivutabletennis.com\/wp-content\/uploads\/2023\/06\/3.3-1.png\" alt=\"\" width=\"4167\" height=\"4167\" srcset=\"https:\/\/www.phivutabletennis.com\/wp-content\/uploads\/2023\/06\/3.3-1.png 4167w, https:\/\/www.phivutabletennis.com\/wp-content\/uploads\/2023\/06\/3.3-1-300x300.png 300w, https:\/\/www.phivutabletennis.com\/wp-content\/uploads\/2023\/06\/3.3-1-100x100.png 100w, https:\/\/www.phivutabletennis.com\/wp-content\/uploads\/2023\/06\/3.3-1-600x600.png 600w, https:\/\/www.phivutabletennis.com\/wp-content\/uploads\/2023\/06\/3.3-1-1024x1024.png 1024w, https:\/\/www.phivutabletennis.com\/wp-content\/uploads\/2023\/06\/3.3-1-150x150.png 150w, https:\/\/www.phivutabletennis.com\/wp-content\/uploads\/2023\/06\/3.3-1-768x768.png 768w, https:\/\/www.phivutabletennis.com\/wp-content\/uploads\/2023\/06\/3.3-1-1536x1536.png 1536w, https:\/\/www.phivutabletennis.com\/wp-content\/uploads\/2023\/06\/3.3-1-2048x2048.png 2048w\" sizes=\"auto, (max-width: 4167px) 100vw, 4167px\" \/><\/a><\/p>\n<\/div>\n","protected":false},"excerpt":{"rendered":"<p>S\u1ed1 l\u01b0\u1ee3ng M\u00e0u s\u1eafc: Xanh d\u01b0\u01a1ngH\u1ed3ng Kh\u0103n th\u1ec3 thao Phiten M\u00f4 t\u1ea3 s\u1ea3n ph\u1ea9m: Kh\u0103n \u0111\u01b0\u1ee3c \u00e1p d\u1ee5ng c\u00f4ng ngh\u1ec7 Phiten, d\u1ec7t t\u1eeb v\u1ea3i\u00a0Jacquard m\u1ec1m m\u1ecbn c\u00f3 kh\u1ea3 n\u0103ng ch\u1ed1ng phai m\u00e0u.\u00a0V\u1ea3i \u0111\u01b0\u1ee3c x\u1eed l\u00fd v\u1edbi ch\u1ee9c n\u0103ng kh\u00e1ng khu\u1ea9n v\u00e0 kh\u1eed m\u00f9i \u0111\u1ec3 kh\u1eed m\u00f9i m\u1ed3 h\u00f4i, qu\u1ea7n \u00e1o ch\u01b0a kh\u00f4 v\u00e0 c\u00e1c m\u00f9i [&hellip;]<\/p>\n","protected":false},"featured_media":2256,"comment_status":"open","ping_status":"closed","template":"","meta":{"_eb_attr":""},"product_cat":[68,92,115],"product_tag":[],"class_list":["post-2253","product","type-product","status-publish","has-post-thumbnail","hentry","product_cat-khan","product_cat-phiten","product_cat-trang-phuc"],"_links":{"self":[{"href":"https:\/\/www.phivutabletennis.com\/index.php\/wp-json\/wp\/v2\/product\/2253","targetHints":{"allow":["GET"]}}],"collection":[{"href":"https:\/\/www.phivutabletennis.com\/index.php\/wp-json\/wp\/v2\/product"}],"about":[{"href":"https:\/\/www.phivutabletennis.com\/index.php\/wp-json\/wp\/v2\/types\/product"}],"replies":[{"embeddable":true,"href":"https:\/\/www.phivutabletennis.com\/index.php\/wp-json\/wp\/v2\/comments?post=2253"}],"wp:featuredmedia":[{"embeddable":true,"href":"https:\/\/www.phivutabletennis.com\/index.php\/wp-json\/wp\/v2\/media\/2256"}],"wp:attachment":[{"href":"https:\/\/www.phivutabletennis.com\/index.php\/wp-json\/wp\/v2\/media?parent=2253"}],"wp:term":[{"taxonomy":"product_cat","embeddable":true,"href":"https:\/\/www.phivutabletennis.com\/index.php\/wp-json\/wp\/v2\/product_cat?post=2253"},{"taxonomy":"product_tag","embeddable":true,"href":"https:\/\/www.phivutabletennis.com\/index.php\/wp-json\/wp\/v2\/product_tag?post=2253"}],"curies":[{"name":"wp","href":"https:\/\/api.w.org\/{rel}","templated":true}]}}