{"id":2258,"date":"2023-06-22T00:22:29","date_gmt":"2023-06-21T17:22:29","guid":{"rendered":"https:\/\/www.phivutabletennis.com\/?post_type=product&#038;p=2258"},"modified":"2023-06-24T05:48:08","modified_gmt":"2023-06-23T22:48:08","slug":"khan-tam-phiten-bath-towel","status":"publish","type":"product","link":"https:\/\/www.phivutabletennis.com\/index.php\/product\/khan-tam-phiten-bath-towel\/","title":{"rendered":"Kh\u0103n T\u1eafm &#8211; PHITEN BATH TOWEL"},"content":{"rendered":"<div class=\"row quan-color-size\">\n<div class=\"col-md-4\">\n<div>S\u1ed1 l\u01b0\u1ee3ng<\/div>\n<div class=\"quality quantity input-group-quantity buttons_added\"><button class=\"btn-number btn-minus minus\" disabled=\"disabled\" type=\"button\" data-type=\"minus\"><i class=\"icon-minus\"><\/i><\/button><input id=\"qty\" class=\"input-number input-quantity input-text qty text\" max=\"2\" min=\"1\" name=\"qty\" type=\"text\" value=\"1\" \/><button class=\"btn-number btn-plus plus\" type=\"button\" data-type=\"plus\"><i class=\"icon-plus\"><\/i><\/button><\/div>\n<\/div>\n<div class=\"col-md-4\">\n<div class=\"item\">\n<div class=\"title\">M\u00e0u s\u1eafc:<\/div>\n<p><select class=\"selectpicker select attributes\" title=\"\" data-id=\"5\"><option value=\"C004\">Xanh d\u01b0\u01a1ng<\/option><option selected=\"selected\" value=\"C006\">X\u00e1m<\/option><option value=\"C008\">H\u1ed3ng<\/option><\/select><\/div>\n<\/div>\n<\/div>\n<div class=\"item\"><\/div>\n<div class=\"product-desc desc\">\n<p><strong>Kh\u0103n t\u1eafm Phiten Bath Towel<\/strong><br \/>\n<strong>M\u00f4 t\u1ea3 s\u1ea3n ph\u1ea9m:<\/strong><br \/>\nCh\u1ea5t l\u01b0\u1ee3ng Imabari, \u0111\u01b0\u1ee3c \u0111\u00e1nh gi\u00e1 cao tr\u00ean th\u1ebf gi\u1edbi. M\u1ed9t chi\u1ebfc kh\u0103n th\u1ec3 thao c\u00f3 h\u1ecda ti\u1ebft r\u1eb1n ri v\u1edbi logo Phiten c\u1ee1 l\u1edbn.<br \/>\n<strong>Ch\u1ea5t li\u1ec7u:\u00a0<\/strong>100% cotton<br \/>\n<strong>C\u00f4ng ngh\u1ec7:\u00a0<\/strong>AQUA-TITANIUM\u00ae<br \/>\n<strong>C\u00f4ng d\u1ee5ng:<\/strong><br \/>\n&#8211; Th\u00edch h\u1ee3p cho sau khi ch\u01a1i th\u1ec3 thao ho\u1eb7c sau khi t\u1eafm<br \/>\n&#8211; Th\u1ea5m h\u00fat t\u1ed1t v\u00e0 nhanh, h\u00fat s\u1ea1ch n\u01b0\u1edbc ngay l\u1ea7n \u0111\u1ea7u s\u1eed d\u1ee5ng<br \/>\n&#8211; S\u1ee3i \u0111\u01b0\u1ee3c d\u1ec7t l\u1ecfng hai l\u1edbp, mang l\u1ea1i c\u1ea3m gi\u00e1c b\u1ec1n ch\u1eafc v\u00e0 ch\u1ea5t l\u01b0\u1ee3ng.<\/p>\n<p><strong>K\u00edch c\u1ee1:<\/strong>\u00a060x120cm<br \/>\n<strong>M\u00e0u:\u00a0<\/strong>X\u00e1m, xanh d\u01b0\u01a1ng, h\u1ed3ng<br \/>\n<strong>L\u01b0u \u00fd:\u00a0<\/strong>Gi\u1eb7t b\u1eb1ng n\u01b0\u1edbc \u1ea5m ho\u1eb7c s\u1eefa t\u1eafm \u00edt ch\u1ea5t t\u1ea9y, ph\u01a1i d\u01b0\u1edbi b\u00f3ng m\u00e1t tr\u00e1nh \u00e1nh n\u1eafng m\u1eb7t tr\u1eddi<br \/>\n<strong>Th\u01b0\u01a1ng hi\u1ec7u:\u00a0<\/strong>Phiten<br \/>\n<strong>Xu\u1ea5t x\u1ee9:\u00a0<\/strong>Nh\u1eadt B\u1ea3n<a href=\"https:\/\/www.phivutabletennis.com\/wp-content\/uploads\/2023\/06\/4.2.png\"><img loading=\"lazy\" decoding=\"async\" class=\"alignnone size-full wp-image-2259\" src=\"https:\/\/www.phivutabletennis.com\/wp-content\/uploads\/2023\/06\/4.2.png\" alt=\"\" width=\"4167\" height=\"4167\" srcset=\"https:\/\/www.phivutabletennis.com\/wp-content\/uploads\/2023\/06\/4.2.png 4167w, https:\/\/www.phivutabletennis.com\/wp-content\/uploads\/2023\/06\/4.2-300x300.png 300w, https:\/\/www.phivutabletennis.com\/wp-content\/uploads\/2023\/06\/4.2-100x100.png 100w, https:\/\/www.phivutabletennis.com\/wp-content\/uploads\/2023\/06\/4.2-600x600.png 600w, https:\/\/www.phivutabletennis.com\/wp-content\/uploads\/2023\/06\/4.2-1024x1024.png 1024w, https:\/\/www.phivutabletennis.com\/wp-content\/uploads\/2023\/06\/4.2-150x150.png 150w, https:\/\/www.phivutabletennis.com\/wp-content\/uploads\/2023\/06\/4.2-768x768.png 768w, https:\/\/www.phivutabletennis.com\/wp-content\/uploads\/2023\/06\/4.2-1536x1536.png 1536w, https:\/\/www.phivutabletennis.com\/wp-content\/uploads\/2023\/06\/4.2-2048x2048.png 2048w\" sizes=\"auto, (max-width: 4167px) 100vw, 4167px\" \/><\/a><\/p>\n<\/div>\n","protected":false},"excerpt":{"rendered":"<p>S\u1ed1 l\u01b0\u1ee3ng M\u00e0u s\u1eafc: Xanh d\u01b0\u01a1ngX\u00e1mH\u1ed3ng Kh\u0103n t\u1eafm Phiten Bath Towel M\u00f4 t\u1ea3 s\u1ea3n ph\u1ea9m: Ch\u1ea5t l\u01b0\u1ee3ng Imabari, \u0111\u01b0\u1ee3c \u0111\u00e1nh gi\u00e1 cao tr\u00ean th\u1ebf gi\u1edbi. M\u1ed9t chi\u1ebfc kh\u0103n th\u1ec3 thao c\u00f3 h\u1ecda ti\u1ebft r\u1eb1n ri v\u1edbi logo Phiten c\u1ee1 l\u1edbn. Ch\u1ea5t li\u1ec7u:\u00a0100% cotton C\u00f4ng ngh\u1ec7:\u00a0AQUA-TITANIUM\u00ae C\u00f4ng d\u1ee5ng: &#8211; Th\u00edch h\u1ee3p cho sau khi ch\u01a1i th\u1ec3 [&hellip;]<\/p>\n","protected":false},"featured_media":2260,"comment_status":"open","ping_status":"closed","template":"","meta":{"_eb_attr":""},"product_cat":[68,92,115],"product_tag":[],"class_list":["post-2258","product","type-product","status-publish","has-post-thumbnail","hentry","product_cat-khan","product_cat-phiten","product_cat-trang-phuc"],"_links":{"self":[{"href":"https:\/\/www.phivutabletennis.com\/index.php\/wp-json\/wp\/v2\/product\/2258","targetHints":{"allow":["GET"]}}],"collection":[{"href":"https:\/\/www.phivutabletennis.com\/index.php\/wp-json\/wp\/v2\/product"}],"about":[{"href":"https:\/\/www.phivutabletennis.com\/index.php\/wp-json\/wp\/v2\/types\/product"}],"replies":[{"embeddable":true,"href":"https:\/\/www.phivutabletennis.com\/index.php\/wp-json\/wp\/v2\/comments?post=2258"}],"wp:featuredmedia":[{"embeddable":true,"href":"https:\/\/www.phivutabletennis.com\/index.php\/wp-json\/wp\/v2\/media\/2260"}],"wp:attachment":[{"href":"https:\/\/www.phivutabletennis.com\/index.php\/wp-json\/wp\/v2\/media?parent=2258"}],"wp:term":[{"taxonomy":"product_cat","embeddable":true,"href":"https:\/\/www.phivutabletennis.com\/index.php\/wp-json\/wp\/v2\/product_cat?post=2258"},{"taxonomy":"product_tag","embeddable":true,"href":"https:\/\/www.phivutabletennis.com\/index.php\/wp-json\/wp\/v2\/product_tag?post=2258"}],"curies":[{"name":"wp","href":"https:\/\/api.w.org\/{rel}","templated":true}]}}