{"id":2261,"date":"2023-06-22T00:25:34","date_gmt":"2023-06-21T17:25:34","guid":{"rendered":"https:\/\/www.phivutabletennis.com\/?post_type=product&#038;p=2261"},"modified":"2023-06-24T05:47:56","modified_gmt":"2023-06-23T22:47:56","slug":"khan-da-nang-phiten-metax-neck-gaiter-cool","status":"publish","type":"product","link":"https:\/\/www.phivutabletennis.com\/index.php\/product\/khan-da-nang-phiten-metax-neck-gaiter-cool\/","title":{"rendered":"Kh\u0103n \u0110a N\u0103ng &#8211; PHITEN METAX NECK GAITER COOL"},"content":{"rendered":"<div class=\"row quan-color-size\">\n<div class=\"col-md-4\">\n<div>S\u1ed1 l\u01b0\u1ee3ng<\/div>\n<div class=\"quality quantity input-group-quantity buttons_added\"><button class=\"btn-number btn-minus minus\" disabled=\"disabled\" type=\"button\" data-type=\"minus\"><i class=\"icon-minus\"><\/i><\/button><input id=\"qty\" class=\"input-number input-quantity input-text qty text\" max=\"2\" min=\"1\" name=\"qty\" type=\"text\" value=\"1\" \/><button class=\"btn-number btn-plus plus\" type=\"button\" data-type=\"plus\"><i class=\"icon-plus\"><\/i><\/button><\/div>\n<\/div>\n<div class=\"col-md-4\">\n<div class=\"item\">\n<div class=\"title\">M\u00e0u s\u1eafc:<\/div>\n<p><select class=\"selectpicker select attributes\" title=\"\" data-id=\"5\"><option value=\"C006\">X\u00e1m<\/option><option selected=\"selected\" value=\"C010\">Xanh Navy<\/option><\/select><\/div>\n<\/div>\n<\/div>\n<div class=\"item\"><\/div>\n<div class=\"product-desc desc\">\n<p>Kh\u0103n \u0111a n\u0103ng\u00a0<strong>Phiten Metax Neck Gaiter Cool<\/strong>\u00a0h\u1ed7 tr\u1ee3 cho\u00a0c\u00e1c ho\u1ea1t \u0111\u1ed9ng c\u1ee7a b\u1ea1n l\u00ean c\u1ea5p \u0111\u1ed9 ti\u1ebfp theo trong luy\u1ec7n t\u1eadp th\u1ec3 thao ho\u1eb7c di chuy\u1ec3n h\u1eb1ng ng\u00e0y.<\/p>\n<p><strong>\u0110\u1eb7c \u0111i\u1ec3m c\u1ee7a s\u1ea3n ph\u1ea9m<\/strong><\/p>\n<p>&#8211; \u0110\u01b0\u1ee3c l\u00e0m b\u1eb1ng v\u1ea3i\u00a0<strong>&#8220;Cool-Contact&#8221;<\/strong>\u00a0v\u00e0 \u0111\u1eb7c t\u00ednh h\u00fat \u1ea9m tuy\u1ec7t v\u1eddi, \u0111\u1ed3ng th\u1eddi cung c\u1ea5p kh\u1ea3 n\u0103ng B\u1ea3o v\u1ec7 tia c\u1ef1c t\u00edm v\u1edbi t\u1ef7 l\u1ec7 che ch\u1eafn l\u00ean \u0111\u1ebfn 90% (ho\u1eb7c h\u01a1n),<\/p>\n<p>&#8211; Metax Neck Gaiter Coll gi\u00fap cho b\u1ea1n gi\u1eef s\u1ef1 m\u00e1t m\u1ebb v\u00e0 r\u1ea5t t\u1ed1t \u0111\u1ec3 ng\u0103n ng\u1eeba \u0111\u1ed9t qu\u1ef5 do nhi\u1ec7t trong m\u00f4i tr\u01b0\u1eddng th\u1eddi ti\u1ebft n\u00f3ng.<\/p>\n<p>&#8211; V\u1ea3i cung c\u1ea5p \u0111\u1ed9 tho\u00e1ng kh\u00ed v\u00e0 \u0111\u1ed9 \u0111\u00e0n h\u1ed3i tuy\u1ec7t v\u1eddi \u0111\u1ec3 t\u1ea1o s\u1ef1 tho\u1ea3i m\u00e1i v\u00e0 d\u1ec5 d\u00e0ng \u00f4m s\u00e1t c\u1ed5 v\u00e0 m\u1eb7t (v\u00f9ng m\u0169i v\u00e0 mi\u1ec7ng).<\/p>\n<p>&#8211; L\u00fd t\u01b0\u1edfng cho nam ho\u1eb7c n\u1eef v\u1edbi thi\u1ebft k\u1ebf \u0111\u01a1n gi\u1ea3n c\u00f3 th\u1ec3 \u0111\u01b0\u1ee3c s\u1eed d\u1ee5ng trong c\u00e1c ho\u1ea1t \u0111\u1ed9ng kh\u00e1c nhau v\u00e0 cho l\u1ed1i s\u1ed1ng h\u00e0ng ng\u00e0y.<\/p>\n<p><strong>M\u00e0u s\u1eafc:\u00a0<\/strong>Xanh Navy<\/p>\n<p><strong>K\u00edch th\u01b0\u1edbc<\/strong>: Free size<\/p>\n<p><strong>C\u00f4ng ngh\u1ec7:\u00a0<\/strong>Metax<\/p>\n<p><strong>Xu\u1ea5t x\u1ee9:\u00a0<\/strong>Nh\u1eadt B\u1ea3n<a href=\"https:\/\/www.phivutabletennis.com\/wp-content\/uploads\/2023\/06\/5.6.jpeg\"><img loading=\"lazy\" decoding=\"async\" class=\"alignnone size-full wp-image-2267\" src=\"https:\/\/www.phivutabletennis.com\/wp-content\/uploads\/2023\/06\/5.6.jpeg\" alt=\"\" width=\"1080\" height=\"1080\" srcset=\"https:\/\/www.phivutabletennis.com\/wp-content\/uploads\/2023\/06\/5.6.jpeg 1080w, https:\/\/www.phivutabletennis.com\/wp-content\/uploads\/2023\/06\/5.6-300x300.jpeg 300w, https:\/\/www.phivutabletennis.com\/wp-content\/uploads\/2023\/06\/5.6-100x100.jpeg 100w, https:\/\/www.phivutabletennis.com\/wp-content\/uploads\/2023\/06\/5.6-600x600.jpeg 600w, https:\/\/www.phivutabletennis.com\/wp-content\/uploads\/2023\/06\/5.6-1024x1024.jpeg 1024w, https:\/\/www.phivutabletennis.com\/wp-content\/uploads\/2023\/06\/5.6-150x150.jpeg 150w, https:\/\/www.phivutabletennis.com\/wp-content\/uploads\/2023\/06\/5.6-768x768.jpeg 768w\" sizes=\"auto, (max-width: 1080px) 100vw, 1080px\" \/><\/a> <a href=\"https:\/\/www.phivutabletennis.com\/wp-content\/uploads\/2023\/06\/5.5.jpeg\"><img loading=\"lazy\" decoding=\"async\" class=\"alignnone size-full wp-image-2266\" src=\"https:\/\/www.phivutabletennis.com\/wp-content\/uploads\/2023\/06\/5.5.jpeg\" alt=\"\" width=\"1080\" height=\"1080\" srcset=\"https:\/\/www.phivutabletennis.com\/wp-content\/uploads\/2023\/06\/5.5.jpeg 1080w, https:\/\/www.phivutabletennis.com\/wp-content\/uploads\/2023\/06\/5.5-300x300.jpeg 300w, https:\/\/www.phivutabletennis.com\/wp-content\/uploads\/2023\/06\/5.5-100x100.jpeg 100w, https:\/\/www.phivutabletennis.com\/wp-content\/uploads\/2023\/06\/5.5-600x600.jpeg 600w, https:\/\/www.phivutabletennis.com\/wp-content\/uploads\/2023\/06\/5.5-1024x1024.jpeg 1024w, https:\/\/www.phivutabletennis.com\/wp-content\/uploads\/2023\/06\/5.5-150x150.jpeg 150w, https:\/\/www.phivutabletennis.com\/wp-content\/uploads\/2023\/06\/5.5-768x768.jpeg 768w\" sizes=\"auto, (max-width: 1080px) 100vw, 1080px\" \/><\/a><\/p>\n<\/div>\n","protected":false},"excerpt":{"rendered":"<p>S\u1ed1 l\u01b0\u1ee3ng M\u00e0u s\u1eafc: X\u00e1mXanh Navy Kh\u0103n \u0111a n\u0103ng\u00a0Phiten Metax Neck Gaiter Cool\u00a0h\u1ed7 tr\u1ee3 cho\u00a0c\u00e1c ho\u1ea1t \u0111\u1ed9ng c\u1ee7a b\u1ea1n l\u00ean c\u1ea5p \u0111\u1ed9 ti\u1ebfp theo trong luy\u1ec7n t\u1eadp th\u1ec3 thao ho\u1eb7c di chuy\u1ec3n h\u1eb1ng ng\u00e0y. \u0110\u1eb7c \u0111i\u1ec3m c\u1ee7a s\u1ea3n ph\u1ea9m &#8211; \u0110\u01b0\u1ee3c l\u00e0m b\u1eb1ng v\u1ea3i\u00a0&#8220;Cool-Contact&#8221;\u00a0v\u00e0 \u0111\u1eb7c t\u00ednh h\u00fat \u1ea9m tuy\u1ec7t v\u1eddi, \u0111\u1ed3ng th\u1eddi cung c\u1ea5p kh\u1ea3 [&hellip;]<\/p>\n","protected":false},"featured_media":2268,"comment_status":"open","ping_status":"closed","template":"","meta":{"_eb_attr":""},"product_cat":[68,92,115],"product_tag":[],"class_list":["post-2261","product","type-product","status-publish","has-post-thumbnail","hentry","product_cat-khan","product_cat-phiten","product_cat-trang-phuc"],"_links":{"self":[{"href":"https:\/\/www.phivutabletennis.com\/index.php\/wp-json\/wp\/v2\/product\/2261","targetHints":{"allow":["GET"]}}],"collection":[{"href":"https:\/\/www.phivutabletennis.com\/index.php\/wp-json\/wp\/v2\/product"}],"about":[{"href":"https:\/\/www.phivutabletennis.com\/index.php\/wp-json\/wp\/v2\/types\/product"}],"replies":[{"embeddable":true,"href":"https:\/\/www.phivutabletennis.com\/index.php\/wp-json\/wp\/v2\/comments?post=2261"}],"wp:featuredmedia":[{"embeddable":true,"href":"https:\/\/www.phivutabletennis.com\/index.php\/wp-json\/wp\/v2\/media\/2268"}],"wp:attachment":[{"href":"https:\/\/www.phivutabletennis.com\/index.php\/wp-json\/wp\/v2\/media?parent=2261"}],"wp:term":[{"taxonomy":"product_cat","embeddable":true,"href":"https:\/\/www.phivutabletennis.com\/index.php\/wp-json\/wp\/v2\/product_cat?post=2261"},{"taxonomy":"product_tag","embeddable":true,"href":"https:\/\/www.phivutabletennis.com\/index.php\/wp-json\/wp\/v2\/product_tag?post=2261"}],"curies":[{"name":"wp","href":"https:\/\/api.w.org\/{rel}","templated":true}]}}