{"id":2269,"date":"2023-06-22T00:27:47","date_gmt":"2023-06-21T17:27:47","guid":{"rendered":"https:\/\/www.phivutabletennis.com\/?post_type=product&#038;p=2269"},"modified":"2023-06-24T05:47:39","modified_gmt":"2023-06-23T22:47:39","slug":"lot-giay-chong-soc-phiten-metax-insole_metatarsal-support","status":"publish","type":"product","link":"https:\/\/www.phivutabletennis.com\/index.php\/product\/lot-giay-chong-soc-phiten-metax-insole_metatarsal-support\/","title":{"rendered":"L\u00f3t Gi\u00e0y Ch\u1ed1ng S\u1ed1c &#8211; PHITEN METAX INSOLE_METATARSAL SUPPORT"},"content":{"rendered":"<div class=\"row quan-color-size\">\n<div class=\"col-md-4\">\n<div>S\u1ed1 l\u01b0\u1ee3ng<\/div>\n<div class=\"quality quantity input-group-quantity buttons_added\"><button class=\"btn-number btn-minus minus\" disabled=\"disabled\" type=\"button\" data-type=\"minus\"><i class=\"icon-minus\"><\/i><\/button><input id=\"qty\" class=\"input-number input-quantity input-text qty text\" max=\"29\" min=\"1\" name=\"qty\" type=\"text\" value=\"1\" \/><button class=\"btn-number btn-plus plus\" type=\"button\" data-type=\"plus\"><i class=\"icon-plus\"><\/i><\/button><\/div>\n<\/div>\n<div class=\"col-md-4\">\n<div class=\"item\">\n<div class=\"title\">Size:<\/div>\n<p><select class=\"selectpicker select attributes\" title=\"\" data-id=\"4\"><option value=\"S016\">24-28cm<\/option><option selected=\"selected\" value=\"S038\">21-25cm<\/option><\/select><\/div>\n<\/div>\n<\/div>\n<div class=\"item\"><\/div>\n<div class=\"product-desc desc\">\n<p><strong>L\u00f3t Gi\u00e0y Ch\u1ed1ng S\u1ed1c Phiten Metax_Metatarsal Support<\/strong><\/p>\n<p>Mi\u1ebfng l\u00f3t gi\u00e0y h\u1ed7 tr\u1ee3 c\u00e1c v\u1eadn \u0111\u1ed9ng t\u1ef1 nhi\u00ean c\u1ee7a b\u00e0n ch\u00e2n v\u1edbi c\u00f4ng ngh\u1ec7 Metax. Ch\u1ea5t li\u1ec7u nh\u1eb9 ph\u00f9 h\u1ee3p v\u1edbi \u0111\u1ed9 n\u1ea3y \u0111\u01b0\u1ee3c \u00e1p d\u1ee5ng v\u00e0o ph\u1ea7n ch\u00ednh c\u1ee7a mi\u1ebfng l\u00f3t. Ch\u1ea5t li\u1ec7u h\u1ea5p th\u1ee5 l\u1ef1c \u0111\u01b0\u1ee3c s\u1eed d\u1ee5ng cho ph\u1ea7n v\u00f2m v\u00e0 g\u00f3t b\u00e0n ch\u00e2n &#8211; n\u01a1i h\u1ea5p thu nhi\u1ec1u l\u1ef1c c\u00f3 t\u00e1c \u0111\u1ed9ng l\u1edbn.<\/p>\n<p><strong>C\u00f4ng ngh\u1ec7<\/strong>:\u00a0Metax<\/p>\n<p><strong>Th\u00e0nh ph\u1ea7n<\/strong>:\u00a0th\u00e2n ch\u00ednh (acrylic resin 100%), b\u1ec1 m\u1eb7t (polyester 100%), mi\u1ebfng \u0111\u1ec7m l\u00f3t (silicon 100%).<\/p>\n<p><strong>C\u00f4ng d\u1ee5ng:<\/strong><\/p>\n<p>&#8211; Ho\u00e0n h\u1ea3o \u0111\u1ec3 s\u1eed d\u1ee5ng h\u00e0ng ng\u00e0y, d\u00f9ng v\u1edbi b\u1ea5t k\u1ef3 lo\u1ea1i gi\u00e0y n\u00e0o: th\u1ec3 thao, gi\u00e0y t\u00e2y, gi\u00e0y cao g\u00f3t.<br \/>\n&#8211; \u0110\u1eb7c bi\u1ec7t \u0111\u1ed1i v\u1edbi gi\u00e0y cao g\u00f3t, b\u1ea1n s\u1ebd c\u1ea3m nh\u1eadn \u0111\u01b0\u1ee3c s\u1ef1 nh\u1eb9 nh\u00e0ng c\u1ee7a \u0111\u00f4i ch\u00e2n, kh\u00f4ng g\u1eb7p t\u00ecnh tr\u1ea1ng b\u1ecb \u00ea, h\u1eb1n ho\u1eb7c b\u1ea7m ch\u00e2n do m\u00e1u l\u01b0u th\u00f4ng kh\u00f4ng t\u1ed1t.<br \/>\n&#8211; Gi\u00fap cho vi\u1ec7c \u0111i l\u1ea1i, di chuy\u1ec3n ho\u1eb7c t\u1eadp luy\u1ec7n tr\u1edf n\u00ean d\u1ec5 d\u00e0ng h\u01a1n, t\u0103ng hi\u1ec7u qu\u1ea3 .<br \/>\n&#8211; H\u1ed7 tr\u1ee3 ch\u1ed1ng ch\u1ea5n th\u01b0\u01a1ng th\u01b0\u1eddng g\u1eb7p \u1edf b\u00e0n ch\u00e2n: vi\u00eam g\u00e2n, s\u01b0ng g\u00f3t ch\u00e2n,gi\u00e3n t\u0129nh m\u1ea1ch, tr\u01b0\u1ee3t ch\u00e2n g\u00e2y l\u1eadt s\u01a1 mi.<br \/>\n&#8211; N\u00e2ng cao v\u00f2m ch\u00e2n, gi\u1ea3m l\u1ef1c va ch\u1ea1m c\u1ee7a ch\u00e2n khi ti\u1ebfp x\u00fac m\u1eb7t \u0111\u1ea5t.<br \/>\n&#8211; Th\u01b0 gi\u00e3n b\u00e0n ch\u00e2n, ch\u00e2n, s\u1ea3ng kho\u00e1i tinh th\u1ea7n.<br \/>\n&#8211; C\u00f3 th\u1ec3 c\u1eaft b\u1eb1ng k\u00e9o \u0111\u1ec3 ph\u00f9 h\u1ee3p v\u1edbi k\u00edch c\u1ee1 gi\u00e0y hi\u1ec7n c\u00f3 c\u1ee7a b\u1ea1n cho c\u1ea3 n\u1eef v\u00e0 nam.<\/p>\n<p><strong>Size:\u00a0<\/strong>21-25 cm v\u00e0 24-28 cm<\/p>\n<p><strong>Th\u01b0\u01a1ng hi\u1ec7u:<\/strong>\u00a0Phiten<\/p>\n<p><strong>Xu\u1ea5t x\u1ee9<\/strong>:\u00a0Nh\u1eadt B\u1ea3n.<\/p>\n<p><strong>\u0110\u1ed1i t\u01b0\u1ee3ng s\u1eed d\u1ee5ng:<\/strong><\/p>\n<p>&#8211; Ng\u01b0\u1eddi th\u01b0\u1eddng xuy\u00ean mang gi\u00e0y cao g\u00f3t<\/p>\n<p>&#8211; Ng\u01b0\u1eddi \u0111i b\u1ed9 \u0111au nh\u1ee9c b\u00e0n ch\u00e2n, g\u00f3t ch\u00e2n<\/p>\n<p>&#8211; Ng\u01b0\u1eddi g\u1eb7p\u00a0c\u00e1c v\u1ea5n \u0111\u1ec1 v\u1ec1 b\u00e0n ch\u00e2n b\u1eb9t, v\u00f2m cao, v\u00f2m th\u1ea5p,&#8230;<\/p>\n<\/div>\n","protected":false},"excerpt":{"rendered":"<p>S\u1ed1 l\u01b0\u1ee3ng Size: 24-28cm21-25cm L\u00f3t Gi\u00e0y Ch\u1ed1ng S\u1ed1c Phiten Metax_Metatarsal Support Mi\u1ebfng l\u00f3t gi\u00e0y h\u1ed7 tr\u1ee3 c\u00e1c v\u1eadn \u0111\u1ed9ng t\u1ef1 nhi\u00ean c\u1ee7a b\u00e0n ch\u00e2n v\u1edbi c\u00f4ng ngh\u1ec7 Metax. Ch\u1ea5t li\u1ec7u nh\u1eb9 ph\u00f9 h\u1ee3p v\u1edbi \u0111\u1ed9 n\u1ea3y \u0111\u01b0\u1ee3c \u00e1p d\u1ee5ng v\u00e0o ph\u1ea7n ch\u00ednh c\u1ee7a mi\u1ebfng l\u00f3t. Ch\u1ea5t li\u1ec7u h\u1ea5p th\u1ee5 l\u1ef1c \u0111\u01b0\u1ee3c s\u1eed d\u1ee5ng cho ph\u1ea7n [&hellip;]<\/p>\n","protected":false},"featured_media":2270,"comment_status":"open","ping_status":"closed","template":"","meta":{"_eb_attr":""},"product_cat":[121,92,115],"product_tag":[],"class_list":["post-2269","product","type-product","status-publish","has-post-thumbnail","hentry","product_cat-lot-giay","product_cat-phiten","product_cat-trang-phuc"],"_links":{"self":[{"href":"https:\/\/www.phivutabletennis.com\/index.php\/wp-json\/wp\/v2\/product\/2269","targetHints":{"allow":["GET"]}}],"collection":[{"href":"https:\/\/www.phivutabletennis.com\/index.php\/wp-json\/wp\/v2\/product"}],"about":[{"href":"https:\/\/www.phivutabletennis.com\/index.php\/wp-json\/wp\/v2\/types\/product"}],"replies":[{"embeddable":true,"href":"https:\/\/www.phivutabletennis.com\/index.php\/wp-json\/wp\/v2\/comments?post=2269"}],"wp:featuredmedia":[{"embeddable":true,"href":"https:\/\/www.phivutabletennis.com\/index.php\/wp-json\/wp\/v2\/media\/2270"}],"wp:attachment":[{"href":"https:\/\/www.phivutabletennis.com\/index.php\/wp-json\/wp\/v2\/media?parent=2269"}],"wp:term":[{"taxonomy":"product_cat","embeddable":true,"href":"https:\/\/www.phivutabletennis.com\/index.php\/wp-json\/wp\/v2\/product_cat?post=2269"},{"taxonomy":"product_tag","embeddable":true,"href":"https:\/\/www.phivutabletennis.com\/index.php\/wp-json\/wp\/v2\/product_tag?post=2269"}],"curies":[{"name":"wp","href":"https:\/\/api.w.org\/{rel}","templated":true}]}}