{"id":2278,"date":"2023-06-22T00:32:24","date_gmt":"2023-06-21T17:32:24","guid":{"rendered":"https:\/\/www.phivutabletennis.com\/?post_type=product&#038;p=2278"},"modified":"2024-09-13T22:38:19","modified_gmt":"2024-09-13T15:38:19","slug":"lot-giay-chong-soc-phiten-insole_metatarsal-support","status":"publish","type":"product","link":"https:\/\/www.phivutabletennis.com\/index.php\/product\/lot-giay-chong-soc-phiten-insole_metatarsal-support\/","title":{"rendered":"L\u00f3t Gi\u00e0y Ch\u1ed1ng S\u1ed1c PHITEN INSOLE_METATARSAL SUPPORT"},"content":{"rendered":"<div class=\"row quan-color-size\">\n<div class=\"col-md-4\">\n<div>S\u1ed1 l\u01b0\u1ee3ng<\/div>\n<div class=\"quality quantity input-group-quantity buttons_added\"><button class=\"btn-number btn-minus minus\" disabled=\"disabled\" type=\"button\" data-type=\"minus\"><i class=\"icon-minus\"><\/i><\/button><input id=\"qty\" class=\"input-number input-quantity input-text qty text\" max=\"29\" min=\"1\" name=\"qty\" type=\"text\" value=\"1\" \/><button class=\"btn-number btn-plus plus\" type=\"button\" data-type=\"plus\"><i class=\"icon-plus\"><\/i><\/button><\/div>\n<\/div>\n<div class=\"col-md-4\">\n<div class=\"item\">\n<div class=\"title\">Size:<\/div>\n<p><select class=\"selectpicker select attributes\" title=\"\" data-id=\"4\"><option selected=\"selected\" value=\"S015\">22-25cm<\/option><option value=\"S016\">24-28cm<\/option><\/select><\/div>\n<\/div>\n<\/div>\n<div class=\"item\"><\/div>\n<div class=\"product-desc desc\">\n<p><strong>L\u00f3t Gi\u00e0y Ch\u1ed1ng S\u1ed1c Phiten Metatarsal Support<\/strong><\/p>\n<p><strong>M\u00f4 t\u1ea3 s\u1ea3n ph\u1ea9m:<\/strong>\u00a0Mi\u1ebfng l\u00f3t gi\u00e0y h\u1ed7 tr\u1ee3 c\u00e1c v\u1eadn \u0111\u1ed9ng t\u1ef1 nhi\u00ean c\u1ee7a b\u00e0n ch\u00e2n v\u1edbi c\u00f4ng ngh\u1ec7 AQUA TITANIUM. Ch\u1ea5t li\u1ec7u nh\u1eb9 ph\u00f9 h\u1ee3p v\u1edbi \u0111\u1ed9 n\u1ea3y \u0111\u01b0\u1ee3c \u00e1p d\u1ee5ng v\u00e0o ph\u1ea7n ch\u00ednh c\u1ee7a mi\u1ebfng l\u00f3t. Ch\u1ea5t li\u1ec7u h\u1ea5p th\u1ee5 l\u1ef1c \u0111\u01b0\u1ee3c s\u1eed d\u1ee5ng cho ph\u1ea7n v\u00f2m v\u00e0 g\u00f3t b\u00e0n ch\u00e2n &#8211; n\u01a1i h\u1ea5p thu nhi\u1ec1u l\u1ef1c c\u00f3 t\u00e1c \u0111\u1ed9ng l\u1edbn.<br \/>\n<strong>C\u00f4ng ngh\u1ec7<\/strong>:\u00a0Aqua Titan x Aqua Silver x Aqua Palladium.<br \/>\n<strong>Ch\u1ea5t li\u1ec7u<\/strong>:\u00a0th\u00e2n ch\u00ednh (acrylic\u00a0resin 100%), b\u1ec1 m\u1eb7t (polyester 100%), mi\u1ebfng \u0111\u1ec7m l\u00f3t (silicon 100%).<br \/>\n<strong>C\u00f4ng d\u1ee5ng:<\/strong><br \/>\n&#8211; S\u1eed d\u1ee5ng h\u00e0ng ng\u00e0y, \u0111\u1eb7c bi\u1ec7t l\u00e0 n\u1ebfu b\u1ea1n \u0111i b\u1ed9 ho\u1eb7c \u0111\u1ee9ng c\u1ea3 ng\u00e0y.<\/p>\n<p>&#8211; Mang \u0111\u1ebfn s\u1ef1 nh\u1eb9 nh\u00e0ng, th\u01b0 gi\u00e3n cho \u0111\u00f4i ch\u00e2n.<\/p>\n<p>&#8211; Gi\u1ea3m m\u1ecfi b\u00e0n ch\u00e2n v\u00e0 ng\u0103n ng\u1eeba ch\u1ea5n th\u01b0\u01a1ng \u0111\u1ea7u g\u1ed1i.<\/p>\n<p>&#8211; Gi\u00fap gi\u1ea3m \u0111au nh\u1ee9c v\u00f9ng g\u00f3t ch\u00e2n, b\u00e0n ch\u00e2n.<\/p>\n<p>&#8211; Gi\u00fap ng\u0103n ng\u1eeba tho\u00e1i h\u00f3a kh\u1edbp g\u1ed1i khi \u0111i b\u1ed9 v\u00e0 t\u1eadp th\u1ec3 d\u1ee5c.<\/p>\n<p><strong>Size:<\/strong>\u00a022-25 cm v\u00e0 24-28cm<\/p>\n<p><strong>L\u01b0u \u00fd:<\/strong>\u00a0B\u1ea3o qu\u1ea3n \u1edf n\u01a1i s\u1ea1ch v\u00e0 kh\u00f4 r\u00e1o<\/p>\n<p><strong>Th\u01b0\u01a1ng hi\u1ec7u:<\/strong>\u00a0Phiten<\/p>\n<p><strong>Xu\u1ea5t x\u1ee9:<\/strong>\u00a0Nh\u1eadt B\u1ea3n<\/p>\n<p><strong>\u0110\u1ed1i t\u01b0\u1ee3ng s\u1eed d\u1ee5ng:<\/strong><\/p>\n<p>&#8211; Ng\u01b0\u1eddi th\u01b0\u1eddng xuy\u00ean mang gi\u00e0y cao g\u00f3t<\/p>\n<p>&#8211; Ng\u01b0\u1eddi \u0111i b\u1ed9 \u0111au nh\u1ee9c b\u00e0n ch\u00e2n, g\u00f3t ch\u00e2n<\/p>\n<p>&#8211; Ng\u01b0\u1eddi g\u1eb7p\u00a0c\u00e1c v\u1ea5n \u0111\u1ec1 v\u1ec1 b\u00e0n ch\u00e2n b\u1eb9t, v\u00f2m cao, v\u00f2m th\u1ea5p,&#8230;<a href=\"https:\/\/www.phivutabletennis.com\/wp-content\/uploads\/2023\/06\/16.jpeg\"><img loading=\"lazy\" decoding=\"async\" class=\"alignnone size-full wp-image-2282\" src=\"https:\/\/www.phivutabletennis.com\/wp-content\/uploads\/2023\/06\/16.jpeg\" alt=\"\" width=\"730\" height=\"1176\" srcset=\"https:\/\/www.phivutabletennis.com\/wp-content\/uploads\/2023\/06\/16.jpeg 730w, https:\/\/www.phivutabletennis.com\/wp-content\/uploads\/2023\/06\/16-600x967.jpeg 600w, https:\/\/www.phivutabletennis.com\/wp-content\/uploads\/2023\/06\/16-186x300.jpeg 186w, https:\/\/www.phivutabletennis.com\/wp-content\/uploads\/2023\/06\/16-636x1024.jpeg 636w\" sizes=\"auto, (max-width: 730px) 100vw, 730px\" \/><\/a><\/p>\n<\/div>\n","protected":false},"excerpt":{"rendered":"<p>S\u1ed1 l\u01b0\u1ee3ng Size: 22-25cm24-28cm L\u00f3t Gi\u00e0y Ch\u1ed1ng S\u1ed1c Phiten Metatarsal Support M\u00f4 t\u1ea3 s\u1ea3n ph\u1ea9m:\u00a0Mi\u1ebfng l\u00f3t gi\u00e0y h\u1ed7 tr\u1ee3 c\u00e1c v\u1eadn \u0111\u1ed9ng t\u1ef1 nhi\u00ean c\u1ee7a b\u00e0n ch\u00e2n v\u1edbi c\u00f4ng ngh\u1ec7 AQUA TITANIUM. Ch\u1ea5t li\u1ec7u nh\u1eb9 ph\u00f9 h\u1ee3p v\u1edbi \u0111\u1ed9 n\u1ea3y \u0111\u01b0\u1ee3c \u00e1p d\u1ee5ng v\u00e0o ph\u1ea7n ch\u00ednh c\u1ee7a mi\u1ebfng l\u00f3t. Ch\u1ea5t li\u1ec7u h\u1ea5p th\u1ee5 l\u1ef1c \u0111\u01b0\u1ee3c [&hellip;]<\/p>\n","protected":false},"featured_media":2279,"comment_status":"open","ping_status":"closed","template":"","meta":{"_eb_attr":""},"product_cat":[121,92,115],"product_tag":[],"class_list":["post-2278","product","type-product","status-publish","has-post-thumbnail","hentry","product_cat-lot-giay","product_cat-phiten","product_cat-trang-phuc"],"_links":{"self":[{"href":"https:\/\/www.phivutabletennis.com\/index.php\/wp-json\/wp\/v2\/product\/2278","targetHints":{"allow":["GET"]}}],"collection":[{"href":"https:\/\/www.phivutabletennis.com\/index.php\/wp-json\/wp\/v2\/product"}],"about":[{"href":"https:\/\/www.phivutabletennis.com\/index.php\/wp-json\/wp\/v2\/types\/product"}],"replies":[{"embeddable":true,"href":"https:\/\/www.phivutabletennis.com\/index.php\/wp-json\/wp\/v2\/comments?post=2278"}],"wp:featuredmedia":[{"embeddable":true,"href":"https:\/\/www.phivutabletennis.com\/index.php\/wp-json\/wp\/v2\/media\/2279"}],"wp:attachment":[{"href":"https:\/\/www.phivutabletennis.com\/index.php\/wp-json\/wp\/v2\/media?parent=2278"}],"wp:term":[{"taxonomy":"product_cat","embeddable":true,"href":"https:\/\/www.phivutabletennis.com\/index.php\/wp-json\/wp\/v2\/product_cat?post=2278"},{"taxonomy":"product_tag","embeddable":true,"href":"https:\/\/www.phivutabletennis.com\/index.php\/wp-json\/wp\/v2\/product_tag?post=2278"}],"curies":[{"name":"wp","href":"https:\/\/api.w.org\/{rel}","templated":true}]}}