{"id":2283,"date":"2023-06-22T00:34:07","date_gmt":"2023-06-21T17:34:07","guid":{"rendered":"https:\/\/www.phivutabletennis.com\/?post_type=product&#038;p=2283"},"modified":"2023-06-24T05:47:13","modified_gmt":"2023-06-23T22:47:13","slug":"tat-vo-co-cao-phiten-ti-sockstiag","status":"publish","type":"product","link":"https:\/\/www.phivutabletennis.com\/index.php\/product\/tat-vo-co-cao-phiten-ti-sockstiag\/","title":{"rendered":"T\u1ea5t\/ V\u1edb c\u1ed5 cao &#8211; PHITEN Ti-SOCKS(Ti+Ag)"},"content":{"rendered":"<div class=\"row quan-color-size\">\n<div class=\"col-md-4\">\n<div>S\u1ed1 l\u01b0\u1ee3ng<\/div>\n<div class=\"quality quantity input-group-quantity buttons_added\"><button class=\"btn-number btn-minus minus\" disabled=\"disabled\" type=\"button\" data-type=\"minus\"><i class=\"icon-minus\"><\/i><\/button><input id=\"qty\" class=\"input-number input-quantity input-text qty text\" max=\"12\" min=\"1\" name=\"qty\" type=\"text\" value=\"1\" \/><button class=\"btn-number btn-plus plus\" type=\"button\" data-type=\"plus\"><i class=\"icon-plus\"><\/i><\/button><\/div>\n<\/div>\n<div class=\"col-md-4\">\n<div class=\"item\">\n<div class=\"title\">Size:<\/div>\n<p><select class=\"selectpicker select attributes\" title=\"\" data-id=\"4\"><option selected=\"selected\" value=\"S002\">M<\/option><option value=\"S003\">L<\/option><option value=\"S004\">LL<\/option><\/select><\/div>\n<\/div>\n<div class=\"col-md-4\">\n<div class=\"item\">\n<div class=\"title\">M\u00e0u s\u1eafc:<\/div>\n<p><select class=\"selectpicker select attributes\" title=\"\" data-id=\"5\"><option selected=\"selected\" value=\"C001\">\u0110en<\/option><\/select><\/div>\n<\/div>\n<\/div>\n<div class=\"item\"><\/div>\n<div class=\"product-desc desc\">\n<p><strong>T\u1ea5t\/ V\u1edb c\u1ed5 cao &#8211; PHITEN Ti-SOCKS(Ti+Ag)<\/strong><\/p>\n<p>S\u1ea3n ph\u1ea9m v\u1edbi\u00a0thi\u1ebft k\u1ebf th\u00f4ng minh\u00a0gi\u00fap t\u0103ng c\u01b0\u1eddng \u0111\u1ed9 n\u00e9n t\u1eeb b\u1eafp ch\u00e2n \u0111\u1ebfn m\u1eaft c\u00e1 ch\u00e2n, h\u1ed7 tr\u1ee3 \u0111\u00f4i ch\u00e2n khi ng\u1ed3i tr\u00ean b\u00e0n l\u00e0m vi\u1ec7c ho\u1eb7c \u0111\u1ee9ng l\u00e2u.<\/p>\n<p><strong>C\u00f4ng d\u1ee5ng:<\/strong><\/p>\n<p>&#8211; Ch\u0103m s\u00f3c b\u00e0n ch\u00e2n b\u1ecb s\u01b0ng v\u00e0 \u0111au t\u1eeb b\u1eafp ch\u00e2n \u0111\u1ebfn m\u1eaft c\u00e1 ch\u00e2n\u00a0khi l\u00e0m vi\u1ec7c trong th\u1eddi gian d\u00e0i<br \/>\n&#8211; H\u1ea1n ch\u1ebf s\u1ef1 c\u0103ng c\u1ee9ng c\u01a1, l\u01b0u th\u00f4ng m\u00e1u d\u1ec5 d\u00e0ng h\u01a1n.<br \/>\n&#8211; H\u1ed7 tr\u1ee3 n\u00e2ng v\u00f2m ch\u00e2n \u0111\u1ec3 gi\u1eef c\u1ed5 ch\u00e2n v\u00e0 v\u00f2m b\u00e0n ch\u00e2n \u1ed5n \u0111\u1ecbnh khi \u0111i<br \/>\n&#8211; S\u1ee3i v\u1ea3i v\u1edbi t\u00ednh n\u0103ng kh\u00e1ng khu\u1ea9n (Ag),\u00a0nhanh kh\u00f4 v\u1edbi kh\u1ea3 n\u0103ng th\u1ea5m h\u00fat n\u01b0\u1edbc\/ m\u1ed3 h\u00f4i t\u1ed1t<\/p>\n<p><strong>C\u00f4ng ngh\u1ec7:\u00a0<\/strong>Aqua Titan<\/p>\n<p><strong>Ch\u1ea5t li\u1ec7u:<\/strong><br \/>\n-Nylon<br \/>\n-Polyurethane<\/p>\n<p><strong>Size (k\u00edch th\u01b0\u1edbc b\u00e0n ch\u00e2n):<\/strong><br \/>\nM: 22-24cm<br \/>\nL: 24-26cm<br \/>\nLL: 25-27cm<\/p>\n<p><strong>H\u01b0\u1edbng d\u1eabn s\u1eed d\u1ee5ng:<\/strong><br \/>\n-C\u00f3 th\u1ec3 s\u1eed d\u1ee5ng h\u00e0ng ng\u00e0y<br \/>\n-Tr\u00e1nh gi\u1eb7t s\u1ea3n ph\u1ea9m v\u1edbi ch\u1ea5t t\u1ea9y r\u1eeda m\u1ea1nh (c\u00f3 th\u1ec3 gi\u1eb7t v\u1edbi s\u1eefa t\u1eafm)<\/p>\n<p><strong>Quy c\u00e1ch \u0111\u00f3ng g\u00f3i:<\/strong>\u00a01 \u0111\u00f4i\/ h\u1ed9p<\/p>\n<p><strong>Th\u01b0\u01a1ng hi\u00eau:<\/strong>\u00a0Phiten<\/p>\n<p><strong>Xu\u1ea5t x\u1ee9:<\/strong>\u00a0Nh\u1eadt B\u1ea3n\u00a0Nh\u1eadt B\u1ea3n<\/p>\n<p><strong>\u0110\u1ed1i t\u01b0\u1ee3ng s\u1eed d\u1ee5ng:\u00a0<\/strong><br \/>\n&#8211; Nh\u00e2n vi\u00ean c\u00f4ng s\u1edf, lao \u0111\u1ed9ng ph\u1ed5 th\u00f4ng<br \/>\n&#8211; Ng\u01b0\u1eddi ph\u1ea3i \u0111\u1ee9ng nhi\u1ec1u, \u0111\u1ee9ng l\u00e2u khi l\u00e0m vi\u1ec7c ho\u1eb7c \u0111i b\u1ed9 \u0111\u01b0\u1eddng d\u00e0i<br \/>\n&#8211; Ph\u00f9 h\u1ee3p cho c\u1ea3 nam v\u00e0 n\u1eef<\/p>\n<\/div>\n","protected":false},"excerpt":{"rendered":"<p>S\u1ed1 l\u01b0\u1ee3ng Size: MLLL M\u00e0u s\u1eafc: \u0110en T\u1ea5t\/ V\u1edb c\u1ed5 cao &#8211; PHITEN Ti-SOCKS(Ti+Ag) S\u1ea3n ph\u1ea9m v\u1edbi\u00a0thi\u1ebft k\u1ebf th\u00f4ng minh\u00a0gi\u00fap t\u0103ng c\u01b0\u1eddng \u0111\u1ed9 n\u00e9n t\u1eeb b\u1eafp ch\u00e2n \u0111\u1ebfn m\u1eaft c\u00e1 ch\u00e2n, h\u1ed7 tr\u1ee3 \u0111\u00f4i ch\u00e2n khi ng\u1ed3i tr\u00ean b\u00e0n l\u00e0m vi\u1ec7c ho\u1eb7c \u0111\u1ee9ng l\u00e2u. C\u00f4ng d\u1ee5ng: &#8211; Ch\u0103m s\u00f3c b\u00e0n ch\u00e2n b\u1ecb s\u01b0ng v\u00e0 \u0111au [&hellip;]<\/p>\n","protected":false},"featured_media":2284,"comment_status":"open","ping_status":"closed","template":"","meta":{"_eb_attr":""},"product_cat":[92,120,115],"product_tag":[],"class_list":["post-2283","product","type-product","status-publish","has-post-thumbnail","hentry","product_cat-phiten","product_cat-tat-vo","product_cat-trang-phuc"],"_links":{"self":[{"href":"https:\/\/www.phivutabletennis.com\/index.php\/wp-json\/wp\/v2\/product\/2283","targetHints":{"allow":["GET"]}}],"collection":[{"href":"https:\/\/www.phivutabletennis.com\/index.php\/wp-json\/wp\/v2\/product"}],"about":[{"href":"https:\/\/www.phivutabletennis.com\/index.php\/wp-json\/wp\/v2\/types\/product"}],"replies":[{"embeddable":true,"href":"https:\/\/www.phivutabletennis.com\/index.php\/wp-json\/wp\/v2\/comments?post=2283"}],"wp:featuredmedia":[{"embeddable":true,"href":"https:\/\/www.phivutabletennis.com\/index.php\/wp-json\/wp\/v2\/media\/2284"}],"wp:attachment":[{"href":"https:\/\/www.phivutabletennis.com\/index.php\/wp-json\/wp\/v2\/media?parent=2283"}],"wp:term":[{"taxonomy":"product_cat","embeddable":true,"href":"https:\/\/www.phivutabletennis.com\/index.php\/wp-json\/wp\/v2\/product_cat?post=2283"},{"taxonomy":"product_tag","embeddable":true,"href":"https:\/\/www.phivutabletennis.com\/index.php\/wp-json\/wp\/v2\/product_tag?post=2283"}],"curies":[{"name":"wp","href":"https:\/\/api.w.org\/{rel}","templated":true}]}}