{"id":2286,"date":"2023-06-22T00:36:10","date_gmt":"2023-06-21T17:36:10","guid":{"rendered":"https:\/\/www.phivutabletennis.com\/?post_type=product&#038;p=2286"},"modified":"2023-06-24T05:47:02","modified_gmt":"2023-06-23T22:47:02","slug":"quan-the-thao-phiten-sport-spats-quarter","status":"publish","type":"product","link":"https:\/\/www.phivutabletennis.com\/index.php\/product\/quan-the-thao-phiten-sport-spats-quarter\/","title":{"rendered":"Qu\u1ea7n Th\u1ec3 Thao &#8211; PHITEN SPORT SPATS QUARTER"},"content":{"rendered":"<div class=\"row quan-color-size\">\n<div class=\"col-md-4\">\n<div>S\u1ed1 l\u01b0\u1ee3ng<\/div>\n<div class=\"quality quantity input-group-quantity buttons_added\"><button class=\"btn-number btn-minus minus\" disabled=\"disabled\" type=\"button\" data-type=\"minus\"><i class=\"icon-minus\"><\/i><\/button><input id=\"qty\" class=\"input-number input-quantity input-text qty text\" max=\"2\" min=\"1\" name=\"qty\" type=\"text\" value=\"1\" \/><button class=\"btn-number btn-plus plus\" type=\"button\" data-type=\"plus\"><i class=\"icon-plus\"><\/i><\/button><\/div>\n<\/div>\n<div class=\"col-md-4\">\n<div class=\"item\">\n<div class=\"title\">Size:<\/div>\n<p><select class=\"selectpicker select attributes\" title=\"\" data-id=\"4\"><option selected=\"selected\" value=\"S001\">S<\/option><option value=\"S002\">M<\/option><option value=\"S003\">L<\/option><\/select><\/div>\n<\/div>\n<div class=\"col-md-4\">\n<div class=\"item\">\n<div class=\"title\">M\u00e0u s\u1eafc:<\/div>\n<p><select class=\"selectpicker select attributes\" title=\"\" data-id=\"5\"><option selected=\"selected\" value=\"C001\">\u0110en<\/option><\/select><\/div>\n<\/div>\n<\/div>\n<div class=\"item\"><\/div>\n<div class=\"product-desc desc\">\n<p><strong>Qu\u1ea7n Th\u1ec3 Thao Phiten Sport Spats Quarter<\/strong><\/p>\n<p>Qu\u1ea7n \u00f4m th\u1ec3 thao Phiten\u00a0th\u1ea5m h\u00fat m\u1ed3 h\u00f4i c\u1ef1c t\u1ed1t v\u00e0 nhanh kh\u00f4. \u0110\u1ed9 co gi\u00e3n t\u1ed1t cho b\u1ea1n c\u1ea3m gi\u00e1c tho\u1ea3i m\u00e1i khi v\u1eadn \u0111\u1ed9ng v\u00e0 ph\u00f9 h\u1ee3p cho t\u1ea5t c\u1ea3 c\u00e1c m\u00f4n th\u1ec3 thao.<\/p>\n<p><strong>C\u00f4ng ngh\u1ec7:<\/strong>\u00a0Aqua Titan<\/p>\n<p><strong>C\u00f4ng d\u1ee5ng:<\/strong><\/p>\n<p>&#8211; Ph\u00f9 h\u1ee3p khi tham gia c\u00e1c b\u1ed9 m\u00f4n th\u1ec3 thao.<\/p>\n<p>&#8211; C\u00f4ng ngh\u1ec7 Aqua Titan gi\u00fap l\u01b0u th\u00f4ng kh\u00ed huy\u1ebft.<\/p>\n<p>&#8211; Th\u1ea5m m\u1ed3 h\u00f4i &amp; kh\u00f4 nhanh, kh\u00f4ng \u0111\u1ec3 l\u1ea1i v\u1ebft h\u1eb1n \u1edf h\u00f4ng khi m\u1eb7c l\u00e2u.<\/p>\n<p>&#8211; \u0110\u01b0\u1eddng may ph\u1eb3ng v\u00e0 va\u0309i d\u00ea\u0323t kim co gia\u0303n c\u00f3 \u0111\u1ed9 \u0111\u00e0n h\u1ed3i t\u1ed1t.<\/p>\n<p><strong>Ch\u1ea5t li\u1ec7u:<\/strong>\u00a083% polyester \/ 17% polyurethane<br \/>\n* Do \u0111\u1eb7c t\u00ednh c\u1ee7a v\u1eadt li\u1ec7u, k\u00edch th\u01b0\u1edbc th\u00e0nh ph\u1ea9m c\u00f3 th\u1ec3 thay \u0111\u1ed5i m\u1ed9t ch\u00fat. H\u00e3y l\u01b0u \u00fd r\u1eb1ng \u0111i\u1ec1u \u0111\u00f3 s\u1ebd x\u1ea3y ra.<br \/>\n<strong>M\u00e0u s\u1eafc<\/strong>:\u00a0\u0110en<\/p>\n<p><strong>K\u00edch th\u01b0\u1edbc:<\/strong>\u00a0S (eo \/ 68-76, t\u0103ng tr\u01b0\u1edbc \/ 20, trong \/ 16, chu vi vi\u1ec1n \/ 28 cm)<\/p>\n<p>S\u1ea3n xu\u1ea5t t\u1ea1i Trung Qu\u1ed1c<\/p>\n<p>Tuy nhi\u00ean, s\u1ea3n ph\u1ea9m \u0111\u01b0\u1ee3c g\u1eedi l\u1ea1i Phiten Japan \u0111\u1ec3 x\u1eed l\u00fd c\u00f4ng ngh\u1ec7 c\u1ee7a h\u00e3ng<br \/>\nTh\u01b0\u01a1ng hi\u1ec7u Phiten<\/p>\n<\/div>\n","protected":false},"excerpt":{"rendered":"<p>S\u1ed1 l\u01b0\u1ee3ng Size: SML M\u00e0u s\u1eafc: \u0110en Qu\u1ea7n Th\u1ec3 Thao Phiten Sport Spats Quarter Qu\u1ea7n \u00f4m th\u1ec3 thao Phiten\u00a0th\u1ea5m h\u00fat m\u1ed3 h\u00f4i c\u1ef1c t\u1ed1t v\u00e0 nhanh kh\u00f4. \u0110\u1ed9 co gi\u00e3n t\u1ed1t cho b\u1ea1n c\u1ea3m gi\u00e1c tho\u1ea3i m\u00e1i khi v\u1eadn \u0111\u1ed9ng v\u00e0 ph\u00f9 h\u1ee3p cho t\u1ea5t c\u1ea3 c\u00e1c m\u00f4n th\u1ec3 thao. C\u00f4ng ngh\u1ec7:\u00a0Aqua Titan C\u00f4ng d\u1ee5ng: [&hellip;]<\/p>\n","protected":false},"featured_media":2287,"comment_status":"open","ping_status":"closed","template":"","meta":{"_eb_attr":""},"product_cat":[92,118,115],"product_tag":[],"class_list":["post-2286","product","type-product","status-publish","has-post-thumbnail","hentry","product_cat-phiten","product_cat-quan-lot-quan-bo","product_cat-trang-phuc"],"_links":{"self":[{"href":"https:\/\/www.phivutabletennis.com\/index.php\/wp-json\/wp\/v2\/product\/2286","targetHints":{"allow":["GET"]}}],"collection":[{"href":"https:\/\/www.phivutabletennis.com\/index.php\/wp-json\/wp\/v2\/product"}],"about":[{"href":"https:\/\/www.phivutabletennis.com\/index.php\/wp-json\/wp\/v2\/types\/product"}],"replies":[{"embeddable":true,"href":"https:\/\/www.phivutabletennis.com\/index.php\/wp-json\/wp\/v2\/comments?post=2286"}],"wp:featuredmedia":[{"embeddable":true,"href":"https:\/\/www.phivutabletennis.com\/index.php\/wp-json\/wp\/v2\/media\/2287"}],"wp:attachment":[{"href":"https:\/\/www.phivutabletennis.com\/index.php\/wp-json\/wp\/v2\/media?parent=2286"}],"wp:term":[{"taxonomy":"product_cat","embeddable":true,"href":"https:\/\/www.phivutabletennis.com\/index.php\/wp-json\/wp\/v2\/product_cat?post=2286"},{"taxonomy":"product_tag","embeddable":true,"href":"https:\/\/www.phivutabletennis.com\/index.php\/wp-json\/wp\/v2\/product_tag?post=2286"}],"curies":[{"name":"wp","href":"https:\/\/api.w.org\/{rel}","templated":true}]}}