{"id":2290,"date":"2023-06-22T00:38:58","date_gmt":"2023-06-21T17:38:58","guid":{"rendered":"https:\/\/www.phivutabletennis.com\/?post_type=product&#038;p=2290"},"modified":"2024-09-13T22:36:56","modified_gmt":"2024-09-13T15:36:56","slug":"ao-thun-the-thao-loai-ngan-tay-phiten-raku-shirt-sport-half-sleeve","status":"publish","type":"product","link":"https:\/\/www.phivutabletennis.com\/index.php\/product\/ao-thun-the-thao-loai-ngan-tay-phiten-raku-shirt-sport-half-sleeve\/","title":{"rendered":"\u00c1o Thun Th\u1ec3 Thao (lo\u1ea1i ng\u1eafn tay) &#8211; PHITEN RAKU SHIRT SPORT HALF SLEEVE"},"content":{"rendered":"<div class=\"row quan-color-size\">\n<div class=\"col-md-4\">\n<div>S\u1ed1 l\u01b0\u1ee3ng<\/div>\n<div class=\"quality quantity input-group-quantity buttons_added\"><button class=\"btn-number btn-minus minus\" disabled=\"disabled\" type=\"button\" data-type=\"minus\"><i class=\"icon-minus\"><\/i><\/button><input id=\"qty\" class=\"input-number input-quantity input-text qty text\" max=\"6\" min=\"1\" name=\"qty\" type=\"text\" value=\"1\" \/><button class=\"btn-number btn-plus plus\" type=\"button\" data-type=\"plus\"><i class=\"icon-plus\"><\/i><\/button><\/div>\n<\/div>\n<div class=\"col-md-4\">\n<div class=\"item\">\n<div class=\"title\">Size:<\/div>\n<p><select class=\"selectpicker select attributes\" title=\"\" data-id=\"4\"><option value=\"S001\">S<\/option><option selected=\"selected\" value=\"S002\">M<\/option><option value=\"S003\">L<\/option><\/select><\/div>\n<\/div>\n<div class=\"col-md-4\">\n<div class=\"item\">\n<div class=\"title\">M\u00e0u s\u1eafc:<\/div>\n<p><select class=\"selectpicker select attributes\" title=\"\" data-id=\"5\"><option value=\"C003\">\u0110\u1ecf<\/option><option selected=\"selected\" value=\"C024\">\u0110en\/V\u00e0ng<\/option><option value=\"C036\">\u0110en\/B\u1ea1c<\/option><option value=\"C037\">Xanh\/Tr\u1eafng<\/option><option value=\"C038\">\u0110en\/H\u1ed3ng<\/option><option value=\"C039\">Xanh Navy\/V\u00e0ng<\/option><option value=\"C040\">Xanh Navy\/Tr\u1eafng<\/option><\/select><\/div>\n<\/div>\n<\/div>\n<div class=\"item\"><\/div>\n<div class=\"product-desc desc\">\n<p><strong>\u00c1o Thun Th\u1ec3 Thao Ng\u1eafn Tay Phiten Raku Sport<\/strong><\/p>\n<p><strong>M\u00f4 t\u1ea3<\/strong><\/p>\n<p>\u00c1o thun th\u1ec3 thao Phiten \u0111\u01b0\u1ee3c s\u1ea3n xu\u1ea5t d\u1ef1a tr\u00ean c\u00f4ng ngh\u1ec7 \u0111\u1ed9c quy\u1ec1n Aqua Titan,\u00a0\u00a0v\u1ea3i \u00e1o \u0111\u01b0\u1ee3c th\u1ea5m Aqua-Titanium v\u1edbi n\u1ed3ng \u0111\u1ed9 cao, mang \u0111\u1ebfn nhi\u1ec1u t\u00e1c d\u1ee5ng l\u1edbn v\u1ec1 m\u1eb7t s\u1ee9c kho\u1ebb. S\u1eed d\u1ee5ng s\u1ee3i &#8220;High Magic Polyester&#8221; si\u00eau kh\u00f4 tho\u00e1ng gi\u1eef cho l\u00e0n da c\u1ee7a b\u1ea1n lu\u00f4n m\u1ecbn m\u00e0ng v\u00e0 tho\u1ea3i m\u00e1i. Kh\u1ea3 n\u0103ng si\u00eau kh\u00f4 tho\u00e1ng n\u00ean b\u1ea1n c\u00f3 th\u1ec3 nhanh ch\u00f3ng m\u1eb7c sau khi gi\u1eb7t.<\/p>\n<p><strong>Ch\u1ea5t li\u1ec7u:\u00a0<\/strong>100% Polyester<br \/>\n<strong>C\u00f4ng ngh\u1ec7:<\/strong>\u00a0Aqua Titan<br \/>\n<strong>C\u00f4ng d\u1ee5ng:<\/strong><br \/>\n&#8211; Ph\u1ee5c h\u1ed3i th\u1ec3 l\u1ef1c nhanh<\/p>\n<p>&#8211; H\u1ed7 tr\u1ee3 v\u1eadn \u0111\u1ed9ng<\/p>\n<p>&#8211; Gi\u1ea3m c\u0103ng c\u01a1 \u1edf v\u00f9ng b\u1ee5ng, vai, tay tr\u00ean<\/p>\n<p>&#8211; Th\u1ea5m h\u00fat m\u1ed3 h\u00f4i v\u00e0 tho\u00e1ng kh\u00ed<\/p>\n<p><strong>K\u00edch c\u1ee1:\u00a0<\/strong>S, M, L<br \/>\n<strong>M\u00e0u:<\/strong>\u00a0Xanh Navy\/Tr\u1eafng, \u0110en\/V\u00e0ng Gold, \u0110en\/B\u1ea1c, \u0110en\/H\u1ed3ng, \u0110\u1ecf\/V\u00e0ng Gold, \u00a0Xanh Navy\/V\u00e0ng, Xanh Royal\/Tr\u1eafng<br \/>\n<strong>L\u01b0u \u00fd:<\/strong>\u00a0Gi\u1eb7t b\u1eb1ng n\u01b0\u1edbc \u1ea5m ho\u1eb7c s\u1eefa t\u1eafm \u00edt ch\u1ea5t t\u1ea9y, ph\u01a1i d\u01b0\u1edbi b\u00f3ng m\u00e1t tr\u00e1nh \u00e1nh n\u1eafng m\u1eb7t tr\u1eddi<br \/>\n<strong>Th\u01b0\u01a1ng hi\u1ec7u:<\/strong>\u00a0Phiten<br \/>\n<strong>Xu\u1ea5t x\u1ee9:<\/strong>\u00a0Nh\u1eadt B\u1ea3n<a href=\"https:\/\/www.phivutabletennis.com\/wp-content\/uploads\/2023\/06\/26.jpeg\"><img loading=\"lazy\" decoding=\"async\" class=\"alignnone size-full wp-image-2294\" src=\"https:\/\/www.phivutabletennis.com\/wp-content\/uploads\/2023\/06\/26.jpeg\" alt=\"\" width=\"730\" height=\"439\" srcset=\"https:\/\/www.phivutabletennis.com\/wp-content\/uploads\/2023\/06\/26.jpeg 730w, https:\/\/www.phivutabletennis.com\/wp-content\/uploads\/2023\/06\/26-600x361.jpeg 600w, https:\/\/www.phivutabletennis.com\/wp-content\/uploads\/2023\/06\/26-300x180.jpeg 300w\" sizes=\"auto, (max-width: 730px) 100vw, 730px\" \/><\/a> <a href=\"https:\/\/www.phivutabletennis.com\/wp-content\/uploads\/2023\/06\/27.jpeg\"><img loading=\"lazy\" decoding=\"async\" class=\"alignnone size-full wp-image-2295\" src=\"https:\/\/www.phivutabletennis.com\/wp-content\/uploads\/2023\/06\/27.jpeg\" alt=\"\" width=\"730\" height=\"489\" srcset=\"https:\/\/www.phivutabletennis.com\/wp-content\/uploads\/2023\/06\/27.jpeg 730w, https:\/\/www.phivutabletennis.com\/wp-content\/uploads\/2023\/06\/27-600x402.jpeg 600w, https:\/\/www.phivutabletennis.com\/wp-content\/uploads\/2023\/06\/27-300x201.jpeg 300w\" sizes=\"auto, (max-width: 730px) 100vw, 730px\" \/><\/a> <a href=\"https:\/\/www.phivutabletennis.com\/wp-content\/uploads\/2023\/06\/28.jpeg\"><img loading=\"lazy\" decoding=\"async\" class=\"alignnone size-full wp-image-2296\" src=\"https:\/\/www.phivutabletennis.com\/wp-content\/uploads\/2023\/06\/28.jpeg\" alt=\"\" width=\"730\" height=\"981\" srcset=\"https:\/\/www.phivutabletennis.com\/wp-content\/uploads\/2023\/06\/28.jpeg 730w, https:\/\/www.phivutabletennis.com\/wp-content\/uploads\/2023\/06\/28-600x806.jpeg 600w, https:\/\/www.phivutabletennis.com\/wp-content\/uploads\/2023\/06\/28-223x300.jpeg 223w\" sizes=\"auto, (max-width: 730px) 100vw, 730px\" \/><\/a> <a href=\"https:\/\/www.phivutabletennis.com\/wp-content\/uploads\/2023\/06\/29.jpeg\"><img loading=\"lazy\" decoding=\"async\" class=\"alignnone size-full wp-image-2297\" src=\"https:\/\/www.phivutabletennis.com\/wp-content\/uploads\/2023\/06\/29.jpeg\" alt=\"\" width=\"730\" height=\"883\" srcset=\"https:\/\/www.phivutabletennis.com\/wp-content\/uploads\/2023\/06\/29.jpeg 730w, https:\/\/www.phivutabletennis.com\/wp-content\/uploads\/2023\/06\/29-600x726.jpeg 600w, https:\/\/www.phivutabletennis.com\/wp-content\/uploads\/2023\/06\/29-248x300.jpeg 248w\" sizes=\"auto, (max-width: 730px) 100vw, 730px\" \/><\/a> <a href=\"https:\/\/www.phivutabletennis.com\/wp-content\/uploads\/2023\/06\/30.jpeg\"><img loading=\"lazy\" decoding=\"async\" class=\"alignnone size-full wp-image-2298\" src=\"https:\/\/www.phivutabletennis.com\/wp-content\/uploads\/2023\/06\/30.jpeg\" alt=\"\" width=\"730\" height=\"979\" srcset=\"https:\/\/www.phivutabletennis.com\/wp-content\/uploads\/2023\/06\/30.jpeg 730w, https:\/\/www.phivutabletennis.com\/wp-content\/uploads\/2023\/06\/30-600x805.jpeg 600w, https:\/\/www.phivutabletennis.com\/wp-content\/uploads\/2023\/06\/30-224x300.jpeg 224w\" sizes=\"auto, (max-width: 730px) 100vw, 730px\" \/><\/a><\/p>\n<\/div>\n","protected":false},"excerpt":{"rendered":"<p>S\u1ed1 l\u01b0\u1ee3ng Size: SML M\u00e0u s\u1eafc: \u0110\u1ecf\u0110en\/V\u00e0ng\u0110en\/B\u1ea1cXanh\/Tr\u1eafng\u0110en\/H\u1ed3ngXanh Navy\/V\u00e0ngXanh Navy\/Tr\u1eafng \u00c1o Thun Th\u1ec3 Thao Ng\u1eafn Tay Phiten Raku Sport M\u00f4 t\u1ea3 \u00c1o thun th\u1ec3 thao Phiten \u0111\u01b0\u1ee3c s\u1ea3n xu\u1ea5t d\u1ef1a tr\u00ean c\u00f4ng ngh\u1ec7 \u0111\u1ed9c quy\u1ec1n Aqua Titan,\u00a0\u00a0v\u1ea3i \u00e1o \u0111\u01b0\u1ee3c th\u1ea5m Aqua-Titanium v\u1edbi n\u1ed3ng \u0111\u1ed9 cao, mang \u0111\u1ebfn nhi\u1ec1u t\u00e1c d\u1ee5ng l\u1edbn v\u1ec1 m\u1eb7t s\u1ee9c kho\u1ebb. S\u1eed [&hellip;]<\/p>\n","protected":false},"featured_media":2291,"comment_status":"open","ping_status":"closed","template":"","meta":{"_eb_attr":""},"product_cat":[117,92,115],"product_tag":[],"class_list":["post-2290","product","type-product","status-publish","has-post-thumbnail","hentry","product_cat-ao-thun","product_cat-phiten","product_cat-trang-phuc"],"_links":{"self":[{"href":"https:\/\/www.phivutabletennis.com\/index.php\/wp-json\/wp\/v2\/product\/2290","targetHints":{"allow":["GET"]}}],"collection":[{"href":"https:\/\/www.phivutabletennis.com\/index.php\/wp-json\/wp\/v2\/product"}],"about":[{"href":"https:\/\/www.phivutabletennis.com\/index.php\/wp-json\/wp\/v2\/types\/product"}],"replies":[{"embeddable":true,"href":"https:\/\/www.phivutabletennis.com\/index.php\/wp-json\/wp\/v2\/comments?post=2290"}],"wp:featuredmedia":[{"embeddable":true,"href":"https:\/\/www.phivutabletennis.com\/index.php\/wp-json\/wp\/v2\/media\/2291"}],"wp:attachment":[{"href":"https:\/\/www.phivutabletennis.com\/index.php\/wp-json\/wp\/v2\/media?parent=2290"}],"wp:term":[{"taxonomy":"product_cat","embeddable":true,"href":"https:\/\/www.phivutabletennis.com\/index.php\/wp-json\/wp\/v2\/product_cat?post=2290"},{"taxonomy":"product_tag","embeddable":true,"href":"https:\/\/www.phivutabletennis.com\/index.php\/wp-json\/wp\/v2\/product_tag?post=2290"}],"curies":[{"name":"wp","href":"https:\/\/api.w.org\/{rel}","templated":true}]}}