{"id":2305,"date":"2023-06-22T00:43:38","date_gmt":"2023-06-21T17:43:38","guid":{"rendered":"https:\/\/www.phivutabletennis.com\/?post_type=product&#038;p=2305"},"modified":"2023-06-24T05:46:35","modified_gmt":"2023-06-23T22:46:35","slug":"mieng-lot-giay-loai-phang-phiten-insole_flat-type","status":"publish","type":"product","link":"https:\/\/www.phivutabletennis.com\/index.php\/product\/mieng-lot-giay-loai-phang-phiten-insole_flat-type\/","title":{"rendered":"Mi\u1ebfng L\u00f3t Gi\u00e0y (lo\u1ea1i ph\u1eb3ng) &#8211; PHITEN INSOLE_FLAT TYPE"},"content":{"rendered":"<div class=\"row quan-color-size\">\n<div class=\"col-md-4\">\n<div>S\u1ed1 l\u01b0\u1ee3ng<\/div>\n<div class=\"quality quantity input-group-quantity buttons_added\"><button class=\"btn-number btn-minus minus\" disabled=\"disabled\" type=\"button\" data-type=\"minus\"><i class=\"icon-minus\"><\/i><\/button><input id=\"qty\" class=\"input-number input-quantity input-text qty text\" max=\"13\" min=\"1\" name=\"qty\" type=\"text\" value=\"1\" \/><button class=\"btn-number btn-plus plus\" type=\"button\" data-type=\"plus\"><i class=\"icon-plus\"><\/i><\/button><\/div>\n<\/div>\n<div class=\"col-md-4\">\n<div class=\"item\">\n<div class=\"title\">Size:<\/div>\n<p><select class=\"selectpicker select attributes\" title=\"\" data-id=\"4\"><option selected=\"selected\" value=\"S015\">22-25cm<\/option><option value=\"S016\">24-28cm<\/option><\/select><\/div>\n<\/div>\n<\/div>\n<div class=\"item\"><\/div>\n<div class=\"product-desc desc\">\n<h3><strong>Mi\u1ebfng L\u00f3t Gi\u00e0y Phiten Insole ( Lo\u1ea1i ph\u1eb3ng)<\/strong><\/h3>\n<p>Mi\u1ebfng l\u00f3t gi\u00e0y ch\u1ee9a c\u00e1c h\u1ea1t MICRO TITANIUM c\u00f3 c\u00f4ng d\u1ee5ng l\u00e0m th\u01b0 gi\u1ea3n, gi\u1ea3m \u0111au ch\u00e2n nhanh chong\u00b7. Th\u00e0nh ph\u1ea7n AQUA SILVER \u0111\u01b0\u1ee3c th\u00eam v\u00e0o c\u00f3 t\u00e1c d\u1ee5ng trung h\u00f2a, gi\u1ea3m m\u00f9i h\u00f4i t\u1eeb ch\u00e2n.<br \/>\n<strong>C\u00f4ng ngh\u1ec7:<\/strong>\u00a0Aqua Titan x Aqua Silver.<br \/>\n<strong>Ch\u1ea5t li\u1ec7u:<\/strong>\u00a0th\u00e2n ch\u00ednh (acrylic resin 100%), b\u1ec1 m\u1eb7t (polyester 100%).<br \/>\nS\u1ea3n xu\u1ea5t t\u1ea1i Nh\u1eadt B\u1ea3n.<\/p>\n<p><strong>C\u00f4ng d\u1ee5ng<\/strong><\/p>\n<p>&#8211; S\u1eed d\u1ee5ng h\u00e0ng ng\u00e0y, \u0111\u1eb7c bi\u1ec7t l\u00e0 n\u1ebfu b\u1ea1n \u0111i b\u1ed9 ho\u1eb7c \u0111\u1ee9ng c\u1ea3 ng\u00e0y.<\/p>\n<p>&#8211; Mang \u0111\u1ebfn s\u1ef1 nh\u1eb9 nh\u00e0ng, th\u01b0 gi\u00e3n cho \u0111\u00f4i ch\u00e2n.<\/p>\n<p>&#8211; Gi\u1ea3m m\u1ecfi b\u00e0n ch\u00e2n v\u00e0 ng\u0103n ng\u1eeba ch\u1ea5n th\u01b0\u01a1ng \u0111\u1ea7u g\u1ed1i.<\/p>\n<p>&#8211; Gi\u00fap gi\u1ea3m \u0111au nh\u1ee9c v\u00f9ng g\u00f3t ch\u00e2n, b\u00e0n ch\u00e2n.<\/p>\n<p>&#8211; Gi\u00fap ng\u0103n ng\u1eeba tho\u00e1i h\u00f3a kh\u1edbp g\u1ed1i khi \u0111i b\u1ed9 v\u00e0 t\u1eadp th\u1ec3 d\u1ee5c.<\/p>\n<p>&#8211; Gi\u1ea3m m\u00f9i h\u00f4i.<\/p>\n<p><strong>\u0110\u1ed1i t\u01b0\u1ee3ng s\u1eed d\u1ee5ng:<\/strong><\/p>\n<p>&#8211; D\u00e0nh cho ng\u01b0\u1eddi ch\u01a1i th\u1ec3 thao, v\u1eadn \u0111\u1ed9ng vi\u00ean th\u1ec3 thao<\/p>\n<p>&#8211; Ng\u01b0\u1eddi th\u01b0\u1eddng xuy\u00ean \u0111i b\u1ed9 \u0111au nh\u1ee9c b\u00e0n ch\u00e2n, g\u00f3t ch\u00e2n<\/p>\n<p>&#8211; Ng\u01b0\u1eddi g\u1eb7p\u00a0c\u00e1c v\u1ea5n \u0111\u1ec1 v\u1ec1 b\u00e0n ch\u00e2n b\u1eb9t, v\u00f2m cao, v\u00f2m th\u1ea5p,&#8230;<a href=\"https:\/\/www.phivutabletennis.com\/wp-content\/uploads\/2023\/06\/39.jpeg\"><img loading=\"lazy\" decoding=\"async\" class=\"alignnone size-full wp-image-2309\" src=\"https:\/\/www.phivutabletennis.com\/wp-content\/uploads\/2023\/06\/39.jpeg\" alt=\"\" width=\"730\" height=\"644\" srcset=\"https:\/\/www.phivutabletennis.com\/wp-content\/uploads\/2023\/06\/39.jpeg 730w, https:\/\/www.phivutabletennis.com\/wp-content\/uploads\/2023\/06\/39-600x529.jpeg 600w, https:\/\/www.phivutabletennis.com\/wp-content\/uploads\/2023\/06\/39-300x265.jpeg 300w\" sizes=\"auto, (max-width: 730px) 100vw, 730px\" \/><\/a><\/p>\n<\/div>\n","protected":false},"excerpt":{"rendered":"<p>S\u1ed1 l\u01b0\u1ee3ng Size: 22-25cm24-28cm Mi\u1ebfng L\u00f3t Gi\u00e0y Phiten Insole ( Lo\u1ea1i ph\u1eb3ng) Mi\u1ebfng l\u00f3t gi\u00e0y ch\u1ee9a c\u00e1c h\u1ea1t MICRO TITANIUM c\u00f3 c\u00f4ng d\u1ee5ng l\u00e0m th\u01b0 gi\u1ea3n, gi\u1ea3m \u0111au ch\u00e2n nhanh chong\u00b7. Th\u00e0nh ph\u1ea7n AQUA SILVER \u0111\u01b0\u1ee3c th\u00eam v\u00e0o c\u00f3 t\u00e1c d\u1ee5ng trung h\u00f2a, gi\u1ea3m m\u00f9i h\u00f4i t\u1eeb ch\u00e2n. C\u00f4ng ngh\u1ec7:\u00a0Aqua Titan x Aqua Silver. Ch\u1ea5t [&hellip;]<\/p>\n","protected":false},"featured_media":2306,"comment_status":"open","ping_status":"closed","template":"","meta":{"_eb_attr":""},"product_cat":[121,92,115],"product_tag":[],"class_list":["post-2305","product","type-product","status-publish","has-post-thumbnail","hentry","product_cat-lot-giay","product_cat-phiten","product_cat-trang-phuc"],"_links":{"self":[{"href":"https:\/\/www.phivutabletennis.com\/index.php\/wp-json\/wp\/v2\/product\/2305","targetHints":{"allow":["GET"]}}],"collection":[{"href":"https:\/\/www.phivutabletennis.com\/index.php\/wp-json\/wp\/v2\/product"}],"about":[{"href":"https:\/\/www.phivutabletennis.com\/index.php\/wp-json\/wp\/v2\/types\/product"}],"replies":[{"embeddable":true,"href":"https:\/\/www.phivutabletennis.com\/index.php\/wp-json\/wp\/v2\/comments?post=2305"}],"wp:featuredmedia":[{"embeddable":true,"href":"https:\/\/www.phivutabletennis.com\/index.php\/wp-json\/wp\/v2\/media\/2306"}],"wp:attachment":[{"href":"https:\/\/www.phivutabletennis.com\/index.php\/wp-json\/wp\/v2\/media?parent=2305"}],"wp:term":[{"taxonomy":"product_cat","embeddable":true,"href":"https:\/\/www.phivutabletennis.com\/index.php\/wp-json\/wp\/v2\/product_cat?post=2305"},{"taxonomy":"product_tag","embeddable":true,"href":"https:\/\/www.phivutabletennis.com\/index.php\/wp-json\/wp\/v2\/product_tag?post=2305"}],"curies":[{"name":"wp","href":"https:\/\/api.w.org\/{rel}","templated":true}]}}