{"id":2310,"date":"2023-06-22T00:46:31","date_gmt":"2023-06-21T17:46:31","guid":{"rendered":"https:\/\/www.phivutabletennis.com\/?post_type=product&#038;p=2310"},"modified":"2023-06-24T05:46:17","modified_gmt":"2023-06-23T22:46:17","slug":"tat-vo-golf-xo-ngon-co-ngan-phiten-5-toe-golf-socks-socking-short","status":"publish","type":"product","link":"https:\/\/www.phivutabletennis.com\/index.php\/product\/tat-vo-golf-xo-ngon-co-ngan-phiten-5-toe-golf-socks-socking-short\/","title":{"rendered":"T\u1ea5t\/ V\u1edb Golf X\u1ecf Ng\u00f3n (c\u1ed5 ng\u1eafn) &#8211; PHITEN 5-TOE GOLF SOCKS (SOCKING) SHORT"},"content":{"rendered":"<div class=\"row quan-color-size\">\n<div class=\"col-md-4\">\n<div>S\u1ed1 l\u01b0\u1ee3ng<\/div>\n<div class=\"quality quantity input-group-quantity buttons_added\"><button class=\"btn-number btn-minus minus\" disabled=\"disabled\" type=\"button\" data-type=\"minus\"><i class=\"icon-minus\"><\/i><\/button><input id=\"qty\" class=\"input-number input-quantity input-text qty text\" max=\"1\" min=\"1\" name=\"qty\" type=\"text\" value=\"1\" \/><button class=\"btn-number btn-plus plus\" type=\"button\" data-type=\"plus\"><i class=\"icon-plus\"><\/i><\/button><\/div>\n<\/div>\n<div class=\"col-md-4\">\n<div class=\"item\">\n<div class=\"title\">Size:<\/div>\n<p><select class=\"selectpicker select attributes\" title=\"\" data-id=\"4\"><option selected=\"selected\" value=\"S017\">25-27cm<\/option><\/select><\/div>\n<\/div>\n<div class=\"col-md-4\">\n<div class=\"item\">\n<div class=\"title\">M\u00e0u s\u1eafc:<\/div>\n<p><select class=\"selectpicker select attributes\" title=\"\" data-id=\"5\"><option selected=\"selected\" value=\"C001\">\u0110en<\/option><option value=\"C002\">Tr\u1eafng<\/option><\/select><\/div>\n<\/div>\n<\/div>\n<div class=\"item\"><\/div>\n<div class=\"product-desc desc\">\n<p><strong>T\u1ea5t v\u1edb golf x\u1ecf ng\u00f3n Phiten (socking) c\u1ed5 ng\u1eafn<\/strong><br \/>\nL\u00e0 lo\u1ea1i v\u1edb \u0111\u01b0\u1ee3c s\u1ea3n xu\u1ea5t \u0111\u1eb7c bi\u1ec7t d\u00e0nh cho nh\u1eefng ng\u01b0\u1eddi ch\u01a1i Golf. \u0110\u00e2y l\u00e0 s\u1ea3n ph\u1ea9m h\u1ee3p t\u00e1c c\u1ee7a Phiten v\u00e0 m\u1ed9t Golfer chuy\u00ean nghi\u1ec7p ng\u01b0\u1eddi Nh\u1eadt B\u1ea3n Hideki Matsuyama. Anh \u1ea5y \u0111\u00e3 gi\u00e0nh ch\u1ee9c v\u00f4 \u0111\u1ecbch Nghi\u1ec7p d\u01b0 Ch\u00e2u \u00c1 v\u00e0o n\u0103m 2010 v\u00e0 2011. V\u00e0 anh \u1ea5y c\u0169ng l\u00e0 ng\u01b0\u1eddi 5 l\u1ea7n v\u00f4 \u0111\u1ecbch PGA Tour v\u00e0 8 l\u1ea7n v\u00f4 \u0111\u1ecbch Japan Golf Tour.<br \/>\n<strong>1) H\u1ed7 tr\u1ee3 c\u00fa Swing Grip<\/strong><br \/>\nV\u1edb h\u1ed7 tr\u1ee3 chuy\u1ec3n \u0111\u1ed9ng c\u1ee7a c\u00fa swing trong golf. S\u1ea3n ph\u1ea9m gi\u00fap ng\u0103n ch\u1eb7n chuy\u1ec3n \u0111\u1ed9ng ch\u00e2n kh\u00f4ng c\u1ea7n thi\u1ebft b\u00ean trong gi\u00e0y ch\u01a1i golf v\u00e0 h\u1ed7 tr\u1ee3 c\u00e2n b\u1eb1ng v\u1ecb tr\u00ed \u0111\u1eb7t ch\u00e2n \u0111\u1ec3 c\u00f3 nh\u1eefng c\u00fa xoay ng\u01b0\u1eddi m\u1ea1nh m\u1ebd h\u01a1n.<br \/>\n<strong>2) H\u1ed7 tr\u1ee3 Arch Lift<\/strong><br \/>\nGi\u1eef ho\u00e0n h\u1ea3o cho g\u00f3t ch\u00e2n, v\u00f2m v\u00e0 ph\u1ea7n gi\u1eefa c\u1ee7a b\u00e0n ch\u00e2n v\u1edbi 3 \u0111\u01b0\u1eddng b\u0103ng \u0111\u1eb7c bi\u1ec7t. N\u00f3 s\u1ebd gi\u1eef cho v\u00f2m cao h\u01a1n nh\u01b0 m\u1ed9t ch\u1ee9c n\u0103ng h\u1ea5p th\u1ee5 s\u1ed1c khi \u0111i b\u1ed9 v\u00e0 l\u00e0m gi\u1ea3m t\u00e1c \u0111\u1ed9ng ph\u1ea3n l\u1ef1c t\u1eeb m\u1ed7i b\u01b0\u1edbc.<br \/>\n<strong>3) T\u1ea1o c\u1ea3m gi\u00e1c tho\u1ea3i m\u00e1i cho g\u00f3t ch\u00e2n<\/strong><br \/>\nB\u1eb1ng c\u00e1ch c\u00f3 c\u1ea5u tr\u00fac d\u1ec7t ba chi\u1ec1u cho g\u00f3t ch\u00e2n, n\u00f3 t\u1ea1o ra c\u1ea3m gi\u00e1c v\u1eeba v\u1eb7n tuy\u1ec7t v\u1eddi v\u00e0 gi\u1eef ho\u00e0n h\u1ea3o.<br \/>\n<strong>4) Kh\u00e1ng khu\u1ea9n<\/strong><br \/>\nC\u00e1c th\u00e0nh ph\u1ea7n t\u1ef1 nhi\u00ean \u0111\u1ec3 kh\u00e1ng khu\u1ea9n \u0111\u01b0\u1ee3c d\u1ec7t v\u00e0o v\u1ea3i. N\u00f3 gi\u00fap ng\u0103n ch\u1eb7n s\u1ef1 l\u00e2y lan c\u1ee7a vi tr\u00f9ng g\u00e2y ra m\u00f9i h\u00f4i.<\/p>\n<p><strong>C\u00f4ng ngh\u1ec7:\u00a0<\/strong>Metax<\/p>\n<p><strong>K\u00edch th\u01b0\u1edbc:<\/strong>\u00a025-27cm<br \/>\n<strong>M\u00e0u s\u1eafc:\u00a0<\/strong>\u0110en, Tr\u1eafng<br \/>\n<strong>Ch\u1ea5t li\u1ec7u:<\/strong><strong>\u00a0<\/strong>Cotton 86%, Polyester 12%, Polyurethane 2%<br \/>\n<strong>S\u1ea3n xu\u1ea5t t\u1ea1i Nh\u1eadt B\u1ea3n<\/strong><br \/>\n<strong>Th\u01b0\u01a1ng hi\u1ec7u Phiten<\/strong><\/p>\n<\/div>\n","protected":false},"excerpt":{"rendered":"<p>S\u1ed1 l\u01b0\u1ee3ng Size: 25-27cm M\u00e0u s\u1eafc: \u0110enTr\u1eafng T\u1ea5t v\u1edb golf x\u1ecf ng\u00f3n Phiten (socking) c\u1ed5 ng\u1eafn L\u00e0 lo\u1ea1i v\u1edb \u0111\u01b0\u1ee3c s\u1ea3n xu\u1ea5t \u0111\u1eb7c bi\u1ec7t d\u00e0nh cho nh\u1eefng ng\u01b0\u1eddi ch\u01a1i Golf. \u0110\u00e2y l\u00e0 s\u1ea3n ph\u1ea9m h\u1ee3p t\u00e1c c\u1ee7a Phiten v\u00e0 m\u1ed9t Golfer chuy\u00ean nghi\u1ec7p ng\u01b0\u1eddi Nh\u1eadt B\u1ea3n Hideki Matsuyama. Anh \u1ea5y \u0111\u00e3 gi\u00e0nh ch\u1ee9c v\u00f4 \u0111\u1ecbch [&hellip;]<\/p>\n","protected":false},"featured_media":2311,"comment_status":"open","ping_status":"closed","template":"","meta":{"_eb_attr":""},"product_cat":[92,120,115],"product_tag":[],"class_list":["post-2310","product","type-product","status-publish","has-post-thumbnail","hentry","product_cat-phiten","product_cat-tat-vo","product_cat-trang-phuc"],"_links":{"self":[{"href":"https:\/\/www.phivutabletennis.com\/index.php\/wp-json\/wp\/v2\/product\/2310","targetHints":{"allow":["GET"]}}],"collection":[{"href":"https:\/\/www.phivutabletennis.com\/index.php\/wp-json\/wp\/v2\/product"}],"about":[{"href":"https:\/\/www.phivutabletennis.com\/index.php\/wp-json\/wp\/v2\/types\/product"}],"replies":[{"embeddable":true,"href":"https:\/\/www.phivutabletennis.com\/index.php\/wp-json\/wp\/v2\/comments?post=2310"}],"wp:featuredmedia":[{"embeddable":true,"href":"https:\/\/www.phivutabletennis.com\/index.php\/wp-json\/wp\/v2\/media\/2311"}],"wp:attachment":[{"href":"https:\/\/www.phivutabletennis.com\/index.php\/wp-json\/wp\/v2\/media?parent=2310"}],"wp:term":[{"taxonomy":"product_cat","embeddable":true,"href":"https:\/\/www.phivutabletennis.com\/index.php\/wp-json\/wp\/v2\/product_cat?post=2310"},{"taxonomy":"product_tag","embeddable":true,"href":"https:\/\/www.phivutabletennis.com\/index.php\/wp-json\/wp\/v2\/product_tag?post=2310"}],"curies":[{"name":"wp","href":"https:\/\/api.w.org\/{rel}","templated":true}]}}