{"id":2325,"date":"2023-06-22T00:51:58","date_gmt":"2023-06-21T17:51:58","guid":{"rendered":"https:\/\/www.phivutabletennis.com\/?post_type=product&#038;p=2325"},"modified":"2023-06-24T05:45:46","modified_gmt":"2023-06-23T22:45:46","slug":"tat-vo-xo-ngon-co-ngan-phiten-5-toe-socks-socking","status":"publish","type":"product","link":"https:\/\/www.phivutabletennis.com\/index.php\/product\/tat-vo-xo-ngon-co-ngan-phiten-5-toe-socks-socking\/","title":{"rendered":"T\u1ea5t v\u1edb x\u1ecf ng\u00f3n (c\u1ed5 ng\u1eafn) &#8211; PHITEN 5-TOE SOCKS (SOCKING)"},"content":{"rendered":"<div class=\"row quan-color-size\">\n<div class=\"col-md-4\">\n<div>S\u1ed1 l\u01b0\u1ee3ng<\/div>\n<div class=\"quality quantity input-group-quantity buttons_added\"><button class=\"btn-number btn-minus minus\" disabled=\"disabled\" type=\"button\" data-type=\"minus\"><i class=\"icon-minus\"><\/i><\/button><input id=\"qty\" class=\"input-number input-quantity input-text qty text\" max=\"7\" min=\"1\" name=\"qty\" type=\"text\" value=\"1\" \/><button class=\"btn-number btn-plus plus\" type=\"button\" data-type=\"plus\"><i class=\"icon-plus\"><\/i><\/button><\/div>\n<\/div>\n<div class=\"col-md-4\">\n<div class=\"item\">\n<div class=\"title\">Size:<\/div>\n<p><select class=\"selectpicker select attributes\" title=\"\" data-id=\"4\"><option value=\"S017\">25-27cm<\/option><option selected=\"selected\" value=\"S035\">27-29cm<\/option><\/select><\/div>\n<\/div>\n<div class=\"col-md-4\">\n<div class=\"item\">\n<div class=\"title\">M\u00e0u s\u1eafc:<\/div>\n<p><select class=\"selectpicker select attributes\" title=\"\" data-id=\"5\"><option value=\"C001\">\u0110en<\/option><option selected=\"selected\" value=\"C002\">Tr\u1eafng<\/option><\/select><\/div>\n<\/div>\n<\/div>\n<div class=\"item\"><\/div>\n<div class=\"product-desc desc\">\n<p><strong>M\u00f4 t\u1ea3:\u00a0<\/strong><\/p>\n<p>&#8211; M\u00e0u s\u1eafc: M\u1ed9t \u0111\u00f4i g\u1ed3m 2 m\u00e0u, m\u00e0u ch\u1ee7 \u0111\u1ea1o m\u00e0 m\u00e0u c\u1ee7a \u0111\u01b0\u1eddng vi\u1ec1n<\/p>\n<p>+\u0110en\/X\u00e1m nh\u1ea1t<\/p>\n<p>+Tr\u1eafng\/X\u00e1m nh\u1ea1t<\/p>\n<p>&#8211; H\u00ecnh d\u00e1ng: V\u1edb c\u1ed5 th\u1ea5p,\u00a05 ng\u00f3n t\u00e1ch bi\u1ec7t.<\/p>\n<p>&#8211; K\u00edch th\u01b0\u1edbc:<\/p>\n<p>25-27: size 39-41 Vi\u1ec7t Nam<\/p>\n<p>27-29: size 41-44 Vi\u1ec7t Nam<\/p>\n<p>&#8211; S\u1ed1 l\u01b0\u1ee3ng: 1 \u0111\u00f4i trong m\u1ed9t b\u1ecbch<\/p>\n<p><strong>C\u00f4ng d\u1ee5ng:<\/strong><\/p>\n<p>&#8211; V\u1edb Phiten \u0111\u01b0\u1ee3c l\u00e0m t\u1eeb s\u1ee3i v\u1ea3i h\u00fat \u1ea9m, gi\u00fap ch\u00e2n lu\u00f4n kh\u00f4 r\u00e1o<\/p>\n<p>&#8211; Ch\u1ee9a tinh th\u1ec3 b\u1ea1c kh\u1eed khu\u1ea9n, lo\u1ea1i tr\u1eeb m\u00f9i h\u00f4i<\/p>\n<p>&#8211; H\u1ed7 tr\u1ee3 v\u00f2m ch\u00e2n: n\u00e2ng cao v\u00f2m ch\u00e2n tr\u00e1nh nh\u1ee9c m\u1ecfi, \u00ea ch\u00e2n khi \u0111\u1ee9ng th\u1eb3ng, \u0111\u1ee9ng l\u00e2u \u0111\u1ed3ng th\u1eddi gi\u1ea3m \u0111\u1ed9 \u1ea3nh h\u01b0\u1edfng l\u00fac va ch\u1ea1m, h\u1ea1n ch\u1ebf kh\u1ea3 n\u0103ng ch\u1ea5n th\u01b0\u01a1ng.<\/p>\n<p>&#8211; H\u1ed7 tr\u1ee3 m\u1eaft c\u00e1 ch\u00e2n: B\u1ea3o v\u1ec7 v\u00e0 c\u1ed1 \u0111\u1ecbnh m\u1eaft c\u00e1 ch\u00e2n.<\/p>\n<p>&#8211; V\u1edb chia th\u00e0nh 5 ng\u00f3n v\u1edbi \u0111\u1ed9 b\u00e1m r\u1ea5t cao, h\u1ea1n ch\u1ebf ho\u00e0n to\u00e0n vi\u1ec7c tr\u01b0\u1ee3t, t\u00e9 khi di chuy\u1ec3n.<\/p>\n<p>&#8211; C\u00f3 ph\u1ea7n \u0111\u1ec7m ng\u00f3n ch\u00e2n: Gi\u1ea3m l\u1ef1c t\u00e1c \u0111\u1ed9ng v\u00e0o\u00a0ng\u00f3n ch\u00e2n\u00a0khi ch\u1ea1m \u0111\u1ea5t m\u1ea1nh, \u0111\u1ed9t ng\u1ed9t.<\/p>\n<p>&#8211; \u0110\u01b0\u1ee3c th\u1ea5m\u00a0m\u1ed9t l\u01b0\u1ee3ng titan g\u1ea5p 10 l\u1ea7n b\u00ecnh th\u01b0\u1eddng, c\u1ea3i thi\u1ec7n l\u01b0u th\u00f4ng m\u00e1u huy\u1ebft, t\u0103ng hi\u1ec7u su\u1ea5t\u00a0l\u00e0m vi\u1ec7c c\u1ee7a ch\u00e2n, ph\u00e1t huy t\u00e1c d\u1ee5ng nhanh v\u00e0 r\u00f5 r\u1ec7t.<\/p>\n<p><strong>C\u00f4ng ngh\u1ec7:<\/strong><\/p>\n<p>Aqua Titan X10<\/p>\n<p><strong>Ch\u1ea5t li\u1ec7u:<\/strong><br \/>\nCotton<br \/>\nPolyester<\/p>\n<p><strong>H\u01b0\u1edbng d\u1eabn s\u1eed d\u1ee5ng:<\/strong><\/p>\n<p>Mang nh\u01b0 v\u1edb b\u00ecnh th\u01b0\u1eddng, k\u1ebft h\u1ee3p v\u1edbi\u00a0gi\u00e0y t\u00e2y, gi\u00e0y th\u1ec3 thao \u0111\u1ec1u tho\u1ea3i m\u00e1i.<\/p>\n<p><strong>L\u01b0u \u00fd:<\/strong>\u00a0Kh\u00f4ng \u0111\u01b0\u1ee3c T\u1ea8Y TR\u1eaeNG. Gi\u1eb7t v\u1edbi n\u01b0\u1edbc \u1ea5m, kh\u00f4ng d\u00f9ng ch\u1ebf \u0111\u1ed9 v\u1eaft c\u1ef1c kh\u00f4. \u0110\u1ed1i v\u1edbi v\u1edb m\u00e0u tr\u1eafng, kh\u00f4ng d\u00f9ng b\u1ed9t gi\u1eb7t c\u00f3 \u00e1nh s\u00e1ng hu\u1ef3nh quang.<\/p>\n<\/div>\n","protected":false},"excerpt":{"rendered":"<p>S\u1ed1 l\u01b0\u1ee3ng Size: 25-27cm27-29cm M\u00e0u s\u1eafc: \u0110enTr\u1eafng M\u00f4 t\u1ea3:\u00a0 &#8211; M\u00e0u s\u1eafc: M\u1ed9t \u0111\u00f4i g\u1ed3m 2 m\u00e0u, m\u00e0u ch\u1ee7 \u0111\u1ea1o m\u00e0 m\u00e0u c\u1ee7a \u0111\u01b0\u1eddng vi\u1ec1n +\u0110en\/X\u00e1m nh\u1ea1t +Tr\u1eafng\/X\u00e1m nh\u1ea1t &#8211; H\u00ecnh d\u00e1ng: V\u1edb c\u1ed5 th\u1ea5p,\u00a05 ng\u00f3n t\u00e1ch bi\u1ec7t. &#8211; K\u00edch th\u01b0\u1edbc: 25-27: size 39-41 Vi\u1ec7t Nam 27-29: size 41-44 Vi\u1ec7t Nam &#8211; S\u1ed1 l\u01b0\u1ee3ng: 1 [&hellip;]<\/p>\n","protected":false},"featured_media":2326,"comment_status":"open","ping_status":"closed","template":"","meta":{"_eb_attr":""},"product_cat":[92,120,115],"product_tag":[],"class_list":["post-2325","product","type-product","status-publish","has-post-thumbnail","hentry","product_cat-phiten","product_cat-tat-vo","product_cat-trang-phuc"],"_links":{"self":[{"href":"https:\/\/www.phivutabletennis.com\/index.php\/wp-json\/wp\/v2\/product\/2325","targetHints":{"allow":["GET"]}}],"collection":[{"href":"https:\/\/www.phivutabletennis.com\/index.php\/wp-json\/wp\/v2\/product"}],"about":[{"href":"https:\/\/www.phivutabletennis.com\/index.php\/wp-json\/wp\/v2\/types\/product"}],"replies":[{"embeddable":true,"href":"https:\/\/www.phivutabletennis.com\/index.php\/wp-json\/wp\/v2\/comments?post=2325"}],"wp:featuredmedia":[{"embeddable":true,"href":"https:\/\/www.phivutabletennis.com\/index.php\/wp-json\/wp\/v2\/media\/2326"}],"wp:attachment":[{"href":"https:\/\/www.phivutabletennis.com\/index.php\/wp-json\/wp\/v2\/media?parent=2325"}],"wp:term":[{"taxonomy":"product_cat","embeddable":true,"href":"https:\/\/www.phivutabletennis.com\/index.php\/wp-json\/wp\/v2\/product_cat?post=2325"},{"taxonomy":"product_tag","embeddable":true,"href":"https:\/\/www.phivutabletennis.com\/index.php\/wp-json\/wp\/v2\/product_tag?post=2325"}],"curies":[{"name":"wp","href":"https:\/\/api.w.org\/{rel}","templated":true}]}}