{"id":2340,"date":"2023-06-22T00:59:07","date_gmt":"2023-06-21T17:59:07","guid":{"rendered":"https:\/\/www.phivutabletennis.com\/?post_type=product&#038;p=2340"},"modified":"2023-06-24T05:45:16","modified_gmt":"2023-06-23T22:45:16","slug":"quan-lot-phiten-raku-undergear-boxer-briefs","status":"publish","type":"product","link":"https:\/\/www.phivutabletennis.com\/index.php\/product\/quan-lot-phiten-raku-undergear-boxer-briefs\/","title":{"rendered":"Qu\u1ea7n L\u00f3t PHITEN RAKU UNDERGEAR BOXER BRIEFS"},"content":{"rendered":"<div class=\"row quan-color-size\">\n<div class=\"col-md-4\">\n<div>S\u1ed1 l\u01b0\u1ee3ng<\/div>\n<div class=\"quality quantity input-group-quantity buttons_added\"><button class=\"btn-number btn-minus minus\" disabled=\"disabled\" type=\"button\" data-type=\"minus\"><i class=\"icon-minus\"><\/i><\/button><input id=\"qty\" class=\"input-number input-quantity input-text qty text\" max=\"16\" min=\"1\" name=\"qty\" type=\"text\" value=\"1\" \/><button class=\"btn-number btn-plus plus\" type=\"button\" data-type=\"plus\"><i class=\"icon-plus\"><\/i><\/button><\/div>\n<\/div>\n<div class=\"col-md-4\">\n<div class=\"item\">\n<div class=\"title\">Size:<\/div>\n<p><select class=\"selectpicker select attributes\" title=\"\" data-id=\"4\"><option selected=\"selected\" value=\"S002\">M<\/option><option value=\"S003\">L<\/option><option value=\"S004\">LL<\/option><\/select><\/p>\n<\/div>\n<\/div>\n<div class=\"col-md-4\">\n<div class=\"item\">\n<div class=\"title\">M\u00e0u s\u1eafc:<\/div>\n<p><select class=\"selectpicker select attributes\" title=\"\" data-id=\"5\"><option selected=\"selected\" value=\"C001\">\u0110en<\/option><option value=\"C006\">X\u00e1m<\/option><\/select><\/p>\n<\/div>\n<\/div>\n<\/div>\n<div class=\"item\"><\/div>\n<div class=\"product-desc desc\">\n<p><strong>M\u00f4 t\u1ea3 s\u1ea3n ph\u1ea9m:\u00a0<\/strong><br \/>\n\u0110\u1ed3 l\u00f3t d\u00e0nh cho nam gi\u1edbi \u0111\u1eb7c bi\u1ec7t ch\u00fa tr\u1ecdng \u0111\u1ebfn s\u1ef1 tho\u1ea3i m\u00e1i, nh\u1eb9 nh\u00e0ng khi m\u1eb7c. Ch\u1ea5t li\u1ec7u th\u1ea5m h\u00fat m\u1ed3 h\u00f4i v\u00e0 nhanh kh\u00f4 gi\u00fap b\u1ea1n lu\u00f4n kh\u00f4 r\u00e1o d\u00f9 c\u00f3 \u0111\u1ed5 m\u1ed3 h\u00f4i.<br \/>\n<strong>Ch\u1ea5t li\u1ec7u:\u00a0<\/strong>60% cotton, 30% polyester, 10% polyurethane<br \/>\n<strong>C\u00f4ng ngh\u1ec7:\u00a0<\/strong>c\u00f4ng ngh\u1ec7 \u0111\u1ed9c quy\u1ec1n Aqua Titanium c\u1ee7a Phiten<br \/>\n<strong>C\u00f4ng d\u1ee5ng:\u00a0<\/strong><br \/>\n&#8211; Gi\u00fap l\u01b0u th\u00f4ng m\u00e1u, tr\u00e1nh tr\u01b0\u1eddng h\u1ee3p t\u00ea \u0111\u00f9i, t\u00ea v\u00f9ng h\u1ea1 b\u1ed9, b\u1ea3o v\u1ec7 v\u00e0 ch\u0103m s\u00f3c &#8220;c\u1eadu b\u00e9&#8221; nh\u1edd c\u00f4ng ngh\u1ec7 Aqua Titan<br \/>\n&#8211; Th\u1ea5m h\u00fat m\u1ed3 h\u00f4i t\u1ed1t, co d\u00e3n v\u00f4 bi\u00ean, kh\u00f4ng \u0111\u1ec3 l\u1ea1i v\u1ebft h\u1eb1n h\u00f4ng khi m\u1eb7c l\u00e2u. Tho\u1ea3i m\u00e1i, d\u1ec5 ch\u1ecbu ngay c\u1ea3 khi ng\u1ed3i l\u00e2u, ho\u1eb7c di chuy\u1ec3n nhi\u1ec1u nh\u01b0 ch\u01a1i th\u1ec3 thao: b\u00f3ng \u0111\u00e1, b\u00f3ng chuy\u1ec1n, ch\u1ea1y b\u1ed9 r\u1ea5t ph\u00f9 h\u1ee3p.<br \/>\nSize: 3 size v\u00f2ng h\u00f4ng M: 76-84cm, L: 84-94cm, \u00a0LL: 94-104cm<br \/>\n<strong>M\u00e0u s\u1eafc:<\/strong>\u00a0\u0110en v\u00e0 X\u00e1m<br \/>\n<strong>L\u01b0u \u00fd:<\/strong>\u00a0Kh\u00f4ng \u0111\u01b0\u1ee3c T\u1ea8Y TR\u1eaeNG. Gi\u1eb7t v\u1edbi n\u01b0\u1edbc \u1ea5m, kh\u00f4ng d\u00f9ng ch\u1ebf \u0111\u1ed9 v\u1eaft c\u1ef1c kh\u00f4. \u0110\u1ed1i v\u1edbi qu\u1ea7n m\u00e0u tr\u1eafng, n\u00ean h\u1ea1n ch\u1ebf d\u00f9ng b\u1ed9t gi\u1eb7t c\u00f3 \u00e1nh s\u00e1ng hu\u1ef3nh quang.<\/p>\n<p><strong>S\u1ea3n xu\u1ea5t t\u1ea1i Trung Qu\u1ed1c<\/strong><\/p>\n<p><strong>Tuy nhi\u00ean, s\u1ea3n ph\u1ea9m \u0111\u01b0\u1ee3c g\u1eedi l\u1ea1i Phiten Japan \u0111\u1ec3 x\u1eed l\u00fd c\u00f4ng ngh\u1ec7 c\u1ee7a h\u00e3ng<br \/>\nTh\u01b0\u01a1ng hi\u1ec7u Phiten<\/strong><\/p>\n<p><strong>M\u00d4 T\u1ea2<\/strong>:<\/p>\n<p>-M\u00e0u s\u1eafc: \u0111en, x\u00e1m<\/p>\n<p>-K\u00edch th\u01b0\u1edbc: 3 size<\/p>\n<p>M: v\u00f2ng h\u00f4ng 76-84<\/p>\n<p>L: v\u00f2ng h\u00f4ng 84-94<\/p>\n<p>LL: v\u00f2ng h\u00f4ng 94-104<\/p>\n<p>&#8211; S\u1ed1 l\u01b0\u1ee3ng: M\u1ed7i b\u1ecbch g\u1ed3m 01 c\u00e1i<\/p>\n<p><strong>NGUY\u00caN LI\u1ec6U<\/strong>:\u00a0Cotton 60%, Polyester 30%, Polyurethane 10%<\/p>\n<p><strong>C\u00d4NG D\u1ee4NG<\/strong>:<\/p>\n<p>&#8211; M\u00e1u l\u01b0u th\u00f4ng t\u1ed1t, tr\u00e1nh tr\u01b0\u1eddng h\u1ee3p t\u00ea \u0111\u00f9i, t\u00ea v\u00f9ng h\u1ea1 b\u1ed9, b\u1ea3o v\u1ec7 v\u00e0 ch\u0103m s\u00f3c &#8220;c\u1eadu b\u00e9&#8221; nh\u1edd c\u00f4ng ngh\u1ec7 Aqua Titan<\/p>\n<p>&#8211;\u00a0Th\u1ea5m h\u00fat m\u1ed3 h\u00f4i t\u1ed1t, co d\u00e3n v\u00f4 bi\u00ean, kh\u00f4ng \u0111\u1ec3 l\u1ea1i v\u1ebft h\u1eb1n h\u00f4ng khi m\u1eb7c l\u00e2u. Tho\u1ea3i m\u00e1i, d\u1ec5 ch\u1ecbu ngay c\u1ea3 khi ng\u1ed3i l\u00e2u, ho\u1eb7c di chuy\u1ec3n nhi\u1ec1u nh\u01b0\u00a0ch\u01a1i th\u1ec3 thao: b\u00f3ng \u0111\u00e1, b\u00f3ng chuy\u1ec1n, ch\u1ea1y b\u1ed9 r\u1ea5t ph\u00f9 h\u1ee3p.<\/p>\n<p><strong>H\u01af\u1edaNG D\u1eaaN S\u1eec D\u1ee4NG<\/strong>:<\/p>\n<p>M\u1eb7c nh\u01b0 qu\u1ea7n l\u00f3t th\u01b0\u1eddng<\/p>\n<p>L\u01b0u \u00fd: Kh\u00f4ng \u0111\u01b0\u1ee3c T\u1ea8Y TR\u1eaeNG. Gi\u1eb7t v\u1edbi n\u01b0\u1edbc \u1ea5m, kh\u00f4ng d\u00f9ng ch\u1ebf \u0111\u1ed9 v\u1eaft c\u1ef1c kh\u00f4. \u0110\u1ed1i v\u1edbi qu\u1ea7n\u00a0m\u00e0u tr\u1eafng, n\u00ean h\u1ea1n ch\u1ebf\u00a0d\u00f9ng b\u1ed9t gi\u1eb7t c\u00f3 \u00e1nh s\u00e1ng hu\u1ef3nh quang.<\/p>\n<p><a href=\"https:\/\/www.phivutabletennis.com\/wp-content\/uploads\/2023\/06\/68.png\"><img loading=\"lazy\" decoding=\"async\" class=\"alignnone size-full wp-image-2344\" src=\"https:\/\/www.phivutabletennis.com\/wp-content\/uploads\/2023\/06\/68.png\" alt=\"\" width=\"655\" height=\"831\" srcset=\"https:\/\/www.phivutabletennis.com\/wp-content\/uploads\/2023\/06\/68.png 655w, https:\/\/www.phivutabletennis.com\/wp-content\/uploads\/2023\/06\/68-600x761.png 600w, https:\/\/www.phivutabletennis.com\/wp-content\/uploads\/2023\/06\/68-236x300.png 236w\" sizes=\"auto, (max-width: 655px) 100vw, 655px\" \/><\/a><\/p>\n<\/div>\n","protected":false},"excerpt":{"rendered":"<p>S\u1ed1 l\u01b0\u1ee3ng Size: MLLL M\u00e0u s\u1eafc: \u0110enX\u00e1m M\u00f4 t\u1ea3 s\u1ea3n ph\u1ea9m:\u00a0 \u0110\u1ed3 l\u00f3t d\u00e0nh cho nam gi\u1edbi \u0111\u1eb7c bi\u1ec7t ch\u00fa tr\u1ecdng \u0111\u1ebfn s\u1ef1 tho\u1ea3i m\u00e1i, nh\u1eb9 nh\u00e0ng khi m\u1eb7c. Ch\u1ea5t li\u1ec7u th\u1ea5m h\u00fat m\u1ed3 h\u00f4i v\u00e0 nhanh kh\u00f4 gi\u00fap b\u1ea1n lu\u00f4n kh\u00f4 r\u00e1o d\u00f9 c\u00f3 \u0111\u1ed5 m\u1ed3 h\u00f4i. Ch\u1ea5t li\u1ec7u:\u00a060% cotton, 30% polyester, 10% polyurethane [&hellip;]<\/p>\n","protected":false},"featured_media":2341,"comment_status":"open","ping_status":"closed","template":"","meta":{"_eb_attr":""},"product_cat":[92,118,115],"product_tag":[],"class_list":["post-2340","product","type-product","status-publish","has-post-thumbnail","hentry","product_cat-phiten","product_cat-quan-lot-quan-bo","product_cat-trang-phuc"],"_links":{"self":[{"href":"https:\/\/www.phivutabletennis.com\/index.php\/wp-json\/wp\/v2\/product\/2340","targetHints":{"allow":["GET"]}}],"collection":[{"href":"https:\/\/www.phivutabletennis.com\/index.php\/wp-json\/wp\/v2\/product"}],"about":[{"href":"https:\/\/www.phivutabletennis.com\/index.php\/wp-json\/wp\/v2\/types\/product"}],"replies":[{"embeddable":true,"href":"https:\/\/www.phivutabletennis.com\/index.php\/wp-json\/wp\/v2\/comments?post=2340"}],"wp:featuredmedia":[{"embeddable":true,"href":"https:\/\/www.phivutabletennis.com\/index.php\/wp-json\/wp\/v2\/media\/2341"}],"wp:attachment":[{"href":"https:\/\/www.phivutabletennis.com\/index.php\/wp-json\/wp\/v2\/media?parent=2340"}],"wp:term":[{"taxonomy":"product_cat","embeddable":true,"href":"https:\/\/www.phivutabletennis.com\/index.php\/wp-json\/wp\/v2\/product_cat?post=2340"},{"taxonomy":"product_tag","embeddable":true,"href":"https:\/\/www.phivutabletennis.com\/index.php\/wp-json\/wp\/v2\/product_tag?post=2340"}],"curies":[{"name":"wp","href":"https:\/\/api.w.org\/{rel}","templated":true}]}}