{"id":2346,"date":"2023-06-22T01:01:45","date_gmt":"2023-06-21T18:01:45","guid":{"rendered":"https:\/\/www.phivutabletennis.com\/?post_type=product&#038;p=2346"},"modified":"2023-06-24T05:45:05","modified_gmt":"2023-06-23T22:45:05","slug":"tat-vo-phiten-business-socking","status":"publish","type":"product","link":"https:\/\/www.phivutabletennis.com\/index.php\/product\/tat-vo-phiten-business-socking\/","title":{"rendered":"T\u1ea5t\/ V\u1edb &#8211; PHITEN BUSINESS (SOCKING)"},"content":{"rendered":"<div class=\"row quan-color-size\">\n<div class=\"col-md-4\">\n<div>S\u1ed1 l\u01b0\u1ee3ng<\/div>\n<div class=\"quality quantity input-group-quantity buttons_added\"><button class=\"btn-number btn-minus minus\" disabled=\"disabled\" type=\"button\" data-type=\"minus\"><i class=\"icon-minus\"><\/i><\/button><input id=\"qty\" class=\"input-number input-quantity input-text qty text\" max=\"8\" min=\"1\" name=\"qty\" type=\"text\" value=\"1\" \/><button class=\"btn-number btn-plus plus\" type=\"button\" data-type=\"plus\"><i class=\"icon-plus\"><\/i><\/button><\/div>\n<\/div>\n<div class=\"col-md-4\">\n<div class=\"item\">\n<div class=\"title\">Size:<\/div>\n<p><select class=\"selectpicker select attributes\" title=\"\" data-id=\"4\"><option selected=\"selected\" value=\"S017\">25-27cm<\/option><\/select><\/div>\n<\/div>\n<div class=\"col-md-4\">\n<div class=\"item\">\n<div class=\"title\">M\u00e0u s\u1eafc:<\/div>\n<p><select class=\"selectpicker select attributes\" title=\"\" data-id=\"5\"><option selected=\"selected\" value=\"C001\">\u0110en<\/option><\/select><\/div>\n<\/div>\n<\/div>\n<div class=\"item\"><\/div>\n<div class=\"product-desc desc\">\n<p>N\u00e2ng niu b\u01b0\u1edbc \u0111i c\u1ee7a b\u1ea1n trong c\u00f4ng vi\u1ec7c. T\u00ednh n\u0103ng h\u1ed7 tr\u1ee3 n\u00e2ng h\u00ecnh v\u00f2m gi\u00fap gi\u1ea3m \u00e1p l\u1ef1c khi b\u01b0\u1edbc \u0111i. Thi\u1ebft k\u1ebf ng\u00f3n ch\u00e2n \u0111\u1ed9c l\u1eadp \u0111\u1eb7c bi\u1ec7t t\u1ea1o c\u1ea3m gi\u00e1c tho\u1ea3i m\u00e1i cho v\u00f9ng mu v\u00e0 l\u00f2ng b\u00e0n ch\u00e2n.<\/p>\n<p>C\u00f4ng ngh\u1ec7: Aqua Titan X10<\/p>\n<p>Ch\u1ea5t li\u1ec7u: Cotton 86%, Polyester 12% v\u00e0 Polyurethane 2%.<\/p>\n<p>S\u1ea3n xu\u1ea5t t\u1ea1i Nh\u1eadt B\u1ea3n.<a href=\"https:\/\/www.phivutabletennis.com\/wp-content\/uploads\/2023\/06\/71-1.jpeg\"><img loading=\"lazy\" decoding=\"async\" class=\"alignnone size-full wp-image-2349\" src=\"https:\/\/www.phivutabletennis.com\/wp-content\/uploads\/2023\/06\/71-1.jpeg\" alt=\"\" width=\"730\" height=\"467\" srcset=\"https:\/\/www.phivutabletennis.com\/wp-content\/uploads\/2023\/06\/71-1.jpeg 730w, https:\/\/www.phivutabletennis.com\/wp-content\/uploads\/2023\/06\/71-1-600x384.jpeg 600w, https:\/\/www.phivutabletennis.com\/wp-content\/uploads\/2023\/06\/71-1-300x192.jpeg 300w\" sizes=\"auto, (max-width: 730px) 100vw, 730px\" \/><\/a> <a href=\"https:\/\/www.phivutabletennis.com\/wp-content\/uploads\/2023\/06\/72-1.jpeg\"><img loading=\"lazy\" decoding=\"async\" class=\"alignnone size-full wp-image-2350\" src=\"https:\/\/www.phivutabletennis.com\/wp-content\/uploads\/2023\/06\/72-1.jpeg\" alt=\"\" width=\"730\" height=\"981\" srcset=\"https:\/\/www.phivutabletennis.com\/wp-content\/uploads\/2023\/06\/72-1.jpeg 730w, https:\/\/www.phivutabletennis.com\/wp-content\/uploads\/2023\/06\/72-1-600x806.jpeg 600w, https:\/\/www.phivutabletennis.com\/wp-content\/uploads\/2023\/06\/72-1-223x300.jpeg 223w\" sizes=\"auto, (max-width: 730px) 100vw, 730px\" \/><\/a><\/p>\n<\/div>\n","protected":false},"excerpt":{"rendered":"<p>S\u1ed1 l\u01b0\u1ee3ng Size: 25-27cm M\u00e0u s\u1eafc: \u0110en N\u00e2ng niu b\u01b0\u1edbc \u0111i c\u1ee7a b\u1ea1n trong c\u00f4ng vi\u1ec7c. T\u00ednh n\u0103ng h\u1ed7 tr\u1ee3 n\u00e2ng h\u00ecnh v\u00f2m gi\u00fap gi\u1ea3m \u00e1p l\u1ef1c khi b\u01b0\u1edbc \u0111i. Thi\u1ebft k\u1ebf ng\u00f3n ch\u00e2n \u0111\u1ed9c l\u1eadp \u0111\u1eb7c bi\u1ec7t t\u1ea1o c\u1ea3m gi\u00e1c tho\u1ea3i m\u00e1i cho v\u00f9ng mu v\u00e0 l\u00f2ng b\u00e0n ch\u00e2n. C\u00f4ng ngh\u1ec7: Aqua Titan X10 [&hellip;]<\/p>\n","protected":false},"featured_media":2347,"comment_status":"open","ping_status":"closed","template":"","meta":{"_eb_attr":""},"product_cat":[92,120,115],"product_tag":[],"class_list":["post-2346","product","type-product","status-publish","has-post-thumbnail","hentry","product_cat-phiten","product_cat-tat-vo","product_cat-trang-phuc"],"_links":{"self":[{"href":"https:\/\/www.phivutabletennis.com\/index.php\/wp-json\/wp\/v2\/product\/2346","targetHints":{"allow":["GET"]}}],"collection":[{"href":"https:\/\/www.phivutabletennis.com\/index.php\/wp-json\/wp\/v2\/product"}],"about":[{"href":"https:\/\/www.phivutabletennis.com\/index.php\/wp-json\/wp\/v2\/types\/product"}],"replies":[{"embeddable":true,"href":"https:\/\/www.phivutabletennis.com\/index.php\/wp-json\/wp\/v2\/comments?post=2346"}],"wp:featuredmedia":[{"embeddable":true,"href":"https:\/\/www.phivutabletennis.com\/index.php\/wp-json\/wp\/v2\/media\/2347"}],"wp:attachment":[{"href":"https:\/\/www.phivutabletennis.com\/index.php\/wp-json\/wp\/v2\/media?parent=2346"}],"wp:term":[{"taxonomy":"product_cat","embeddable":true,"href":"https:\/\/www.phivutabletennis.com\/index.php\/wp-json\/wp\/v2\/product_cat?post=2346"},{"taxonomy":"product_tag","embeddable":true,"href":"https:\/\/www.phivutabletennis.com\/index.php\/wp-json\/wp\/v2\/product_tag?post=2346"}],"curies":[{"name":"wp","href":"https:\/\/api.w.org\/{rel}","templated":true}]}}