{"id":2352,"date":"2023-06-22T01:04:09","date_gmt":"2023-06-21T18:04:09","guid":{"rendered":"https:\/\/www.phivutabletennis.com\/?post_type=product&#038;p=2352"},"modified":"2023-06-24T05:44:51","modified_gmt":"2023-06-23T22:44:51","slug":"tat-vo-3-doi-phiten-aqua-titan-socks-3-pairs","status":"publish","type":"product","link":"https:\/\/www.phivutabletennis.com\/index.php\/product\/tat-vo-3-doi-phiten-aqua-titan-socks-3-pairs\/","title":{"rendered":"T\u1ea5t\/ V\u1edb (3 \u0111\u00f4i) &#8211; PHITEN AQUA TITAN SOCKS (3 PAIRS)"},"content":{"rendered":"<div class=\"row quan-color-size\">\n<div class=\"col-md-4\">\n<div>S\u1ed1 l\u01b0\u1ee3ng<\/div>\n<div class=\"quality quantity input-group-quantity buttons_added\"><button class=\"btn-number btn-minus minus\" disabled=\"disabled\" type=\"button\" data-type=\"minus\"><i class=\"icon-minus\"><\/i><\/button><input id=\"qty\" class=\"input-number input-quantity input-text qty text\" max=\"5\" min=\"1\" name=\"qty\" type=\"text\" value=\"1\" \/><button class=\"btn-number btn-plus plus\" type=\"button\" data-type=\"plus\"><i class=\"icon-plus\"><\/i><\/button><\/div>\n<\/div>\n<div class=\"col-md-4\">\n<div class=\"item\">\n<div class=\"title\">Size:<\/div>\n<p><select class=\"selectpicker select attributes\" title=\"\" data-id=\"4\"><option selected=\"selected\" value=\"S044\">1 Size<\/option><\/select><\/div>\n<\/div>\n<div class=\"col-md-4\">\n<div class=\"item\">\n<div class=\"title\">M\u00e0u s\u1eafc:<\/div>\n<p><select class=\"selectpicker select attributes\" title=\"\" data-id=\"5\"><option selected=\"selected\" value=\"C022\">X\u00e1m\/Navy\/\u0110en<\/option><\/select><\/div>\n<\/div>\n<\/div>\n<div class=\"item\"><\/div>\n<div class=\"product-desc desc\">\n<p><strong>M\u00d4 T\u1ea2<\/strong>:<\/p>\n<p>\u0110\u00e2y l\u00e0 lo\u1ea1i v\u1edb cao, c\u00f3 1\u00a0size duy nh\u1ea5t:<\/p>\n<p>Size 25-27cm: T\u01b0\u01a1ng \u0111\u01b0\u01a1ng size 39-41 Vi\u1ec7t Nam<\/p>\n<p>M\u00e0u s\u1eafc: \u0110en v\u00e0 tr\u1eafng<\/p>\n<p>M\u1ed7i b\u1ecbch v\u1edb\u00a0PHITEN SPORT SOCKS ANKLE (2PAIRS) g\u1ed3m 3\u00a0\u0111\u00f4i<\/p>\n<p><strong>C\u00d4NG D\u1ee4NG<\/strong>:<\/p>\n<p>V\u1edb c\u1ed5 cao\u00a0Phiten l\u00e0 d\u00f2ng \u0111\u01b0\u1ee3c n\u00e2ng c\u1ea5p, s\u1ee3i v\u1ea3i h\u00fat \u1ea9m, gi\u00fap ch\u00e2n lu\u00f4n kh\u00f4 r\u00e1o, ch\u1ee9a tinh th\u1ec3 b\u1ea1c kh\u1eed khu\u1ea9n, lo\u1ea1i tr\u1eeb m\u00f9i h\u00f4i. \u0110\u1eb7c bi\u1ec7t,\u00a0n\u00e2ng cao v\u00f2m ch\u00e2n khi \u0111\u1ee9ng th\u1eb3ng, \u0111\u1ee9ng l\u00e2u, tr\u00e1nh t\u00ecnh tr\u1ea1ng \u0111au, \u00ea nh\u1ee9t\u00a0g\u00f3t ch\u00e2n. Ch\u1ea5t v\u1ea3i len d\u1ec7t l\u00e0m gi\u1ea3m \u0111\u1ed9 \u1ea3nh h\u01b0\u1edfng l\u00fac va ch\u1ea1m. \u0110\u01b0\u1ee3c th\u1ea5m\u00a0m\u1ed9t l\u01b0\u1ee3ng titan \u0111\u00e3 \u0111\u01b0\u1ee3c ph\u00e2n t\u00e1n, l\u01b0u th\u00f4ng m\u00e1u huy\u1ebft, t\u0103ng hi\u1ec7u su\u1ea5t\u00a0l\u00e0m vi\u1ec7c c\u1ee7a ch\u00e2n, gi\u1ea3m kh\u1ea3 n\u0103ng ch\u1ea5n th\u01b0\u01a1ng.<\/p>\n<p><strong>C\u00d4NG NGH\u1ec6<\/strong>:<\/p>\n<p>Aqua &#8211; Titanium<\/p>\n<p><strong>NGUY\u00caN LI\u1ec6U<\/strong>:<br \/>\nCotton<br \/>\nPolyester<\/p>\n<p><strong>\u0110\u00d3NG G\u00d3I:\u00a0<\/strong>3 \u0111\u00f4i\/ h\u1ed9p<\/p>\n<p><strong>H\u01af\u1edaNG D\u1eaaN S\u1eec D\u1ee4NG<\/strong>:<\/p>\n<p>Mang nh\u01b0 v\u1edb b\u00ecnh th\u01b0\u1eddng, k\u1ebft h\u1ee3p v\u1edbi\u00a0gi\u00e0y t\u00e2y, gi\u00e0y th\u1ec3 thao,&#8230;..mang v\u1edbi gi\u00e0y b\u00fap b\u00ea s\u1ebd h\u01a1i kh\u00f3 ch\u1ecbu, Phiten kh\u00f4ng khuy\u1ebfn kh\u00edch.<\/p>\n<p>L\u01b0u \u00fd: Kh\u00f4ng \u0111\u01b0\u1ee3c T\u1ea8Y TR\u1eaeNG. Gi\u1eb7t v\u1edbi n\u01b0\u1edbc \u1ea5m, kh\u00f4ng d\u00f9ng ch\u1ebf \u0111\u1ed9 v\u1eaft c\u1ef1c kh\u00f4. \u0110\u1ed1i v\u1edbi v\u1edb m\u00e0u tr\u1eafng, kh\u00f4ng d\u00f9ng b\u1ed9t gi\u1eb7t c\u00f3 \u00e1nh s\u00e1ng hu\u1ef3nh quang.<\/p>\n<p>S\u1ea3n xu\u1ea5t t\u1ea1i Trung Qu\u1ed1c<\/p>\n<p>Tuy nhi\u00ean, s\u1ea3n ph\u1ea9m \u0111\u01b0\u1ee3c g\u1eedi l\u1ea1i Phiten Japan \u0111\u1ec3 x\u1eed l\u00fd c\u00f4ng ngh\u1ec7 c\u1ee7a h\u00e3ng<a href=\"https:\/\/www.phivutabletennis.com\/wp-content\/uploads\/2023\/06\/76-1.jpeg\"><img loading=\"lazy\" decoding=\"async\" class=\"alignnone size-full wp-image-2355\" src=\"https:\/\/www.phivutabletennis.com\/wp-content\/uploads\/2023\/06\/76-1.jpeg\" alt=\"\" width=\"730\" height=\"564\" srcset=\"https:\/\/www.phivutabletennis.com\/wp-content\/uploads\/2023\/06\/76-1.jpeg 730w, https:\/\/www.phivutabletennis.com\/wp-content\/uploads\/2023\/06\/76-1-600x464.jpeg 600w, https:\/\/www.phivutabletennis.com\/wp-content\/uploads\/2023\/06\/76-1-300x232.jpeg 300w\" sizes=\"auto, (max-width: 730px) 100vw, 730px\" \/><\/a> <a href=\"https:\/\/www.phivutabletennis.com\/wp-content\/uploads\/2023\/06\/77-1.jpeg\"><img loading=\"lazy\" decoding=\"async\" class=\"alignnone size-full wp-image-2356\" src=\"https:\/\/www.phivutabletennis.com\/wp-content\/uploads\/2023\/06\/77-1.jpeg\" alt=\"\" width=\"730\" height=\"568\" srcset=\"https:\/\/www.phivutabletennis.com\/wp-content\/uploads\/2023\/06\/77-1.jpeg 730w, https:\/\/www.phivutabletennis.com\/wp-content\/uploads\/2023\/06\/77-1-600x467.jpeg 600w, https:\/\/www.phivutabletennis.com\/wp-content\/uploads\/2023\/06\/77-1-300x233.jpeg 300w\" sizes=\"auto, (max-width: 730px) 100vw, 730px\" \/><\/a><\/p>\n<\/div>\n","protected":false},"excerpt":{"rendered":"<p>S\u1ed1 l\u01b0\u1ee3ng Size: 1 Size M\u00e0u s\u1eafc: X\u00e1m\/Navy\/\u0110en M\u00d4 T\u1ea2: \u0110\u00e2y l\u00e0 lo\u1ea1i v\u1edb cao, c\u00f3 1\u00a0size duy nh\u1ea5t: Size 25-27cm: T\u01b0\u01a1ng \u0111\u01b0\u01a1ng size 39-41 Vi\u1ec7t Nam M\u00e0u s\u1eafc: \u0110en v\u00e0 tr\u1eafng M\u1ed7i b\u1ecbch v\u1edb\u00a0PHITEN SPORT SOCKS ANKLE (2PAIRS) g\u1ed3m 3\u00a0\u0111\u00f4i C\u00d4NG D\u1ee4NG: V\u1edb c\u1ed5 cao\u00a0Phiten l\u00e0 d\u00f2ng \u0111\u01b0\u1ee3c n\u00e2ng c\u1ea5p, s\u1ee3i v\u1ea3i h\u00fat \u1ea9m, [&hellip;]<\/p>\n","protected":false},"featured_media":2353,"comment_status":"open","ping_status":"closed","template":"","meta":{"_eb_attr":""},"product_cat":[92,120,115],"product_tag":[],"class_list":["post-2352","product","type-product","status-publish","has-post-thumbnail","hentry","product_cat-phiten","product_cat-tat-vo","product_cat-trang-phuc"],"_links":{"self":[{"href":"https:\/\/www.phivutabletennis.com\/index.php\/wp-json\/wp\/v2\/product\/2352","targetHints":{"allow":["GET"]}}],"collection":[{"href":"https:\/\/www.phivutabletennis.com\/index.php\/wp-json\/wp\/v2\/product"}],"about":[{"href":"https:\/\/www.phivutabletennis.com\/index.php\/wp-json\/wp\/v2\/types\/product"}],"replies":[{"embeddable":true,"href":"https:\/\/www.phivutabletennis.com\/index.php\/wp-json\/wp\/v2\/comments?post=2352"}],"wp:featuredmedia":[{"embeddable":true,"href":"https:\/\/www.phivutabletennis.com\/index.php\/wp-json\/wp\/v2\/media\/2353"}],"wp:attachment":[{"href":"https:\/\/www.phivutabletennis.com\/index.php\/wp-json\/wp\/v2\/media?parent=2352"}],"wp:term":[{"taxonomy":"product_cat","embeddable":true,"href":"https:\/\/www.phivutabletennis.com\/index.php\/wp-json\/wp\/v2\/product_cat?post=2352"},{"taxonomy":"product_tag","embeddable":true,"href":"https:\/\/www.phivutabletennis.com\/index.php\/wp-json\/wp\/v2\/product_tag?post=2352"}],"curies":[{"name":"wp","href":"https:\/\/api.w.org\/{rel}","templated":true}]}}