{"id":2700,"date":"2023-06-29T20:34:18","date_gmt":"2023-06-29T13:34:18","guid":{"rendered":"https:\/\/www.phivutabletennis.com\/?post_type=product&#038;p=2700"},"modified":"2023-06-29T20:34:18","modified_gmt":"2023-06-29T13:34:18","slug":"fan-zhendong-super-alc","status":"publish","type":"product","link":"https:\/\/www.phivutabletennis.com\/index.php\/product\/fan-zhendong-super-alc\/","title":{"rendered":"FAN ZHENDONG SUPER ALC"},"content":{"rendered":"<p><strong>H\u00c0NG CH\u00cdNH H\u00c3NG BUTTERFLY S\u1ea2N XU\u1ea4T T\u1ea0I NH\u1eacT B\u1ea2N &#8211; MADE IN JAPAN<\/strong><\/p>\n<p><strong>FAN ZHENDONG SUPER ALC<\/strong><\/p>\n<h5>K\u1ebft h\u1ee3p ho\u00e0n h\u1ea3o gi\u1eefa \u0111\u1ed9 \u0111\u00e0n h\u1ed3i v\u00e0 \u0111\u1ed9 n\u1ea3y b\u00f3ng cao<br \/>\nTh\u01b0\u01a1ng hi\u1ec7u Butterfly \u0111\u00e3 th\u00e0nh c\u00f4ng trong vi\u1ec7c nghi\u00ean c\u1ee9u t\u0103ng l\u1ef1c cho phi\u00ean b\u1ea3n Fan Zhendong Super ALC nh\u01b0ng v\u1eabn duy tr\u00ec t\u00ednh linh ho\u1ea1t v\u00e0 \u0111\u1ed9 \u0111\u00e0n h\u1ed3i c\u1ee7a d\u00f2ng Fan Zhendong ALC, \u0111\u1ed3ng th\u1eddi gi\u1eef nguy\u00ean c\u1ea5u tr\u00fac c\u01a1 b\u1ea3n c\u00e1c l\u1edbp g\u1ed7 v\u00e0 c\u1ea3m gi\u00e1c rung nh\u1eb9 c\u1ee7a d\u00f2ng Fan Zhendong ALC.<br \/>\nT\u1ed5ng th\u1ec3 thi\u1ebft k\u1ebf c\u00e1c d\u00f2ng c\u1ed1t v\u1ee3t Fan Zhendong \u0111\u01b0\u1ee3c l\u1ea5y c\u1ea3m h\u1ee9ng t\u1eeb l\u1ed1i ch\u01a1i thi\u00ean v\u1ec1 t\u1ea5n c\u00f4ng nhanh, v\u1edbi c\u00e1c h\u1ecda ti\u1ebft \u0111\u01b0\u1eddng th\u1eb3ng tr\u00ean th\u00e2n c\u00e1n v\u1ee3t th\u1ec3 hi\u1ec7n cho tinh th\u1ea7n thi \u0111\u1ea5u c\u1ee7a V\u0110V Fan Zhendong lu\u00f4n \u0111\u1eb7t m\u1ee5c ti\u00eau ti\u1ebfn v\u1ec1 ph\u00eda tr\u01b0\u1edbc.<\/h5>\n<table border=\"0\" cellspacing=\"1\" cellpadding=\"1\">\n<tbody>\n<tr>\n<td>C\u1ea5u t\u1ea1o<\/td>\n<td>:\u00a05 l\u1edbp g\u1ed7 + 2 l\u1edbp s\u1ee3i Arylate Carbon<\/td>\n<\/tr>\n<tr>\n<td>L\u1ef1c \u0111\u1ea9y<\/td>\n<td>: 12.1\u00a0\u00a0(t\u1ed1c \u0111\u1ed9)<\/td>\n<\/tr>\n<tr>\n<td>\u0110\u1ed9 rung<\/td>\n<td>: 10.1\u00a0\u00a0(c\u1ea3m gi\u00e1c)<\/td>\n<\/tr>\n<tr>\n<td>\u0110\u1ed9 d\u00e0y<\/td>\n<td>:\u00a05.7mm<\/td>\n<\/tr>\n<tr>\n<td>B\u1ea3ng v\u1ee3t<\/td>\n<td>:\u00a0157 x 150mm<\/td>\n<\/tr>\n<\/tbody>\n<\/table>\n<p><strong>Theo th\u00f4ng s\u1ed1 chu\u1ea9n c\u1ee7a h\u00e3ng Butterfly<\/strong><br \/>\n<strong>H\u00e0ng ch\u00ednh h\u00e3ng b\u1ea3o h\u00e0nh 1 th\u00e1ng<\/strong><\/p>\n","protected":false},"excerpt":{"rendered":"<p>H\u00c0NG CH\u00cdNH H\u00c3NG BUTTERFLY S\u1ea2N XU\u1ea4T T\u1ea0I NH\u1eacT B\u1ea2N &#8211; MADE IN JAPAN FAN ZHENDONG SUPER ALC K\u1ebft h\u1ee3p ho\u00e0n h\u1ea3o gi\u1eefa \u0111\u1ed9 \u0111\u00e0n h\u1ed3i v\u00e0 \u0111\u1ed9 n\u1ea3y b\u00f3ng cao Th\u01b0\u01a1ng hi\u1ec7u Butterfly \u0111\u00e3 th\u00e0nh c\u00f4ng trong vi\u1ec7c nghi\u00ean c\u1ee9u t\u0103ng l\u1ef1c cho phi\u00ean b\u1ea3n Fan Zhendong Super ALC nh\u01b0ng v\u1eabn duy tr\u00ec t\u00ednh linh [&hellip;]<\/p>\n","protected":false},"featured_media":2702,"comment_status":"open","ping_status":"closed","template":"","meta":{"_eb_attr":""},"product_cat":[76,26],"product_tag":[],"class_list":["post-2700","product","type-product","status-publish","has-post-thumbnail","hentry","product_cat-butterfly-cot-vot","product_cat-cot-vot"],"_links":{"self":[{"href":"https:\/\/www.phivutabletennis.com\/index.php\/wp-json\/wp\/v2\/product\/2700","targetHints":{"allow":["GET"]}}],"collection":[{"href":"https:\/\/www.phivutabletennis.com\/index.php\/wp-json\/wp\/v2\/product"}],"about":[{"href":"https:\/\/www.phivutabletennis.com\/index.php\/wp-json\/wp\/v2\/types\/product"}],"replies":[{"embeddable":true,"href":"https:\/\/www.phivutabletennis.com\/index.php\/wp-json\/wp\/v2\/comments?post=2700"}],"wp:featuredmedia":[{"embeddable":true,"href":"https:\/\/www.phivutabletennis.com\/index.php\/wp-json\/wp\/v2\/media\/2702"}],"wp:attachment":[{"href":"https:\/\/www.phivutabletennis.com\/index.php\/wp-json\/wp\/v2\/media?parent=2700"}],"wp:term":[{"taxonomy":"product_cat","embeddable":true,"href":"https:\/\/www.phivutabletennis.com\/index.php\/wp-json\/wp\/v2\/product_cat?post=2700"},{"taxonomy":"product_tag","embeddable":true,"href":"https:\/\/www.phivutabletennis.com\/index.php\/wp-json\/wp\/v2\/product_tag?post=2700"}],"curies":[{"name":"wp","href":"https:\/\/api.w.org\/{rel}","templated":true}]}}