{"id":2715,"date":"2023-06-29T20:45:58","date_gmt":"2023-06-29T13:45:58","guid":{"rendered":"https:\/\/www.phivutabletennis.com\/?post_type=product&#038;p=2715"},"modified":"2023-06-29T20:45:58","modified_gmt":"2023-06-29T13:45:58","slug":"franziska-innerforce-zlc","status":"publish","type":"product","link":"https:\/\/www.phivutabletennis.com\/index.php\/product\/franziska-innerforce-zlc\/","title":{"rendered":"FRANZISKA INNERFORCE ZLC"},"content":{"rendered":"<p><strong>H\u00c0NG CH\u00cdNH H\u00c3NG BUTTERFLY S\u1ea2N XU\u1ea4T T\u1ea0I NH\u1eacT B\u1ea2N &#8211; MADE IN JAPAN<\/strong><\/p>\n<p>&#8220;\u0110\u1ed1i v\u1edbi ng\u01b0\u1eddi s\u1eed d\u1ee5ng c\u1ed1t v\u1ee3t Butterfly trong m\u1ed9t th\u1eddi gian d\u00e0i nh\u01b0 t\u00f4i, c\u1ed1t v\u1ee3t mang t\u00ean c\u00e1c v\u1eadn \u0111\u1ed9ng vi\u00ean n\u1ed5i ti\u1ebfng l\u00e0 s\u1ef1 hi\u1ec7n di\u1ec7n r\u1ea5t \u0111\u1eb7c bi\u1ec7t. Hi\u00ean gi\u1edd t\u00f4i r\u1ea5t vui khi c\u00e2y v\u1ee3t mang t\u00ean m\u00ecnh l\u00e0 m\u1ed9t trong s\u1ed1 \u0111\u00f3.<br \/>\nT\u00f4i th\u00edch c\u1ed1t v\u1ee3t n\u00e0y v\u00ec n\u00f3 ki\u1ec3m so\u00e1t b\u00f3ng t\u1ed1t. D\u1ec5 d\u00e0ng ki\u1ec3m so\u00e1t v\u1edbi c\u00e1c k\u1ef9 thu\u1eadt giao b\u00f3ng, \u0111\u1ee1 giao b\u00f3ng v\u00e0 ch\u1eb7n b\u00f3ng, \u0111\u1ed3ng th\u1eddi ch\u1ebf th\u1ec3 kh\u1ed1ng ch\u1ebf c\u00e1c qu\u1ea3 b\u00f3ng c\u00f3 l\u1ef1c \u0111i nhanh v\u00e0 m\u1ea1nh b\u1eb1ng k\u1ef9 thu\u1eadt ch\u1ee5p b\u00f3ng.<br \/>\nLogo m\u00e0u v\u00e0ng \u0111\u00ednh tr\u00ean c\u00e1n v\u1ee3t l\u00e0 m\u1ed9t \u0111i\u1ec3m nh\u1ea5n \u0111\u1eb9p m\u1eaft. T\u00f4i \u0111\u00e3 l\u00ean \u00fd t\u01b0\u1edfng thi\u1ebft k\u1ebf v\u00e0 s\u1eed d\u1ee5ng d\u1ea5u \u201c PF\u201d l\u00e0m bi\u1ec3u t\u01b0\u1ee3ng. T\u00f4i ngh\u0129 v\u00ec \u0111\u00f3 l\u00e0 m\u1ed9t thi\u1ebft k\u1ebf \u0111\u01a1n gi\u1ea3n v\u00e0 tuy\u1ec7t v\u1eddi, kh\u00f4ng b\u1ecb l\u1ed7i th\u1eddi trong m\u1ecdi th\u1eddi \u0111\u1ea1i, v\u00e0 m\u1ecdi ng\u01b0\u1eddi c\u0169ng \u0111\u1ec1u th\u00edch n\u00f3 n\u00ean t\u00f4i r\u1ea5t vui.&#8221;<\/p>\n<p>C\u1ed1t v\u1ee3t mang t\u00ean\u00a0<strong>FRANZISKA INNERFORCE ZLC<\/strong>\u00a0\u2013 Th\u00e0nh vi\u00ean \u0111\u1ed9i tuy\u1ec3n b\u00f3ng b\u00e0n \u0110\u1ee9c<\/p>\n<p>C\u1ed1t v\u1ee3t \u0111\u1ea7y uy l\u1ef1c, nhi\u1ec1u \u01b0u \u0111i\u1ec3m n\u1ed5i b\u1eadt v\u1edbi thi\u1ebft k\u1ebf s\u1ee3i s\u01a1 cao c\u1ea5p<strong>\u00a0ZYLON CARBON<\/strong>\u00a0g\u1ea7n l\u1edbp g\u1ed7 trung t\u00e2m, \u0111\u1ed9 \u0111\u00e0n h\u1ed3i cao, \u1ed5n \u0111\u1ecbnh, d\u1ec5 ki\u1ec3m so\u00e1t v\u00e0 th\u1eddi gian l\u01b0u b\u00f3ng l\u00e2u, h\u01b0\u1edbng \u0111\u1ebfn ng\u01b0\u1eddi ch\u01a1i mu\u1ed1n ph\u00e1t huy l\u1ed1i \u0111\u00e1nh t\u1ea5n c\u00f4ng m\u1ea1nh m\u1ebd v\u00e0 \u1ed5n \u0111\u1ecbnh.<\/p>\n<p>C\u00e1n v\u1ee3t \u0111\u01b0\u1ee3c thi\u1ebft k\u1ebf gam m\u00e0u t\u1ed5ng th\u1ec3 \u0111\u01a1n gi\u1ea3n, k\u1ebft h\u1ee3p logo bi\u1ec3u t\u01b0\u1ee3ng h\u00ecnh th\u1ea5u k\u00ednh s\u00e1ng b\u00f3ng d\u1ef1a tr\u00ean ch\u1eef vi\u1ebft t\u1eaft t\u00ean c\u1ee7a v\u1eadn \u0111\u1ed9ng vi\u00ean Franziska, th\u1ec3 hi\u1ec7n n\u1ed7 l\u1ef1c t\u00ecm ki\u1ebfm n\u0103ng l\u01b0\u1ee3ng \u00e1nh s\u00e1ng t\u00edch c\u1ef1c th\u00f4ng qua th\u00f3i quen ki\u00ean nh\u1eabn t\u1eadp luy\u1ec7n nghi\u00eam t\u00fac h\u00e0ng ng\u00e0y<\/p>\n<table border=\"0\" cellspacing=\"1\" cellpadding=\"1\">\n<tbody>\n<tr>\n<td>C\u1ea5u t\u1ea1o<\/td>\n<td>:\u00a05 l\u1edbp g\u1ed7 + 2 l\u1edbp s\u1ee3i Zylon Carbon<\/td>\n<\/tr>\n<tr>\n<td>L\u1ef1c \u0111\u1ea9y<\/td>\n<td>:\u00a010.5 (t\u1ed1c \u0111\u1ed9)<\/td>\n<\/tr>\n<tr>\n<td>\u0110\u1ed9 rung<\/td>\n<td>:\u00a09.5 (c\u1ea3m gi\u00e1c)<\/td>\n<\/tr>\n<tr>\n<td>\u0110\u1ed9 d\u00e0y<\/td>\n<td>:\u00a05.7 mm<\/td>\n<\/tr>\n<tr>\n<td>B\u1ea3ng v\u1ee3t<\/td>\n<td>:\u00a0157 x 150mm<\/td>\n<\/tr>\n<tr>\n<td>Tr\u1ecdng l\u01b0\u1ee3ng<\/td>\n<td>: \u00b1 85gr<\/td>\n<\/tr>\n<\/tbody>\n<\/table>\n<p><strong>Theo th\u00f4ng s\u1ed1 chu\u1ea9n c\u1ee7a h\u00e3ng Butterfly\u00a0<\/strong><br \/>\n<strong>H\u00e0ng ch\u00ednh h\u00e3ng Butterfly b\u1ea3o h\u00e0nh 1 th\u00e1ng<\/strong><\/p>\n<p>V\u1eadn \u0111\u1ed9ng vi\u00ean\u00a0<strong>FRANZISKA PATRICK<\/strong>\u00a0\u0111\u1ea1t \u0111\u01b0\u1ee3c nhi\u1ec1u th\u00e0nh t\u00edch cho \u0111\u1ebfn nay, trong \u0111\u00f3 c\u00f3 c\u00e1c th\u00e0nh t\u00edch n\u1ed5i b\u1eadt nh\u01b0:<\/p>\n<ul>\n<li>Huy ch\u01b0\u01a1ng \u0110\u1ed3ng \u0110\u01a1n Nam t\u1ea1i gi\u1ea3i \u0110\u1ee9c m\u1edf r\u1ed9ng n\u0103m 2018<\/li>\n<li>Huy ch\u01b0\u01a1ng B\u1ea1c \u0110\u00f4i Nam t\u1ea1i gi\u1ea3i ITTF World Tour Grand Final n\u0103m 2019<\/li>\n<li>Huy ch\u01b0\u01a1ng V\u00e0ng \u0110\u00f4i Nam t\u1ea1i gi\u1ea3i Trung Qu\u1ed1c m\u1edf r\u1ed9ng n\u0103m 2019<\/li>\n<\/ul>\n<p><strong>Combo V\u1eadn \u0111\u1ed9ng vi\u00ean\u00a0<\/strong><strong>FRANZISKA<\/strong><strong>\u00a0\u0111ang s\u1eed d\u1ee5ng:<\/strong><br \/>\n<span style=\"font-family: arial, helvetica, sans-serif;\">C\u1eadp nh\u1eadt (01.04.2021)<\/span><br \/>\n\u201cTheo \u00fd ki\u1ebfn \u200b\u200bc\u00e1 nh\u00e2n c\u1ee7a t\u00f4i, m\u1eb7t v\u1ee3t Tenergy 05 v\u00e0 Dignics\u00a005 m\u00e0 t\u00f4i \u0111ang s\u1eed d\u1ee5ng l\u00e0 ph\u00f9 h\u1ee3p nh\u1ea5t v\u1edbi c\u1ed1t v\u1ee3t n\u00e0y.<br \/>\nT\u00f4i ngh\u0129 v\u00ec c\u1ed1t v\u1ee3t c\u00f3 kh\u1ea3 n\u0103ng gi\u1eef b\u00f3ng t\u1ed1t n\u00ean \u0111i\u1ec1u quan tr\u1ecdng nh\u1ea5t l\u00e0 ph\u1ea3i k\u1ebft h\u1ee3p m\u1eb7t v\u1ee3t c\u00f3 t\u1ed1c \u0111\u1ed9. Khi c\u1ea7n ph\u1ea3i ph\u00e1t l\u1ef1c v\u00e0 t\u1ea1o xo\u00e1y c\u1ef1 ly xa b\u00e0n v\u1edbi kho\u1ea3ng c\u00e1ch t\u1eeb 2 \u0111\u1ebfn\u00a03 m\u00e9t s\u1ef1 k\u1ebft h\u1ee3p c\u1ee7a nh\u1eefng m\u1eb7t v\u1ee3t l\u00e0 \u0111i\u1ec1u r\u1ea5t quan tr\u1ecdng.<br \/>\nV\u1ee3t n\u00e0y \u0111\u01b0\u1ee3c khuy\u1ebfn kh\u00edch cho ng\u01b0\u1eddi ch\u01a1i th\u00edch s\u1ef1 c\u00e2n b\u1eb1ng k\u1ef9 thu\u1eadt trong c\u00e1c tr\u1eadn \u0111\u1ea5u ho\u1eb7c nh\u1eefng ng\u01b0\u1eddi ch\u01a1i ch\u00fa tr\u1ecdng t\u1edbi l\u1ed1i \u0111\u00e1nh t\u1ea5n c\u00f4ng to\u00e0n di\u1ec7n.<br \/>\nKh\u00f4ng ch\u1ec9 d\u00e0nh cho ng\u01b0\u1eddi c\u00f3 l\u1ed1i \u0111\u00e1nh ph\u00f2ng th\u1ee7, mu\u1ed1n ki\u1ec3m so\u00e1t b\u00f3ng t\u1ed1t, m\u00e0 t\u00f4i c\u00f2n mu\u1ed1n gi\u1edbi thi\u1ec7u cho nh\u1eefng ng\u01b0\u1eddi ch\u01a1i \u0111ang h\u01b0\u1edbng t\u1edbi m\u1ee5c ti\u00eau v\u1edbi l\u1ed1i \u0111\u00e1nh bi\u1ebfn h\u00f3a to\u00e0n di\u1ec7n t\u1eeb ph\u00f2ng th\u1ee7 sang t\u1ea5n c\u00f4ng.&#8221;<\/p>\n<p><a href=\"https:\/\/bongban.asia\/butterfly\/cot-vot-thang-61\/franziska-innerforce-zlc.html\"><img decoding=\"async\" src=\"https:\/\/bongban.asia\/image\/data\/BUTTERFLY\/coc_vot_thang\/FRANZISKA.jpg\" alt=\"\" \/><\/a>\u00a0<a href=\"https:\/\/bongban.asia\/butterfly\/mat-vot-lan\/tenergy-05.html\"><img decoding=\"async\" src=\"https:\/\/bongban.asia\/image\/data\/VDV%2021\/TENERGY%2005.jpg\" alt=\"\" \/><\/a>\u00a0<a href=\"https:\/\/bongban.asia\/butterfly\/mat-vot-lan\/dignics-05.html\"><img decoding=\"async\" src=\"https:\/\/bongban.asia\/image\/data\/VDV%2021\/DIGINCS%2005.jpg\" alt=\"\" \/><\/a><\/p>\n","protected":false},"excerpt":{"rendered":"<p>H\u00c0NG CH\u00cdNH H\u00c3NG BUTTERFLY S\u1ea2N XU\u1ea4T T\u1ea0I NH\u1eacT B\u1ea2N &#8211; MADE IN JAPAN &#8220;\u0110\u1ed1i v\u1edbi ng\u01b0\u1eddi s\u1eed d\u1ee5ng c\u1ed1t v\u1ee3t Butterfly trong m\u1ed9t th\u1eddi gian d\u00e0i nh\u01b0 t\u00f4i, c\u1ed1t v\u1ee3t mang t\u00ean c\u00e1c v\u1eadn \u0111\u1ed9ng vi\u00ean n\u1ed5i ti\u1ebfng l\u00e0 s\u1ef1 hi\u1ec7n di\u1ec7n r\u1ea5t \u0111\u1eb7c bi\u1ec7t. Hi\u00ean gi\u1edd t\u00f4i r\u1ea5t vui khi c\u00e2y v\u1ee3t mang t\u00ean [&hellip;]<\/p>\n","protected":false},"featured_media":2718,"comment_status":"open","ping_status":"closed","template":"","meta":{"_eb_attr":""},"product_cat":[76,26],"product_tag":[],"class_list":["post-2715","product","type-product","status-publish","has-post-thumbnail","hentry","product_cat-butterfly-cot-vot","product_cat-cot-vot"],"_links":{"self":[{"href":"https:\/\/www.phivutabletennis.com\/index.php\/wp-json\/wp\/v2\/product\/2715","targetHints":{"allow":["GET"]}}],"collection":[{"href":"https:\/\/www.phivutabletennis.com\/index.php\/wp-json\/wp\/v2\/product"}],"about":[{"href":"https:\/\/www.phivutabletennis.com\/index.php\/wp-json\/wp\/v2\/types\/product"}],"replies":[{"embeddable":true,"href":"https:\/\/www.phivutabletennis.com\/index.php\/wp-json\/wp\/v2\/comments?post=2715"}],"wp:featuredmedia":[{"embeddable":true,"href":"https:\/\/www.phivutabletennis.com\/index.php\/wp-json\/wp\/v2\/media\/2718"}],"wp:attachment":[{"href":"https:\/\/www.phivutabletennis.com\/index.php\/wp-json\/wp\/v2\/media?parent=2715"}],"wp:term":[{"taxonomy":"product_cat","embeddable":true,"href":"https:\/\/www.phivutabletennis.com\/index.php\/wp-json\/wp\/v2\/product_cat?post=2715"},{"taxonomy":"product_tag","embeddable":true,"href":"https:\/\/www.phivutabletennis.com\/index.php\/wp-json\/wp\/v2\/product_tag?post=2715"}],"curies":[{"name":"wp","href":"https:\/\/api.w.org\/{rel}","templated":true}]}}