{"id":2720,"date":"2023-06-29T20:50:45","date_gmt":"2023-06-29T13:50:45","guid":{"rendered":"https:\/\/www.phivutabletennis.com\/?post_type=product&#038;p=2720"},"modified":"2023-06-29T20:50:45","modified_gmt":"2023-06-29T13:50:45","slug":"mizutani-jun-major","status":"publish","type":"product","link":"https:\/\/www.phivutabletennis.com\/index.php\/product\/mizutani-jun-major\/","title":{"rendered":"MIZUTANI JUN MAJOR"},"content":{"rendered":"<div><strong>C\u1ed0T V\u1ee2T MIZUTANI JUN MAJOR<\/strong><\/div>\n<div><strong>S\u1ea3n xu\u1ea5t t\u1ea1i Nh\u1eadt B\u1ea3n\u00a0<\/strong><\/div>\n<p>C\u1ed1t v\u1ee3t Mizutani Jun Major \u0111\u01b0\u1ee3c s\u1ea3n xu\u1ea5t v\u00e0 \u0111\u1ed3ng h\u00e0nh h\u1ed7 tr\u1ee3 c\u1ee7a Tuy\u1ec3n th\u1ee7 Mizutani Jun, v\u1edbi mong mu\u1ed1n thi\u1ebft k\u1ebf m\u1ed9t s\u1ea3n ph\u1ea9m gi\u00fap ng\u01b0\u1eddi ch\u01a1i c\u00f3 nhi\u1ec1u ni\u1ec1m vui h\u01a1n, c\u1ea3i thi\u1ec7n k\u1ef9 thu\u1eadt v\u00e0 k\u1ef9 n\u0103ng ch\u01a1i b\u00f3ng ng\u00e0y c\u00e0ng t\u1ed1t h\u01a1n.<br \/>\nC\u1ed1t v\u1ee3t \u0111\u01b0\u1ee3c thi\u1ebft k\u1ebf v\u00e0 t\u00ednh to\u00e1n k\u1ef9 l\u01b0\u1ee1ng, \u0111\u01b0\u1eddng b\u00f3ng d\u1ec5 d\u00e0ng di chuy\u1ec3n theo h\u01b0\u1edbng mong mu\u1ed1n khi ph\u00e1t l\u1ef1c v\u00e0 d\u1ec5 d\u00e0ng ch\u1ea1m b\u00e0n \u0111\u1ed1i ph\u01b0\u01a1ng.<br \/>\nM\u1eb7t v\u1ee3t ti\u00eau chu\u1ea9n Rozena \u0111\u01b0\u1ee3c Tuy\u1ec3n th\u1ee7\u00a0Mizutani Jun khuy\u00ean d\u00f9ng k\u1ebft h\u1ee3p v\u1edbi c\u1ed1t v\u1ee3t n\u00e0y.<br \/>\nC\u1ed1t v\u1ee3t Mizutani Jun Major l\u00e0 l\u1ef1a ch\u1ecdn t\u1ed1i \u01b0u cho ng\u01b0\u1eddi ch\u01a1i c\u1ea7n c\u1ea3m gi\u00e1c ti\u1ebfp x\u00fac b\u00f3ng t\u1ed1t \u0111\u1ec3 t\u1eadp c\u00e1c k\u1ef9 thu\u1eadt gi\u1eadt b\u00f3ng xo\u00e1y.<\/p>\n<table border=\"0\" cellspacing=\"1\" cellpadding=\"1\">\n<tbody>\n<tr>\n<td>C\u1ea5u t\u1ea1o<\/td>\n<td>:\u00a05 l\u1edbp g\u1ed7<\/td>\n<\/tr>\n<tr>\n<td>L\u1ef1c \u0111\u1ea9y<\/td>\n<td>: 9.4\u00a0 (t\u1ed1c \u0111\u1ed9)<\/td>\n<\/tr>\n<tr>\n<td>\u0110\u1ed9 rung<\/td>\n<td>: 8.0 (c\u1ea3m gi\u00e1c)<\/td>\n<\/tr>\n<tr>\n<td>\u0110\u1ed9 d\u00e0y<\/td>\n<td>:\u00a05.7mm<\/td>\n<\/tr>\n<tr>\n<td>B\u1ea3ng v\u1ee3t<\/td>\n<td>:\u00a0157 x 150mm<\/td>\n<\/tr>\n<tr>\n<td>Tr\u1ecdng l\u01b0\u1ee3ng<\/td>\n<td>:\u00a0\u00b1 86gr<\/td>\n<\/tr>\n<\/tbody>\n<\/table>\n<p>Theo th\u00f4ng s\u1ed1 chu\u1ea9n c\u1ee7a h\u00e3ng Butterfly<br \/>\nH\u00e0ng ch\u00ednh h\u00e3ng b\u1ea3o h\u00e0nh 1 th\u00e1ng<\/p>\n","protected":false},"excerpt":{"rendered":"<p>C\u1ed0T V\u1ee2T MIZUTANI JUN MAJOR S\u1ea3n xu\u1ea5t t\u1ea1i Nh\u1eadt B\u1ea3n\u00a0 C\u1ed1t v\u1ee3t Mizutani Jun Major \u0111\u01b0\u1ee3c s\u1ea3n xu\u1ea5t v\u00e0 \u0111\u1ed3ng h\u00e0nh h\u1ed7 tr\u1ee3 c\u1ee7a Tuy\u1ec3n th\u1ee7 Mizutani Jun, v\u1edbi mong mu\u1ed1n thi\u1ebft k\u1ebf m\u1ed9t s\u1ea3n ph\u1ea9m gi\u00fap ng\u01b0\u1eddi ch\u01a1i c\u00f3 nhi\u1ec1u ni\u1ec1m vui h\u01a1n, c\u1ea3i thi\u1ec7n k\u1ef9 thu\u1eadt v\u00e0 k\u1ef9 n\u0103ng ch\u01a1i b\u00f3ng ng\u00e0y c\u00e0ng [&hellip;]<\/p>\n","protected":false},"featured_media":2727,"comment_status":"open","ping_status":"closed","template":"","meta":{"_eb_attr":""},"product_cat":[76,26],"product_tag":[],"class_list":["post-2720","product","type-product","status-publish","has-post-thumbnail","hentry","product_cat-butterfly-cot-vot","product_cat-cot-vot"],"_links":{"self":[{"href":"https:\/\/www.phivutabletennis.com\/index.php\/wp-json\/wp\/v2\/product\/2720","targetHints":{"allow":["GET"]}}],"collection":[{"href":"https:\/\/www.phivutabletennis.com\/index.php\/wp-json\/wp\/v2\/product"}],"about":[{"href":"https:\/\/www.phivutabletennis.com\/index.php\/wp-json\/wp\/v2\/types\/product"}],"replies":[{"embeddable":true,"href":"https:\/\/www.phivutabletennis.com\/index.php\/wp-json\/wp\/v2\/comments?post=2720"}],"wp:featuredmedia":[{"embeddable":true,"href":"https:\/\/www.phivutabletennis.com\/index.php\/wp-json\/wp\/v2\/media\/2727"}],"wp:attachment":[{"href":"https:\/\/www.phivutabletennis.com\/index.php\/wp-json\/wp\/v2\/media?parent=2720"}],"wp:term":[{"taxonomy":"product_cat","embeddable":true,"href":"https:\/\/www.phivutabletennis.com\/index.php\/wp-json\/wp\/v2\/product_cat?post=2720"},{"taxonomy":"product_tag","embeddable":true,"href":"https:\/\/www.phivutabletennis.com\/index.php\/wp-json\/wp\/v2\/product_tag?post=2720"}],"curies":[{"name":"wp","href":"https:\/\/api.w.org\/{rel}","templated":true}]}}