{"id":2736,"date":"2023-06-29T20:56:25","date_gmt":"2023-06-29T13:56:25","guid":{"rendered":"https:\/\/www.phivutabletennis.com\/?post_type=product&#038;p=2736"},"modified":"2023-06-29T20:56:26","modified_gmt":"2023-06-29T13:56:26","slug":"harimoto-tomokazu-innerforce-super-zlc","status":"publish","type":"product","link":"https:\/\/www.phivutabletennis.com\/index.php\/product\/harimoto-tomokazu-innerforce-super-zlc\/","title":{"rendered":"HARIMOTO TOMOKAZU INNERFORCE SUPER ZLC"},"content":{"rendered":"<p><strong>H\u00c0NG CH\u00cdNH H\u00c3NG BUTTERFLY S\u1ea2N XU\u1ea4T T\u1ea0I NH\u1eacT B\u1ea2N &#8211; MADE IN JAPAN<\/strong><br \/>\n<strong>HARIMOTO TOMOKAZU INNERFORCE SUPER ZYLON CARBON<\/strong><br \/>\nC\u1ed1t v\u1ee3t\u00a0<strong>HARIMOTO TOMOKAZU INNERFORCE SUPER ZYLON CARBON<\/strong>\u00a0l\u00e0 d\u00f2ng s\u1ea3n ph\u1ea9m\u00a0\u0111\u1ea7u ti\u00ean \u1ee9ng d\u1ee5ng k\u1ef9 thu\u1eadt m\u1edbi v\u1edbi 2 l\u1edbp s\u1ee3i\u00a0<strong>SUPER ZLC<\/strong>\u00a0n\u1eb1m g\u1ea7n l\u1edbp g\u1ed7 trung t\u00e2m gi\u00fap t\u0103ng c\u01b0\u1eddng th\u1eddi gian l\u01b0u b\u00f3ng, \u0111\u1ed3ng th\u1eddi k\u1ebft h\u1ee3p t\u0103ng c\u01b0\u1eddng m\u1eadt \u0111\u1ed9 s\u1ee3i s\u01a1 cao c\u1ea5p Zylon v\u00e0 s\u1ee3i Carbon \u0111\u1ec3 t\u0103ng t\u1ed1c \u0111\u1ed9 v\u00e0 \u0111\u1ed9 xo\u00e1y, \u0111\u1ed9 \u0111\u00e0n h\u1ed3i v\u00e0 \u0111\u1ed9 \u1ed5n \u0111\u1ecbnh cao. L\u00e0 c\u1ed1t v\u1ee3t c\u00f3 l\u1ef1c \u0111\u1ea9y v\u00e0 \u0111\u1ed9 \u0111\u00e0n h\u1ed3i cao nh\u1ea5t trong c\u00e1c d\u00f2ng s\u1ea3n ph\u1ea9m c\u1ed1t v\u1ee3t Innerfiber c\u00f9ng lo\u1ea1i.<\/p>\n<p>C\u1ed1t v\u1ee3t\u00a0<strong>HARIMOTO TOMOKAZU INNERFORCE SUPER ZL<\/strong>C v\u1edbi thi\u1ebft k\u1ebf\u00a0th\u00e2n c\u00e1n\u00a0ph\u1ed1i gam m\u00e0u xanh ch\u1ee7 \u0111\u1ea1o, t\u1ea1o n\u00e9t tr\u1ebb trung n\u0103ng \u0111\u1ed9ng,\u00a0c\u00e1n c\u1ea7m \u0111\u1ea7y, th\u00f4ng s\u1ed1 b\u1ea3ng v\u1ee3t \u0111\u01b0\u1ee3c t\u00ednh to\u00e1n v\u00e0 thi\u1ebft k\u1ebf h\u01a1i to h\u01a1n gi\u00fap t\u0103ng th\u00eam uy l\u1ef1c khi \u0111\u00e1nh b\u00f3ng.<\/p>\n<p>S\u1ef1 l\u1ef1a ch\u1ecdn t\u1ed1i \u01b0u cho ng\u01b0\u1eddi ch\u01a1i mu\u1ed1n ph\u00e1t huy uy l\u1ef1c t\u1ea5n c\u00f4ng \u0111\u1ec9nh cao v\u1edbi nh\u1eefng c\u00fa \u0111\u00e1nh b\u00f3ng to\u00e0n di\u1ec7n v\u1edbi t\u1ed1c \u0111\u1ed9 v\u00e0 \u0111\u1ed9 xo\u00e1y.<\/p>\n<table border=\"0\" cellspacing=\"1\" cellpadding=\"1\">\n<tbody>\n<tr>\n<td>C\u1ea5u t\u1ea1o<\/td>\n<td>:\u00a05 l\u1edbp g\u1ed7 + 2 l\u1edbp s\u1ee3i Super Zylon Carbon<\/td>\n<\/tr>\n<tr>\n<td>L\u1ef1c \u0111\u1ea9y<\/td>\n<td>:\u00a012.0 (t\u1ed1c \u0111\u1ed9)<\/td>\n<\/tr>\n<tr>\n<td>\u0110\u1ed9 rung<\/td>\n<td>: 10.5 (\u0111\u1ed9 xo\u00e1y)<\/td>\n<\/tr>\n<tr>\n<td>\u0110\u1ed9 d\u00e0y<\/td>\n<td>: 6.2mm<\/td>\n<\/tr>\n<tr>\n<td>B\u1ea3ng v\u1ee3t<\/td>\n<td>:\u00a0158 x 152mm<\/td>\n<\/tr>\n<tr>\n<td>Tr\u1ecdng l\u01b0\u1ee3ng<\/td>\n<td>: \u00b1 90gr<\/td>\n<\/tr>\n<\/tbody>\n<\/table>\n<p><strong>Theo th\u00f4ng s\u1ed1 chu\u1ea9n c\u1ee7a h\u00e3ng Butterfly<br \/>\nH\u00e0ng ch\u00ednh h\u00e3ng Butterfly b\u1ea3o h\u00e0nh 1 th\u00e1ng<\/strong><\/p>\n","protected":false},"excerpt":{"rendered":"<p>H\u00c0NG CH\u00cdNH H\u00c3NG BUTTERFLY S\u1ea2N XU\u1ea4T T\u1ea0I NH\u1eacT B\u1ea2N &#8211; MADE IN JAPAN HARIMOTO TOMOKAZU INNERFORCE SUPER ZYLON CARBON C\u1ed1t v\u1ee3t\u00a0HARIMOTO TOMOKAZU INNERFORCE SUPER ZYLON CARBON\u00a0l\u00e0 d\u00f2ng s\u1ea3n ph\u1ea9m\u00a0\u0111\u1ea7u ti\u00ean \u1ee9ng d\u1ee5ng k\u1ef9 thu\u1eadt m\u1edbi v\u1edbi 2 l\u1edbp s\u1ee3i\u00a0SUPER ZLC\u00a0n\u1eb1m g\u1ea7n l\u1edbp g\u1ed7 trung t\u00e2m gi\u00fap t\u0103ng c\u01b0\u1eddng th\u1eddi gian l\u01b0u b\u00f3ng, \u0111\u1ed3ng th\u1eddi k\u1ebft [&hellip;]<\/p>\n","protected":false},"featured_media":2739,"comment_status":"open","ping_status":"closed","template":"","meta":{"_eb_attr":""},"product_cat":[76,26],"product_tag":[],"class_list":["post-2736","product","type-product","status-publish","has-post-thumbnail","hentry","product_cat-butterfly-cot-vot","product_cat-cot-vot"],"_links":{"self":[{"href":"https:\/\/www.phivutabletennis.com\/index.php\/wp-json\/wp\/v2\/product\/2736","targetHints":{"allow":["GET"]}}],"collection":[{"href":"https:\/\/www.phivutabletennis.com\/index.php\/wp-json\/wp\/v2\/product"}],"about":[{"href":"https:\/\/www.phivutabletennis.com\/index.php\/wp-json\/wp\/v2\/types\/product"}],"replies":[{"embeddable":true,"href":"https:\/\/www.phivutabletennis.com\/index.php\/wp-json\/wp\/v2\/comments?post=2736"}],"wp:featuredmedia":[{"embeddable":true,"href":"https:\/\/www.phivutabletennis.com\/index.php\/wp-json\/wp\/v2\/media\/2739"}],"wp:attachment":[{"href":"https:\/\/www.phivutabletennis.com\/index.php\/wp-json\/wp\/v2\/media?parent=2736"}],"wp:term":[{"taxonomy":"product_cat","embeddable":true,"href":"https:\/\/www.phivutabletennis.com\/index.php\/wp-json\/wp\/v2\/product_cat?post=2736"},{"taxonomy":"product_tag","embeddable":true,"href":"https:\/\/www.phivutabletennis.com\/index.php\/wp-json\/wp\/v2\/product_tag?post=2736"}],"curies":[{"name":"wp","href":"https:\/\/api.w.org\/{rel}","templated":true}]}}